{"id":826,"date":"2020-06-15T18:58:46","date_gmt":"2020-06-15T16:58:46","guid":{"rendered":"http:\/\/agora.xtec.cat\/ies-miquel-tarradell\/?page_id=826"},"modified":"2025-10-26T21:02:56","modified_gmt":"2025-10-26T20:02:56","slug":"fp-dual","status":"publish","type":"page","link":"https:\/\/agora.xtec.cat\/ies-miquel-tarradell\/projectes\/projectes-cicles-formatius\/fp-dual\/","title":{"rendered":"Estada a l&#8217;empresa DUAL intensiva"},"content":{"rendered":"\n<figure class=\"wp-block-image alignleft is-resized\"><a href=\"https:\/\/agora.xtec.cat\/ies-miquel-tarradell\/wp-content\/uploads\/usu83\/2021\/02\/Captura-de-pantalla-2021-02-21-195326.png\"><img loading=\"lazy\" decoding=\"async\" width=\"594\" height=\"729\" src=\"https:\/\/agora.xtec.cat\/ies-miquel-tarradell\/wp-content\/uploads\/usu83\/2021\/02\/Captura-de-pantalla-2021-02-21-195326.png\" alt=\"\" class=\"wp-image-2669\" style=\"width:229px;height:auto\" srcset=\"https:\/\/agora.xtec.cat\/ies-miquel-tarradell\/wp-content\/uploads\/usu83\/2021\/02\/Captura-de-pantalla-2021-02-21-195326.png 594w, https:\/\/agora.xtec.cat\/ies-miquel-tarradell\/wp-content\/uploads\/usu83\/2021\/02\/Captura-de-pantalla-2021-02-21-195326-244x300.png 244w\" sizes=\"auto, (max-width: 594px) 100vw, 594px\" \/><\/a><\/figure>\n\n\n\n<p class=\"has-medium-font-size\">L&#8217;estada a l&#8217;empresa DUAL intensiva combina l&#8217;aprenentatge en una empresa amb la formaci\u00f3 acad\u00e8mica, augmentant la col\u00b7laboraci\u00f3 entre els centres de formaci\u00f3 professional i les empreses, en el proc\u00e9s formatiu dels alumnes. Pel cas dels estudis del CFGS d&#8217;Educaci\u00f3 Infantil, l&#8217;alumne\/a pot realitzar una estada en les escoles bressol municipals de l&#8217;Ajuntament de Barcelona. A nivell pr\u00e0ctic, vol dir que un nombre determinat d\u2019hores de formaci\u00f3 s\u2019imparteixen directament a l&#8217;escola bressol. En realitat, l\u2019alumnat treballa a l\u2019empresa, i el seu aprenentatge pr\u00e0ctic equival a alguns dels aprenentatges que fem a l\u2019Institut. Per ser concret, es deixen de fer algunes hores a l\u2019institut per fer-se en un lloc de treball, i alhora, es rep una remuneraci\u00f3 econ\u00f2mica mensual en forma de beca.<\/p>\n\n\n\n<p>&nbsp;<\/p>\n\n\n\n<p class=\"has-medium-font-size\">&nbsp;&nbsp;<u><strong>La finalitat  de l&#8217;estada DUAL intensiva \u00e9s:<\/strong><\/u><\/p>\n\n\n\n<ul class=\"wp-block-list\">\n<li class=\"has-medium-font-size\">Compaginar la formaci\u00f3 al centre i l&#8217;activitat remunerada (beca) en una escola bressol p\u00fablica de l&#8217;Ajuntament de Barcelona<\/li>\n\n\n\n<li class=\"has-medium-font-size\">Aprendre en situacions reals de treball que s&#8217;originen a les escoles bressol<\/li>\n\n\n\n<li class=\"has-medium-font-size\">Adquirir experi\u00e8ncia professional i augmentar les possibilitats d&#8217;incorporaci\u00f3 al mercat laboral una vegada l&#8217;alumnat finalitzi els estudis.<\/li>\n<\/ul>\n\n\n\n<p class=\"has-medium-font-size\"><u><strong>Organitzaci\u00f3 de l&#8217;estada a l&#8217;empresa<\/strong><\/u><\/p>\n\n\n\n<p class=\"has-medium-font-size\">Actualment un grup sencer del CFGS d&#8217;Educaci\u00f3 Infantil realitza estades DUAL intensives a trav\u00e9s de beca a les escoles bressol municipals de Barcelona o a les aules de I3 d&#8217;escoles p\u00fabliques del Consorci d&#8217;Educaci\u00f3 de Barcelona compaginant formaci\u00f3 i treball&nbsp; ; dos alumnes fan estada DUAL des del CFGM d&#8217;Atenci\u00f3 a Persones en Situaci\u00f3 de Depend\u00e8ncia en el servei residencial d&#8217;estades temporals i respir de la Diputaci\u00f3 de Barcelona.<\/p>\n\n\n\n<p class=\"has-medium-font-size\">Ja a partir del curs 2022-23 tots els cicles formatius disposen de places DUAL : CFGS Educaci\u00f3 Infantil; CFGS Integraci\u00f3 Social i el CFGM Atenci\u00f3 a Persones en Situaci\u00f3 de Depend\u00e8ncia.<\/p>\n\n\n\n<p class=\"has-medium-font-size\">Us deixem dos videos explicatius de la FP DUAL intensiva a l&#8217;INS Miquel Tarradell.<\/p>\n\n\n\n<p class=\"has-medium-font-size\"><strong>FP DUAL al CFGM d&#8217;Atenci\u00f3 a Persones en Situaci\u00f3 de Depend\u00e8ncia<\/strong><\/p>\n\n\n\n<center><iframe loading=\"lazy\" title=\"YouTube video player\" src=\"https:\/\/www.youtube.com\/embed\/wSV9egfFe5M\" width=\"560\" height=\"315\" frameborder=\"0\" allowfullscreen=\"allowfullscreen\"><\/iframe><\/center>\n\n\n\n<center><\/center>\n\n\n\n<p class=\"has-medium-font-size\"><br><strong>FP DUAL al CFGS d&#8217;Educaci\u00f3 Infantil<\/strong><\/p>\n\n\n\n<center><br \/><iframe loading=\"lazy\" title=\"YouTube video player\" src=\"https:\/\/www.youtube.com\/embed\/RnLsDgiDrno\" width=\"560\" height=\"315\" frameborder=\"0\" allowfullscreen=\"allowfullscreen\"><\/iframe><\/center>\n\n\n\n<p>&nbsp;<\/p>\n\n\n\n<figure class=\"wp-block-image is-resized\"><a href=\"https:\/\/agora.xtec.cat\/fpdual\/\" target=\"_blank\" rel=\"noopener noreferrer\"><img loading=\"lazy\" decoding=\"async\" width=\"553\" height=\"554\" src=\"https:\/\/agora.xtec.cat\/ies-miquel-tarradell\/wp-content\/uploads\/usu83\/2021\/01\/DUAL_alta.jpg\" alt=\"\" class=\"wp-image-2094\" style=\"width:159px;height:auto\" srcset=\"https:\/\/agora.xtec.cat\/ies-miquel-tarradell\/wp-content\/uploads\/usu83\/2021\/01\/DUAL_alta.jpg 553w, https:\/\/agora.xtec.cat\/ies-miquel-tarradell\/wp-content\/uploads\/usu83\/2021\/01\/DUAL_alta-150x150.jpg 150w, https:\/\/agora.xtec.cat\/ies-miquel-tarradell\/wp-content\/uploads\/usu83\/2021\/01\/DUAL_alta-300x300.jpg 300w\" sizes=\"auto, (max-width: 553px) 100vw, 553px\" \/><\/a><\/figure>\n\n\n\n<p class=\"has-medium-font-size\"><a href=\"https:\/\/projectes.xtec.cat\/fpdual\/\" target=\"_blank\" rel=\"noopener noreferrer\">Enlla\u00e7 a la p\u00e0gina web del Departament d&#8217;Educaci\u00f3 sobre la FP DUAL<\/a><\/p>\n\n\n\n<p>Projecte finan\u00e7at per:<br><a href=\"https:\/\/agora.xtec.cat\/ies-miquel-tarradell\/wp-content\/uploads\/usu83\/2021\/01\/logo_color.jpg\"><img loading=\"lazy\" decoding=\"async\" class=\"alignnone wp-image-2099\" src=\"https:\/\/agora.xtec.cat\/ies-miquel-tarradell\/wp-content\/uploads\/usu83\/2021\/01\/logo_color.jpg\" alt=\"\" width=\"207\" height=\"35\" srcset=\"https:\/\/agora.xtec.cat\/ies-miquel-tarradell\/wp-content\/uploads\/usu83\/2021\/01\/logo_color.jpg 754w, https:\/\/agora.xtec.cat\/ies-miquel-tarradell\/wp-content\/uploads\/usu83\/2021\/01\/logo_color-300x51.jpg 300w\" sizes=\"auto, (max-width: 207px) 100vw, 207px\" \/><\/a> <a href=\"https:\/\/agora.xtec.cat\/ies-miquel-tarradell\/wp-content\/uploads\/usu83\/2021\/01\/FSE_amb_lema1.jpg_156532666.jpg\"><img loading=\"lazy\" decoding=\"async\" class=\"alignnone wp-image-2098\" src=\"https:\/\/agora.xtec.cat\/ies-miquel-tarradell\/wp-content\/uploads\/usu83\/2021\/01\/FSE_amb_lema1.jpg_156532666.jpg\" alt=\"\" width=\"181\" height=\"42\" srcset=\"https:\/\/agora.xtec.cat\/ies-miquel-tarradell\/wp-content\/uploads\/usu83\/2021\/01\/FSE_amb_lema1.jpg_156532666.jpg 500w, https:\/\/agora.xtec.cat\/ies-miquel-tarradell\/wp-content\/uploads\/usu83\/2021\/01\/FSE_amb_lema1.jpg_156532666-300x70.jpg 300w\" sizes=\"auto, (max-width: 181px) 100vw, 181px\" \/><\/a> <a href=\"https:\/\/agora.xtec.cat\/ies-miquel-tarradell\/wp-content\/uploads\/usu83\/2021\/01\/1024px-Logotipo_del_Ministerio_de_Educaci\u00f3n_y_Formaci\u00f3n_Profesional.svg_.png\"><img loading=\"lazy\" decoding=\"async\" class=\"alignnone wp-image-2097\" src=\"https:\/\/agora.xtec.cat\/ies-miquel-tarradell\/wp-content\/uploads\/usu83\/2021\/01\/1024px-Logotipo_del_Ministerio_de_Educaci\u00f3n_y_Formaci\u00f3n_Profesional.svg_-1024x256.png\" alt=\"\" width=\"164\" height=\"41\" srcset=\"https:\/\/agora.xtec.cat\/ies-miquel-tarradell\/wp-content\/uploads\/usu83\/2021\/01\/1024px-Logotipo_del_Ministerio_de_Educaci\u00f3n_y_Formaci\u00f3n_Profesional.svg_.png 1024w, https:\/\/agora.xtec.cat\/ies-miquel-tarradell\/wp-content\/uploads\/usu83\/2021\/01\/1024px-Logotipo_del_Ministerio_de_Educaci\u00f3n_y_Formaci\u00f3n_Profesional.svg_-300x75.png 300w, https:\/\/agora.xtec.cat\/ies-miquel-tarradell\/wp-content\/uploads\/usu83\/2021\/01\/1024px-Logotipo_del_Ministerio_de_Educaci\u00f3n_y_Formaci\u00f3n_Profesional.svg_-768x192.png 768w\" sizes=\"auto, (max-width: 164px) 100vw, 164px\" \/><\/a><\/p>\n","protected":false},"excerpt":{"rendered":"<p>L&#8217;estada a l&#8217;empresa DUAL intensiva combina l&#8217;aprenentatge en una empresa amb la formaci\u00f3 acad\u00e8mica, augmentant la col\u00b7laboraci\u00f3 entre els centres de formaci\u00f3 professional i les empreses, en el proc\u00e9s formatiu dels alumnes. Pel cas dels estudis del CFGS d&#8217;Educaci\u00f3 Infantil, l&#8217;alumne\/a pot realitzar una estada en les escoles bressol municipals de l&#8217;Ajuntament de Barcelona. A [&hellip;]<\/p>\n","protected":false},"author":1,"featured_media":0,"parent":1425,"menu_order":0,"comment_status":"closed","ping_status":"closed","template":"","meta":{"_bbp_topic_count":0,"_bbp_reply_count":0,"_bbp_total_topic_count":0,"_bbp_total_reply_count":0,"_bbp_voice_count":0,"_bbp_anonymous_reply_count":0,"_bbp_topic_count_hidden":0,"_bbp_reply_count_hidden":0,"_bbp_forum_subforum_count":0,"site-sidebar-layout":"default","site-content-layout":"","ast-site-content-layout":"default","site-content-style":"default","site-sidebar-style":"default","ast-global-header-display":"","ast-banner-title-visibility":"","ast-main-header-display":"","ast-hfb-above-header-display":"","ast-hfb-below-header-display":"","ast-hfb-mobile-header-display":"","site-post-title":"","ast-breadcrumbs-content":"","ast-featured-img":"","footer-sml-layout":"","theme-transparent-header-meta":"","adv-header-id-meta":"","stick-header-meta":"","header-above-stick-meta":"","header-main-stick-meta":"","header-below-stick-meta":"","astra-migrate-meta-layouts":"set","ast-page-background-enabled":"default","ast-page-background-meta":{"desktop":{"background-color":"var(--ast-global-color-4)","background-image":"","background-repeat":"repeat","background-position":"center center","background-size":"auto","background-attachment":"scroll","background-type":"","background-media":"","overlay-type":"","overlay-color":"","overlay-opacity":"","overlay-gradient":""},"tablet":{"background-color":"","background-image":"","background-repeat":"repeat","background-position":"center center","background-size":"auto","background-attachment":"scroll","background-type":"","background-media":"","overlay-type":"","overlay-color":"","overlay-opacity":"","overlay-gradient":""},"mobile":{"background-color":"","background-image":"","background-repeat":"repeat","background-position":"center center","background-size":"auto","background-attachment":"scroll","background-type":"","background-media":"","overlay-type":"","overlay-color":"","overlay-opacity":"","overlay-gradient":""}},"ast-content-background-meta":{"desktop":{"background-color":"var(--ast-global-color-5)","background-image":"","background-repeat":"repeat","background-position":"center center","background-size":"auto","background-attachment":"scroll","background-type":"","background-media":"","overlay-type":"","overlay-color":"","overlay-opacity":"","overlay-gradient":""},"tablet":{"background-color":"var(--ast-global-color-5)","background-image":"","background-repeat":"repeat","background-position":"center center","background-size":"auto","background-attachment":"scroll","background-type":"","background-media":"","overlay-type":"","overlay-color":"","overlay-opacity":"","overlay-gradient":""},"mobile":{"background-color":"var(--ast-global-color-5)","background-image":"","background-repeat":"repeat","background-position":"center center","background-size":"auto","background-attachment":"scroll","background-type":"","background-media":"","overlay-type":"","overlay-color":"","overlay-opacity":"","overlay-gradient":""}},"footnotes":""},"class_list":["post-826","page","type-page","status-publish","hentry"],"post_mailing_queue_ids":[],"_links":{"self":[{"href":"https:\/\/agora.xtec.cat\/ies-miquel-tarradell\/wp-json\/wp\/v2\/pages\/826","targetHints":{"allow":["GET"]}}],"collection":[{"href":"https:\/\/agora.xtec.cat\/ies-miquel-tarradell\/wp-json\/wp\/v2\/pages"}],"about":[{"href":"https:\/\/agora.xtec.cat\/ies-miquel-tarradell\/wp-json\/wp\/v2\/types\/page"}],"author":[{"embeddable":true,"href":"https:\/\/agora.xtec.cat\/ies-miquel-tarradell\/wp-json\/wp\/v2\/users\/1"}],"replies":[{"embeddable":true,"href":"https:\/\/agora.xtec.cat\/ies-miquel-tarradell\/wp-json\/wp\/v2\/comments?post=826"}],"version-history":[{"count":6,"href":"https:\/\/agora.xtec.cat\/ies-miquel-tarradell\/wp-json\/wp\/v2\/pages\/826\/revisions"}],"predecessor-version":[{"id":10517,"href":"https:\/\/agora.xtec.cat\/ies-miquel-tarradell\/wp-json\/wp\/v2\/pages\/826\/revisions\/10517"}],"up":[{"embeddable":true,"href":"https:\/\/agora.xtec.cat\/ies-miquel-tarradell\/wp-json\/wp\/v2\/pages\/1425"}],"wp:attachment":[{"href":"https:\/\/agora.xtec.cat\/ies-miquel-tarradell\/wp-json\/wp\/v2\/media?parent=826"}],"curies":[{"name":"wp","href":"https:\/\/api.w.org\/{rel}","templated":true}]}}