{"id":824,"date":"2020-06-15T18:58:09","date_gmt":"2020-06-15T16:58:09","guid":{"rendered":"http:\/\/agora.xtec.cat\/ies-miquel-tarradell\/?page_id=824"},"modified":"2025-12-08T18:57:45","modified_gmt":"2025-12-08T17:57:45","slug":"apadrina","status":"publish","type":"page","link":"https:\/\/agora.xtec.cat\/ies-miquel-tarradell\/projectes\/projectes-cicles-formatius\/apadrina\/","title":{"rendered":"Apadrina el teu equipament"},"content":{"rendered":"\n<figure class=\"wp-block-image\"><a href=\"https:\/\/agora.xtec.cat\/ies-miquel-tarradell\/wp-content\/uploads\/usu83\/2021\/02\/baixa.jpg\"><img loading=\"lazy\" decoding=\"async\" width=\"220\" height=\"207\" src=\"https:\/\/agora.xtec.cat\/ies-miquel-tarradell\/wp-content\/uploads\/usu83\/2021\/02\/baixa.jpg\" alt=\"\" class=\"wp-image-2653\"\/><\/a><\/figure>\n\n\n\n<p><\/p>\n\n\n\n<p class=\"has-medium-font-size\">\u201cApadrina el teu equipament\u201d \u00e9s una iniciativa coordinada per la Fundaci\u00f3 Tot Raval en el marc del Pla d\u2019educaci\u00f3 de Ciutat Vella i el Districte de Ciutat Vella, que impulsa la col\u00b7laboraci\u00f3 entre els grans equipaments culturals i els centres educatius del barri del Raval per desenvolupar projectes dins el curr\u00edculum acad\u00e8mic durant el curs escolar.<\/p>\n\n\n\n<p class=\"has-medium-font-size\">Les activitats es fan tant dins de l\u2019aula com a les instal\u00b7lacions dels equipaments culturals amb l\u2019objectiu de treballar conjuntament en el desenvolupament d\u2019una oferta educativa m\u00e9s adaptada a diferents realitats i apropar els grans equipaments culturals del Raval a l\u2019alumnat dels centres educatius del barri.<\/p>\n\n\n\n<p class=\"has-medium-font-size\">El projecte Apadrina es fa actualment a tots els estudis de FP que s&#8217;imparteixen al centre:<\/p>\n\n\n\n<ul class=\"wp-block-list\">\n<li class=\"has-medium-font-size\">Des del CFGS d&#8217;Educaci\u00f3 Infantil, l&#8217;apadrinament es fa amb les EBM de Barcelona, el MACBA i Liceu.<\/li>\n\n\n\n<li class=\"has-medium-font-size\">Des del CFGS d&#8217;Integraci\u00f3 Social, l&#8217;apadrinament es fa amb  el CCCB en el marc del m\u00f2dul del projecte. \u00c9s un apadrinament m\u00faltiple on participen entitats socials del barri.<\/li>\n\n\n\n<li class=\"has-medium-font-size\">Des del CFGM d&#8217;Atenci\u00f3 a Persones en Situaci\u00f3 de Depend\u00e8ncia, l&#8217;apadrinament consolidat dels dels inicis del projecte amb els equipaments residencials i culturals del districte.<\/li>\n<\/ul>\n\n\n\n<p class=\"has-medium-font-size\"><a href=\"https:\/\/agora.xtec.cat\/ies-miquel-tarradell\/wp-content\/uploads\/usu83\/2021\/01\/logo_apadrina_fonsblanc.jpg\">Pots consultar els articles relacionats amb el <\/a><a href=\"https:\/\/agora.xtec.cat\/ies-miquel-tarradell\/?s=apadrina\">projecte Apadrina clicant aqu\u00ed.<\/a><\/p>\n\n\n\n<ul class=\"wp-block-list\">\n<li class=\"has-medium-font-size\"><strong>Video explicatiu del projecte Apadrina el teu equipament<\/strong><br><iframe loading=\"lazy\" src=\"https:\/\/www.youtube.com\/embed\/QCX0_TbWSCI\" width=\"460\" height=\"315\" frameborder=\"0\"><\/iframe><\/li>\n<\/ul>\n\n\n\n<p>&nbsp;<\/p>\n","protected":false},"excerpt":{"rendered":"<p>\u201cApadrina el teu equipament\u201d \u00e9s una iniciativa coordinada per la Fundaci\u00f3 Tot Raval en el marc del Pla d\u2019educaci\u00f3 de Ciutat Vella i el Districte de Ciutat Vella, que impulsa la col\u00b7laboraci\u00f3 entre els grans equipaments culturals i els centres educatius del barri del Raval per desenvolupar projectes dins el curr\u00edculum acad\u00e8mic durant el curs [&hellip;]<\/p>\n","protected":false},"author":1,"featured_media":0,"parent":1425,"menu_order":0,"comment_status":"closed","ping_status":"closed","template":"","meta":{"_bbp_topic_count":0,"_bbp_reply_count":0,"_bbp_total_topic_count":0,"_bbp_total_reply_count":0,"_bbp_voice_count":0,"_bbp_anonymous_reply_count":0,"_bbp_topic_count_hidden":0,"_bbp_reply_count_hidden":0,"_bbp_forum_subforum_count":0,"site-sidebar-layout":"default","site-content-layout":"","ast-site-content-layout":"default","site-content-style":"default","site-sidebar-style":"default","ast-global-header-display":"","ast-banner-title-visibility":"","ast-main-header-display":"","ast-hfb-above-header-display":"","ast-hfb-below-header-display":"","ast-hfb-mobile-header-display":"","site-post-title":"","ast-breadcrumbs-content":"","ast-featured-img":"","footer-sml-layout":"","theme-transparent-header-meta":"","adv-header-id-meta":"","stick-header-meta":"","header-above-stick-meta":"","header-main-stick-meta":"","header-below-stick-meta":"","astra-migrate-meta-layouts":"set","ast-page-background-enabled":"default","ast-page-background-meta":{"desktop":{"background-color":"var(--ast-global-color-4)","background-image":"","background-repeat":"repeat","background-position":"center center","background-size":"auto","background-attachment":"scroll","background-type":"","background-media":"","overlay-type":"","overlay-color":"","overlay-opacity":"","overlay-gradient":""},"tablet":{"background-color":"","background-image":"","background-repeat":"repeat","background-position":"center center","background-size":"auto","background-attachment":"scroll","background-type":"","background-media":"","overlay-type":"","overlay-color":"","overlay-opacity":"","overlay-gradient":""},"mobile":{"background-color":"","background-image":"","background-repeat":"repeat","background-position":"center center","background-size":"auto","background-attachment":"scroll","background-type":"","background-media":"","overlay-type":"","overlay-color":"","overlay-opacity":"","overlay-gradient":""}},"ast-content-background-meta":{"desktop":{"background-color":"var(--ast-global-color-5)","background-image":"","background-repeat":"repeat","background-position":"center center","background-size":"auto","background-attachment":"scroll","background-type":"","background-media":"","overlay-type":"","overlay-color":"","overlay-opacity":"","overlay-gradient":""},"tablet":{"background-color":"var(--ast-global-color-5)","background-image":"","background-repeat":"repeat","background-position":"center center","background-size":"auto","background-attachment":"scroll","background-type":"","background-media":"","overlay-type":"","overlay-color":"","overlay-opacity":"","overlay-gradient":""},"mobile":{"background-color":"var(--ast-global-color-5)","background-image":"","background-repeat":"repeat","background-position":"center center","background-size":"auto","background-attachment":"scroll","background-type":"","background-media":"","overlay-type":"","overlay-color":"","overlay-opacity":"","overlay-gradient":""}},"footnotes":""},"class_list":["post-824","page","type-page","status-publish","hentry"],"post_mailing_queue_ids":[],"_links":{"self":[{"href":"https:\/\/agora.xtec.cat\/ies-miquel-tarradell\/wp-json\/wp\/v2\/pages\/824","targetHints":{"allow":["GET"]}}],"collection":[{"href":"https:\/\/agora.xtec.cat\/ies-miquel-tarradell\/wp-json\/wp\/v2\/pages"}],"about":[{"href":"https:\/\/agora.xtec.cat\/ies-miquel-tarradell\/wp-json\/wp\/v2\/types\/page"}],"author":[{"embeddable":true,"href":"https:\/\/agora.xtec.cat\/ies-miquel-tarradell\/wp-json\/wp\/v2\/users\/1"}],"replies":[{"embeddable":true,"href":"https:\/\/agora.xtec.cat\/ies-miquel-tarradell\/wp-json\/wp\/v2\/comments?post=824"}],"version-history":[{"count":6,"href":"https:\/\/agora.xtec.cat\/ies-miquel-tarradell\/wp-json\/wp\/v2\/pages\/824\/revisions"}],"predecessor-version":[{"id":10816,"href":"https:\/\/agora.xtec.cat\/ies-miquel-tarradell\/wp-json\/wp\/v2\/pages\/824\/revisions\/10816"}],"up":[{"embeddable":true,"href":"https:\/\/agora.xtec.cat\/ies-miquel-tarradell\/wp-json\/wp\/v2\/pages\/1425"}],"wp:attachment":[{"href":"https:\/\/agora.xtec.cat\/ies-miquel-tarradell\/wp-json\/wp\/v2\/media?parent=824"}],"curies":[{"name":"wp","href":"https:\/\/api.w.org\/{rel}","templated":true}]}}