{"id":8032,"date":"2023-06-16T13:53:09","date_gmt":"2023-06-16T11:53:09","guid":{"rendered":"https:\/\/agora.xtec.cat\/ies-miquel-tarradell\/?page_id=8032"},"modified":"2026-01-14T09:33:00","modified_gmt":"2026-01-14T08:33:00","slug":"projecte-de-qualitat-i-millora-continua-a-la-formacio-professional","status":"publish","type":"page","link":"https:\/\/agora.xtec.cat\/ies-miquel-tarradell\/linstitut\/projecte-de-qualitat-i-millora-continua-a-la-formacio-professional\/","title":{"rendered":"Pol\u00edtica de qualitat, seguretat, salut en el treball i mediambiental"},"content":{"rendered":"\n<h4 class=\"wp-block-heading\"><figure><img loading=\"lazy\" decoding=\"async\" class=\"alignnone  wp-image-8033\" src=\"https:\/\/agora.xtec.cat\/ies-miquel-tarradell\/wp-content\/uploads\/usu83\/2023\/06\/logo_transp.png\" alt=\"\" width=\"266\" height=\"70\" srcset=\"https:\/\/agora.xtec.cat\/ies-miquel-tarradell\/wp-content\/uploads\/usu83\/2023\/06\/logo_transp.png 638w, https:\/\/agora.xtec.cat\/ies-miquel-tarradell\/wp-content\/uploads\/usu83\/2023\/06\/logo_transp-300x79.png 300w\" sizes=\"auto, (max-width: 266px) 100vw, 266px\" \/><\/figure><\/h4>\n\n\n\n<p>L\u2019Institut Miquel Tarradell participa en el Projecte&nbsp;de&nbsp;Qualitat&nbsp;i Millora Cont\u00ednua (PQiMC) del Departament d\u2019Educaci\u00f3, amb l\u2019objectiu&nbsp;de&nbsp;planificar i desenvolupar un sistema&nbsp;de&nbsp;gesti\u00f3 per processos basat en l\u2019actual norma ISO, la qual cerca la&nbsp;qualitat&nbsp;i la millora cont\u00ednua en l\u2019ensenyament.<\/p>\n\n\n\n<p>La&nbsp;pol\u00edtica de Qualitat&nbsp;de&nbsp;l&#8217;Institut Miquel Tarradell t\u00e9 com a objectiu proporcionar un servei educatiu&nbsp;de&nbsp;qualitat&nbsp;a totes les parts interessades, satisfent les necessitats i expectatives educatives tant del nostre alumnat com&nbsp;de&nbsp;la nostra comunitat educativa i&nbsp;de&nbsp;la societat en general. el centre assumeix el repte&nbsp;de&nbsp;dotar-se&nbsp;de&nbsp;les estrat\u00e8gies d\u2019organitzaci\u00f3 i gesti\u00f3 que comporten el desplegament d\u2019un sistema&nbsp;de&nbsp;gesti\u00f3 integrat&nbsp;de&nbsp;qualitat,&nbsp;de&nbsp;la seguretat i salut en el treball, i&nbsp;de&nbsp;la gesti\u00f3 mediambiental, d\u2019acord amb les normes ISO 9001.<\/p>\n\n\n\n<p>&nbsp;En el desplegament d\u2019aquest sistema&nbsp;de&nbsp;gesti\u00f3 integrat assumim els seg\u00fcents compromisos:<\/p>\n\n\n\n<ul class=\"wp-block-list\">\n<li>El sistema de gesti\u00f3 de la qualitat ser\u00e0 adequat al prop\u00f2sit i al context de l\u2019organitzaci\u00f3 del centre, tenint en compte els requisits normatius aplicables, i per satisfer les necessitats i els interessos dels nostres grups d\u2019inter\u00e8s.<\/li>\n\n\n\n<li>El sistema de la Seguretat i la Salut del centre proporcionar\u00e0 unes condicions de treball segures i saludables a tota la comunitat educativa, treballar\u00e0 per a la prevenci\u00f3 de lesions, i per evitar el deteriorament de la salut. Per tant, tindr\u00e0 en compte tots els requisits legals (i espec\u00edfics del centre, si escau) establerts sobre seguretat i salut, i garantir\u00e0 la consulta i participaci\u00f3 de tota la comunitat educativa en el desenvolupament d\u2019aquest sistema de gesti\u00f3.<\/li>\n\n\n\n<li>El sistema de gesti\u00f3 mediambiental ser\u00e0 adequat al prop\u00f2sit i a l\u2019organitzaci\u00f3 del centre; per tant, tindr\u00e0 en compte els impactes ambientals de la seva activitat, establint uns objectius de gesti\u00f3 mediambiental. A m\u00e9s a m\u00e9s, aquest sistema satisfar\u00e0 el compliment de la normativa i els requisits mediambientals reglamentaris (i espec\u00edfics del centre, si escau), amb el foment d\u2019accions de sensibilitzaci\u00f3 entre la comunitat educativa per la protecci\u00f3 del medi ambient.<\/li>\n<\/ul>\n\n\n\n<p>Val a dir, que aquesta&nbsp;Pol\u00edtica de Qualitat, Seguretat i Salut en el Treball, i Mediambiental, que s\u2019orienta cap a la satisfacci\u00f3&nbsp;de&nbsp;les necessitats i els interessos dels nostres grups d\u2019inter\u00e8s, est\u00e0 recollida en&nbsp;el punt 4.3. del Projecte educatiu&nbsp;de&nbsp;centre.&nbsp; A m\u00e9s, la direcci\u00f3 del centre, creu que \u00e9s imprescindible disposar d\u2019una&nbsp;Pol\u00edtica de Qualitat, Seguretat i Salut en el Treball, i Mediambiental en revisi\u00f3 permanent per assegurar-ne l\u2019adequaci\u00f3, i el compliment dels diferents requisits legals que assegurin el bon funcionament d\u2019aquesta.<\/p>\n\n\n\n<p>A continuaci\u00f3, podem veure el certificat actual<\/p>\n\n\n\n<p><strong><a href=\"https:\/\/drive.google.com\/file\/d\/1oPUvuWCQxBfpp_QlrIOFA336mo98T3ay\/view?usp=sharing\" data-type=\"link\" data-id=\"https:\/\/drive.google.com\/file\/d\/1oPUvuWCQxBfpp_QlrIOFA336mo98T3ay\/view?usp=sharing\" target=\"_blank\" rel=\"noreferrer noopener\">Certificaci\u00f3 ISO 9001 en relaci\u00f3 a les activitats de Formaci\u00f3 Professional del Departament de Serveis a la Comunitat:<\/a><\/strong><\/p>\n\n\n\n<figure class=\"wp-block-image alignleft size-large is-resized\"><a href=\"https:\/\/drive.google.com\/file\/d\/1oPUvuWCQxBfpp_QlrIOFA336mo98T3ay\/view\"><img loading=\"lazy\" decoding=\"async\" width=\"586\" height=\"1024\" src=\"https:\/\/agora.xtec.cat\/ies-miquel-tarradell\/wp-content\/uploads\/usu83\/2025\/10\/RGB_ES-586x1024.png\" alt=\"\" class=\"wp-image-10436\" style=\"width:125px;height:auto\"\/><\/a><\/figure>\n","protected":false},"excerpt":{"rendered":"<p>L\u2019Institut Miquel Tarradell participa en el Projecte&nbsp;de&nbsp;Qualitat&nbsp;i Millora Cont\u00ednua (PQiMC) del Departament d\u2019Educaci\u00f3, amb l\u2019objectiu&nbsp;de&nbsp;planificar i desenvolupar un sistema&nbsp;de&nbsp;gesti\u00f3 per processos basat en l\u2019actual norma ISO, la qual cerca la&nbsp;qualitat&nbsp;i la millora cont\u00ednua en l\u2019ensenyament. La&nbsp;pol\u00edtica de Qualitat&nbsp;de&nbsp;l&#8217;Institut Miquel Tarradell t\u00e9 com a objectiu proporcionar un servei educatiu&nbsp;de&nbsp;qualitat&nbsp;a totes les parts interessades, satisfent les necessitats [&hellip;]<\/p>\n","protected":false},"author":1,"featured_media":0,"parent":19,"menu_order":60,"comment_status":"closed","ping_status":"closed","template":"","meta":{"_bbp_topic_count":0,"_bbp_reply_count":0,"_bbp_total_topic_count":0,"_bbp_total_reply_count":0,"_bbp_voice_count":0,"_bbp_anonymous_reply_count":0,"_bbp_topic_count_hidden":0,"_bbp_reply_count_hidden":0,"_bbp_forum_subforum_count":0,"site-sidebar-layout":"default","site-content-layout":"","ast-site-content-layout":"default","site-content-style":"default","site-sidebar-style":"default","ast-global-header-display":"","ast-banner-title-visibility":"","ast-main-header-display":"","ast-hfb-above-header-display":"","ast-hfb-below-header-display":"","ast-hfb-mobile-header-display":"","site-post-title":"","ast-breadcrumbs-content":"","ast-featured-img":"","footer-sml-layout":"","theme-transparent-header-meta":"","adv-header-id-meta":"","stick-header-meta":"","header-above-stick-meta":"","header-main-stick-meta":"","header-below-stick-meta":"","astra-migrate-meta-layouts":"set","ast-page-background-enabled":"default","ast-page-background-meta":{"desktop":{"background-color":"var(--ast-global-color-4)","background-image":"","background-repeat":"repeat","background-position":"center center","background-size":"auto","background-attachment":"scroll","background-type":"","background-media":"","overlay-type":"","overlay-color":"","overlay-opacity":"","overlay-gradient":""},"tablet":{"background-color":"","background-image":"","background-repeat":"repeat","background-position":"center center","background-size":"auto","background-attachment":"scroll","background-type":"","background-media":"","overlay-type":"","overlay-color":"","overlay-opacity":"","overlay-gradient":""},"mobile":{"background-color":"","background-image":"","background-repeat":"repeat","background-position":"center center","background-size":"auto","background-attachment":"scroll","background-type":"","background-media":"","overlay-type":"","overlay-color":"","overlay-opacity":"","overlay-gradient":""}},"ast-content-background-meta":{"desktop":{"background-color":"var(--ast-global-color-5)","background-image":"","background-repeat":"repeat","background-position":"center center","background-size":"auto","background-attachment":"scroll","background-type":"","background-media":"","overlay-type":"","overlay-color":"","overlay-opacity":"","overlay-gradient":""},"tablet":{"background-color":"var(--ast-global-color-5)","background-image":"","background-repeat":"repeat","background-position":"center center","background-size":"auto","background-attachment":"scroll","background-type":"","background-media":"","overlay-type":"","overlay-color":"","overlay-opacity":"","overlay-gradient":""},"mobile":{"background-color":"var(--ast-global-color-5)","background-image":"","background-repeat":"repeat","background-position":"center center","background-size":"auto","background-attachment":"scroll","background-type":"","background-media":"","overlay-type":"","overlay-color":"","overlay-opacity":"","overlay-gradient":""}},"footnotes":""},"class_list":["post-8032","page","type-page","status-publish","hentry"],"post_mailing_queue_ids":[],"_links":{"self":[{"href":"https:\/\/agora.xtec.cat\/ies-miquel-tarradell\/wp-json\/wp\/v2\/pages\/8032","targetHints":{"allow":["GET"]}}],"collection":[{"href":"https:\/\/agora.xtec.cat\/ies-miquel-tarradell\/wp-json\/wp\/v2\/pages"}],"about":[{"href":"https:\/\/agora.xtec.cat\/ies-miquel-tarradell\/wp-json\/wp\/v2\/types\/page"}],"author":[{"embeddable":true,"href":"https:\/\/agora.xtec.cat\/ies-miquel-tarradell\/wp-json\/wp\/v2\/users\/1"}],"replies":[{"embeddable":true,"href":"https:\/\/agora.xtec.cat\/ies-miquel-tarradell\/wp-json\/wp\/v2\/comments?post=8032"}],"version-history":[{"count":6,"href":"https:\/\/agora.xtec.cat\/ies-miquel-tarradell\/wp-json\/wp\/v2\/pages\/8032\/revisions"}],"predecessor-version":[{"id":10897,"href":"https:\/\/agora.xtec.cat\/ies-miquel-tarradell\/wp-json\/wp\/v2\/pages\/8032\/revisions\/10897"}],"up":[{"embeddable":true,"href":"https:\/\/agora.xtec.cat\/ies-miquel-tarradell\/wp-json\/wp\/v2\/pages\/19"}],"wp:attachment":[{"href":"https:\/\/agora.xtec.cat\/ies-miquel-tarradell\/wp-json\/wp\/v2\/media?parent=8032"}],"curies":[{"name":"wp","href":"https:\/\/api.w.org\/{rel}","templated":true}]}}