{"id":7923,"date":"2023-06-08T16:49:46","date_gmt":"2023-06-08T14:49:46","guid":{"rendered":"https:\/\/agora.xtec.cat\/ies-miquel-tarradell\/?page_id=7923"},"modified":"2023-06-19T18:51:41","modified_gmt":"2023-06-19T16:51:41","slug":"cultura-digital-competencia-digital-de-lalumnat","status":"publish","type":"page","link":"https:\/\/agora.xtec.cat\/ies-miquel-tarradell\/linstitut\/estrategiadigital\/cultura-digital\/cultura-digital-competencia-digital-de-lalumnat\/","title":{"rendered":"Cultura digital &#8211; Compet\u00e8ncia digital de l&#8217;alumnat"},"content":{"rendered":"<p><img loading=\"lazy\" decoding=\"async\" class=\" wp-image-8083 aligncenter\" src=\"https:\/\/agora.xtec.cat\/ies-miquel-tarradell\/wp-content\/uploads\/usu83\/2023\/06\/Captura-de-pantalla-2023-06-19-180926.jpg\" alt=\"\" width=\"651\" height=\"245\" srcset=\"https:\/\/agora.xtec.cat\/ies-miquel-tarradell\/wp-content\/uploads\/usu83\/2023\/06\/Captura-de-pantalla-2023-06-19-180926.jpg 784w, https:\/\/agora.xtec.cat\/ies-miquel-tarradell\/wp-content\/uploads\/usu83\/2023\/06\/Captura-de-pantalla-2023-06-19-180926-300x113.jpg 300w, https:\/\/agora.xtec.cat\/ies-miquel-tarradell\/wp-content\/uploads\/usu83\/2023\/06\/Captura-de-pantalla-2023-06-19-180926-768x289.jpg 768w\" sizes=\"auto, (max-width: 651px) 100vw, 651px\" \/><\/p>\n<p>Les compet\u00e8ncies digitals de l&#8217;alumnat es poden englobar en el seg\u00fcent esquema:<\/p>\n<ul>\n<li><a href=\"https:\/\/drive.google.com\/file\/d\/1nHQgLt7bBFAeX8EfNMwdRelFyCt8eRDm\/view?usp=sharing\" target=\"_blank\" rel=\"noopener\">Marc de compet\u00e8ncies digitals per a la ciutadania DIGCOMP2.2<\/a><\/li>\n<\/ul>\n<p><img loading=\"lazy\" decoding=\"async\" class=\"wp-image-8079 aligncenter\" src=\"https:\/\/agora.xtec.cat\/ies-miquel-tarradell\/wp-content\/uploads\/usu83\/2023\/06\/CDA.jpg\" alt=\"\" width=\"570\" height=\"562\" srcset=\"https:\/\/agora.xtec.cat\/ies-miquel-tarradell\/wp-content\/uploads\/usu83\/2023\/06\/CDA.jpg 727w, https:\/\/agora.xtec.cat\/ies-miquel-tarradell\/wp-content\/uploads\/usu83\/2023\/06\/CDA-300x296.jpg 300w\" sizes=\"auto, (max-width: 570px) 100vw, 570px\" \/><\/p>\n<p style=\"text-align: justify;\">Aquestes compet\u00e8ncies digitals s&#8217;incorporen a les programacions d&#8217;aula a tots els nivells educatius. Aix\u00ed mateix el professorat de l&#8217;INS Miquel Tarradell, a trav\u00e9s de la FIC organitzada pel Departament d&#8217;Educaci\u00f3, ha pogut reflexionar i assegura la cobertura de treball en relaci\u00f3 a les compet\u00e8ncies digitals en el transcurs dels estudis de l&#8217;alumnat del centre a tots els estudis impartits.<\/p>\n<p><img loading=\"lazy\" decoding=\"async\" class=\"wp-image-8081 aligncenter\" src=\"https:\/\/agora.xtec.cat\/ies-miquel-tarradell\/wp-content\/uploads\/usu83\/2023\/06\/Captura-de-pantalla-2023-06-19-180325.jpg\" alt=\"\" width=\"493\" height=\"279\" srcset=\"https:\/\/agora.xtec.cat\/ies-miquel-tarradell\/wp-content\/uploads\/usu83\/2023\/06\/Captura-de-pantalla-2023-06-19-180325.jpg 838w, https:\/\/agora.xtec.cat\/ies-miquel-tarradell\/wp-content\/uploads\/usu83\/2023\/06\/Captura-de-pantalla-2023-06-19-180325-300x170.jpg 300w, https:\/\/agora.xtec.cat\/ies-miquel-tarradell\/wp-content\/uploads\/usu83\/2023\/06\/Captura-de-pantalla-2023-06-19-180325-768x435.jpg 768w\" sizes=\"auto, (max-width: 493px) 100vw, 493px\" \/><\/p>\n<p style=\"text-align: center;\"><em>Algunes eines usades a la pr\u00e0ctica docent\u00a0<\/em><\/p>\n","protected":false},"excerpt":{"rendered":"<p>Les compet\u00e8ncies digitals de l&#8217;alumnat es poden englobar en el seg\u00fcent esquema: Marc de compet\u00e8ncies digitals per a la ciutadania DIGCOMP2.2 Aquestes compet\u00e8ncies digitals s&#8217;incorporen a les programacions d&#8217;aula a tots els nivells educatius. Aix\u00ed mateix el professorat de l&#8217;INS Miquel Tarradell, a trav\u00e9s de la FIC organitzada pel Departament d&#8217;Educaci\u00f3, ha pogut reflexionar i [&hellip;]<\/p>\n","protected":false},"author":1,"featured_media":0,"parent":5722,"menu_order":0,"comment_status":"closed","ping_status":"closed","template":"page-templates\/side-menu.php","meta":{"_bbp_topic_count":0,"_bbp_reply_count":0,"_bbp_total_topic_count":0,"_bbp_total_reply_count":0,"_bbp_voice_count":0,"_bbp_anonymous_reply_count":0,"_bbp_topic_count_hidden":0,"_bbp_reply_count_hidden":0,"_bbp_forum_subforum_count":0,"site-sidebar-layout":"default","site-content-layout":"","ast-site-content-layout":"","site-content-style":"default","site-sidebar-style":"default","ast-global-header-display":"","ast-banner-title-visibility":"","ast-main-header-display":"","ast-hfb-above-header-display":"","ast-hfb-below-header-display":"","ast-hfb-mobile-header-display":"","site-post-title":"","ast-breadcrumbs-content":"","ast-featured-img":"","footer-sml-layout":"","theme-transparent-header-meta":"","adv-header-id-meta":"","stick-header-meta":"","header-above-stick-meta":"","header-main-stick-meta":"","header-below-stick-meta":"","astra-migrate-meta-layouts":"default","ast-page-background-enabled":"default","ast-page-background-meta":{"desktop":{"background-color":"var(--ast-global-color-4)","background-image":"","background-repeat":"repeat","background-position":"center center","background-size":"auto","background-attachment":"scroll","background-type":"","background-media":"","overlay-type":"","overlay-color":"","overlay-opacity":"","overlay-gradient":""},"tablet":{"background-color":"","background-image":"","background-repeat":"repeat","background-position":"center center","background-size":"auto","background-attachment":"scroll","background-type":"","background-media":"","overlay-type":"","overlay-color":"","overlay-opacity":"","overlay-gradient":""},"mobile":{"background-color":"","background-image":"","background-repeat":"repeat","background-position":"center center","background-size":"auto","background-attachment":"scroll","background-type":"","background-media":"","overlay-type":"","overlay-color":"","overlay-opacity":"","overlay-gradient":""}},"ast-content-background-meta":{"desktop":{"background-color":"var(--ast-global-color-5)","background-image":"","background-repeat":"repeat","background-position":"center center","background-size":"auto","background-attachment":"scroll","background-type":"","background-media":"","overlay-type":"","overlay-color":"","overlay-opacity":"","overlay-gradient":""},"tablet":{"background-color":"var(--ast-global-color-5)","background-image":"","background-repeat":"repeat","background-position":"center center","background-size":"auto","background-attachment":"scroll","background-type":"","background-media":"","overlay-type":"","overlay-color":"","overlay-opacity":"","overlay-gradient":""},"mobile":{"background-color":"var(--ast-global-color-5)","background-image":"","background-repeat":"repeat","background-position":"center center","background-size":"auto","background-attachment":"scroll","background-type":"","background-media":"","overlay-type":"","overlay-color":"","overlay-opacity":"","overlay-gradient":""}},"footnotes":""},"class_list":["post-7923","page","type-page","status-publish","hentry"],"post_mailing_queue_ids":[],"_links":{"self":[{"href":"https:\/\/agora.xtec.cat\/ies-miquel-tarradell\/wp-json\/wp\/v2\/pages\/7923","targetHints":{"allow":["GET"]}}],"collection":[{"href":"https:\/\/agora.xtec.cat\/ies-miquel-tarradell\/wp-json\/wp\/v2\/pages"}],"about":[{"href":"https:\/\/agora.xtec.cat\/ies-miquel-tarradell\/wp-json\/wp\/v2\/types\/page"}],"author":[{"embeddable":true,"href":"https:\/\/agora.xtec.cat\/ies-miquel-tarradell\/wp-json\/wp\/v2\/users\/1"}],"replies":[{"embeddable":true,"href":"https:\/\/agora.xtec.cat\/ies-miquel-tarradell\/wp-json\/wp\/v2\/comments?post=7923"}],"version-history":[{"count":4,"href":"https:\/\/agora.xtec.cat\/ies-miquel-tarradell\/wp-json\/wp\/v2\/pages\/7923\/revisions"}],"predecessor-version":[{"id":8093,"href":"https:\/\/agora.xtec.cat\/ies-miquel-tarradell\/wp-json\/wp\/v2\/pages\/7923\/revisions\/8093"}],"up":[{"embeddable":true,"href":"https:\/\/agora.xtec.cat\/ies-miquel-tarradell\/wp-json\/wp\/v2\/pages\/5722"}],"wp:attachment":[{"href":"https:\/\/agora.xtec.cat\/ies-miquel-tarradell\/wp-json\/wp\/v2\/media?parent=7923"}],"curies":[{"name":"wp","href":"https:\/\/api.w.org\/{rel}","templated":true}]}}