{"id":7921,"date":"2023-06-08T16:49:15","date_gmt":"2023-06-08T14:49:15","guid":{"rendered":"https:\/\/agora.xtec.cat\/ies-miquel-tarradell\/?page_id=7921"},"modified":"2023-06-16T13:39:10","modified_gmt":"2023-06-16T11:39:10","slug":"cultura-digital-pla-dacollida-digital","status":"publish","type":"page","link":"https:\/\/agora.xtec.cat\/ies-miquel-tarradell\/linstitut\/estrategiadigital\/cultura-digital\/cultura-digital-pla-dacollida-digital\/","title":{"rendered":"Cultura digital &#8211; Pla d&#8217;acollida digital"},"content":{"rendered":"<p><img loading=\"lazy\" decoding=\"async\" class=\"wp-image-8025 aligncenter\" src=\"https:\/\/agora.xtec.cat\/ies-miquel-tarradell\/wp-content\/uploads\/usu83\/2023\/06\/acollida.jpg\" alt=\"\" width=\"681\" height=\"257\" srcset=\"https:\/\/agora.xtec.cat\/ies-miquel-tarradell\/wp-content\/uploads\/usu83\/2023\/06\/acollida.jpg 982w, https:\/\/agora.xtec.cat\/ies-miquel-tarradell\/wp-content\/uploads\/usu83\/2023\/06\/acollida-300x113.jpg 300w, https:\/\/agora.xtec.cat\/ies-miquel-tarradell\/wp-content\/uploads\/usu83\/2023\/06\/acollida-768x289.jpg 768w\" sizes=\"auto, (max-width: 681px) 100vw, 681px\" \/><\/p>\n<ul>\n<li><a href=\"https:\/\/drive.google.com\/file\/d\/1XmpiGUGeuaaae8ub7dibYoNjfw-Uypdz\/view?usp=sharing\" target=\"_blank\" rel=\"noopener\">Pla d&#8217;acollida digital de l&#8217;INS Miquel Tarradell<\/a><\/li>\n<\/ul>\n<p>Una bona acollida digital tant de l\u2019alumnat nouvingut i de les seves fam\u00edlies, com del professorat nou, \u00e9s un element clau per a la seva incorporaci\u00f3 en el centre. Per tal de facilitar aquesta tasca, oferim una guia pr\u00e0ctica que inclou els elements a tenir en compte en cada cas.<\/p>\n<p><span style=\"text-decoration: underline;\"><strong>Objectius del pla d&#8217;acollida digital<\/strong><\/span><\/p>\n<p>El pla d&#8217;acollida digital es relaciona amb l&#8217;objectiu 3 de l&#8217;estrat\u00e8gia digital de centre<b>: <\/b><b>Digitalitzar la comunicaci\u00f3, <\/b>que es concreta amb els seg\u00fcents objectius espec\u00edfics:<\/p>\n<ol style=\"list-style-type: lower-alpha;\">\n<li>Millorar la comunicaci\u00f3 digital amb l\u2019alumnat<\/li>\n<li>Millorar la comunicaci\u00f3 digital amb les fam\u00edlies<\/li>\n<li>Millorar la comunicaci\u00f3 digital del docent<\/li>\n<\/ol>\n<p><span style=\"text-decoration: underline;\"><strong>Avaluaci\u00f3 del pla d&#8217;acollida digital<\/strong><\/span><\/p>\n<p>L\u2019avaluaci\u00f3 i el seguiment del present Pla d\u2019acollida digital, es far\u00e0 :<\/p>\n<ol>\n<li>A trav\u00e9s de les tutories a l\u2019inici de curs es revisar\u00e0 que l\u2019alumnat i fam\u00edlies tinguin acc\u00e9s a les eines digitals.<\/li>\n<\/ol>\n<p style=\"text-align: left; padding-left: 40px;\"><em>Indicadors d\u2019avaluaci\u00f3<\/em><\/p>\n<p style=\"padding-left: 40px;\">\u25cf % d\u2019alumnat que usa les eines digitals amb regularitat. (Valor d\u2019acceptaci\u00f3: 90%)<br \/>\n\u25cf % de professorat que usa les eines digitals amb regularitat (Valor d\u2019acceptaci\u00f3 del 95%)<br \/>\n\u25cf % de PAS que usa les eines digitals amb regularitat (Valor d\u2019acceptaci\u00f3 del 95%)<br \/>\n\u25cf % de fam\u00edlies que usen les eines digitals amb regularitat (Valor d\u2019acceptaci\u00f3 del 50%)<\/p>\n<p>2. Al final de cada curs acad\u00e8mic en l\u2019enquesta de satisfacci\u00f3, s&#8217;afegeix un apartat espec\u00edfic per tal d\u2019avaluar les diverses comunicacions. Es passaran dues enquestes diferents:<\/p>\n<ul>\n<li style=\"list-style-type: none;\">\n<ul style=\"list-style-type: disc;\">\n<li>Docents i PAS\/PAE<\/li>\n<li>Fam\u00edlies i alumnat<\/li>\n<\/ul>\n<\/li>\n<\/ul>\n<p>3. De manera puntual, quan l\u2019equip de comunicaci\u00f3 trobi alguna mancan\u00e7a o sorgeixi una nova necessitat comunicativa s&#8217;establiran noves versions del document.<\/p>\n","protected":false},"excerpt":{"rendered":"<p>Pla d&#8217;acollida digital de l&#8217;INS Miquel Tarradell Una bona acollida digital tant de l\u2019alumnat nouvingut i de les seves fam\u00edlies, com del professorat nou, \u00e9s un element clau per a la seva incorporaci\u00f3 en el centre. Per tal de facilitar aquesta tasca, oferim una guia pr\u00e0ctica que inclou els elements a tenir en compte en [&hellip;]<\/p>\n","protected":false},"author":1,"featured_media":0,"parent":5722,"menu_order":0,"comment_status":"closed","ping_status":"closed","template":"page-templates\/side-menu.php","meta":{"_bbp_topic_count":0,"_bbp_reply_count":0,"_bbp_total_topic_count":0,"_bbp_total_reply_count":0,"_bbp_voice_count":0,"_bbp_anonymous_reply_count":0,"_bbp_topic_count_hidden":0,"_bbp_reply_count_hidden":0,"_bbp_forum_subforum_count":0,"site-sidebar-layout":"default","site-content-layout":"","ast-site-content-layout":"","site-content-style":"default","site-sidebar-style":"default","ast-global-header-display":"","ast-banner-title-visibility":"","ast-main-header-display":"","ast-hfb-above-header-display":"","ast-hfb-below-header-display":"","ast-hfb-mobile-header-display":"","site-post-title":"","ast-breadcrumbs-content":"","ast-featured-img":"","footer-sml-layout":"","theme-transparent-header-meta":"","adv-header-id-meta":"","stick-header-meta":"","header-above-stick-meta":"","header-main-stick-meta":"","header-below-stick-meta":"","astra-migrate-meta-layouts":"default","ast-page-background-enabled":"default","ast-page-background-meta":{"desktop":{"background-color":"var(--ast-global-color-4)","background-image":"","background-repeat":"repeat","background-position":"center center","background-size":"auto","background-attachment":"scroll","background-type":"","background-media":"","overlay-type":"","overlay-color":"","overlay-opacity":"","overlay-gradient":""},"tablet":{"background-color":"","background-image":"","background-repeat":"repeat","background-position":"center center","background-size":"auto","background-attachment":"scroll","background-type":"","background-media":"","overlay-type":"","overlay-color":"","overlay-opacity":"","overlay-gradient":""},"mobile":{"background-color":"","background-image":"","background-repeat":"repeat","background-position":"center center","background-size":"auto","background-attachment":"scroll","background-type":"","background-media":"","overlay-type":"","overlay-color":"","overlay-opacity":"","overlay-gradient":""}},"ast-content-background-meta":{"desktop":{"background-color":"var(--ast-global-color-5)","background-image":"","background-repeat":"repeat","background-position":"center center","background-size":"auto","background-attachment":"scroll","background-type":"","background-media":"","overlay-type":"","overlay-color":"","overlay-opacity":"","overlay-gradient":""},"tablet":{"background-color":"var(--ast-global-color-5)","background-image":"","background-repeat":"repeat","background-position":"center center","background-size":"auto","background-attachment":"scroll","background-type":"","background-media":"","overlay-type":"","overlay-color":"","overlay-opacity":"","overlay-gradient":""},"mobile":{"background-color":"var(--ast-global-color-5)","background-image":"","background-repeat":"repeat","background-position":"center center","background-size":"auto","background-attachment":"scroll","background-type":"","background-media":"","overlay-type":"","overlay-color":"","overlay-opacity":"","overlay-gradient":""}},"footnotes":""},"class_list":["post-7921","page","type-page","status-publish","hentry"],"post_mailing_queue_ids":[],"_links":{"self":[{"href":"https:\/\/agora.xtec.cat\/ies-miquel-tarradell\/wp-json\/wp\/v2\/pages\/7921","targetHints":{"allow":["GET"]}}],"collection":[{"href":"https:\/\/agora.xtec.cat\/ies-miquel-tarradell\/wp-json\/wp\/v2\/pages"}],"about":[{"href":"https:\/\/agora.xtec.cat\/ies-miquel-tarradell\/wp-json\/wp\/v2\/types\/page"}],"author":[{"embeddable":true,"href":"https:\/\/agora.xtec.cat\/ies-miquel-tarradell\/wp-json\/wp\/v2\/users\/1"}],"replies":[{"embeddable":true,"href":"https:\/\/agora.xtec.cat\/ies-miquel-tarradell\/wp-json\/wp\/v2\/comments?post=7921"}],"version-history":[{"count":4,"href":"https:\/\/agora.xtec.cat\/ies-miquel-tarradell\/wp-json\/wp\/v2\/pages\/7921\/revisions"}],"predecessor-version":[{"id":8029,"href":"https:\/\/agora.xtec.cat\/ies-miquel-tarradell\/wp-json\/wp\/v2\/pages\/7921\/revisions\/8029"}],"up":[{"embeddable":true,"href":"https:\/\/agora.xtec.cat\/ies-miquel-tarradell\/wp-json\/wp\/v2\/pages\/5722"}],"wp:attachment":[{"href":"https:\/\/agora.xtec.cat\/ies-miquel-tarradell\/wp-json\/wp\/v2\/media?parent=7921"}],"curies":[{"name":"wp","href":"https:\/\/api.w.org\/{rel}","templated":true}]}}