{"id":7919,"date":"2023-06-08T16:48:47","date_gmt":"2023-06-08T14:48:47","guid":{"rendered":"https:\/\/agora.xtec.cat\/ies-miquel-tarradell\/?page_id=7919"},"modified":"2023-06-16T11:28:30","modified_gmt":"2023-06-16T09:28:30","slug":"cultura-digital-pla-de-comunicacio","status":"publish","type":"page","link":"https:\/\/agora.xtec.cat\/ies-miquel-tarradell\/linstitut\/estrategiadigital\/cultura-digital\/cultura-digital-pla-de-comunicacio\/","title":{"rendered":"Cultura digital &#8211; Pla de comunicaci\u00f3"},"content":{"rendered":"<p><img loading=\"lazy\" decoding=\"async\" class=\"wp-image-8019 aligncenter\" src=\"https:\/\/agora.xtec.cat\/ies-miquel-tarradell\/wp-content\/uploads\/usu83\/2023\/06\/imatge1.jpg\" alt=\"\" width=\"624\" height=\"244\" srcset=\"https:\/\/agora.xtec.cat\/ies-miquel-tarradell\/wp-content\/uploads\/usu83\/2023\/06\/imatge1.jpg 793w, https:\/\/agora.xtec.cat\/ies-miquel-tarradell\/wp-content\/uploads\/usu83\/2023\/06\/imatge1-300x117.jpg 300w, https:\/\/agora.xtec.cat\/ies-miquel-tarradell\/wp-content\/uploads\/usu83\/2023\/06\/imatge1-768x300.jpg 768w\" sizes=\"auto, (max-width: 624px) 100vw, 624px\" \/><\/p>\n<ul>\n<li><a href=\"https:\/\/drive.google.com\/file\/d\/1aMUdr0M2kkBVygB1UqzTWHsCzDwhL_aV\/view\" target=\"_blank\" rel=\"noopener\">Enlla\u00e7 al pla de comunicaci\u00f3 de l&#8217;INS Miquel Tarradell.<\/a><\/li>\n<\/ul>\n<p style=\"text-align: justify;\">El pla de comunicaci\u00f3 recull els objectius, els canals, els responsables i els destinataris de tots els actes comunicatius formals que es produeixen en tots els \u00e0mbits del nostre centre. Permet identificar, anticipar i satisfer les necessitats de comunicaci\u00f3 de tota la comunitat educativa i dels grups d\u2019inter\u00e8s, i \u00e9s clau en l\u2019assoliment dels objectius estrat\u00e8gics del centre, definits en el Projecte Educatiu de Centre, en el Projecte de Direcci\u00f3 i en la Programaci\u00f3 General Anual.<\/p>\n<p style=\"text-align: justify;\">El Pla de Comunicaci\u00f3 estableix l\u2019\u00fas que es fa dels diversos canals de comunicaci\u00f3 de qu\u00e8 disposa l\u2019Institut per donar a con\u00e8ixer anuncis, avisos, not\u00edcies, instruccions, activitats, reconeixements i informacions d\u2019inter\u00e8s general al major nombre possible de destinataris.<\/p>\n<p style=\"text-align: justify;\">La idone\u00eftat i l\u2019efectivitat dels actes comunicatius s\u00f3n fonamentals per al bon funcionament intern del centre i per a la seva projecci\u00f3 externa, i t\u00e9 una afectaci\u00f3 molt significativa en l\u2019autoimatge, la imatge p\u00fablica i en la imatge prospectiva de l\u2019Institut.<\/p>\n<p style=\"text-align: justify;\">La llengua vehicular en les diferents comunicacions ser\u00e0 el catal\u00e0 com s\u2019indica en Projecte Ling\u00fc\u00edstic de Centre.<\/p>\n<p style=\"text-align: justify;\">Els <strong>objectius<\/strong> del Pla de comunicaci\u00f3 de l\u2019Institut Miquel Tarradell s\u00f3n:<\/p>\n<ul>\n<li style=\"text-align: justify;\" aria-level=\"1\">Donar a con\u00e8ixer instruccions, novetats, incid\u00e8ncies i aspectes organitzatius a tota la comunitat educativa.<\/li>\n<li style=\"text-align: justify;\" aria-level=\"1\">Difondre l\u2019activitat pr\u00f2pia del centre<\/li>\n<li style=\"text-align: justify;\" aria-level=\"1\">Comunicar informacions d\u2019inter\u00e8s a possibles usuari.<\/li>\n<li style=\"text-align: justify;\" aria-level=\"1\">Facilitar la informaci\u00f3 general de l\u2019Institut: la situaci\u00f3, l\u2019oferta educativa, els serveis, els\u00a0 projectes, l\u2019estructura organitzativa, la pol\u00edtica de qualitat, etc.<\/li>\n<li style=\"text-align: justify;\" aria-level=\"1\">Facilitar l\u2019acc\u00e9s a la documentaci\u00f3 del centre i als tr\u00e0mits administratius<\/li>\n<li style=\"text-align: justify;\" aria-level=\"1\">Facilitar el contacte amb el centre<\/li>\n<\/ul>\n","protected":false},"excerpt":{"rendered":"<p>Enlla\u00e7 al pla de comunicaci\u00f3 de l&#8217;INS Miquel Tarradell. El pla de comunicaci\u00f3 recull els objectius, els canals, els responsables i els destinataris de tots els actes comunicatius formals que es produeixen en tots els \u00e0mbits del nostre centre. Permet identificar, anticipar i satisfer les necessitats de comunicaci\u00f3 de tota la comunitat educativa i dels [&hellip;]<\/p>\n","protected":false},"author":1,"featured_media":0,"parent":5722,"menu_order":0,"comment_status":"closed","ping_status":"closed","template":"page-templates\/side-menu.php","meta":{"_bbp_topic_count":0,"_bbp_reply_count":0,"_bbp_total_topic_count":0,"_bbp_total_reply_count":0,"_bbp_voice_count":0,"_bbp_anonymous_reply_count":0,"_bbp_topic_count_hidden":0,"_bbp_reply_count_hidden":0,"_bbp_forum_subforum_count":0,"site-sidebar-layout":"default","site-content-layout":"","ast-site-content-layout":"","site-content-style":"default","site-sidebar-style":"default","ast-global-header-display":"","ast-banner-title-visibility":"","ast-main-header-display":"","ast-hfb-above-header-display":"","ast-hfb-below-header-display":"","ast-hfb-mobile-header-display":"","site-post-title":"","ast-breadcrumbs-content":"","ast-featured-img":"","footer-sml-layout":"","theme-transparent-header-meta":"","adv-header-id-meta":"","stick-header-meta":"","header-above-stick-meta":"","header-main-stick-meta":"","header-below-stick-meta":"","astra-migrate-meta-layouts":"default","ast-page-background-enabled":"default","ast-page-background-meta":{"desktop":{"background-color":"var(--ast-global-color-4)","background-image":"","background-repeat":"repeat","background-position":"center center","background-size":"auto","background-attachment":"scroll","background-type":"","background-media":"","overlay-type":"","overlay-color":"","overlay-opacity":"","overlay-gradient":""},"tablet":{"background-color":"","background-image":"","background-repeat":"repeat","background-position":"center center","background-size":"auto","background-attachment":"scroll","background-type":"","background-media":"","overlay-type":"","overlay-color":"","overlay-opacity":"","overlay-gradient":""},"mobile":{"background-color":"","background-image":"","background-repeat":"repeat","background-position":"center center","background-size":"auto","background-attachment":"scroll","background-type":"","background-media":"","overlay-type":"","overlay-color":"","overlay-opacity":"","overlay-gradient":""}},"ast-content-background-meta":{"desktop":{"background-color":"var(--ast-global-color-5)","background-image":"","background-repeat":"repeat","background-position":"center center","background-size":"auto","background-attachment":"scroll","background-type":"","background-media":"","overlay-type":"","overlay-color":"","overlay-opacity":"","overlay-gradient":""},"tablet":{"background-color":"var(--ast-global-color-5)","background-image":"","background-repeat":"repeat","background-position":"center center","background-size":"auto","background-attachment":"scroll","background-type":"","background-media":"","overlay-type":"","overlay-color":"","overlay-opacity":"","overlay-gradient":""},"mobile":{"background-color":"var(--ast-global-color-5)","background-image":"","background-repeat":"repeat","background-position":"center center","background-size":"auto","background-attachment":"scroll","background-type":"","background-media":"","overlay-type":"","overlay-color":"","overlay-opacity":"","overlay-gradient":""}},"footnotes":""},"class_list":["post-7919","page","type-page","status-publish","hentry"],"post_mailing_queue_ids":[],"_links":{"self":[{"href":"https:\/\/agora.xtec.cat\/ies-miquel-tarradell\/wp-json\/wp\/v2\/pages\/7919","targetHints":{"allow":["GET"]}}],"collection":[{"href":"https:\/\/agora.xtec.cat\/ies-miquel-tarradell\/wp-json\/wp\/v2\/pages"}],"about":[{"href":"https:\/\/agora.xtec.cat\/ies-miquel-tarradell\/wp-json\/wp\/v2\/types\/page"}],"author":[{"embeddable":true,"href":"https:\/\/agora.xtec.cat\/ies-miquel-tarradell\/wp-json\/wp\/v2\/users\/1"}],"replies":[{"embeddable":true,"href":"https:\/\/agora.xtec.cat\/ies-miquel-tarradell\/wp-json\/wp\/v2\/comments?post=7919"}],"version-history":[{"count":3,"href":"https:\/\/agora.xtec.cat\/ies-miquel-tarradell\/wp-json\/wp\/v2\/pages\/7919\/revisions"}],"predecessor-version":[{"id":8022,"href":"https:\/\/agora.xtec.cat\/ies-miquel-tarradell\/wp-json\/wp\/v2\/pages\/7919\/revisions\/8022"}],"up":[{"embeddable":true,"href":"https:\/\/agora.xtec.cat\/ies-miquel-tarradell\/wp-json\/wp\/v2\/pages\/5722"}],"wp:attachment":[{"href":"https:\/\/agora.xtec.cat\/ies-miquel-tarradell\/wp-json\/wp\/v2\/media?parent=7919"}],"curies":[{"name":"wp","href":"https:\/\/api.w.org\/{rel}","templated":true}]}}