{"id":789,"date":"2020-06-15T18:34:08","date_gmt":"2020-06-15T16:34:08","guid":{"rendered":"http:\/\/agora.xtec.cat\/ies-miquel-tarradell\/?page_id=789"},"modified":"2025-07-07T17:03:21","modified_gmt":"2025-07-07T15:03:21","slug":"basquet","status":"publish","type":"page","link":"https:\/\/agora.xtec.cat\/ies-miquel-tarradell\/linstitut\/extraescolars\/basquet\/","title":{"rendered":"B\u00e0squet"},"content":{"rendered":"\n<p>L&#8217;institut ofereix conjuntament amb l&#8217;Associaci\u00f3 Esportiva Ciutat Vella l&#8217;activitat de b\u00e0squet pels alumnes del centre al pati.<\/p>\n\n\n\n<p>Els equips entrenen dos dies per setmana i juguen a la lliga del Consell de l&#8217;Esport Escolar de Barcelona, tot i que no \u00e9s obligatori fer partits si no es vol.<br>L&#8217;activitat est\u00e0 oberta a alumnes d&#8217;altres instituts i per tant \u00e9s una bona manera de con\u00e8ixer gent nova i fer amistats!<\/p>\n\n\n\n<p>Els dies d&#8217;entrenament del curs 2017-18 s\u00f3n:<br>Nois de 1r i 2n d&#8217;ESO: dimarts i dijous de 18\u202fh a 19,30 h<br>Noies de 1r i 2n d&#8217;ESO: dimarts de 18\u202fh a 19,30 h i dijous de 17,30 h a 19\u202fh.<br>Nois i noies de 3r d&#8217;ESO: Dimarts i dijous de 19\u202fh a 20,30 h.<br>Nois i Noies de 4t d&#8217;ESO: Dilluns i dimecres de 18\u202fh a 19, 30 h.<br>Nois i Noies de Batxillerat: Dilluns i dimecres de 19\u202fh a 20, 30 h.<\/p>\n\n\n\n<p>Si tens ganes de fer esport i t&#8217;agrada el b\u00e0squet, no dubtis en venir a entrenar amb nosaltres. No \u00e9s important el nivell o l&#8217;experi\u00e8ncia que tinguis sin\u00f3 les ganes que hi posis. Tothom \u00e9s benvingut<\/p>\n\n\n\n<p>Moltes gr\u00e0cies!!!!<\/p>\n","protected":false},"excerpt":{"rendered":"<p>L&#8217;institut ofereix conjuntament amb l&#8217;Associaci\u00f3 Esportiva Ciutat Vella l&#8217;activitat de b\u00e0squet pels alumnes del centre al pati. Els equips entrenen dos dies per setmana i juguen a la lliga del Consell de l&#8217;Esport Escolar de Barcelona, tot i que no \u00e9s obligatori fer partits si no es vol.L&#8217;activitat est\u00e0 oberta a alumnes d&#8217;altres instituts i [&hellip;]<\/p>\n","protected":false},"author":1,"featured_media":0,"parent":785,"menu_order":0,"comment_status":"closed","ping_status":"closed","template":"","meta":{"_bbp_topic_count":0,"_bbp_reply_count":0,"_bbp_total_topic_count":0,"_bbp_total_reply_count":0,"_bbp_voice_count":0,"_bbp_anonymous_reply_count":0,"_bbp_topic_count_hidden":0,"_bbp_reply_count_hidden":0,"_bbp_forum_subforum_count":0,"site-sidebar-layout":"default","site-content-layout":"","ast-site-content-layout":"default","site-content-style":"default","site-sidebar-style":"default","ast-global-header-display":"","ast-banner-title-visibility":"","ast-main-header-display":"","ast-hfb-above-header-display":"","ast-hfb-below-header-display":"","ast-hfb-mobile-header-display":"","site-post-title":"","ast-breadcrumbs-content":"","ast-featured-img":"","footer-sml-layout":"","theme-transparent-header-meta":"","adv-header-id-meta":"","stick-header-meta":"","header-above-stick-meta":"","header-main-stick-meta":"","header-below-stick-meta":"","astra-migrate-meta-layouts":"set","ast-page-background-enabled":"default","ast-page-background-meta":{"desktop":{"background-color":"var(--ast-global-color-4)","background-image":"","background-repeat":"repeat","background-position":"center center","background-size":"auto","background-attachment":"scroll","background-type":"","background-media":"","overlay-type":"","overlay-color":"","overlay-opacity":"","overlay-gradient":""},"tablet":{"background-color":"","background-image":"","background-repeat":"repeat","background-position":"center center","background-size":"auto","background-attachment":"scroll","background-type":"","background-media":"","overlay-type":"","overlay-color":"","overlay-opacity":"","overlay-gradient":""},"mobile":{"background-color":"","background-image":"","background-repeat":"repeat","background-position":"center center","background-size":"auto","background-attachment":"scroll","background-type":"","background-media":"","overlay-type":"","overlay-color":"","overlay-opacity":"","overlay-gradient":""}},"ast-content-background-meta":{"desktop":{"background-color":"var(--ast-global-color-5)","background-image":"","background-repeat":"repeat","background-position":"center center","background-size":"auto","background-attachment":"scroll","background-type":"","background-media":"","overlay-type":"","overlay-color":"","overlay-opacity":"","overlay-gradient":""},"tablet":{"background-color":"var(--ast-global-color-5)","background-image":"","background-repeat":"repeat","background-position":"center center","background-size":"auto","background-attachment":"scroll","background-type":"","background-media":"","overlay-type":"","overlay-color":"","overlay-opacity":"","overlay-gradient":""},"mobile":{"background-color":"var(--ast-global-color-5)","background-image":"","background-repeat":"repeat","background-position":"center center","background-size":"auto","background-attachment":"scroll","background-type":"","background-media":"","overlay-type":"","overlay-color":"","overlay-opacity":"","overlay-gradient":""}},"footnotes":""},"class_list":["post-789","page","type-page","status-publish","hentry"],"post_mailing_queue_ids":[],"_links":{"self":[{"href":"https:\/\/agora.xtec.cat\/ies-miquel-tarradell\/wp-json\/wp\/v2\/pages\/789","targetHints":{"allow":["GET"]}}],"collection":[{"href":"https:\/\/agora.xtec.cat\/ies-miquel-tarradell\/wp-json\/wp\/v2\/pages"}],"about":[{"href":"https:\/\/agora.xtec.cat\/ies-miquel-tarradell\/wp-json\/wp\/v2\/types\/page"}],"author":[{"embeddable":true,"href":"https:\/\/agora.xtec.cat\/ies-miquel-tarradell\/wp-json\/wp\/v2\/users\/1"}],"replies":[{"embeddable":true,"href":"https:\/\/agora.xtec.cat\/ies-miquel-tarradell\/wp-json\/wp\/v2\/comments?post=789"}],"version-history":[{"count":3,"href":"https:\/\/agora.xtec.cat\/ies-miquel-tarradell\/wp-json\/wp\/v2\/pages\/789\/revisions"}],"predecessor-version":[{"id":10124,"href":"https:\/\/agora.xtec.cat\/ies-miquel-tarradell\/wp-json\/wp\/v2\/pages\/789\/revisions\/10124"}],"up":[{"embeddable":true,"href":"https:\/\/agora.xtec.cat\/ies-miquel-tarradell\/wp-json\/wp\/v2\/pages\/785"}],"wp:attachment":[{"href":"https:\/\/agora.xtec.cat\/ies-miquel-tarradell\/wp-json\/wp\/v2\/media?parent=789"}],"curies":[{"name":"wp","href":"https:\/\/api.w.org\/{rel}","templated":true}]}}