{"id":745,"date":"2020-06-15T17:38:16","date_gmt":"2020-06-15T15:38:16","guid":{"rendered":"http:\/\/agora.xtec.cat\/ies-miquel-tarradell\/?page_id=745"},"modified":"2025-01-31T13:59:45","modified_gmt":"2025-01-31T12:59:45","slug":"portes-obertes","status":"publish","type":"page","link":"https:\/\/agora.xtec.cat\/ies-miquel-tarradell\/portes-obertes\/","title":{"rendered":"Portes obertes"},"content":{"rendered":"<h5><img loading=\"lazy\" decoding=\"async\" class=\"wp-image-9132 aligncenter\" src=\"https:\/\/agora.xtec.cat\/ies-miquel-tarradell\/wp-content\/uploads\/usu83\/2024\/03\/Portes-obertes-2.gif\" alt=\"\" width=\"266\" height=\"266\" \/><\/h5>\n<p style=\"text-align: justify;\"><span style=\"color: #000000;\">Hola! G<span style=\"font-family: inherit; font-size: 1em;\">r\u00e0cies per interessar-vos en el nostre institut.<\/span><\/span><\/p>\n<p style=\"text-align: justify;\"><span style=\"color: #000000;\">S\u00f3m un centre p\u00fablic del Consorci d&#8217;Educaci\u00f3 de Barcelona. Ofertem estudis d&#8217;ESO, Batxillerat i Cicles Formatius de la fam\u00edlia de serveis a la comunitat (Grau mitj\u00e0 d&#8217;Atenci\u00f3 a Persones en Situaci\u00f3 de Depend\u00e8ncia, Grau superior en Educaci\u00f3 Infantil i Grau Superior en Integraci\u00f3 Social)<\/span><\/p>\n<p style=\"text-align: justify;\"><span style=\"color: #000000;\">Organitzem sessions de portes obertes presencials obertes a la ciutadania. A fi de millorar l&#8217;organitzaci\u00f3 us demanem que us hi inscriviu pr\u00e8viament.<\/span><\/p>\n<p style=\"text-align: justify;\"><span style=\"color: #000000;\">Cliqueu al tipus d&#8217;estudi (ESO, Batxillerat o cicles) del men\u00fa de Portes Obertes per accedir a la informaci\u00f3 sobre les jornades de cada estudi.<\/span><\/p>\n<p style=\"text-align: justify;\"><span style=\"color: #000000;\">Us hi esperem!<\/span><\/p>\n<hr \/>\n<h4 style=\"text-align: center;\"><strong>Video de presentaci\u00f3 de l&#8217;INS Miquel Tarradell<\/strong><\/h4>\n<p style=\"text-align: center;\"><iframe loading=\"lazy\" title=\"YouTube video player\" src=\"https:\/\/www.youtube.com\/embed\/pyTb5Oar8Lk\" width=\"560\" height=\"315\" frameborder=\"0\" allowfullscreen=\"allowfullscreen\"><\/iframe><\/p>\n<div><\/div>\n","protected":false},"excerpt":{"rendered":"<p>Hola! Gr\u00e0cies per interessar-vos en el nostre institut. S\u00f3m un centre p\u00fablic del Consorci d&#8217;Educaci\u00f3 de Barcelona. Ofertem estudis d&#8217;ESO, Batxillerat i Cicles Formatius de la fam\u00edlia de serveis a la comunitat (Grau mitj\u00e0 d&#8217;Atenci\u00f3 a Persones en Situaci\u00f3 de Depend\u00e8ncia, Grau superior en Educaci\u00f3 Infantil i Grau Superior en Integraci\u00f3 Social) Organitzem sessions de [&hellip;]<\/p>\n","protected":false},"author":1,"featured_media":0,"parent":0,"menu_order":2,"comment_status":"closed","ping_status":"closed","template":"page-templates\/side-menu.php","meta":{"_bbp_topic_count":0,"_bbp_reply_count":0,"_bbp_total_topic_count":0,"_bbp_total_reply_count":0,"_bbp_voice_count":0,"_bbp_anonymous_reply_count":0,"_bbp_topic_count_hidden":0,"_bbp_reply_count_hidden":0,"_bbp_forum_subforum_count":0,"site-sidebar-layout":"default","site-content-layout":"","ast-site-content-layout":"","site-content-style":"default","site-sidebar-style":"default","ast-global-header-display":"","ast-banner-title-visibility":"","ast-main-header-display":"","ast-hfb-above-header-display":"","ast-hfb-below-header-display":"","ast-hfb-mobile-header-display":"","site-post-title":"","ast-breadcrumbs-content":"","ast-featured-img":"","footer-sml-layout":"","theme-transparent-header-meta":"","adv-header-id-meta":"","stick-header-meta":"","header-above-stick-meta":"","header-main-stick-meta":"","header-below-stick-meta":"","astra-migrate-meta-layouts":"default","ast-page-background-enabled":"default","ast-page-background-meta":{"desktop":{"background-color":"var(--ast-global-color-4)","background-image":"","background-repeat":"repeat","background-position":"center center","background-size":"auto","background-attachment":"scroll","background-type":"","background-media":"","overlay-type":"","overlay-color":"","overlay-opacity":"","overlay-gradient":""},"tablet":{"background-color":"","background-image":"","background-repeat":"repeat","background-position":"center center","background-size":"auto","background-attachment":"scroll","background-type":"","background-media":"","overlay-type":"","overlay-color":"","overlay-opacity":"","overlay-gradient":""},"mobile":{"background-color":"","background-image":"","background-repeat":"repeat","background-position":"center center","background-size":"auto","background-attachment":"scroll","background-type":"","background-media":"","overlay-type":"","overlay-color":"","overlay-opacity":"","overlay-gradient":""}},"ast-content-background-meta":{"desktop":{"background-color":"var(--ast-global-color-5)","background-image":"","background-repeat":"repeat","background-position":"center center","background-size":"auto","background-attachment":"scroll","background-type":"","background-media":"","overlay-type":"","overlay-color":"","overlay-opacity":"","overlay-gradient":""},"tablet":{"background-color":"var(--ast-global-color-5)","background-image":"","background-repeat":"repeat","background-position":"center center","background-size":"auto","background-attachment":"scroll","background-type":"","background-media":"","overlay-type":"","overlay-color":"","overlay-opacity":"","overlay-gradient":""},"mobile":{"background-color":"var(--ast-global-color-5)","background-image":"","background-repeat":"repeat","background-position":"center center","background-size":"auto","background-attachment":"scroll","background-type":"","background-media":"","overlay-type":"","overlay-color":"","overlay-opacity":"","overlay-gradient":""}},"footnotes":""},"class_list":["post-745","page","type-page","status-publish","hentry"],"post_mailing_queue_ids":[],"_links":{"self":[{"href":"https:\/\/agora.xtec.cat\/ies-miquel-tarradell\/wp-json\/wp\/v2\/pages\/745","targetHints":{"allow":["GET"]}}],"collection":[{"href":"https:\/\/agora.xtec.cat\/ies-miquel-tarradell\/wp-json\/wp\/v2\/pages"}],"about":[{"href":"https:\/\/agora.xtec.cat\/ies-miquel-tarradell\/wp-json\/wp\/v2\/types\/page"}],"author":[{"embeddable":true,"href":"https:\/\/agora.xtec.cat\/ies-miquel-tarradell\/wp-json\/wp\/v2\/users\/1"}],"replies":[{"embeddable":true,"href":"https:\/\/agora.xtec.cat\/ies-miquel-tarradell\/wp-json\/wp\/v2\/comments?post=745"}],"version-history":[{"count":6,"href":"https:\/\/agora.xtec.cat\/ies-miquel-tarradell\/wp-json\/wp\/v2\/pages\/745\/revisions"}],"predecessor-version":[{"id":9839,"href":"https:\/\/agora.xtec.cat\/ies-miquel-tarradell\/wp-json\/wp\/v2\/pages\/745\/revisions\/9839"}],"wp:attachment":[{"href":"https:\/\/agora.xtec.cat\/ies-miquel-tarradell\/wp-json\/wp\/v2\/media?parent=745"}],"curies":[{"name":"wp","href":"https:\/\/api.w.org\/{rel}","templated":true}]}}