{"id":730,"date":"2020-06-15T17:21:00","date_gmt":"2020-06-15T15:21:00","guid":{"rendered":"http:\/\/agora.xtec.cat\/ies-miquel-tarradell\/?page_id=730"},"modified":"2025-11-12T10:45:33","modified_gmt":"2025-11-12T09:45:33","slug":"convalidacions","status":"publish","type":"page","link":"https:\/\/agora.xtec.cat\/ies-miquel-tarradell\/secretaria\/convalidacions\/","title":{"rendered":"Convalidacions de m\u00f2duls o unitats formatives a cicles formatius"},"content":{"rendered":"\n<h4 class=\"wp-block-heading rtejustify\"><strong>Convalidacions a m\u00f2duls i\/o Unitats Formatives<\/strong><\/h4>\n\n\n\n<p class=\"rtejustify\"><em><strong><span style=\"color: #000000;\"><span style=\"color: #339966;\"><span style=\"color: #000000;\">Termini :<\/span> <\/span><\/span>Tr\u00e0mit des de l&#8217;inici de les classes fins el 31 d&#8217;octubre<\/strong><\/em><\/p>\n\n\n\n<h4 class=\"wp-block-heading rtejustify\"><u><strong>ORIENTACIONS PER LES CONVALIDACIONS DE M\u00d2DULS PROFESSIONALS<\/strong><\/u><\/h4>\n\n\n\n<p class=\"rtejustify\">Per tal de sol\u00b7licitar una convalidaci\u00f3 caldr\u00e0 seguir els seg\u00fcents passos (1 a 4).<\/p>\n\n\n\n<ul class=\"wp-block-list\">\n<li><em>1.- Mirar a les taules de convalidacions del&nbsp;<u>teu cicle<\/u> si correspon presentar la petici\u00f3.&nbsp;<\/em><\/li>\n\n\n\n<li><a href=\"https:\/\/drive.google.com\/file\/d\/1hpK-fBJTKGxD5S40JeqtQniUHR8WeGFH\/view?usp=sharing\" data-type=\"link\" data-id=\"https:\/\/drive.google.com\/file\/d\/1hpK-fBJTKGxD5S40JeqtQniUHR8WeGFH\/view?usp=sharing\">Orientacions de convalidacions a CFGS Integraci\u00f3 Social. Estudis SCC0<\/a><\/li>\n\n\n\n<li><a href=\"https:\/\/drive.google.com\/file\/d\/1e0GdwFQ9YpnGS6kKqjtoJUFOlcBRMBHN\/view?usp=sharing\" data-type=\"link\" data-id=\"https:\/\/drive.google.com\/file\/d\/1e0GdwFQ9YpnGS6kKqjtoJUFOlcBRMBHN\/view?usp=sharing\">Orientacions de convalidacions a CFGS Educaci\u00f3 Infantil. Estudis SCB0<\/a><\/li>\n\n\n\n<li><a href=\"https:\/\/drive.google.com\/file\/d\/1HzsF6d_2QAUQc_tmtPFNpXAInIW8KClH\/view?usp=sharing\" data-type=\"link\" data-id=\"https:\/\/drive.google.com\/file\/d\/1HzsF6d_2QAUQc_tmtPFNpXAInIW8KClH\/view?usp=sharing\">Orientacions de convalidacions a CFGM Atenci\u00f3 a Persones en Situaci\u00f3 de Depend\u00e8ncia SC10<\/a><\/li>\n\n\n\n<li><a href=\"https:\/\/drive.google.com\/file\/d\/1X7QMvTFX8I-RBL-RZf8iqic2zXn17ghG\/view?usp=sharing\" data-type=\"link\" data-id=\"https:\/\/drive.google.com\/file\/d\/1X7QMvTFX8I-RBL-RZf8iqic2zXn17ghG\/view?usp=sharing\">Orientacions de convalidacions per a llengua estrangera<\/a><\/li>\n\n\n\n<li><a href=\"https:\/\/drive.google.com\/file\/d\/1rnWr77VP3NSG2JqeZ7NwUH_3ip-e5ScX\/view?usp=sharing\" data-type=\"link\" data-id=\"https:\/\/drive.google.com\/file\/d\/1rnWr77VP3NSG2JqeZ7NwUH_3ip-e5ScX\/view?usp=sharing\">Orientacions de convalidacions als m\u00f2duls de IPO, Sostenibilitat i Digitalitzaci\u00f3.<\/a><\/li>\n<\/ul>\n\n\n\n<p class=\"rtejustify\">Observeu quin tipus de convalidaci\u00f3 \u00e9s:<\/p>\n\n\n\n<figure class=\"wp-block-table\"><table><tbody><tr><td>\n<p class=\"rtecenter\"><strong>Tipologia<\/strong><\/p>\n<\/td><td>\n<p class=\"rtecenter\"><strong>Qui la resol<\/strong><\/p>\n<\/td><td>\n<p class=\"rtecenter\"><strong>Observacions<\/strong><\/p>\n<\/td><\/tr><tr><td>\n<p class=\"rtecenter\"><strong>(ordin\u00e0ria)<\/strong><\/p>\n<\/td><td>\n<p class=\"rtecenter\">Centre: Resol direcci\u00f3 del centre i la resoluci\u00f3 correspon a l\u2019anotaci\u00f3 a l\u2019expedient de l\u2019alumne\/a de la qualificaci\u00f3 obtinguda en el cicle anterior<\/p>\n<\/td><td>\n<p class=\"rtecenter\">Subjecte a la verificaci\u00f3 de la documentaci\u00f3 presentada. Resoluci\u00f3 durant el curs acad\u00e8mic en que es presenten.<\/p>\n<\/td><\/tr><tr><td>\n<p class=\"rtecenter\"><strong>(Singular)<\/strong><\/p>\n<\/td><td>\n<p class=\"rtecenter\">Departament: Resol direcci\u00f3 general de la Formaci\u00f3 Professional del Departament d\u2019Educaci\u00f3 i la resoluci\u00f3 correspon a l\u2019anotaci\u00f3 a l\u2019expedient de l\u2019alumne\/a (Cv) que t\u00e9 efectes de 5 pel c\u00e0lcul de la nota final del cicle.<\/p>\n<\/td><td>\n<p class=\"rtecenter\">Subjecte a la verificaci\u00f3 de la documentaci\u00f3 presentada. Resol el Departament d&#8217;Educaci\u00f3 . Aquestes convalidacions triguen m\u00e9s temps a resoldre\u2019s que les ordin\u00e0ries.<\/p>\n<\/td><\/tr><\/tbody><\/table><\/figure>\n\n\n\n<p><em>2.- Omplir la sol\u00b7licitud que trobareu a continuaci\u00f3.<\/em><\/p>\n\n\n\n<p>Omplir el full de sol\u00b7licitud. Hi ha dos models, heu d&#8217;escollir aquella que us coincideixi amb la petici\u00f3. Clicant-hi les podreu descarregar per a imprimir.<\/p>\n\n\n\n<p><u><strong>Per a convalidacions ordin\u00e0ries<\/strong><\/u><\/p>\n\n\n\n<ul class=\"wp-block-list\">\n<li><a href=\"https:\/\/drive.google.com\/file\/d\/1j9viV2L_MXCHp2-fZIM_q4Ezijo-E1nm\/view?usp=sharing\" target=\"_blank\" rel=\"noopener\">Sol\u00b7licitud de convalidaci\u00f3 ordin\u00e0ries de m\u00f2duls a partir d\u2019altres estudis realitzats de FP<\/a><\/li>\n<\/ul>\n\n\n\n<p><u><strong>Per a convalidacions singulars<\/strong><\/u><\/p>\n\n\n\n<ul class=\"wp-block-list\">\n<li><a href=\"https:\/\/drive.google.com\/file\/d\/0B9maJjLSd28jT1hYRHNlb19XMWs\/view?usp=sharing&amp;resourcekey=0-iRnad7lB008balt0UKzsLg\">Sol\u00b7licitud de convalidaci\u00f3 singulars a partir d&#8217;estudis universitaris, altres estudis o certificats de professionalitat<\/a><\/li>\n<\/ul>\n\n\n\n<p><em>3.- Preparar la documentaci\u00f3 a aportar amb la sol\u00b7licitud. Caldr\u00e0 que sigui original &#8211; no fotoc\u00f2pia.<\/em><\/p>\n\n\n\n<p><em>4<\/em><em>&#8211; Presentar el full de sol\u00b7licitud&nbsp;degudament omplert junt amb la documentaci\u00f3 original &#8211; no fotoc\u00f2pia <span style=\"text-decoration: underline;\"><strong>a la secretaria del centre&nbsp;<\/strong><\/span><\/em><em><u><strong>des de l&#8217;inici de les classes fins el 31 d&#8217;octubre<\/strong><\/u><\/em><\/p>\n\n\n\n<h1 class=\"wp-block-heading\"><span style=\"color: #ff00ff;\"><strong>________________________<\/strong><\/span><\/h1>\n\n\n\n<p><\/p>\n","protected":false},"excerpt":{"rendered":"<p>Convalidacions a m\u00f2duls i\/o Unitats Formatives Termini : Tr\u00e0mit des de l&#8217;inici de les classes fins el 31 d&#8217;octubre ORIENTACIONS PER LES CONVALIDACIONS DE M\u00d2DULS PROFESSIONALS Per tal de sol\u00b7licitar una convalidaci\u00f3 caldr\u00e0 seguir els seg\u00fcents passos (1 a 4). Observeu quin tipus de convalidaci\u00f3 \u00e9s: Tipologia Qui la resol Observacions (ordin\u00e0ria) Centre: Resol direcci\u00f3 [&hellip;]<\/p>\n","protected":false},"author":1,"featured_media":0,"parent":81,"menu_order":90,"comment_status":"closed","ping_status":"closed","template":"","meta":{"_bbp_topic_count":0,"_bbp_reply_count":0,"_bbp_total_topic_count":0,"_bbp_total_reply_count":0,"_bbp_voice_count":0,"_bbp_anonymous_reply_count":0,"_bbp_topic_count_hidden":0,"_bbp_reply_count_hidden":0,"_bbp_forum_subforum_count":0,"site-sidebar-layout":"default","site-content-layout":"","ast-site-content-layout":"default","site-content-style":"default","site-sidebar-style":"default","ast-global-header-display":"","ast-banner-title-visibility":"","ast-main-header-display":"","ast-hfb-above-header-display":"","ast-hfb-below-header-display":"","ast-hfb-mobile-header-display":"","site-post-title":"","ast-breadcrumbs-content":"","ast-featured-img":"","footer-sml-layout":"","theme-transparent-header-meta":"","adv-header-id-meta":"","stick-header-meta":"","header-above-stick-meta":"","header-main-stick-meta":"","header-below-stick-meta":"","astra-migrate-meta-layouts":"set","ast-page-background-enabled":"default","ast-page-background-meta":{"desktop":{"background-color":"var(--ast-global-color-4)","background-image":"","background-repeat":"repeat","background-position":"center center","background-size":"auto","background-attachment":"scroll","background-type":"","background-media":"","overlay-type":"","overlay-color":"","overlay-opacity":"","overlay-gradient":""},"tablet":{"background-color":"","background-image":"","background-repeat":"repeat","background-position":"center center","background-size":"auto","background-attachment":"scroll","background-type":"","background-media":"","overlay-type":"","overlay-color":"","overlay-opacity":"","overlay-gradient":""},"mobile":{"background-color":"","background-image":"","background-repeat":"repeat","background-position":"center center","background-size":"auto","background-attachment":"scroll","background-type":"","background-media":"","overlay-type":"","overlay-color":"","overlay-opacity":"","overlay-gradient":""}},"ast-content-background-meta":{"desktop":{"background-color":"var(--ast-global-color-5)","background-image":"","background-repeat":"repeat","background-position":"center center","background-size":"auto","background-attachment":"scroll","background-type":"","background-media":"","overlay-type":"","overlay-color":"","overlay-opacity":"","overlay-gradient":""},"tablet":{"background-color":"var(--ast-global-color-5)","background-image":"","background-repeat":"repeat","background-position":"center center","background-size":"auto","background-attachment":"scroll","background-type":"","background-media":"","overlay-type":"","overlay-color":"","overlay-opacity":"","overlay-gradient":""},"mobile":{"background-color":"var(--ast-global-color-5)","background-image":"","background-repeat":"repeat","background-position":"center center","background-size":"auto","background-attachment":"scroll","background-type":"","background-media":"","overlay-type":"","overlay-color":"","overlay-opacity":"","overlay-gradient":""}},"footnotes":""},"class_list":["post-730","page","type-page","status-publish","hentry"],"post_mailing_queue_ids":[],"_links":{"self":[{"href":"https:\/\/agora.xtec.cat\/ies-miquel-tarradell\/wp-json\/wp\/v2\/pages\/730","targetHints":{"allow":["GET"]}}],"collection":[{"href":"https:\/\/agora.xtec.cat\/ies-miquel-tarradell\/wp-json\/wp\/v2\/pages"}],"about":[{"href":"https:\/\/agora.xtec.cat\/ies-miquel-tarradell\/wp-json\/wp\/v2\/types\/page"}],"author":[{"embeddable":true,"href":"https:\/\/agora.xtec.cat\/ies-miquel-tarradell\/wp-json\/wp\/v2\/users\/1"}],"replies":[{"embeddable":true,"href":"https:\/\/agora.xtec.cat\/ies-miquel-tarradell\/wp-json\/wp\/v2\/comments?post=730"}],"version-history":[{"count":6,"href":"https:\/\/agora.xtec.cat\/ies-miquel-tarradell\/wp-json\/wp\/v2\/pages\/730\/revisions"}],"predecessor-version":[{"id":10584,"href":"https:\/\/agora.xtec.cat\/ies-miquel-tarradell\/wp-json\/wp\/v2\/pages\/730\/revisions\/10584"}],"up":[{"embeddable":true,"href":"https:\/\/agora.xtec.cat\/ies-miquel-tarradell\/wp-json\/wp\/v2\/pages\/81"}],"wp:attachment":[{"href":"https:\/\/agora.xtec.cat\/ies-miquel-tarradell\/wp-json\/wp\/v2\/media?parent=730"}],"curies":[{"name":"wp","href":"https:\/\/api.w.org\/{rel}","templated":true}]}}