{"id":708,"date":"2020-06-15T17:05:10","date_gmt":"2020-06-15T15:05:10","guid":{"rendered":"http:\/\/agora.xtec.cat\/ies-miquel-tarradell\/?page_id=708"},"modified":"2026-01-17T19:43:09","modified_gmt":"2026-01-17T18:43:09","slug":"llengua-catalana","status":"publish","type":"page","link":"https:\/\/agora.xtec.cat\/ies-miquel-tarradell\/secretaria\/llengua-catalana\/","title":{"rendered":"Certificats de llengua catalana"},"content":{"rendered":"\n<h5 class=\"wp-block-heading rtejustify\"><strong>Tramitaci\u00f3<\/strong><\/h5>\n\n\n\n<ul class=\"wp-block-list\">\n<li><a href=\"https:\/\/web.gencat.cat\/ca\/tramits\/tramits-temes\/22046-reconeixement-b2-c1-catala?category=742b7874-a82c-11e3-a972-000c29052e2c\" target=\"_blank\" rel=\"noopener noreferrer\">Informaci\u00f3 del tr\u00e0mit: Reconeixement dels nivells B2 i C1 de catal\u00e0 per escolaritat reglada no universit\u00e0ria<\/a><\/li>\n\n\n\n<li>Cal fer la sol\u00b7licitud de forma presencial a secretaria.<\/li>\n\n\n\n<li>Caldr\u00e0 que la persona sol\u00b7licitant dugui la documentaci\u00f3 acreditativa d&#8217;haver cursat l&#8217;assignatura de catal\u00e0 a tots els cursos que es demanen a trav\u00e9s del llibre d&#8217;escolaritat o d&#8217;un certificat em\u00e8s pel centre on s&#8217;ha estudiat.<\/li>\n\n\n\n<li>Caldr\u00e0 que la persona sol\u00b7licitant dugui el t\u00edtol oficial dels estudis realitzats que acrediten el nivell de catal\u00e0.<\/li>\n<\/ul>\n\n\n\n<div class=\"wp-block-getwid-toggle has-icon-left\">\n<div class=\"wp-block-getwid-toggle__row\"><div class=\"wp-block-getwid-toggle__header-wrapper\"><span class=\"wp-block-getwid-toggle__header\"><a href=\"#\"><span class=\"wp-block-getwid-toggle__header-title\"><strong>Documentaci\u00f3 a dur per acreditar el nivell B2 (Certificat de nivell intermedi de catal\u00e0):<\/strong><\/span><span class=\"wp-block-getwid-toggle__icon is-active\"><i class=\"fas fa-plus\"><\/i><\/span><span class=\"wp-block-getwid-toggle__icon is-passive\"><i class=\"fas fa-minus\"><\/i><\/span><\/a><\/span><\/div><div class=\"wp-block-getwid-toggle__content-wrapper\"><div class=\"wp-block-getwid-toggle__content\">\n<p class=\"rteindent1 rtejustify\">Pot demanar el certificat aquell alumnat que:<\/p>\n\n\n\n<p class=\"rteindent1 rtejustify\">Tingui el T\u00edtol de graduaci\u00f3 escolar (EGB), sempre que s&#8217;hagi cursat tota l&#8217;EGB a Catalunya i s&#8217;hagi cursat la mat\u00e8ria de llengua catalana en la totalitat dels estudis esmentats a partir del curs 1978-1979.<\/p>\n\n\n\n<p class=\"rteindent1 rtejustify\">Tingui el T\u00edtol de t\u00e8cnic\/a auxiliar (FP1), sempre que s&#8217;hagi cursat tota l&#8217;EGB i l&#8217;FP1 a Catalunya i s&#8217;hagi cursat la mat\u00e8ria de llengua catalana en la totalitat dels estudis esmentats a partir del curs 1978-1979.<\/p>\n<\/div><\/div><\/div>\n\n\n\n<div class=\"wp-block-getwid-toggle__row\"><div class=\"wp-block-getwid-toggle__header-wrapper\"><span class=\"wp-block-getwid-toggle__header\"><a href=\"#\"><span class=\"wp-block-getwid-toggle__header-title\"><strong>Documentaci\u00f3 a dur per acreditar el nivell&nbsp;C1 (Certificat de nivell de sufici\u00e8ncia de catal\u00e0):<\/strong><\/span><span class=\"wp-block-getwid-toggle__icon is-active\"><i class=\"fas fa-plus\"><\/i><\/span><span class=\"wp-block-getwid-toggle__icon is-passive\"><i class=\"fas fa-minus\"><\/i><\/span><\/a><\/span><\/div><div class=\"wp-block-getwid-toggle__content-wrapper\"><div class=\"wp-block-getwid-toggle__content\">\n<p>Pot demanar el certificat aquell alumnat que:<\/p>\n\n\n\n<p class=\"rteindent1 rtejustify\">Tingui el T\u00edtol de graduaci\u00f3 en educaci\u00f3 secund\u00e0ria (ESO), sempre que s&#8217;hagi cursat a Catalunya almenys tres cursos qualsevol de prim\u00e0ria i tota l&#8217;ESO i s&#8217;hagi cursat i aprovat la mat\u00e8ria de llengua catalana en la totalitat dels estudis m\u00ednims esmentats. Aquesta equival\u00e8ncia \u00e9s d&#8217;aplicaci\u00f3 a partir del curs 2007-2008, sense car\u00e0cter retroactiu.<\/p>\n\n\n\n<p class=\"rteindent1 rtejustify\">Tingui el T\u00edtol de graduaci\u00f3 en educaci\u00f3 secund\u00e0ria obtingut a centres i aules de formaci\u00f3 de persones adultes, sempre que s&#8217;hagin cursat a Catalunya almenys vuit cursos qualssevol entre la prim\u00e0ria i l&#8217;ESO, i que s&#8217;hagi cursat i aprovat l&#8217;\u00e0rea de Llengua catalana als centres i aules de formaci\u00f3 de persones adultes.<\/p>\n\n\n\n<p class=\"rteindent1 rtejustify\">Tingui el T\u00edtol de batxillerat (LOGSE), sempre que s&#8217;hagin cursat a Catalunya tres cursos qualssevol de prim\u00e0ria i cinc cursos qualsevol entre l&#8217;ESO i el batxillerat i s&#8217;hagi cursat la mat\u00e8ria de llengua catalana en la totalitat dels estudis m\u00ednims esmentats.<\/p>\n\n\n\n<p class=\"rteindent1 rtejustify\">Tingui el T\u00edtol de batxillerat (BUP), sempre que s&#8217;hagi cursat tota l&#8217;EGB i el BUP a Catalunya i s&#8217;hagi cursat de manera oficial la mat\u00e8ria de llengua catalana en la totalitat dels estudis esmentats a partir del curs 1978-1979.<\/p>\n\n\n\n<p>Tingui el T\u00edtol de t\u00e8cnic\/a especialista (FP2) sempre que s&#8217;hagi cursat tota l&#8217;EGB, l&#8217;FP1 i l&#8217;FP2 a Catalunya i s&#8217;hagi cursat de manera oficial la mat\u00e8ria de llengua catalana en la totalitat dels estudis esmentats a partir del curs 1978-1979.<\/p>\n<\/div><\/div><\/div>\n<\/div>\n\n\n\n<p><\/p>\n","protected":false},"excerpt":{"rendered":"<p>Tramitaci\u00f3<\/p>\n","protected":false},"author":1,"featured_media":0,"parent":81,"menu_order":100,"comment_status":"closed","ping_status":"closed","template":"","meta":{"_bbp_topic_count":0,"_bbp_reply_count":0,"_bbp_total_topic_count":0,"_bbp_total_reply_count":0,"_bbp_voice_count":0,"_bbp_anonymous_reply_count":0,"_bbp_topic_count_hidden":0,"_bbp_reply_count_hidden":0,"_bbp_forum_subforum_count":0,"site-sidebar-layout":"default","site-content-layout":"","ast-site-content-layout":"default","site-content-style":"default","site-sidebar-style":"default","ast-global-header-display":"","ast-banner-title-visibility":"","ast-main-header-display":"","ast-hfb-above-header-display":"","ast-hfb-below-header-display":"","ast-hfb-mobile-header-display":"","site-post-title":"","ast-breadcrumbs-content":"","ast-featured-img":"","footer-sml-layout":"","theme-transparent-header-meta":"","adv-header-id-meta":"","stick-header-meta":"","header-above-stick-meta":"","header-main-stick-meta":"","header-below-stick-meta":"","astra-migrate-meta-layouts":"set","ast-page-background-enabled":"default","ast-page-background-meta":{"desktop":{"background-color":"var(--ast-global-color-4)","background-image":"","background-repeat":"repeat","background-position":"center center","background-size":"auto","background-attachment":"scroll","background-type":"","background-media":"","overlay-type":"","overlay-color":"","overlay-opacity":"","overlay-gradient":""},"tablet":{"background-color":"","background-image":"","background-repeat":"repeat","background-position":"center center","background-size":"auto","background-attachment":"scroll","background-type":"","background-media":"","overlay-type":"","overlay-color":"","overlay-opacity":"","overlay-gradient":""},"mobile":{"background-color":"","background-image":"","background-repeat":"repeat","background-position":"center center","background-size":"auto","background-attachment":"scroll","background-type":"","background-media":"","overlay-type":"","overlay-color":"","overlay-opacity":"","overlay-gradient":""}},"ast-content-background-meta":{"desktop":{"background-color":"var(--ast-global-color-5)","background-image":"","background-repeat":"repeat","background-position":"center center","background-size":"auto","background-attachment":"scroll","background-type":"","background-media":"","overlay-type":"","overlay-color":"","overlay-opacity":"","overlay-gradient":""},"tablet":{"background-color":"var(--ast-global-color-5)","background-image":"","background-repeat":"repeat","background-position":"center center","background-size":"auto","background-attachment":"scroll","background-type":"","background-media":"","overlay-type":"","overlay-color":"","overlay-opacity":"","overlay-gradient":""},"mobile":{"background-color":"var(--ast-global-color-5)","background-image":"","background-repeat":"repeat","background-position":"center center","background-size":"auto","background-attachment":"scroll","background-type":"","background-media":"","overlay-type":"","overlay-color":"","overlay-opacity":"","overlay-gradient":""}},"footnotes":""},"class_list":["post-708","page","type-page","status-publish","hentry"],"post_mailing_queue_ids":[],"_links":{"self":[{"href":"https:\/\/agora.xtec.cat\/ies-miquel-tarradell\/wp-json\/wp\/v2\/pages\/708","targetHints":{"allow":["GET"]}}],"collection":[{"href":"https:\/\/agora.xtec.cat\/ies-miquel-tarradell\/wp-json\/wp\/v2\/pages"}],"about":[{"href":"https:\/\/agora.xtec.cat\/ies-miquel-tarradell\/wp-json\/wp\/v2\/types\/page"}],"author":[{"embeddable":true,"href":"https:\/\/agora.xtec.cat\/ies-miquel-tarradell\/wp-json\/wp\/v2\/users\/1"}],"replies":[{"embeddable":true,"href":"https:\/\/agora.xtec.cat\/ies-miquel-tarradell\/wp-json\/wp\/v2\/comments?post=708"}],"version-history":[{"count":6,"href":"https:\/\/agora.xtec.cat\/ies-miquel-tarradell\/wp-json\/wp\/v2\/pages\/708\/revisions"}],"predecessor-version":[{"id":10969,"href":"https:\/\/agora.xtec.cat\/ies-miquel-tarradell\/wp-json\/wp\/v2\/pages\/708\/revisions\/10969"}],"up":[{"embeddable":true,"href":"https:\/\/agora.xtec.cat\/ies-miquel-tarradell\/wp-json\/wp\/v2\/pages\/81"}],"wp:attachment":[{"href":"https:\/\/agora.xtec.cat\/ies-miquel-tarradell\/wp-json\/wp\/v2\/media?parent=708"}],"curies":[{"name":"wp","href":"https:\/\/api.w.org\/{rel}","templated":true}]}}