{"id":681,"date":"2020-06-15T16:27:45","date_gmt":"2020-06-15T14:27:45","guid":{"rendered":"http:\/\/agora.xtec.cat\/ies-miquel-tarradell\/?page_id=681"},"modified":"2026-04-16T12:33:30","modified_gmt":"2026-04-16T10:33:30","slug":"tis","status":"publish","type":"page","link":"https:\/\/agora.xtec.cat\/ies-miquel-tarradell\/estudis-ofertats\/cicles-formatius\/tis\/","title":{"rendered":"CFGS Integraci\u00f3 Social (TIS)"},"content":{"rendered":"\n<h3 class=\"wp-block-heading has-text-color has-link-color wp-elements-cd389577509363570eaa41e28851d3fa\" style=\"color:#6d6767\">CFGS Integraci\u00f3 Social (TIS)<\/h3>\n\n\n\n<p class=\"has-ast-global-color-1-color has-text-color has-link-color wp-elements-1ee2f6b9804b913e5aa4aa11b9b0613e\"><strong>Coneix els estudis del Cicle Formatiu de Grau Superior en Integraci\u00f3 Social (TIS) a l&#8217;INS Miquel Tarradell<\/strong><\/p>\n\n\n\n<div class=\"wp-block-columns is-layout-flex wp-container-core-columns-is-layout-1 wp-block-columns-is-layout-flex\">\n<div class=\"wp-block-column is-vertically-aligned-center is-layout-flow wp-block-column-is-layout-flow\" style=\"flex-basis:40%\">\n<figure class=\"wp-block-embed is-type-video is-provider-youtube wp-block-embed-youtube wp-embed-aspect-16-9 wp-has-aspect-ratio\"><div class=\"wp-block-embed__wrapper\">\n<div class=\"ast-oembed-container \" style=\"height: 100%;\"><iframe loading=\"lazy\" title=\"ELS CICLES FORMATIUS A L&#039;INS MIQUEL TARRADELL\" width=\"500\" height=\"281\" src=\"https:\/\/www.youtube.com\/embed\/pMCeFH0uwJE?feature=oembed\" frameborder=\"0\" allow=\"accelerometer; autoplay; clipboard-write; encrypted-media; gyroscope; picture-in-picture; web-share\" referrerpolicy=\"strict-origin-when-cross-origin\" allowfullscreen><\/iframe><\/div>\n<\/div><\/figure>\n<\/div>\n\n\n\n<div class=\"wp-block-column is-layout-flow wp-block-column-is-layout-flow\" style=\"flex-basis:60%\">\n<div class=\"wp-block-getwid-toggle\">\n<div class=\"wp-block-getwid-toggle__row\"><div class=\"wp-block-getwid-toggle__header-wrapper\"><h5 class=\"wp-block-getwid-toggle__header\"><a href=\"#\"><span class=\"wp-block-getwid-toggle__header-title\">Fitxa<\/span><span class=\"wp-block-getwid-toggle__icon is-active\"><i class=\"fas fa-plus\"><\/i><\/span><span class=\"wp-block-getwid-toggle__icon is-passive\"><i class=\"fas fa-minus\"><\/i><\/span><\/a><\/h5><\/div><div class=\"wp-block-getwid-toggle__content-wrapper\"><div class=\"wp-block-getwid-toggle__content\">\n<ul class=\"wp-block-list\">\n<li><strong>Ensenyament:&nbsp;<\/strong>Formaci\u00f3 professional grau superior<\/li>\n\n\n\n<li><strong>Titulaci\u00f3:&nbsp;<\/strong>T\u00e8cnic\/a superior<\/li>\n\n\n\n<li><strong>Fam\u00edlia professional:<\/strong>&nbsp;Serveis socioculturals i a la comunitat<\/li>\n\n\n\n<li><strong>Entorn:<\/strong>&nbsp;Human\u00edstic i social<\/li>\n\n\n\n<li><strong>Modalitat: <\/strong>Presencial<\/li>\n<\/ul>\n<\/div><\/div><\/div>\n\n\n\n<div class=\"wp-block-getwid-toggle__row\"><div class=\"wp-block-getwid-toggle__header-wrapper\"><h5 class=\"wp-block-getwid-toggle__header\"><a href=\"#\"><span class=\"wp-block-getwid-toggle__header-title\">Horari<\/span><span class=\"wp-block-getwid-toggle__icon is-active\"><i class=\"fas fa-plus\"><\/i><\/span><span class=\"wp-block-getwid-toggle__icon is-passive\"><i class=\"fas fa-minus\"><\/i><\/span><\/a><\/h5><\/div><div class=\"wp-block-getwid-toggle__content-wrapper\"><div class=\"wp-block-getwid-toggle__content\">\n<p><strong>1r curs<\/strong><\/p>\n\n\n\n<p><strong>Oferta en horari de mat\u00ed o tarda : 1 grup de mat\u00ed 2 grups de tarda<\/strong><\/p>\n\n\n\n<p><strong>Mat\u00ed:<\/strong><\/p>\n\n\n\n<ul class=\"wp-block-list\">\n<li>De 8.15 a 14.45 h<\/li>\n\n\n\n<li>Dimecres: de 8.15 a 11.00h<\/li>\n<\/ul>\n\n\n\n<p><strong>Tarda:<\/strong><\/p>\n\n\n\n<ul class=\"wp-block-list\">\n<li>Dilluns a divendres de 15.30h a 21.00h<\/li>\n<\/ul>\n\n\n\n<p><strong>2n curs<\/strong><\/p>\n\n\n\n<p><strong>Oferta en horari de tarda 3 grups<\/strong><\/p>\n\n\n\n<p><strong>Tarda:<\/strong><\/p>\n\n\n\n<ul class=\"wp-block-list\">\n<li>Dilluns a divendres de 15.30h a 21.00h (dos dies es finalitza a les 20.00h)<\/li>\n<\/ul>\n<\/div><\/div><\/div>\n\n\n\n<div class=\"wp-block-getwid-toggle__row is-active\"><div class=\"wp-block-getwid-toggle__header-wrapper\"><h5 class=\"wp-block-getwid-toggle__header\"><a href=\"#\"><span class=\"wp-block-getwid-toggle__header-title\">Estudis<\/span><span class=\"wp-block-getwid-toggle__icon is-active\"><i class=\"fas fa-plus\"><\/i><\/span><span class=\"wp-block-getwid-toggle__icon is-passive\"><i class=\"fas fa-minus\"><\/i><\/span><\/a><\/h5><\/div><div class=\"wp-block-getwid-toggle__content-wrapper\"><div class=\"wp-block-getwid-toggle__content\">\n<p><a href=\"https:\/\/drive.google.com\/file\/d\/1p2InUnOTvdviadxcWHkWF-aclmAWbMdW\/view?usp=sharing\">Clica aqu\u00ed per a con\u00e8ixer els estudis del CFGS d&#8217;Integraci\u00f3 Social a l\u2019INS Miquel Tarradell<\/a><\/p>\n\n\n\n<figure class=\"wp-block-image size-full\"><a href=\"https:\/\/drive.google.com\/file\/d\/1OruejUCrGNgIvpYwy5s5qYW8tDEPysy8\/view?usp=sharing\" target=\"_blank\" rel=\" noreferrer noopener\"><img loading=\"lazy\" decoding=\"async\" width=\"873\" height=\"183\" src=\"https:\/\/agora.xtec.cat\/ies-miquel-tarradell\/wp-content\/uploads\/usu83\/2026\/02\/TEI.png\" alt=\"\" class=\"wp-image-11168\" srcset=\"https:\/\/agora.xtec.cat\/ies-miquel-tarradell\/wp-content\/uploads\/usu83\/2026\/02\/TEI.png 873w, https:\/\/agora.xtec.cat\/ies-miquel-tarradell\/wp-content\/uploads\/usu83\/2026\/02\/TEI-300x63.png 300w, https:\/\/agora.xtec.cat\/ies-miquel-tarradell\/wp-content\/uploads\/usu83\/2026\/02\/TEI-768x161.png 768w\" sizes=\"auto, (max-width: 873px) 100vw, 873px\" \/><\/a><\/figure>\n<\/div><\/div><\/div>\n\n\n\n<div class=\"wp-block-getwid-toggle__row\"><div class=\"wp-block-getwid-toggle__header-wrapper\"><h5 class=\"wp-block-getwid-toggle__header\"><a href=\"#\"><span class=\"wp-block-getwid-toggle__header-title\">Pr\u00e0ctiques <\/span><span class=\"wp-block-getwid-toggle__icon is-active\"><i class=\"fas fa-plus\"><\/i><\/span><span class=\"wp-block-getwid-toggle__icon is-passive\"><i class=\"fas fa-minus\"><\/i><\/span><\/a><\/h5><\/div><div class=\"wp-block-getwid-toggle__content-wrapper\"><div class=\"wp-block-getwid-toggle__content\">\n<p>Possibilitat de fer Pr\u00e0ctiques Dual Intensiva i Pr\u00e0ctiques dins del Projecte Erasmus+&nbsp;<br><\/p>\n<\/div><\/div><\/div>\n\n\n\n<div class=\"wp-block-getwid-toggle__row\"><div class=\"wp-block-getwid-toggle__header-wrapper\"><h5 class=\"wp-block-getwid-toggle__header\"><a href=\"#\"><span class=\"wp-block-getwid-toggle__header-title\">Acc\u00e9s als estudis<\/span><span class=\"wp-block-getwid-toggle__icon is-active\"><i class=\"fas fa-plus\"><\/i><\/span><span class=\"wp-block-getwid-toggle__icon is-passive\"><i class=\"fas fa-minus\"><\/i><\/span><\/a><\/h5><\/div><div class=\"wp-block-getwid-toggle__content-wrapper\"><div class=\"wp-block-getwid-toggle__content\">\n<p>Tenen&nbsp;acc\u00e9s directe&nbsp;al cicle les persones que compleixen algun dels requisits seg\u00fcents:<\/p>\n\n\n\n<ul class=\"wp-block-list\">\n<li>&nbsp;tenir el t\u00edtol de batxillerat,<\/li>\n\n\n\n<li>&nbsp;tenir el t\u00edtol de t\u00e8cnic de formaci\u00f3 professional o t\u00e8cnic superior de formaci\u00f3 professional o t\u00e8cnic especialista,<\/li>\n\n\n\n<li>&nbsp;haver superat el segon curs de batxillerat de qualsevol modalitat de batxillerat experimental,<\/li>\n\n\n\n<li>&nbsp;haver superat el curs d&#8217;orientaci\u00f3 universit\u00e0ria (COU) o el preuniversitari,<\/li>\n\n\n\n<li>&nbsp;tenir el t\u00edtol de batxillerat per haver cursat el batxillerat unificat polivalent (BUP),<\/li>\n\n\n\n<li>&nbsp;tenir qualsevol titulaci\u00f3 universit\u00e0ria o una d&#8217;equivalent, o<\/li>\n\n\n\n<li>&nbsp;haver superat la prova d&#8217;acc\u00e9s a la universitat per a m\u00e9s grans de 25 anys.<\/li>\n<\/ul>\n\n\n\n<p>Les persones que no compleixen cap dels requisits esmentats han de superar una&nbsp;prova d&#8217;acc\u00e9s. Per presentar-s&#8217;hi cal tenir complerts 19 anys o b\u00e9 complir-los durant l&#8217;any natural en qu\u00e8 es realitza la prova.<br>Quan el nombre de sol\u00b7licituds \u00e9s superior a l&#8217;oferta, les peticions s&#8217;ordenen, dins de cada via d&#8217;acc\u00e9s i d&#8217;acord amb les prioritats que pertoqui, segons la qualificaci\u00f3 mitjana dels estudis o la qualificaci\u00f3 de la prova que permet l&#8217;acc\u00e9s al cicle.<\/p>\n\n\n\n<p>Els&nbsp;imports de la matr\u00edcula&nbsp;per als centres dependents del Departament d&#8217;Educaci\u00f3 s\u00f3n:<\/p>\n\n\n\n<ul class=\"wp-block-list\">\n<li>taxa per curs sencer: 360 euros<\/li>\n\n\n\n<li>Quota de material de 100\u20ac (un pagament \u00fanic per curs)<\/li>\n\n\n\n<li>en cas de matricula parcial (taxa per unitat formativa): 25 euros<\/li>\n<\/ul>\n\n\n\n<p>Hi ha sup\u00f2sits d&#8217;exempcions i bonificacions generals i espec\u00edfiques del preu p\u00fablic: fam\u00edlies nombroses, monoparentals, ser persona benefici\u00e0ria de beca d&#8217;estudis,\u2026<\/p>\n<\/div><\/div><\/div>\n\n\n\n<div class=\"wp-block-getwid-toggle__row\"><div class=\"wp-block-getwid-toggle__header-wrapper\"><h5 class=\"wp-block-getwid-toggle__header\"><a href=\"#\"><span class=\"wp-block-getwid-toggle__header-title\">Continu\u00eftat <\/span><span class=\"wp-block-getwid-toggle__icon is-active\"><i class=\"fas fa-plus\"><\/i><\/span><span class=\"wp-block-getwid-toggle__icon is-passive\"><i class=\"fas fa-minus\"><\/i><\/span><\/a><\/h5><\/div><div class=\"wp-block-getwid-toggle__content-wrapper\"><div class=\"wp-block-getwid-toggle__content\">\n<p><strong>Sortides acad\u00e8miques<\/strong><\/p>\n\n\n\n<p><br>Amb aquests estudis s&#8217;obt\u00e9 el t\u00edtol de t\u00e8cnic superior o t\u00e8cnica superior, que permet accedir a qualsevol estudi universitari oficial de grau. Les persones que s&#8217;han graduat en un cicle formatiu de grau superior poden obtenir la convalidaci\u00f3 de cr\u00e8dits universitaris ECTS.<\/p>\n\n\n\n<p>Per a m\u00e9s informaci\u00f3, consulteu el&nbsp;Canal Universitats<\/p>\n\n\n\n<p><strong>Sortides professionals<\/strong><\/p>\n\n\n\n<p>La superaci\u00f3 d&#8217;aquest cicle formatiu permet accedir al&nbsp;m\u00f3n laboral&nbsp;com a:<\/p>\n\n\n\n<ul class=\"wp-block-list\">\n<li>T\u00e8cnic\/a de programes de prevenci\u00f3 i inserci\u00f3 social<\/li>\n\n\n\n<li>&nbsp;Educador\/a d&#8217;equipaments residencials de tipus diversos<\/li>\n\n\n\n<li>&nbsp;Treballador\/a familiar<\/li>\n\n\n\n<li>&nbsp;Auxiliar de tutela<\/li>\n\n\n\n<li>&nbsp;T\u00e8cnic\/a d&#8217;integraci\u00f3 social<\/li>\n\n\n\n<li>&nbsp;Educador\/a d&#8217;educaci\u00f3 especial<\/li>\n\n\n\n<li>&nbsp;Monitor\/a de persones amb discapacitat<\/li>\n\n\n\n<li>&nbsp;T\u00e8cnic\/a de mobilitat b\u00e0sica<\/li>\n\n\n\n<li>&nbsp;Mediador\/a ocupacional i\/o laboral<\/li>\n\n\n\n<li>&nbsp;Mediador\/a comunitari\/\u00e0ria<\/li>\n\n\n\n<li>&nbsp;Mediador\/a intercultural<\/li>\n\n\n\n<li>&nbsp;T\u00e8cnic\/a en ocupaci\u00f3 amb suport<\/li>\n\n\n\n<li>&nbsp;T\u00e8cnic\/a d&#8217;acompanyament laboral<\/li>\n\n\n\n<li>&nbsp;Monitor\/a de rehabilitaci\u00f3 psicosocial<\/li>\n<\/ul>\n<\/div><\/div><\/div>\n<\/div>\n<\/div>\n<\/div>\n\n\n\n<hr class=\"wp-block-separator has-text-color has-ast-global-color-1-color has-alpha-channel-opacity has-ast-global-color-1-background-color has-background is-style-wide\" style=\"margin-top:var(--wp--preset--spacing--40);margin-bottom:var(--wp--preset--spacing--40)\"\/>\n\n\n\n<ul class=\"wp-block-list\">\n<li class=\"has-text-color has-link-color wp-elements-ea475f040987e3c916603404c622706d\" style=\"color:#747070\"><a href=\"https:\/\/agora.xtec.cat\/ies-miquel-tarradell\/categoria\/noticies\/noticies-cicles\/\" data-type=\"link\" data-id=\"https:\/\/agora.xtec.cat\/ies-miquel-tarradell\/categoria\/noticies\/noticies-cicles\/\">Clica aqu\u00ed per consultar les not\u00edcies de Cicles Formatius<\/a><\/li>\n\n\n\n<li class=\"has-text-color has-link-color wp-elements-7f879b0ba01994ce42dcc748a7af18bb\" style=\"color:#747070\"><a href=\"https:\/\/www.edubcn.cat\/ca\/alumnat_i_familia\/informacio_general_matriculacio\/preguntes_frequents_preinscripcio_post\" data-type=\"link\" data-id=\"https:\/\/www.edubcn.cat\/ca\/alumnat_i_familia\/informacio_general_matriculacio\/preguntes_frequents_preinscripcio_post\">Informaci\u00f3 sobre la preinscripci\u00f3 a estudis postobligatoris pel curs 2026-27<\/a><\/li>\n\n\n\n<li class=\"has-text-color has-link-color wp-elements-85728a7bf90d32e39608a9cb9d2c266d\" style=\"color:#747070\">Correu on podeu adre\u00e7ar les vostres consultes sobre els estudis (actiu en el per\u00edode de preinscripci\u00f3 i matr\u00edcula):&nbsp;<strong>portesobertes@instarradell.cat<\/strong><\/li>\n<\/ul>\n\n\n\n<p><\/p>\n","protected":false},"excerpt":{"rendered":"<p>CFGS Integraci\u00f3 Social (TIS) Coneix els estudis del Cicle Formatiu de Grau Superior en Integraci\u00f3 Social (TIS) a l&#8217;INS Miquel Tarradell<\/p>\n","protected":false},"author":1,"featured_media":0,"parent":675,"menu_order":0,"comment_status":"closed","ping_status":"closed","template":"","meta":{"_bbp_topic_count":0,"_bbp_reply_count":0,"_bbp_total_topic_count":0,"_bbp_total_reply_count":0,"_bbp_voice_count":0,"_bbp_anonymous_reply_count":0,"_bbp_topic_count_hidden":0,"_bbp_reply_count_hidden":0,"_bbp_forum_subforum_count":0,"site-sidebar-layout":"default","site-content-layout":"","ast-site-content-layout":"default","site-content-style":"default","site-sidebar-style":"default","ast-global-header-display":"","ast-banner-title-visibility":"","ast-main-header-display":"","ast-hfb-above-header-display":"","ast-hfb-below-header-display":"","ast-hfb-mobile-header-display":"","site-post-title":"disabled","ast-breadcrumbs-content":"","ast-featured-img":"","footer-sml-layout":"","theme-transparent-header-meta":"","adv-header-id-meta":"","stick-header-meta":"","header-above-stick-meta":"","header-main-stick-meta":"","header-below-stick-meta":"","astra-migrate-meta-layouts":"set","ast-page-background-enabled":"default","ast-page-background-meta":{"desktop":{"background-color":"var(--ast-global-color-4)","background-image":"","background-repeat":"repeat","background-position":"center center","background-size":"auto","background-attachment":"scroll","background-type":"","background-media":"","overlay-type":"","overlay-color":"","overlay-opacity":"","overlay-gradient":""},"tablet":{"background-color":"","background-image":"","background-repeat":"repeat","background-position":"center center","background-size":"auto","background-attachment":"scroll","background-type":"","background-media":"","overlay-type":"","overlay-color":"","overlay-opacity":"","overlay-gradient":""},"mobile":{"background-color":"","background-image":"","background-repeat":"repeat","background-position":"center center","background-size":"auto","background-attachment":"scroll","background-type":"","background-media":"","overlay-type":"","overlay-color":"","overlay-opacity":"","overlay-gradient":""}},"ast-content-background-meta":{"desktop":{"background-color":"var(--ast-global-color-5)","background-image":"","background-repeat":"repeat","background-position":"center center","background-size":"auto","background-attachment":"scroll","background-type":"","background-media":"","overlay-type":"","overlay-color":"","overlay-opacity":"","overlay-gradient":""},"tablet":{"background-color":"var(--ast-global-color-5)","background-image":"","background-repeat":"repeat","background-position":"center center","background-size":"auto","background-attachment":"scroll","background-type":"","background-media":"","overlay-type":"","overlay-color":"","overlay-opacity":"","overlay-gradient":""},"mobile":{"background-color":"var(--ast-global-color-5)","background-image":"","background-repeat":"repeat","background-position":"center center","background-size":"auto","background-attachment":"scroll","background-type":"","background-media":"","overlay-type":"","overlay-color":"","overlay-opacity":"","overlay-gradient":""}},"footnotes":""},"class_list":["post-681","page","type-page","status-publish","hentry"],"post_mailing_queue_ids":[],"_links":{"self":[{"href":"https:\/\/agora.xtec.cat\/ies-miquel-tarradell\/wp-json\/wp\/v2\/pages\/681","targetHints":{"allow":["GET"]}}],"collection":[{"href":"https:\/\/agora.xtec.cat\/ies-miquel-tarradell\/wp-json\/wp\/v2\/pages"}],"about":[{"href":"https:\/\/agora.xtec.cat\/ies-miquel-tarradell\/wp-json\/wp\/v2\/types\/page"}],"author":[{"embeddable":true,"href":"https:\/\/agora.xtec.cat\/ies-miquel-tarradell\/wp-json\/wp\/v2\/users\/1"}],"replies":[{"embeddable":true,"href":"https:\/\/agora.xtec.cat\/ies-miquel-tarradell\/wp-json\/wp\/v2\/comments?post=681"}],"version-history":[{"count":6,"href":"https:\/\/agora.xtec.cat\/ies-miquel-tarradell\/wp-json\/wp\/v2\/pages\/681\/revisions"}],"predecessor-version":[{"id":11504,"href":"https:\/\/agora.xtec.cat\/ies-miquel-tarradell\/wp-json\/wp\/v2\/pages\/681\/revisions\/11504"}],"up":[{"embeddable":true,"href":"https:\/\/agora.xtec.cat\/ies-miquel-tarradell\/wp-json\/wp\/v2\/pages\/675"}],"wp:attachment":[{"href":"https:\/\/agora.xtec.cat\/ies-miquel-tarradell\/wp-json\/wp\/v2\/media?parent=681"}],"curies":[{"name":"wp","href":"https:\/\/api.w.org\/{rel}","templated":true}]}}