{"id":677,"date":"2020-06-15T16:27:00","date_gmt":"2020-06-15T14:27:00","guid":{"rendered":"http:\/\/agora.xtec.cat\/ies-miquel-tarradell\/?page_id=677"},"modified":"2026-04-16T12:35:41","modified_gmt":"2026-04-16T10:35:41","slug":"tapsd","status":"publish","type":"page","link":"https:\/\/agora.xtec.cat\/ies-miquel-tarradell\/estudis-ofertats\/cicles-formatius\/tapsd\/","title":{"rendered":"CFGM Atenci\u00f3 a persones en situaci\u00f3 de depend\u00e8ncia (TAPSD)"},"content":{"rendered":"\n<h3 class=\"wp-block-heading has-text-color has-link-color wp-elements-426594af97ff817077ae2ac0947ad01b\" style=\"color:#636363\">CFGM Atenci\u00f3 a persones en situaci\u00f3 de depend\u00e8ncia (TAPSD)<\/h3>\n\n\n\n<p class=\"has-ast-global-color-1-color has-text-color has-link-color wp-elements-6782115b0e3799d6c08b8d4f34a3f1db\"><strong>Coneix els estudis del Cicle Formatiu de Grau Mitj\u00e0 d&#8217;Atenci\u00f3 a Persones en Situaci\u00f3 de Depend\u00e8ncia (TAPSD) a l&#8217;INS Miquel Tarradell<\/strong><\/p>\n\n\n\n<div class=\"wp-block-columns is-layout-flex wp-container-core-columns-is-layout-1 wp-block-columns-is-layout-flex\">\n<div class=\"wp-block-column is-vertically-aligned-center is-layout-flow wp-block-column-is-layout-flow\" style=\"flex-basis:40%\">\n<figure class=\"wp-block-embed is-type-video is-provider-youtube wp-block-embed-youtube wp-embed-aspect-16-9 wp-has-aspect-ratio\"><div class=\"wp-block-embed__wrapper\">\n<div class=\"ast-oembed-container \" style=\"height: 100%;\"><iframe loading=\"lazy\" title=\"CFGM Atenci\u00f3 a Persones en Situaci\u00f3 de Depend\u00e8ncia - DUAL\" width=\"500\" height=\"281\" src=\"https:\/\/www.youtube.com\/embed\/wSV9egfFe5M?feature=oembed\" frameborder=\"0\" allow=\"accelerometer; autoplay; clipboard-write; encrypted-media; gyroscope; picture-in-picture; web-share\" referrerpolicy=\"strict-origin-when-cross-origin\" allowfullscreen><\/iframe><\/div>\n<\/div><\/figure>\n<\/div>\n\n\n\n<div class=\"wp-block-column is-layout-flow wp-block-column-is-layout-flow\" style=\"flex-basis:60%\">\n<div class=\"wp-block-getwid-toggle\">\n<div class=\"wp-block-getwid-toggle__row\"><div class=\"wp-block-getwid-toggle__header-wrapper\"><h5 class=\"wp-block-getwid-toggle__header\"><a href=\"#\"><span class=\"wp-block-getwid-toggle__header-title\">Fitxa <\/span><span class=\"wp-block-getwid-toggle__icon is-active\"><i class=\"fas fa-plus\"><\/i><\/span><span class=\"wp-block-getwid-toggle__icon is-passive\"><i class=\"fas fa-minus\"><\/i><\/span><\/a><\/h5><\/div><div class=\"wp-block-getwid-toggle__content-wrapper\"><div class=\"wp-block-getwid-toggle__content\">\n<ul class=\"wp-block-list\">\n<li><strong>Ensenyament:&nbsp;<\/strong>Formaci\u00f3 professional de grau mitj\u00e0 (CFGM)<\/li>\n\n\n\n<li><strong>Titulaci\u00f3:&nbsp;<\/strong>T\u00e8cnic\/a<\/li>\n\n\n\n<li><strong>Fam\u00edlia professional<\/strong>:&nbsp;Serveis socioculturals i a la comunitat<\/li>\n\n\n\n<li><strong>Entorn: <\/strong>Human\u00edstic i social<\/li>\n\n\n\n<li><strong>Modalitat: <\/strong>presencial<\/li>\n<\/ul>\n<\/div><\/div><\/div>\n\n\n\n<div class=\"wp-block-getwid-toggle__row\"><div class=\"wp-block-getwid-toggle__header-wrapper\"><h5 class=\"wp-block-getwid-toggle__header\"><a href=\"#\"><span class=\"wp-block-getwid-toggle__header-title\">Horari<\/span><span class=\"wp-block-getwid-toggle__icon is-active\"><i class=\"fas fa-plus\"><\/i><\/span><span class=\"wp-block-getwid-toggle__icon is-passive\"><i class=\"fas fa-minus\"><\/i><\/span><\/a><\/h5><\/div><div class=\"wp-block-getwid-toggle__content-wrapper\"><div class=\"wp-block-getwid-toggle__content\">\n<p><strong>1r curs (Oferta en horari de mat\u00ed o tarda<\/strong>)<\/p>\n\n\n\n<ul class=\"wp-block-list\">\n<li>Mat\u00ed: de 8.15 a 14.45 h (1 grup)<\/li>\n\n\n\n<li>Tarda:  de dilluns a divendres de 15.30h a 21.00h<\/li>\n<\/ul>\n\n\n\n<p><strong>2n curs<\/strong> (<strong>Oferta en horari de tarda 2 grups<\/strong>)<\/p>\n\n\n\n<ul class=\"wp-block-list\">\n<li>Tarda:  de dilluns a divendres de 15.30h a 21.00h. Dos dies es finalitza a les 20.00h<\/li>\n<\/ul>\n<\/div><\/div><\/div>\n\n\n\n<div class=\"wp-block-getwid-toggle__row is-active\"><div class=\"wp-block-getwid-toggle__header-wrapper\"><h5 class=\"wp-block-getwid-toggle__header\"><a href=\"#\"><span class=\"wp-block-getwid-toggle__header-title\">Estudis <\/span><span class=\"wp-block-getwid-toggle__icon is-active\"><i class=\"fas fa-plus\"><\/i><\/span><span class=\"wp-block-getwid-toggle__icon is-passive\"><i class=\"fas fa-minus\"><\/i><\/span><\/a><\/h5><\/div><div class=\"wp-block-getwid-toggle__content-wrapper\"><div class=\"wp-block-getwid-toggle__content\">\n<p><a href=\"https:\/\/drive.google.com\/file\/d\/1mSUy485fSTNe7XCVWQzmEp1XYzXygrFI\/view?usp=sharing\" target=\"_blank\" rel=\"noreferrer noopener\">Clica aqu\u00ed per a con\u00e8ixer els estudis de TAPSD a l\u2019INS Miquel Tarradell<\/a><\/p>\n\n\n\n<figure class=\"wp-block-image size-full\"><a href=\"https:\/\/drive.google.com\/file\/d\/1dD7Us9RV-dYWS9Tu3MHtUql4eODEUm4w\/view?usp=sharing\"><img loading=\"lazy\" decoding=\"async\" width=\"1006\" height=\"184\" src=\"https:\/\/agora.xtec.cat\/ies-miquel-tarradell\/wp-content\/uploads\/usu83\/2026\/02\/tapsd.png\" alt=\"\" class=\"wp-image-11162\" srcset=\"https:\/\/agora.xtec.cat\/ies-miquel-tarradell\/wp-content\/uploads\/usu83\/2026\/02\/tapsd.png 1006w, https:\/\/agora.xtec.cat\/ies-miquel-tarradell\/wp-content\/uploads\/usu83\/2026\/02\/tapsd-300x55.png 300w, https:\/\/agora.xtec.cat\/ies-miquel-tarradell\/wp-content\/uploads\/usu83\/2026\/02\/tapsd-768x140.png 768w\" sizes=\"auto, (max-width: 1006px) 100vw, 1006px\" \/><\/a><\/figure>\n<\/div><\/div><\/div>\n\n\n\n<div class=\"wp-block-getwid-toggle__row\"><div class=\"wp-block-getwid-toggle__header-wrapper\"><h5 class=\"wp-block-getwid-toggle__header\"><a href=\"#\"><span class=\"wp-block-getwid-toggle__header-title\">Pr\u00e0ctiques<\/span><span class=\"wp-block-getwid-toggle__icon is-active\"><i class=\"fas fa-plus\"><\/i><\/span><span class=\"wp-block-getwid-toggle__icon is-passive\"><i class=\"fas fa-minus\"><\/i><\/span><\/a><\/h5><\/div><div class=\"wp-block-getwid-toggle__content-wrapper\"><div class=\"wp-block-getwid-toggle__content\">\n<p>Possibilitat de fer Pr\u00e0ctiques Dual Intensiva i Pr\u00e0ctiques dins del Projecte Erasmus+&nbsp;<\/p>\n<\/div><\/div><\/div>\n\n\n\n<div class=\"wp-block-getwid-toggle__row\"><div class=\"wp-block-getwid-toggle__header-wrapper\"><h5 class=\"wp-block-getwid-toggle__header\"><a href=\"#\"><span class=\"wp-block-getwid-toggle__header-title\">Acc\u00e9s als estudis<\/span><span class=\"wp-block-getwid-toggle__icon is-active\"><i class=\"fas fa-plus\"><\/i><\/span><span class=\"wp-block-getwid-toggle__icon is-passive\"><i class=\"fas fa-minus\"><\/i><\/span><\/a><\/h5><\/div><div class=\"wp-block-getwid-toggle__content-wrapper\"><div class=\"wp-block-getwid-toggle__content\">\n<p>Tenen&nbsp;acc\u00e9s directe&nbsp;al cicle les persones que compleixen algun dels requisits seg\u00fcents:<\/p>\n\n\n\n<ul class=\"wp-block-list\">\n<li>&nbsp;tenir el t\u00edtol de graduat en educaci\u00f3 secund\u00e0ria obligat\u00f2ria,<\/li>\n\n\n\n<li>&nbsp;haver superat el&nbsp;curs espec\u00edfic per a l&#8217;acc\u00e9s als cicles de grau mitj\u00e0,<\/li>\n\n\n\n<li>&nbsp;tenir el t\u00edtol de t\u00e8cnic o de t\u00e8cnic auxiliar,<\/li>\n\n\n\n<li>&nbsp;haver superat el segon curs del batxillerat unificat i polivalent (BUP),<\/li>\n\n\n\n<li>&nbsp;tenir altres estudis equivalents a efectes acad\u00e8mics,<\/li>\n\n\n\n<li>&nbsp;haver superat la prova d&#8217;acc\u00e9s a la universitat per a m\u00e9s grans de 25 anys,<\/li>\n\n\n\n<li>&nbsp;haver superat els m\u00f2duls obligatoris d&#8217;un programa de qualificaci\u00f3 professional inicial (PQPI),<\/li>\n\n\n\n<li>&nbsp;tenir un t\u00edtol per accedir a un cicle formatiu de grau superior.<\/li>\n<\/ul>\n\n\n\n<p>Les persones que no compleixen cap dels requisits esmentats han de superar una&nbsp;prova d&#8217;acc\u00e9s. Per presentar-s&#8217;hi cal tenir com a m\u00ednim 17 anys l&#8217;any en qu\u00e8 es fa la prova.<\/p>\n<\/div><\/div><\/div>\n\n\n\n<div class=\"wp-block-getwid-toggle__row\"><div class=\"wp-block-getwid-toggle__header-wrapper\"><h5 class=\"wp-block-getwid-toggle__header\"><a href=\"#\"><span class=\"wp-block-getwid-toggle__header-title\">Continu\u00eftat <\/span><span class=\"wp-block-getwid-toggle__icon is-active\"><i class=\"fas fa-plus\"><\/i><\/span><span class=\"wp-block-getwid-toggle__icon is-passive\"><i class=\"fas fa-minus\"><\/i><\/span><\/a><\/h5><\/div><div class=\"wp-block-getwid-toggle__content-wrapper\"><div class=\"wp-block-getwid-toggle__content\">\n<p>Sortides acad\u00e8miques &#8211; Amb aquests estudis s&#8217;obt\u00e9 el t\u00edtol de&nbsp;t\u00e8cnic o t\u00e8cnica, que permet accedir:<\/p>\n\n\n\n<ul class=\"wp-block-list\">\n<li>al batxillerat;<\/li>\n\n\n\n<li>a un cicle de grau superior de formaci\u00f3 professional<\/li>\n<\/ul>\n\n\n\n<p>Sortides professionals &#8211; La superaci\u00f3 d&#8217;aquest cicle formatiu permet accedir al&nbsp;m\u00f3n laboral&nbsp;com a:<\/p>\n\n\n\n<ul class=\"wp-block-list\">\n<li>assistent o assistenta de persones en situaci\u00f3 de depend\u00e8ncia en institucions i\/o domicilis;<\/li>\n\n\n\n<li>governant i subgovernant o governanta i subgovernanta de persones en situaci\u00f3 de depend\u00e8ncia en institucions;<\/li>\n\n\n\n<li>auxiliar responsable de planta de resid\u00e8ncies de persones grans i persones amb discapacitat;<\/li>\n\n\n\n<li>auxiliar d&#8217;ajuda a domicili;<\/li>\n\n\n\n<li>assistent o assistenta d&#8217;atenci\u00f3 domicili\u00e0ria;<\/li>\n\n\n\n<li>treballador o treballadora familiar;<\/li>\n\n\n\n<li>auxiliar d&#8217;educaci\u00f3 especial;<\/li>\n\n\n\n<li>assistent o assistenta personal;<\/li>\n\n\n\n<li>teleoperador o teleoperadora de teleassist\u00e8ncia.<\/li>\n<\/ul>\n<\/div><\/div><\/div>\n<\/div>\n<\/div>\n<\/div>\n\n\n\n<hr class=\"wp-block-separator has-text-color has-ast-global-color-1-color has-alpha-channel-opacity has-ast-global-color-1-background-color has-background is-style-wide\" style=\"margin-top:var(--wp--preset--spacing--30);margin-bottom:var(--wp--preset--spacing--30)\"\/>\n\n\n\n<ul class=\"wp-block-list\">\n<li class=\"has-text-color has-link-color wp-elements-ea475f040987e3c916603404c622706d\" style=\"color:#747070\"><a href=\"https:\/\/agora.xtec.cat\/ies-miquel-tarradell\/categoria\/noticies\/noticies-cicles\/\" data-type=\"link\" data-id=\"https:\/\/agora.xtec.cat\/ies-miquel-tarradell\/categoria\/noticies\/noticies-cicles\/\">Clica aqu\u00ed per consultar les not\u00edcies de Cicles Formatius<\/a><\/li>\n\n\n\n<li class=\"has-text-color has-link-color wp-elements-7f879b0ba01994ce42dcc748a7af18bb\" style=\"color:#747070\"><a href=\"https:\/\/www.edubcn.cat\/ca\/alumnat_i_familia\/informacio_general_matriculacio\/preguntes_frequents_preinscripcio_post\" data-type=\"link\" data-id=\"https:\/\/www.edubcn.cat\/ca\/alumnat_i_familia\/informacio_general_matriculacio\/preguntes_frequents_preinscripcio_post\">Informaci\u00f3 sobre la preinscripci\u00f3 a estudis postobligatoris pel curs 2026-27<\/a><\/li>\n\n\n\n<li class=\"has-text-color has-link-color wp-elements-85728a7bf90d32e39608a9cb9d2c266d\" style=\"color:#747070\">Correu on podeu adre\u00e7ar les vostres consultes sobre els estudis (actiu en el per\u00edode de preinscripci\u00f3 i matr\u00edcula):&nbsp;<strong>portesobertes@instarradell.cat<\/strong><\/li>\n<\/ul>\n","protected":false},"excerpt":{"rendered":"<p>CFGM Atenci\u00f3 a persones en situaci\u00f3 de depend\u00e8ncia (TAPSD) Coneix els estudis del Cicle Formatiu de Grau Mitj\u00e0 d&#8217;Atenci\u00f3 a Persones en Situaci\u00f3 de Depend\u00e8ncia (TAPSD) a l&#8217;INS Miquel Tarradell<\/p>\n","protected":false},"author":1,"featured_media":0,"parent":675,"menu_order":0,"comment_status":"closed","ping_status":"closed","template":"","meta":{"_bbp_topic_count":0,"_bbp_reply_count":0,"_bbp_total_topic_count":0,"_bbp_total_reply_count":0,"_bbp_voice_count":0,"_bbp_anonymous_reply_count":0,"_bbp_topic_count_hidden":0,"_bbp_reply_count_hidden":0,"_bbp_forum_subforum_count":0,"site-sidebar-layout":"default","site-content-layout":"","ast-site-content-layout":"default","site-content-style":"default","site-sidebar-style":"default","ast-global-header-display":"","ast-banner-title-visibility":"","ast-main-header-display":"","ast-hfb-above-header-display":"","ast-hfb-below-header-display":"","ast-hfb-mobile-header-display":"","site-post-title":"disabled","ast-breadcrumbs-content":"","ast-featured-img":"","footer-sml-layout":"","theme-transparent-header-meta":"","adv-header-id-meta":"","stick-header-meta":"","header-above-stick-meta":"","header-main-stick-meta":"","header-below-stick-meta":"","astra-migrate-meta-layouts":"set","ast-page-background-enabled":"default","ast-page-background-meta":{"desktop":{"background-color":"var(--ast-global-color-4)","background-image":"","background-repeat":"repeat","background-position":"center center","background-size":"auto","background-attachment":"scroll","background-type":"","background-media":"","overlay-type":"","overlay-color":"","overlay-opacity":"","overlay-gradient":""},"tablet":{"background-color":"","background-image":"","background-repeat":"repeat","background-position":"center center","background-size":"auto","background-attachment":"scroll","background-type":"","background-media":"","overlay-type":"","overlay-color":"","overlay-opacity":"","overlay-gradient":""},"mobile":{"background-color":"","background-image":"","background-repeat":"repeat","background-position":"center center","background-size":"auto","background-attachment":"scroll","background-type":"","background-media":"","overlay-type":"","overlay-color":"","overlay-opacity":"","overlay-gradient":""}},"ast-content-background-meta":{"desktop":{"background-color":"var(--ast-global-color-5)","background-image":"","background-repeat":"repeat","background-position":"center center","background-size":"auto","background-attachment":"scroll","background-type":"","background-media":"","overlay-type":"","overlay-color":"","overlay-opacity":"","overlay-gradient":""},"tablet":{"background-color":"var(--ast-global-color-5)","background-image":"","background-repeat":"repeat","background-position":"center center","background-size":"auto","background-attachment":"scroll","background-type":"","background-media":"","overlay-type":"","overlay-color":"","overlay-opacity":"","overlay-gradient":""},"mobile":{"background-color":"var(--ast-global-color-5)","background-image":"","background-repeat":"repeat","background-position":"center center","background-size":"auto","background-attachment":"scroll","background-type":"","background-media":"","overlay-type":"","overlay-color":"","overlay-opacity":"","overlay-gradient":""}},"footnotes":""},"class_list":["post-677","page","type-page","status-publish","hentry"],"post_mailing_queue_ids":[],"_links":{"self":[{"href":"https:\/\/agora.xtec.cat\/ies-miquel-tarradell\/wp-json\/wp\/v2\/pages\/677","targetHints":{"allow":["GET"]}}],"collection":[{"href":"https:\/\/agora.xtec.cat\/ies-miquel-tarradell\/wp-json\/wp\/v2\/pages"}],"about":[{"href":"https:\/\/agora.xtec.cat\/ies-miquel-tarradell\/wp-json\/wp\/v2\/types\/page"}],"author":[{"embeddable":true,"href":"https:\/\/agora.xtec.cat\/ies-miquel-tarradell\/wp-json\/wp\/v2\/users\/1"}],"replies":[{"embeddable":true,"href":"https:\/\/agora.xtec.cat\/ies-miquel-tarradell\/wp-json\/wp\/v2\/comments?post=677"}],"version-history":[{"count":6,"href":"https:\/\/agora.xtec.cat\/ies-miquel-tarradell\/wp-json\/wp\/v2\/pages\/677\/revisions"}],"predecessor-version":[{"id":11506,"href":"https:\/\/agora.xtec.cat\/ies-miquel-tarradell\/wp-json\/wp\/v2\/pages\/677\/revisions\/11506"}],"up":[{"embeddable":true,"href":"https:\/\/agora.xtec.cat\/ies-miquel-tarradell\/wp-json\/wp\/v2\/pages\/675"}],"wp:attachment":[{"href":"https:\/\/agora.xtec.cat\/ies-miquel-tarradell\/wp-json\/wp\/v2\/media?parent=677"}],"curies":[{"name":"wp","href":"https:\/\/api.w.org\/{rel}","templated":true}]}}