{"id":675,"date":"2020-06-15T16:26:26","date_gmt":"2020-06-15T14:26:26","guid":{"rendered":"http:\/\/agora.xtec.cat\/ies-miquel-tarradell\/?page_id=675"},"modified":"2026-02-01T21:07:51","modified_gmt":"2026-02-01T20:07:51","slug":"cicles-formatius","status":"publish","type":"page","link":"https:\/\/agora.xtec.cat\/ies-miquel-tarradell\/estudis-ofertats\/cicles-formatius\/","title":{"rendered":"Cicles Formatius"},"content":{"rendered":"\n<h2 class=\"wp-block-heading has-text-color has-link-color wp-elements-85fa28538d16257df26b4cc1294e7dff\" style=\"color:#6d6d6d\">Cicles Formatius<\/h2>\n\n\n\n<h5 class=\"wp-block-heading has-ast-global-color-1-color has-text-color has-link-color wp-elements-72b4e0376cc98c56eef79aae31986c3b\"><strong>Coneix <\/strong>els estudis de Formaci\u00f3 Professional a l&#8217;INS Miquel Tarradell<\/h5>\n\n\n\n<div class=\"wp-block-columns is-layout-flex wp-container-core-columns-is-layout-1 wp-block-columns-is-layout-flex\">\n<div class=\"wp-block-column is-vertically-aligned-center is-layout-flow wp-block-column-is-layout-flow\" style=\"flex-basis:40%\">\n<figure class=\"wp-block-embed is-type-video is-provider-youtube wp-block-embed-youtube wp-embed-aspect-16-9 wp-has-aspect-ratio\"><div class=\"wp-block-embed__wrapper\">\n<div class=\"ast-oembed-container \" style=\"height: 100%;\"><iframe loading=\"lazy\" title=\"ELS CICLES FORMATIUS A L&#039;INS MIQUEL TARRADELL\" width=\"500\" height=\"281\" src=\"https:\/\/www.youtube.com\/embed\/pMCeFH0uwJE?feature=oembed\" frameborder=\"0\" allow=\"accelerometer; autoplay; clipboard-write; encrypted-media; gyroscope; picture-in-picture; web-share\" referrerpolicy=\"strict-origin-when-cross-origin\" allowfullscreen><\/iframe><\/div>\n<\/div><\/figure>\n<\/div>\n\n\n\n<div class=\"wp-block-column is-layout-flow wp-block-column-is-layout-flow\" style=\"flex-basis:60%\">\n<p class=\"has-text-align-center has-white-color has-ast-global-color-1-background-color has-text-color has-background has-link-color wp-elements-60f1905b96c7cc81cd93ce0fdc2072ab\" style=\"border-radius:43px\"><a href=\"https:\/\/agora.xtec.cat\/ies-miquel-tarradell\/estudis-ofertats\/cicles-formatius\/tapsd\/\" data-type=\"page\" data-id=\"677\">CFGM Atenci\u00f3 a Persones en Situaci\u00f3 de Depend\u00e8ncia<\/a><\/p>\n\n\n\n<p class=\"has-text-align-center has-white-color has-ast-global-color-1-background-color has-text-color has-background has-link-color wp-elements-fed8f39e0fc31e45c924132126b70b19\" style=\"border-radius:43px\"><a href=\"https:\/\/agora.xtec.cat\/ies-miquel-tarradell\/estudis-ofertats\/cicles-formatius\/tis\/\" data-type=\"page\" data-id=\"681\">CFGS Integraci\u00f3 Social<\/a><\/p>\n\n\n\n<p class=\"has-text-align-center has-white-color has-ast-global-color-1-background-color has-text-color has-background has-link-color wp-elements-c45f1a9cc29989c8a344fa3112be5e02\" style=\"border-radius:43px\"><a href=\"https:\/\/agora.xtec.cat\/ies-miquel-tarradell\/estudis-ofertats\/cicles-formatius\/tei\/\" data-type=\"page\" data-id=\"679\">CFGS Educaci\u00f3 Infantil<\/a><\/p>\n<\/div>\n<\/div>\n\n\n\n<hr class=\"wp-block-separator has-text-color has-ast-global-color-1-color has-alpha-channel-opacity has-ast-global-color-1-background-color has-background is-style-wide\" style=\"margin-top:var(--wp--preset--spacing--30);margin-bottom:var(--wp--preset--spacing--30)\"\/>\n\n\n\n<ul class=\"wp-block-list\">\n<li class=\"has-text-color has-link-color wp-elements-ea475f040987e3c916603404c622706d\" style=\"color:#747070\"><a href=\"https:\/\/agora.xtec.cat\/ies-miquel-tarradell\/categoria\/noticies\/noticies-cicles\/\" data-type=\"link\" data-id=\"https:\/\/agora.xtec.cat\/ies-miquel-tarradell\/categoria\/noticies\/noticies-cicles\/\">Clica aqu\u00ed per consultar les not\u00edcies de Cicles Formatius<\/a><\/li>\n\n\n\n<li class=\"has-text-color has-link-color wp-elements-7f879b0ba01994ce42dcc748a7af18bb\" style=\"color:#747070\"><a href=\"https:\/\/www.edubcn.cat\/ca\/alumnat_i_familia\/informacio_general_matriculacio\/preguntes_frequents_preinscripcio_post\" data-type=\"link\" data-id=\"https:\/\/www.edubcn.cat\/ca\/alumnat_i_familia\/informacio_general_matriculacio\/preguntes_frequents_preinscripcio_post\">Informaci\u00f3 sobre la preinscripci\u00f3 a estudis postobligatoris pel curs 2026-27<\/a><\/li>\n\n\n\n<li class=\"has-text-color has-link-color wp-elements-85728a7bf90d32e39608a9cb9d2c266d\" style=\"color:#747070\">Correu on podeu adre\u00e7ar les vostres consultes sobre els estudis (actiu en el per\u00edode de preinscripci\u00f3 i matr\u00edcula):&nbsp;<strong>portesobertes@instarradell.cat<\/strong><\/li>\n<\/ul>\n","protected":false},"excerpt":{"rendered":"<p>Cicles Formatius Coneix els estudis de Formaci\u00f3 Professional a l&#8217;INS Miquel Tarradell CFGM Atenci\u00f3 a Persones en Situaci\u00f3 de Depend\u00e8ncia CFGS Integraci\u00f3 Social CFGS Educaci\u00f3 Infantil<\/p>\n","protected":false},"author":1,"featured_media":0,"parent":667,"menu_order":30,"comment_status":"closed","ping_status":"closed","template":"","meta":{"_bbp_topic_count":0,"_bbp_reply_count":0,"_bbp_total_topic_count":0,"_bbp_total_reply_count":0,"_bbp_voice_count":0,"_bbp_anonymous_reply_count":0,"_bbp_topic_count_hidden":0,"_bbp_reply_count_hidden":0,"_bbp_forum_subforum_count":0,"site-sidebar-layout":"default","site-content-layout":"","ast-site-content-layout":"default","site-content-style":"default","site-sidebar-style":"default","ast-global-header-display":"","ast-banner-title-visibility":"","ast-main-header-display":"","ast-hfb-above-header-display":"","ast-hfb-below-header-display":"","ast-hfb-mobile-header-display":"","site-post-title":"disabled","ast-breadcrumbs-content":"","ast-featured-img":"","footer-sml-layout":"","theme-transparent-header-meta":"","adv-header-id-meta":"","stick-header-meta":"","header-above-stick-meta":"","header-main-stick-meta":"","header-below-stick-meta":"","astra-migrate-meta-layouts":"set","ast-page-background-enabled":"default","ast-page-background-meta":{"desktop":{"background-color":"var(--ast-global-color-4)","background-image":"","background-repeat":"repeat","background-position":"center center","background-size":"auto","background-attachment":"scroll","background-type":"","background-media":"","overlay-type":"","overlay-color":"","overlay-opacity":"","overlay-gradient":""},"tablet":{"background-color":"","background-image":"","background-repeat":"repeat","background-position":"center center","background-size":"auto","background-attachment":"scroll","background-type":"","background-media":"","overlay-type":"","overlay-color":"","overlay-opacity":"","overlay-gradient":""},"mobile":{"background-color":"","background-image":"","background-repeat":"repeat","background-position":"center center","background-size":"auto","background-attachment":"scroll","background-type":"","background-media":"","overlay-type":"","overlay-color":"","overlay-opacity":"","overlay-gradient":""}},"ast-content-background-meta":{"desktop":{"background-color":"var(--ast-global-color-5)","background-image":"","background-repeat":"repeat","background-position":"center center","background-size":"auto","background-attachment":"scroll","background-type":"","background-media":"","overlay-type":"","overlay-color":"","overlay-opacity":"","overlay-gradient":""},"tablet":{"background-color":"var(--ast-global-color-5)","background-image":"","background-repeat":"repeat","background-position":"center center","background-size":"auto","background-attachment":"scroll","background-type":"","background-media":"","overlay-type":"","overlay-color":"","overlay-opacity":"","overlay-gradient":""},"mobile":{"background-color":"var(--ast-global-color-5)","background-image":"","background-repeat":"repeat","background-position":"center center","background-size":"auto","background-attachment":"scroll","background-type":"","background-media":"","overlay-type":"","overlay-color":"","overlay-opacity":"","overlay-gradient":""}},"footnotes":""},"class_list":["post-675","page","type-page","status-publish","hentry"],"post_mailing_queue_ids":[],"_links":{"self":[{"href":"https:\/\/agora.xtec.cat\/ies-miquel-tarradell\/wp-json\/wp\/v2\/pages\/675","targetHints":{"allow":["GET"]}}],"collection":[{"href":"https:\/\/agora.xtec.cat\/ies-miquel-tarradell\/wp-json\/wp\/v2\/pages"}],"about":[{"href":"https:\/\/agora.xtec.cat\/ies-miquel-tarradell\/wp-json\/wp\/v2\/types\/page"}],"author":[{"embeddable":true,"href":"https:\/\/agora.xtec.cat\/ies-miquel-tarradell\/wp-json\/wp\/v2\/users\/1"}],"replies":[{"embeddable":true,"href":"https:\/\/agora.xtec.cat\/ies-miquel-tarradell\/wp-json\/wp\/v2\/comments?post=675"}],"version-history":[{"count":6,"href":"https:\/\/agora.xtec.cat\/ies-miquel-tarradell\/wp-json\/wp\/v2\/pages\/675\/revisions"}],"predecessor-version":[{"id":11179,"href":"https:\/\/agora.xtec.cat\/ies-miquel-tarradell\/wp-json\/wp\/v2\/pages\/675\/revisions\/11179"}],"up":[{"embeddable":true,"href":"https:\/\/agora.xtec.cat\/ies-miquel-tarradell\/wp-json\/wp\/v2\/pages\/667"}],"wp:attachment":[{"href":"https:\/\/agora.xtec.cat\/ies-miquel-tarradell\/wp-json\/wp\/v2\/media?parent=675"}],"curies":[{"name":"wp","href":"https:\/\/api.w.org\/{rel}","templated":true}]}}