{"id":671,"date":"2020-06-15T16:25:19","date_gmt":"2020-06-15T14:25:19","guid":{"rendered":"http:\/\/agora.xtec.cat\/ies-miquel-tarradell\/?page_id=671"},"modified":"2026-02-01T19:31:13","modified_gmt":"2026-02-01T18:31:13","slug":"eso","status":"publish","type":"page","link":"https:\/\/agora.xtec.cat\/ies-miquel-tarradell\/estudis-ofertats\/eso\/","title":{"rendered":"ESO"},"content":{"rendered":"\n<h2 class=\"wp-block-heading has-text-color has-link-color wp-elements-eaaa0bfb23f58a1b0bd5e51980b1a80b\" style=\"color:#7b8084\">Estudis d&#8217;ESO<\/h2>\n\n\n\n<h5 class=\"wp-block-heading has-ast-global-color-1-color has-text-color has-link-color wp-elements-a510f327228b7d1f4e6e42872a3b9baf\" style=\"padding-top:0\">Coneix els estudis d&#8217;ESO de l&#8217;INS Miquel Tarradell<\/h5>\n\n\n\n<div class=\"wp-block-columns is-layout-flex wp-container-core-columns-is-layout-1 wp-block-columns-is-layout-flex\">\n<div class=\"wp-block-column is-vertically-aligned-center is-layout-flow wp-block-column-is-layout-flow\" style=\"flex-basis:40%\">\n<figure class=\"wp-block-embed is-type-video is-provider-youtube wp-block-embed-youtube wp-embed-aspect-16-9 wp-has-aspect-ratio\"><div class=\"wp-block-embed__wrapper\">\n<div class=\"ast-oembed-container \" style=\"height: 100%;\"><iframe loading=\"lazy\" title=\"ESTUDIS D&#039;ESO A L&#039;INS MIQUEL TARRADELL\" width=\"500\" height=\"281\" src=\"https:\/\/www.youtube.com\/embed\/BBfYBQGmty0?feature=oembed\" frameborder=\"0\" allow=\"accelerometer; autoplay; clipboard-write; encrypted-media; gyroscope; picture-in-picture; web-share\" referrerpolicy=\"strict-origin-when-cross-origin\" allowfullscreen><\/iframe><\/div>\n<\/div><\/figure>\n<\/div>\n\n\n\n<div class=\"wp-block-column is-vertically-aligned-center is-layout-flow wp-block-column-is-layout-flow\" style=\"flex-basis:60%\">\n<div class=\"wp-block-getwid-toggle\">\n<div class=\"wp-block-getwid-toggle__row\"><div class=\"wp-block-getwid-toggle__header-wrapper\"><h5 class=\"wp-block-getwid-toggle__header\"><a href=\"#\"><span class=\"wp-block-getwid-toggle__header-title\">Horari<\/span><span class=\"wp-block-getwid-toggle__icon is-active\"><i class=\"fas fa-plus\"><\/i><\/span><span class=\"wp-block-getwid-toggle__icon is-passive\"><i class=\"fas fa-minus\"><\/i><\/span><\/a><\/h5><\/div><div class=\"wp-block-getwid-toggle__content-wrapper\"><div class=\"wp-block-getwid-toggle__content\">\n<p>Matins de 8.15h a 14.45h <\/p>\n<\/div><\/div><\/div>\n\n\n\n<div class=\"wp-block-getwid-toggle__row is-active\"><div class=\"wp-block-getwid-toggle__header-wrapper\"><h5 class=\"wp-block-getwid-toggle__header\"><a href=\"#\"><span class=\"wp-block-getwid-toggle__header-title\">Estudis i mat\u00e8ries<\/span><span class=\"wp-block-getwid-toggle__icon is-active\"><i class=\"fas fa-plus\"><\/i><\/span><span class=\"wp-block-getwid-toggle__icon is-passive\"><i class=\"fas fa-minus\"><\/i><\/span><\/a><\/h5><\/div><div class=\"wp-block-getwid-toggle__content-wrapper\"><div class=\"wp-block-getwid-toggle__content\">\n<p class=\"has-text-align-left\" style=\"font-style:normal;font-weight:400\"><a href=\"https:\/\/drive.google.com\/file\/d\/1WxCqdxpRqwY9oxnHNecmBoD4GOTKK6uW\/view?usp=sharing\" data-type=\"link\" data-id=\"https:\/\/drive.google.com\/file\/d\/1WxCqdxpRqwY9oxnHNecmBoD4GOTKK6uW\/view?usp=sharing\">Clica aqu\u00ed per a con\u00e8ixer els estudis d&#8217;ESO a l&#8217;INS Miquel Tarradell<\/a><\/p>\n\n\n\n<figure class=\"wp-block-image size-full\"><a href=\"https:\/\/drive.google.com\/file\/d\/1WxCqdxpRqwY9oxnHNecmBoD4GOTKK6uW\/view?usp=sharing\" target=\"_blank\" rel=\" noreferrer noopener\"><img loading=\"lazy\" decoding=\"async\" width=\"889\" height=\"159\" src=\"https:\/\/agora.xtec.cat\/ies-miquel-tarradell\/wp-content\/uploads\/usu83\/2026\/02\/ESO.png\" alt=\"ESO a l'INS Miquel Tarradell\" class=\"wp-image-11132\" srcset=\"https:\/\/agora.xtec.cat\/ies-miquel-tarradell\/wp-content\/uploads\/usu83\/2026\/02\/ESO.png 889w, https:\/\/agora.xtec.cat\/ies-miquel-tarradell\/wp-content\/uploads\/usu83\/2026\/02\/ESO-300x54.png 300w, https:\/\/agora.xtec.cat\/ies-miquel-tarradell\/wp-content\/uploads\/usu83\/2026\/02\/ESO-768x137.png 768w\" sizes=\"auto, (max-width: 889px) 100vw, 889px\" \/><\/a><\/figure>\n<\/div><\/div><\/div>\n\n\n\n<div class=\"wp-block-getwid-toggle__row\"><div class=\"wp-block-getwid-toggle__header-wrapper\"><h5 class=\"wp-block-getwid-toggle__header\"><a href=\"#\"><span class=\"wp-block-getwid-toggle__header-title\">Acc\u00e9s<\/span><span class=\"wp-block-getwid-toggle__icon is-active\"><i class=\"fas fa-plus\"><\/i><\/span><span class=\"wp-block-getwid-toggle__icon is-passive\"><i class=\"fas fa-minus\"><\/i><\/span><\/a><\/h5><\/div><div class=\"wp-block-getwid-toggle__content-wrapper\"><div class=\"wp-block-getwid-toggle__content\">\n<p>Es poden matricular al primer curs d&#8217;educaci\u00f3 secund\u00e0ria obligat\u00f2ria els alumnes que compleixin 12 anys durant l&#8217;any d&#8217;inici del curs i els d&#8217;edat diferent als quals correspongui acad\u00e8micament iniciar aquest ensenyament.<\/p>\n\n\n\n<p>Abans de la matr\u00edcula cal fer la preinscripci\u00f3, \u00e9s a dir, el tr\u00e0mit amb qu\u00e8 se sol\u00b7licita l&#8217;admissi\u00f3 al centre.<br>Per cursar aquest ensenyament cal formalitzar la matr\u00edcula.<\/p>\n<\/div><\/div><\/div>\n\n\n\n<div class=\"wp-block-getwid-toggle__row\"><div class=\"wp-block-getwid-toggle__header-wrapper\"><h5 class=\"wp-block-getwid-toggle__header\"><a href=\"#\"><span class=\"wp-block-getwid-toggle__header-title\">Continu\u00eftat dels estudis<\/span><span class=\"wp-block-getwid-toggle__icon is-active\"><i class=\"fas fa-plus\"><\/i><\/span><span class=\"wp-block-getwid-toggle__icon is-passive\"><i class=\"fas fa-minus\"><\/i><\/span><\/a><\/h5><\/div><div class=\"wp-block-getwid-toggle__content-wrapper\"><div class=\"wp-block-getwid-toggle__content\">\n<p>Els alumnes que obtenen el t\u00edtol de graduat o graduada en ESO poden accedir al batxillerat o b\u00e9 a un cicle formatiu de grau mitj\u00e0 de formaci\u00f3 professional, d&#8217;ensenyaments esportius (si se supera&nbsp;la prova espec\u00edfica d&#8217;acc\u00e9s)&nbsp;o d&#8217;arts pl\u00e0stiques i disseny. A partir dels 16 anys, si no es t\u00e9 el t\u00edtol de graduat o graduada en ESO, es pot accedir als estudis seg\u00fcents:<\/p>\n\n\n\n<ul class=\"wp-block-list\">\n<li>els programes de formaci\u00f3 i inserci\u00f3 (PFI)<\/li>\n\n\n\n<li>la formaci\u00f3 de persones adultes<\/li>\n<\/ul>\n\n\n\n<p>Un cop acabada l&#8217;ESO tamb\u00e9 es pot accedir al m\u00f3n laboral.<\/p>\n<\/div><\/div><\/div>\n<\/div>\n<\/div>\n<\/div>\n\n\n\n<ul class=\"wp-block-list\">\n<li class=\"has-text-color has-link-color wp-elements-425d843bf1f92afbf320bf3412a1add7\" style=\"border-radius:29px;color:#5b5959\"><a href=\"https:\/\/www.edubcn.cat\/ca\/alumnat_i_familia\/informacio_general_matriculacio\/preinscripcio_info\">Informaci\u00f3 sobre la preinscripci\u00f3 pel curs 2026-27<\/a><\/li>\n\n\n\n<li class=\"has-text-color has-link-color wp-elements-11571d2f0a574b443994e7609c8e85af\" style=\"border-radius:29px;color:#5b5959\">Correu electr\u00f2nic on podeu adre\u00e7ar les vostres consultes sobre els estudis (actiu en el per\u00edode de preinscripci\u00f3 i matr\u00edcula):&nbsp;<strong>portesobertes@instarradell.cat<\/strong><\/li>\n\n\n\n<li class=\"has-text-color has-link-color wp-elements-9899d2ddbdcf5aa0b7a7e2dc068f4dbd\" style=\"border-radius:29px;color:#5b5959\"><a href=\"http:\/\/gora.xtec.cat\/ies-miquel-tarradell\/categoria\/noticies\/noticies-eso\/\" target=\"_blank\" rel=\"noopener\">Cliqueu aqu\u00ed per accedir a les not\u00edcies dels estudis d&#8217;ESO<\/a><\/li>\n<\/ul>\n\n\n\n<hr class=\"wp-block-separator has-text-color has-ast-global-color-1-color has-alpha-channel-opacity has-ast-global-color-1-background-color has-background is-style-wide\" style=\"margin-top:var(--wp--preset--spacing--40);margin-bottom:var(--wp--preset--spacing--40)\"\/>\n\n\n\n<div class=\"wp-block-getwid-images-slider has-arrows-inside has-dots-none has-images-center has-fitted-images has-fixed-height\"><div class=\"wp-block-getwid-images-slider__wrapper\" data-effect=\"fade\" data-slides-show=\"1\" data-slides-show-laptop=\"1\" data-slides-show-tablet=\"1\" data-slides-show-mobile=\"1\" data-slides-scroll=\"1\" data-autoplay=\"true\" data-pause-hover=\"true\" data-autoplay-speed=\"6000\" data-infinite=\"true\" data-animation-speed=\"800\" data-center-mode=\"true\" data-variable-width=\"false\" data-arrows=\"inside\" data-dots=\"none\" data-spacing=\"none\"><div class=\"wp-block-getwid-images-slider__item\" style=\"height:650px\"><figure><img loading=\"lazy\" decoding=\"async\" width=\"1500\" height=\"1159\" src=\"https:\/\/agora.xtec.cat\/ies-miquel-tarradell\/wp-content\/uploads\/usu83\/2026\/01\/1-2.png\" data-id=\"11127\" data-link=\"https:\/\/agora.xtec.cat\/ies-miquel-tarradell\/estudis-ofertats\/eso\/attachment\/1-54\/\" data-original-link=\"https:\/\/agora.xtec.cat\/ies-miquel-tarradell\/wp-content\/uploads\/usu83\/2026\/01\/1-2.png\" class=\"wp-block-getwid-images-slider__image wp-image-11127\" srcset=\"https:\/\/agora.xtec.cat\/ies-miquel-tarradell\/wp-content\/uploads\/usu83\/2026\/01\/1-2.png 1500w, https:\/\/agora.xtec.cat\/ies-miquel-tarradell\/wp-content\/uploads\/usu83\/2026\/01\/1-2-300x232.png 300w, https:\/\/agora.xtec.cat\/ies-miquel-tarradell\/wp-content\/uploads\/usu83\/2026\/01\/1-2-1024x791.png 1024w, https:\/\/agora.xtec.cat\/ies-miquel-tarradell\/wp-content\/uploads\/usu83\/2026\/01\/1-2-768x593.png 768w\" sizes=\"auto, (max-width: 1500px) 100vw, 1500px\" \/><\/figure><\/div><div class=\"wp-block-getwid-images-slider__item\" style=\"height:650px\"><figure><img loading=\"lazy\" decoding=\"async\" width=\"1500\" height=\"1159\" src=\"https:\/\/agora.xtec.cat\/ies-miquel-tarradell\/wp-content\/uploads\/usu83\/2026\/01\/2-2.png\" data-id=\"11128\" data-link=\"https:\/\/agora.xtec.cat\/ies-miquel-tarradell\/estudis-ofertats\/eso\/attachment\/2-49\/\" data-original-link=\"https:\/\/agora.xtec.cat\/ies-miquel-tarradell\/wp-content\/uploads\/usu83\/2026\/01\/2-2.png\" class=\"wp-block-getwid-images-slider__image wp-image-11128\" srcset=\"https:\/\/agora.xtec.cat\/ies-miquel-tarradell\/wp-content\/uploads\/usu83\/2026\/01\/2-2.png 1500w, https:\/\/agora.xtec.cat\/ies-miquel-tarradell\/wp-content\/uploads\/usu83\/2026\/01\/2-2-300x232.png 300w, https:\/\/agora.xtec.cat\/ies-miquel-tarradell\/wp-content\/uploads\/usu83\/2026\/01\/2-2-1024x791.png 1024w, https:\/\/agora.xtec.cat\/ies-miquel-tarradell\/wp-content\/uploads\/usu83\/2026\/01\/2-2-768x593.png 768w\" sizes=\"auto, (max-width: 1500px) 100vw, 1500px\" \/><\/figure><\/div><\/div><\/div>\n","protected":false},"excerpt":{"rendered":"<p>Estudis d&#8217;ESO Coneix els estudis d&#8217;ESO de l&#8217;INS Miquel Tarradell<\/p>\n","protected":false},"author":1,"featured_media":0,"parent":667,"menu_order":0,"comment_status":"closed","ping_status":"closed","template":"","meta":{"_bbp_topic_count":0,"_bbp_reply_count":0,"_bbp_total_topic_count":0,"_bbp_total_reply_count":0,"_bbp_voice_count":0,"_bbp_anonymous_reply_count":0,"_bbp_topic_count_hidden":0,"_bbp_reply_count_hidden":0,"_bbp_forum_subforum_count":0,"site-sidebar-layout":"default","site-content-layout":"","ast-site-content-layout":"default","site-content-style":"default","site-sidebar-style":"default","ast-global-header-display":"","ast-banner-title-visibility":"","ast-main-header-display":"","ast-hfb-above-header-display":"","ast-hfb-below-header-display":"","ast-hfb-mobile-header-display":"","site-post-title":"disabled","ast-breadcrumbs-content":"","ast-featured-img":"","footer-sml-layout":"","theme-transparent-header-meta":"","adv-header-id-meta":"","stick-header-meta":"","header-above-stick-meta":"","header-main-stick-meta":"","header-below-stick-meta":"","astra-migrate-meta-layouts":"set","ast-page-background-enabled":"default","ast-page-background-meta":{"desktop":{"background-color":"var(--ast-global-color-4)","background-image":"","background-repeat":"repeat","background-position":"center center","background-size":"auto","background-attachment":"scroll","background-type":"","background-media":"","overlay-type":"","overlay-color":"","overlay-opacity":"","overlay-gradient":""},"tablet":{"background-color":"","background-image":"","background-repeat":"repeat","background-position":"center center","background-size":"auto","background-attachment":"scroll","background-type":"","background-media":"","overlay-type":"","overlay-color":"","overlay-opacity":"","overlay-gradient":""},"mobile":{"background-color":"","background-image":"","background-repeat":"repeat","background-position":"center center","background-size":"auto","background-attachment":"scroll","background-type":"","background-media":"","overlay-type":"","overlay-color":"","overlay-opacity":"","overlay-gradient":""}},"ast-content-background-meta":{"desktop":{"background-color":"var(--ast-global-color-5)","background-image":"","background-repeat":"repeat","background-position":"center center","background-size":"auto","background-attachment":"scroll","background-type":"","background-media":"","overlay-type":"","overlay-color":"","overlay-opacity":"","overlay-gradient":""},"tablet":{"background-color":"var(--ast-global-color-5)","background-image":"","background-repeat":"repeat","background-position":"center center","background-size":"auto","background-attachment":"scroll","background-type":"","background-media":"","overlay-type":"","overlay-color":"","overlay-opacity":"","overlay-gradient":""},"mobile":{"background-color":"var(--ast-global-color-5)","background-image":"","background-repeat":"repeat","background-position":"center center","background-size":"auto","background-attachment":"scroll","background-type":"","background-media":"","overlay-type":"","overlay-color":"","overlay-opacity":"","overlay-gradient":""}},"footnotes":""},"class_list":["post-671","page","type-page","status-publish","hentry"],"post_mailing_queue_ids":[],"_links":{"self":[{"href":"https:\/\/agora.xtec.cat\/ies-miquel-tarradell\/wp-json\/wp\/v2\/pages\/671","targetHints":{"allow":["GET"]}}],"collection":[{"href":"https:\/\/agora.xtec.cat\/ies-miquel-tarradell\/wp-json\/wp\/v2\/pages"}],"about":[{"href":"https:\/\/agora.xtec.cat\/ies-miquel-tarradell\/wp-json\/wp\/v2\/types\/page"}],"author":[{"embeddable":true,"href":"https:\/\/agora.xtec.cat\/ies-miquel-tarradell\/wp-json\/wp\/v2\/users\/1"}],"replies":[{"embeddable":true,"href":"https:\/\/agora.xtec.cat\/ies-miquel-tarradell\/wp-json\/wp\/v2\/comments?post=671"}],"version-history":[{"count":6,"href":"https:\/\/agora.xtec.cat\/ies-miquel-tarradell\/wp-json\/wp\/v2\/pages\/671\/revisions"}],"predecessor-version":[{"id":11147,"href":"https:\/\/agora.xtec.cat\/ies-miquel-tarradell\/wp-json\/wp\/v2\/pages\/671\/revisions\/11147"}],"up":[{"embeddable":true,"href":"https:\/\/agora.xtec.cat\/ies-miquel-tarradell\/wp-json\/wp\/v2\/pages\/667"}],"wp:attachment":[{"href":"https:\/\/agora.xtec.cat\/ies-miquel-tarradell\/wp-json\/wp\/v2\/media?parent=671"}],"curies":[{"name":"wp","href":"https:\/\/api.w.org\/{rel}","templated":true}]}}