{"id":667,"date":"2020-06-15T16:24:56","date_gmt":"2020-06-15T14:24:56","guid":{"rendered":"http:\/\/agora.xtec.cat\/ies-miquel-tarradell\/?page_id=667"},"modified":"2026-02-01T21:41:49","modified_gmt":"2026-02-01T20:41:49","slug":"estudis-ofertats","status":"publish","type":"page","link":"https:\/\/agora.xtec.cat\/ies-miquel-tarradell\/estudis-ofertats\/","title":{"rendered":"Estudis oferts"},"content":{"rendered":"\n<h2 class=\"wp-block-heading has-text-color has-link-color wp-elements-62eb08ae84b7de252ffe68b05a8ff836\" style=\"color:#716a6a\">Estudis oferts<\/h2>\n\n\n\n<p class=\"has-ast-global-color-1-color has-text-color has-link-color wp-elements-3a82f98d06c1555ef573295317ef9271\"><strong>Benvinguts a la p\u00e0gina dels estudis oferts a l&#8217;INS Miquel Tarradell. Pots clicar al men\u00fa lateral cadascun dels estudis que impartim: ESO, Batxillerat, Batxillerat Professionalitzador i els nostres cicles formatius de la fam\u00edlia de Serveis Socioculturals i a la Comunitat.<\/strong><\/p>\n\n\n\n<div class=\"wp-block-columns are-vertically-aligned-center is-layout-flex wp-container-core-columns-is-layout-1 wp-block-columns-is-layout-flex\">\n<div class=\"wp-block-column is-vertically-aligned-center is-layout-flow wp-block-column-is-layout-flow\" style=\"flex-basis:40%\">\n<figure class=\"wp-block-embed is-type-video is-provider-youtube wp-block-embed-youtube wp-embed-aspect-16-9 wp-has-aspect-ratio\"><div class=\"wp-block-embed__wrapper\">\n<div class=\"ast-oembed-container \" style=\"height: 100%;\"><iframe loading=\"lazy\" title=\"Coneix l&#039;Ins Miquel Tarradell\" width=\"500\" height=\"281\" src=\"https:\/\/www.youtube.com\/embed\/pyTb5Oar8Lk?start=2&#038;feature=oembed\" frameborder=\"0\" allow=\"accelerometer; autoplay; clipboard-write; encrypted-media; gyroscope; picture-in-picture; web-share\" referrerpolicy=\"strict-origin-when-cross-origin\" allowfullscreen><\/iframe><\/div>\n<\/div><\/figure>\n<\/div>\n\n\n\n<div class=\"wp-block-column is-vertically-aligned-center is-layout-flow wp-block-column-is-layout-flow\" style=\"flex-basis:60%\">\n<p class=\"has-text-align-center has-white-color has-ast-global-color-1-background-color has-text-color has-background has-link-color wp-elements-4bb2ac67483ad00e69952ffc9dd85c9a\" style=\"border-radius:43px;font-size:24px;line-height:1.8\"><a href=\"https:\/\/agora.xtec.cat\/ies-miquel-tarradell\/estudis-ofertats\/eso\/\" data-type=\"page\" data-id=\"671\">ESO<\/a><\/p>\n\n\n\n<p class=\"has-text-align-center has-white-color has-ast-global-color-1-background-color has-text-color has-background has-link-color wp-elements-92963e361209b165680a406982e7794f\" style=\"border-radius:43px;font-size:24px;line-height:1.8\"><a href=\"https:\/\/agora.xtec.cat\/ies-miquel-tarradell\/estudis-ofertats\/batxillerats\/\" data-type=\"page\" data-id=\"673\">Batxillerat<\/a><\/p>\n\n\n\n<p class=\"has-text-align-center has-white-color has-ast-global-color-1-background-color has-text-color has-background has-link-color wp-elements-fe3ebb4855621cb3ce602fbaad5df83b\" style=\"border-radius:43px;font-size:24px;line-height:1.8\"><a href=\"https:\/\/agora.xtec.cat\/ies-miquel-tarradell\/estudis-ofertats\/batxillerat-professionalitzador\/\" data-type=\"page\" data-id=\"11124\">Batxillerat Professionalitzador<\/a><\/p>\n\n\n\n<p class=\"has-text-align-center has-white-color has-ast-global-color-1-background-color has-text-color has-background has-link-color wp-elements-52b81a4960ee3696a9d1f17a77889c31\" style=\"border-radius:43px;font-size:24px;line-height:1.8\"><a href=\"https:\/\/agora.xtec.cat\/ies-miquel-tarradell\/estudis-ofertats\/cicles-formatius\/tapsd\/\" data-type=\"page\" data-id=\"677\">CFGM Atenci\u00f3 a Persones en Situaci\u00f3 de Depend\u00e8ncia<\/a><\/p>\n\n\n\n<p class=\"has-text-align-center has-white-color has-ast-global-color-1-background-color has-text-color has-background has-link-color wp-elements-dbb1b4622d1608edf0737633c6ff6afc\" style=\"border-radius:43px;font-size:24px;line-height:1.8\"><a href=\"https:\/\/agora.xtec.cat\/ies-miquel-tarradell\/estudis-ofertats\/cicles-formatius\/tis\/\" data-type=\"page\" data-id=\"681\">CFGS Integraci\u00f3 Social<\/a><\/p>\n\n\n\n<p class=\"has-text-align-center has-white-color has-ast-global-color-1-background-color has-text-color has-background has-link-color wp-elements-125b8436c8b61e8d397dd76c76a510bd\" style=\"border-radius:43px;font-size:24px;line-height:1.8\"><a href=\"https:\/\/agora.xtec.cat\/ies-miquel-tarradell\/estudis-ofertats\/cicles-formatius\/tei\/\" data-type=\"page\" data-id=\"679\">CFGS Educaci\u00f3 Infantil<\/a><\/p>\n<\/div>\n<\/div>\n\n\n\n<hr class=\"wp-block-separator has-text-color has-ast-global-color-1-color has-alpha-channel-opacity has-ast-global-color-1-background-color has-background is-style-wide\" style=\"margin-top:var(--wp--preset--spacing--30);margin-bottom:var(--wp--preset--spacing--30)\"\/>\n\n\n\n<ul class=\"wp-block-list\">\n<li class=\"has-text-color has-link-color has-medium-font-size wp-elements-b7bfa47646bbee16eacdb4bdc80854e5\" style=\"color:#696767\"><a href=\"https:\/\/www.edubcn.cat\/ca\/alumnat_i_familia\/informacio_general_matriculacio\/preinscripcio_info\">Informaci\u00f3 sobre la preinscripci\u00f3 pel curs 2026-27<\/a><\/li>\n\n\n\n<li class=\"has-text-color has-link-color has-medium-font-size wp-elements-ba4f7186659205a618c179ee1be381b1\" style=\"color:#696767\">Correu electr\u00f2nic on podeu adre\u00e7ar les vostres consultes sobre els estudis (actiu en el per\u00edode de preinscripci\u00f3 i matr\u00edcula):\u00a0<strong>portesobertes@instarradell.cat<\/strong><\/li>\n<\/ul>\n\n\n\n<div class=\"wp-block-columns are-vertically-aligned-center is-layout-flex wp-container-core-columns-is-layout-2 wp-block-columns-is-layout-flex\">\n<div class=\"wp-block-column is-vertically-aligned-center is-layout-flow wp-block-column-is-layout-flow\" style=\"border-style:none;border-width:0px;flex-basis:20%\">\n<figure class=\"wp-block-image alignleft size-full is-resized has-custom-border\" style=\"margin-right:0;margin-left:0\"><img loading=\"lazy\" decoding=\"async\" width=\"500\" height=\"500\" src=\"https:\/\/agora.xtec.cat\/ies-miquel-tarradell\/wp-content\/uploads\/usu83\/2024\/03\/Disseny-sense-titol-2.png\" alt=\"\" class=\"wp-image-9082\" style=\"border-width:1px;border-radius:100px;width:145px;height:auto\" srcset=\"https:\/\/agora.xtec.cat\/ies-miquel-tarradell\/wp-content\/uploads\/usu83\/2024\/03\/Disseny-sense-titol-2.png 500w, https:\/\/agora.xtec.cat\/ies-miquel-tarradell\/wp-content\/uploads\/usu83\/2024\/03\/Disseny-sense-titol-2-300x300.png 300w, https:\/\/agora.xtec.cat\/ies-miquel-tarradell\/wp-content\/uploads\/usu83\/2024\/03\/Disseny-sense-titol-2-150x150.png 150w\" sizes=\"auto, (max-width: 500px) 100vw, 500px\" \/><\/figure>\n<\/div>\n\n\n\n<div class=\"wp-block-column is-vertically-aligned-center is-layout-flow wp-container-core-column-is-layout-4 wp-block-column-is-layout-flow\" style=\"border-style:none;border-width:0px;border-radius:0px;padding-right:0;padding-left:0;flex-basis:80%\">\n<h5 class=\"wp-block-heading\"><a href=\"https:\/\/agora.xtec.cat\/ies-miquel-tarradell\/noticies\/revista\/\">Us convidem a visitar tamb\u00e9 la nostra revista: La Ravalesa&nbsp;<\/a><\/h5>\n<\/div>\n<\/div>\n","protected":false},"excerpt":{"rendered":"<p>Estudis oferts Benvinguts a la p\u00e0gina dels estudis oferts a l&#8217;INS Miquel Tarradell. Pots clicar al men\u00fa lateral cadascun dels estudis que impartim: ESO, Batxillerat, Batxillerat Professionalitzador i els nostres cicles formatius de la fam\u00edlia de Serveis Socioculturals i a la Comunitat. ESO Batxillerat Batxillerat Professionalitzador CFGM Atenci\u00f3 a Persones en Situaci\u00f3 de Depend\u00e8ncia CFGS [&hellip;]<\/p>\n","protected":false},"author":1,"featured_media":0,"parent":0,"menu_order":0,"comment_status":"closed","ping_status":"closed","template":"","meta":{"_bbp_topic_count":0,"_bbp_reply_count":0,"_bbp_total_topic_count":0,"_bbp_total_reply_count":0,"_bbp_voice_count":0,"_bbp_anonymous_reply_count":0,"_bbp_topic_count_hidden":0,"_bbp_reply_count_hidden":0,"_bbp_forum_subforum_count":0,"site-sidebar-layout":"default","site-content-layout":"","ast-site-content-layout":"default","site-content-style":"default","site-sidebar-style":"default","ast-global-header-display":"","ast-banner-title-visibility":"","ast-main-header-display":"","ast-hfb-above-header-display":"","ast-hfb-below-header-display":"","ast-hfb-mobile-header-display":"","site-post-title":"disabled","ast-breadcrumbs-content":"","ast-featured-img":"","footer-sml-layout":"","theme-transparent-header-meta":"","adv-header-id-meta":"","stick-header-meta":"","header-above-stick-meta":"","header-main-stick-meta":"","header-below-stick-meta":"","astra-migrate-meta-layouts":"set","ast-page-background-enabled":"default","ast-page-background-meta":{"desktop":{"background-color":"var(--ast-global-color-4)","background-image":"","background-repeat":"repeat","background-position":"center center","background-size":"auto","background-attachment":"scroll","background-type":"","background-media":"","overlay-type":"","overlay-color":"","overlay-opacity":"","overlay-gradient":""},"tablet":{"background-color":"","background-image":"","background-repeat":"repeat","background-position":"center center","background-size":"auto","background-attachment":"scroll","background-type":"","background-media":"","overlay-type":"","overlay-color":"","overlay-opacity":"","overlay-gradient":""},"mobile":{"background-color":"","background-image":"","background-repeat":"repeat","background-position":"center center","background-size":"auto","background-attachment":"scroll","background-type":"","background-media":"","overlay-type":"","overlay-color":"","overlay-opacity":"","overlay-gradient":""}},"ast-content-background-meta":{"desktop":{"background-color":"var(--ast-global-color-5)","background-image":"","background-repeat":"repeat","background-position":"center center","background-size":"auto","background-attachment":"scroll","background-type":"","background-media":"","overlay-type":"","overlay-color":"","overlay-opacity":"","overlay-gradient":""},"tablet":{"background-color":"var(--ast-global-color-5)","background-image":"","background-repeat":"repeat","background-position":"center center","background-size":"auto","background-attachment":"scroll","background-type":"","background-media":"","overlay-type":"","overlay-color":"","overlay-opacity":"","overlay-gradient":""},"mobile":{"background-color":"var(--ast-global-color-5)","background-image":"","background-repeat":"repeat","background-position":"center center","background-size":"auto","background-attachment":"scroll","background-type":"","background-media":"","overlay-type":"","overlay-color":"","overlay-opacity":"","overlay-gradient":""}},"footnotes":""},"class_list":["post-667","page","type-page","status-publish","hentry"],"post_mailing_queue_ids":[],"_links":{"self":[{"href":"https:\/\/agora.xtec.cat\/ies-miquel-tarradell\/wp-json\/wp\/v2\/pages\/667","targetHints":{"allow":["GET"]}}],"collection":[{"href":"https:\/\/agora.xtec.cat\/ies-miquel-tarradell\/wp-json\/wp\/v2\/pages"}],"about":[{"href":"https:\/\/agora.xtec.cat\/ies-miquel-tarradell\/wp-json\/wp\/v2\/types\/page"}],"author":[{"embeddable":true,"href":"https:\/\/agora.xtec.cat\/ies-miquel-tarradell\/wp-json\/wp\/v2\/users\/1"}],"replies":[{"embeddable":true,"href":"https:\/\/agora.xtec.cat\/ies-miquel-tarradell\/wp-json\/wp\/v2\/comments?post=667"}],"version-history":[{"count":6,"href":"https:\/\/agora.xtec.cat\/ies-miquel-tarradell\/wp-json\/wp\/v2\/pages\/667\/revisions"}],"predecessor-version":[{"id":11193,"href":"https:\/\/agora.xtec.cat\/ies-miquel-tarradell\/wp-json\/wp\/v2\/pages\/667\/revisions\/11193"}],"wp:attachment":[{"href":"https:\/\/agora.xtec.cat\/ies-miquel-tarradell\/wp-json\/wp\/v2\/media?parent=667"}],"curies":[{"name":"wp","href":"https:\/\/api.w.org\/{rel}","templated":true}]}}