{"id":6653,"date":"2022-11-24T15:40:34","date_gmt":"2022-11-24T14:40:34","guid":{"rendered":"https:\/\/agora.xtec.cat\/ies-miquel-tarradell\/?page_id=6653"},"modified":"2023-01-10T11:55:13","modified_gmt":"2023-01-10T10:55:13","slug":"resultats-de-la-diagnosi","status":"publish","type":"page","link":"https:\/\/agora.xtec.cat\/ies-miquel-tarradell\/resultats-de-la-diagnosi\/","title":{"rendered":"Resultats de la diagnosi"},"content":{"rendered":"<p><img loading=\"lazy\" decoding=\"async\" class=\"alignnone wp-image-6651\" src=\"https:\/\/agora.xtec.cat\/ies-miquel-tarradell\/wp-content\/uploads\/usu83\/2022\/11\/Captura-de-pantalla-2022-11-24-153256.png\" alt=\"\" width=\"475\" height=\"86\" srcset=\"https:\/\/agora.xtec.cat\/ies-miquel-tarradell\/wp-content\/uploads\/usu83\/2022\/11\/Captura-de-pantalla-2022-11-24-153256.png 712w, https:\/\/agora.xtec.cat\/ies-miquel-tarradell\/wp-content\/uploads\/usu83\/2022\/11\/Captura-de-pantalla-2022-11-24-153256-300x54.png 300w\" sizes=\"auto, (max-width: 475px) 100vw, 475px\" \/><\/p>\n<p>Despr\u00e9s de fer la diagnosi us presentem els resultats en els seg\u00fcents \u00e0mbits: alumnat i fam\u00edlies, professorat i centre. De cada \u00e0mbit presentem els punts forts i febles.<\/p>\n<p>Les eines utilitzades en la diagnosi s\u00f3n l<a href=\"https:\/\/drive.google.com\/file\/d\/14iyHTd4PobjiU4M9JU-Nw7zU3JPhWXu7\/view?usp=sharing\" target=\"_blank\" rel=\"noopener\">&#8216;eina Selfie<\/a>,<a href=\"https:\/\/docs.google.com\/spreadsheets\/d\/1XEwHJyKobStwc2Sh7_s3FIoAX1sJHV7ZQXen8M81Amc\/edit?usp=sharing\" target=\"_blank\" rel=\"noopener\"> Selfie for teachers<\/a>, els \u00edtems del pla TAC, <a href=\"https:\/\/docs.google.com\/spreadsheets\/d\/1ldI42koKyXR4_KiYcaWSzOh8j23ii6yA\/edit?usp=sharing&amp;ouid=112670795422867902354&amp;rtpof=true&amp;sd=true\" target=\"_blank\" rel=\"noopener\">enquestes a les fam\u00edlies<\/a> i indicadors de centre.<\/p>\n<p><img loading=\"lazy\" decoding=\"async\" class=\"alignnone size-large wp-image-6806\" src=\"https:\/\/agora.xtec.cat\/ies-miquel-tarradell\/wp-content\/uploads\/usu83\/2022\/12\/Diagnosi-resultats-2-1024x489.png\" alt=\"\" width=\"1024\" height=\"489\" srcset=\"https:\/\/agora.xtec.cat\/ies-miquel-tarradell\/wp-content\/uploads\/usu83\/2022\/12\/Diagnosi-resultats-2-1024x489.png 1024w, https:\/\/agora.xtec.cat\/ies-miquel-tarradell\/wp-content\/uploads\/usu83\/2022\/12\/Diagnosi-resultats-2-300x143.png 300w, https:\/\/agora.xtec.cat\/ies-miquel-tarradell\/wp-content\/uploads\/usu83\/2022\/12\/Diagnosi-resultats-2-768x367.png 768w, https:\/\/agora.xtec.cat\/ies-miquel-tarradell\/wp-content\/uploads\/usu83\/2022\/12\/Diagnosi-resultats-2-1536x734.png 1536w, https:\/\/agora.xtec.cat\/ies-miquel-tarradell\/wp-content\/uploads\/usu83\/2022\/12\/Diagnosi-resultats-2.png 1585w\" sizes=\"auto, (max-width: 1024px) 100vw, 1024px\" \/><\/p>\n<ul style=\"list-style-type: circle;\">\n<li><a href=\"https:\/\/drive.google.com\/file\/d\/14iyHTd4PobjiU4M9JU-Nw7zU3JPhWXu7\/view?usp=sharing\" target=\"_blank\" rel=\"noopener\">Enlla\u00e7 als resultats eina SELFIE (Formaci\u00f3 Professional)<\/a><\/li>\n<li><a href=\"https:\/\/drive.google.com\/file\/d\/1eEv9MRRp2a4bWitZy0U14PXgBqyMPPQs\/view?usp=sharing\" target=\"_blank\" rel=\"noopener\">Enlla\u00e7 als resultats eina SELFIE (Secund\u00e0ria)<\/a><\/li>\n<\/ul>\n<p>&nbsp;<\/p>\n<p>&nbsp;<\/p>\n","protected":false},"excerpt":{"rendered":"<p>Despr\u00e9s de fer la diagnosi us presentem els resultats en els seg\u00fcents \u00e0mbits: alumnat i fam\u00edlies, professorat i centre. De cada \u00e0mbit presentem els punts forts i febles. Les eines utilitzades en la diagnosi s\u00f3n l&#8216;eina Selfie, Selfie for teachers, els \u00edtems del pla TAC, enquestes a les fam\u00edlies i indicadors de centre. Enlla\u00e7 als [&hellip;]<\/p>\n","protected":false},"author":1,"featured_media":0,"parent":0,"menu_order":0,"comment_status":"closed","ping_status":"closed","template":"","meta":{"_bbp_topic_count":0,"_bbp_reply_count":0,"_bbp_total_topic_count":0,"_bbp_total_reply_count":0,"_bbp_voice_count":0,"_bbp_anonymous_reply_count":0,"_bbp_topic_count_hidden":0,"_bbp_reply_count_hidden":0,"_bbp_forum_subforum_count":0,"site-sidebar-layout":"default","site-content-layout":"","ast-site-content-layout":"","site-content-style":"default","site-sidebar-style":"default","ast-global-header-display":"","ast-banner-title-visibility":"","ast-main-header-display":"","ast-hfb-above-header-display":"","ast-hfb-below-header-display":"","ast-hfb-mobile-header-display":"","site-post-title":"","ast-breadcrumbs-content":"","ast-featured-img":"","footer-sml-layout":"","theme-transparent-header-meta":"","adv-header-id-meta":"","stick-header-meta":"","header-above-stick-meta":"","header-main-stick-meta":"","header-below-stick-meta":"","astra-migrate-meta-layouts":"default","ast-page-background-enabled":"default","ast-page-background-meta":{"desktop":{"background-color":"var(--ast-global-color-4)","background-image":"","background-repeat":"repeat","background-position":"center center","background-size":"auto","background-attachment":"scroll","background-type":"","background-media":"","overlay-type":"","overlay-color":"","overlay-opacity":"","overlay-gradient":""},"tablet":{"background-color":"","background-image":"","background-repeat":"repeat","background-position":"center center","background-size":"auto","background-attachment":"scroll","background-type":"","background-media":"","overlay-type":"","overlay-color":"","overlay-opacity":"","overlay-gradient":""},"mobile":{"background-color":"","background-image":"","background-repeat":"repeat","background-position":"center center","background-size":"auto","background-attachment":"scroll","background-type":"","background-media":"","overlay-type":"","overlay-color":"","overlay-opacity":"","overlay-gradient":""}},"ast-content-background-meta":{"desktop":{"background-color":"var(--ast-global-color-5)","background-image":"","background-repeat":"repeat","background-position":"center center","background-size":"auto","background-attachment":"scroll","background-type":"","background-media":"","overlay-type":"","overlay-color":"","overlay-opacity":"","overlay-gradient":""},"tablet":{"background-color":"var(--ast-global-color-5)","background-image":"","background-repeat":"repeat","background-position":"center center","background-size":"auto","background-attachment":"scroll","background-type":"","background-media":"","overlay-type":"","overlay-color":"","overlay-opacity":"","overlay-gradient":""},"mobile":{"background-color":"var(--ast-global-color-5)","background-image":"","background-repeat":"repeat","background-position":"center center","background-size":"auto","background-attachment":"scroll","background-type":"","background-media":"","overlay-type":"","overlay-color":"","overlay-opacity":"","overlay-gradient":""}},"footnotes":""},"class_list":["post-6653","page","type-page","status-publish","hentry"],"post_mailing_queue_ids":[],"_links":{"self":[{"href":"https:\/\/agora.xtec.cat\/ies-miquel-tarradell\/wp-json\/wp\/v2\/pages\/6653","targetHints":{"allow":["GET"]}}],"collection":[{"href":"https:\/\/agora.xtec.cat\/ies-miquel-tarradell\/wp-json\/wp\/v2\/pages"}],"about":[{"href":"https:\/\/agora.xtec.cat\/ies-miquel-tarradell\/wp-json\/wp\/v2\/types\/page"}],"author":[{"embeddable":true,"href":"https:\/\/agora.xtec.cat\/ies-miquel-tarradell\/wp-json\/wp\/v2\/users\/1"}],"replies":[{"embeddable":true,"href":"https:\/\/agora.xtec.cat\/ies-miquel-tarradell\/wp-json\/wp\/v2\/comments?post=6653"}],"version-history":[{"count":3,"href":"https:\/\/agora.xtec.cat\/ies-miquel-tarradell\/wp-json\/wp\/v2\/pages\/6653\/revisions"}],"predecessor-version":[{"id":6957,"href":"https:\/\/agora.xtec.cat\/ies-miquel-tarradell\/wp-json\/wp\/v2\/pages\/6653\/revisions\/6957"}],"wp:attachment":[{"href":"https:\/\/agora.xtec.cat\/ies-miquel-tarradell\/wp-json\/wp\/v2\/media?parent=6653"}],"curies":[{"name":"wp","href":"https:\/\/api.w.org\/{rel}","templated":true}]}}