{"id":2631,"date":"2021-02-17T15:31:10","date_gmt":"2021-02-17T14:31:10","guid":{"rendered":"http:\/\/agora.xtec.cat\/ies-miquel-tarradell\/?page_id=2631"},"modified":"2025-10-26T21:08:42","modified_gmt":"2025-10-26T20:08:42","slug":"formacio-en-centres-de-treball","status":"publish","type":"page","link":"https:\/\/agora.xtec.cat\/ies-miquel-tarradell\/projectes\/projectes-cicles-formatius\/formacio-en-centres-de-treball\/","title":{"rendered":"Estada a l&#8217;empresa"},"content":{"rendered":"\n<figure class=\"wp-block-image aligncenter size-full is-resized has-custom-border\"><a href=\"https:\/\/agora.xtec.cat\/ies-miquel-tarradell\/wp-content\/uploads\/usu83\/2025\/10\/GettyImages-1329043831.jpg\"><img loading=\"lazy\" decoding=\"async\" width=\"2190\" height=\"1369\" src=\"https:\/\/agora.xtec.cat\/ies-miquel-tarradell\/wp-content\/uploads\/usu83\/2025\/10\/GettyImages-1329043831.jpg\" alt=\"\" class=\"has-border-color has-black-border-color wp-image-10522\" style=\"border-width:5px;width:357px;height:auto\" srcset=\"https:\/\/agora.xtec.cat\/ies-miquel-tarradell\/wp-content\/uploads\/usu83\/2025\/10\/GettyImages-1329043831.jpg 2190w, https:\/\/agora.xtec.cat\/ies-miquel-tarradell\/wp-content\/uploads\/usu83\/2025\/10\/GettyImages-1329043831-300x188.jpg 300w, https:\/\/agora.xtec.cat\/ies-miquel-tarradell\/wp-content\/uploads\/usu83\/2025\/10\/GettyImages-1329043831-1024x640.jpg 1024w, https:\/\/agora.xtec.cat\/ies-miquel-tarradell\/wp-content\/uploads\/usu83\/2025\/10\/GettyImages-1329043831-768x480.jpg 768w, https:\/\/agora.xtec.cat\/ies-miquel-tarradell\/wp-content\/uploads\/usu83\/2025\/10\/GettyImages-1329043831-1536x960.jpg 1536w, https:\/\/agora.xtec.cat\/ies-miquel-tarradell\/wp-content\/uploads\/usu83\/2025\/10\/GettyImages-1329043831-2048x1280.jpg 2048w\" sizes=\"auto, (max-width: 2190px) 100vw, 2190px\" \/><\/a><\/figure>\n\n\n\n<p class=\"has-medium-font-size\"><span style=\"font-weight: 400;\">L&#8217;estada a l&#8217;empresa DUAL consisteix en pr\u00e0ctiques i estades formatives no laborals que realitza l&#8217;alumnat d&#8217;ensenyaments de Formaci\u00f3 Professional Inicial, en centres de treball, mitjan\u00e7ant un acord de col\u00b7laboraci\u00f3 que subscriuen l\u2019institut i l\u2019empresa on realitza les pr\u00e0ctiques.&nbsp;<\/span><\/p>\n\n\n\n<p class=\"has-medium-font-size\"><span style=\"font-weight: 400;\">Aquest m\u00f2dul forma part del curr\u00edculum oficial dels diversos cicles formatius que es cursen al nostre institut i, per tant, \u00e9s necessari per obtenir el t\u00edtol de les especialitats corresponents.&nbsp;<\/span><\/p>\n\n\n\n<p class=\"has-medium-font-size\"><span style=\"font-weight: 400;\">A trav\u00e9s de l&#8217;estada a l&#8217;empresa  es volen aconseguir dos objectius b\u00e0sics:<\/span><\/p>\n\n\n\n<ul class=\"wp-block-list\">\n<li class=\"has-medium-font-size\">C<span style=\"font-weight: 400;\">ompletar l\u2019adquisici\u00f3 de les compet\u00e8ncies professionals assolides en el cicle formatiu<\/span><\/li>\n\n\n\n<li class=\"has-medium-font-size\"><span style=\"font-weight: 400;\">Facilitar la incorporaci\u00f3 de l\u2019alumne\/a al m\u00f3n laboral<\/span><\/li>\n<\/ul>\n\n\n\n<p class=\"has-medium-font-size\"><span style=\"font-weight: 400;\">Qu\u00e8 comporta per a l&#8217;alumnat la realitzaci\u00f3 d\u2019aquest m\u00f2dul?<\/span><\/p>\n\n\n\n<ul class=\"wp-block-list\">\n<li class=\"has-medium-font-size\"><span style=\"font-weight: 400;\">El coneixement del m\u00f3n laboral i de l&#8217;empresa.<\/span><\/li>\n\n\n\n<li class=\"has-medium-font-size\"><span style=\"font-weight: 400;\">La compleci\u00f3 de la seva formaci\u00f3 professional, per capacitar-se per a la seva incorporaci\u00f3 al m\u00f3n laboral.<\/span><\/li>\n\n\n\n<li class=\"has-medium-font-size\"><span style=\"font-weight: 400;\">L&#8217;obtenci\u00f3 d&#8217;una formaci\u00f3 adaptada a llocs de treball espec\u00edfics.<\/span><\/li>\n\n\n\n<li class=\"has-medium-font-size\"><span style=\"font-weight: 400;\">L&#8217;acostament a la cultura d&#8217;empresa.<\/span><\/li>\n<\/ul>\n\n\n\n<p class=\"has-medium-font-size\">Part de l&#8217;e<span style=\"font-weight: 400;\">stada a l&#8217;empresa  es pot dur a terme en empreses de fora del territori catal\u00e0 a trav\u00e9s de la participaci\u00f3 del centre educatiu en el programa europeu ERASMUS+.&nbsp;<\/span><\/p>\n\n\n\n<p class=\"has-medium-font-size\"><span style=\"font-weight: 400;\">A m\u00e9s, el nostre institut, ofereix places per a  l\u2019alumnat del cicles formatius per realitzar la modalitat DUAL intensiva amb una remuneraci\u00f3 mensual. <\/span><\/p>\n\n\n\n<p class=\"has-medium-font-size\"><span style=\"font-weight: 400;\">L\u2019Institut compta amb una xarxa d\u2019empreses col\u00b7laboradores estable situades, en la seva majoria, al Districte de Ciutat Vella i a la Ciutat de Barcelona. El tipus d\u2019entitats amb els que es col\u00b7labora en funci\u00f3 dels diversos cicles formatius \u00e9s el seg\u00fcent:&nbsp;<\/span><\/p>\n\n\n\n<ul class=\"wp-block-list\">\n<li class=\"has-medium-font-size\"><span style=\"font-weight: 400;\">CFGM Atenci\u00f3 a Persones en Situaci\u00f3 de Depend\u00e8ncia: centres de dia, resid\u00e8ncies de gent gran, centres ocupacionals, centres d\u2019educaci\u00f3 especial&#8230;<\/span><\/li>\n\n\n\n<li class=\"has-medium-font-size\"><span style=\"font-weight: 400;\">CFGS Educaci\u00f3 Infantil: escoles bressol o llars d\u2019infants, escoles on s\u2019imparteix el segon cicle d\u2019Educaci\u00f3 Infantil, espais familiars&#8230;<\/span><\/li>\n\n\n\n<li class=\"has-medium-font-size\"><span style=\"font-weight: 400;\">CFGS Integraci\u00f3 Social: entitats que es dediquen a l\u2019atenci\u00f3 a persones en risc d\u2019exclusi\u00f3 socials (inf\u00e0ncia, adolesc\u00e8ncia, fam\u00edlies\u2026), equipaments per a joves immigrants en situaci\u00f3 de vulnerabilitat i sensellarisme, entitats que potencien el benestar i la inclusi\u00f3 de les persones amb discapacitat intel\u00b7lectual greu, instituts, tallers ocupacionals, espais familiars&#8230;<\/span><\/li>\n<\/ul>\n\n\n\n<p>&nbsp;<\/p>\n","protected":false},"excerpt":{"rendered":"<p>L&#8217;estada a l&#8217;empresa DUAL consisteix en pr\u00e0ctiques i estades formatives no laborals que realitza l&#8217;alumnat d&#8217;ensenyaments de Formaci\u00f3 Professional Inicial, en centres de treball, mitjan\u00e7ant un acord de col\u00b7laboraci\u00f3 que subscriuen l\u2019institut i l\u2019empresa on realitza les pr\u00e0ctiques.&nbsp; Aquest m\u00f2dul forma part del curr\u00edculum oficial dels diversos cicles formatius que es cursen al nostre institut [&hellip;]<\/p>\n","protected":false},"author":1,"featured_media":0,"parent":1425,"menu_order":60,"comment_status":"closed","ping_status":"closed","template":"","meta":{"_bbp_topic_count":0,"_bbp_reply_count":0,"_bbp_total_topic_count":0,"_bbp_total_reply_count":0,"_bbp_voice_count":0,"_bbp_anonymous_reply_count":0,"_bbp_topic_count_hidden":0,"_bbp_reply_count_hidden":0,"_bbp_forum_subforum_count":0,"site-sidebar-layout":"default","site-content-layout":"","ast-site-content-layout":"default","site-content-style":"default","site-sidebar-style":"default","ast-global-header-display":"","ast-banner-title-visibility":"","ast-main-header-display":"","ast-hfb-above-header-display":"","ast-hfb-below-header-display":"","ast-hfb-mobile-header-display":"","site-post-title":"","ast-breadcrumbs-content":"","ast-featured-img":"","footer-sml-layout":"","theme-transparent-header-meta":"","adv-header-id-meta":"","stick-header-meta":"","header-above-stick-meta":"","header-main-stick-meta":"","header-below-stick-meta":"","astra-migrate-meta-layouts":"set","ast-page-background-enabled":"default","ast-page-background-meta":{"desktop":{"background-color":"var(--ast-global-color-4)","background-image":"","background-repeat":"repeat","background-position":"center center","background-size":"auto","background-attachment":"scroll","background-type":"","background-media":"","overlay-type":"","overlay-color":"","overlay-opacity":"","overlay-gradient":""},"tablet":{"background-color":"","background-image":"","background-repeat":"repeat","background-position":"center center","background-size":"auto","background-attachment":"scroll","background-type":"","background-media":"","overlay-type":"","overlay-color":"","overlay-opacity":"","overlay-gradient":""},"mobile":{"background-color":"","background-image":"","background-repeat":"repeat","background-position":"center center","background-size":"auto","background-attachment":"scroll","background-type":"","background-media":"","overlay-type":"","overlay-color":"","overlay-opacity":"","overlay-gradient":""}},"ast-content-background-meta":{"desktop":{"background-color":"var(--ast-global-color-5)","background-image":"","background-repeat":"repeat","background-position":"center center","background-size":"auto","background-attachment":"scroll","background-type":"","background-media":"","overlay-type":"","overlay-color":"","overlay-opacity":"","overlay-gradient":""},"tablet":{"background-color":"var(--ast-global-color-5)","background-image":"","background-repeat":"repeat","background-position":"center center","background-size":"auto","background-attachment":"scroll","background-type":"","background-media":"","overlay-type":"","overlay-color":"","overlay-opacity":"","overlay-gradient":""},"mobile":{"background-color":"var(--ast-global-color-5)","background-image":"","background-repeat":"repeat","background-position":"center center","background-size":"auto","background-attachment":"scroll","background-type":"","background-media":"","overlay-type":"","overlay-color":"","overlay-opacity":"","overlay-gradient":""}},"footnotes":""},"class_list":["post-2631","page","type-page","status-publish","hentry"],"post_mailing_queue_ids":[],"_links":{"self":[{"href":"https:\/\/agora.xtec.cat\/ies-miquel-tarradell\/wp-json\/wp\/v2\/pages\/2631","targetHints":{"allow":["GET"]}}],"collection":[{"href":"https:\/\/agora.xtec.cat\/ies-miquel-tarradell\/wp-json\/wp\/v2\/pages"}],"about":[{"href":"https:\/\/agora.xtec.cat\/ies-miquel-tarradell\/wp-json\/wp\/v2\/types\/page"}],"author":[{"embeddable":true,"href":"https:\/\/agora.xtec.cat\/ies-miquel-tarradell\/wp-json\/wp\/v2\/users\/1"}],"replies":[{"embeddable":true,"href":"https:\/\/agora.xtec.cat\/ies-miquel-tarradell\/wp-json\/wp\/v2\/comments?post=2631"}],"version-history":[{"count":6,"href":"https:\/\/agora.xtec.cat\/ies-miquel-tarradell\/wp-json\/wp\/v2\/pages\/2631\/revisions"}],"predecessor-version":[{"id":10524,"href":"https:\/\/agora.xtec.cat\/ies-miquel-tarradell\/wp-json\/wp\/v2\/pages\/2631\/revisions\/10524"}],"up":[{"embeddable":true,"href":"https:\/\/agora.xtec.cat\/ies-miquel-tarradell\/wp-json\/wp\/v2\/pages\/1425"}],"wp:attachment":[{"href":"https:\/\/agora.xtec.cat\/ies-miquel-tarradell\/wp-json\/wp\/v2\/media?parent=2631"}],"curies":[{"name":"wp","href":"https:\/\/api.w.org\/{rel}","templated":true}]}}