{"id":2293,"date":"2021-02-07T19:58:51","date_gmt":"2021-02-07T18:58:51","guid":{"rendered":"http:\/\/agora.xtec.cat\/ies-miquel-tarradell\/?page_id=2293"},"modified":"2026-01-17T19:05:15","modified_gmt":"2026-01-17T18:05:15","slug":"trets-didentitat","status":"publish","type":"page","link":"https:\/\/agora.xtec.cat\/ies-miquel-tarradell\/linstitut\/trets-didentitat\/","title":{"rendered":"Trets d&#8217;identitat"},"content":{"rendered":"\n<p>L\u2019INS Miquel Tarradell \u00e9s un centre p\u00fablic situat al barri del Raval de Barcelona, al districte de Ciutat Vella des del curs 96-97. S\u2019imparteixen estudis ESO, Batxillerat (en les modalitats cient\u00edfica, tecnol\u00f2gica, human\u00edstica i social), i Cicles Formatius de la Fam\u00edlia de Serveis Socioculturals i a la Comunitat, concretament CFGM T\u00e8cnic en Atenci\u00f3 a Persones en Situaci\u00f3 de depend\u00e8ncia, CFGS T\u00e8cnic en Integraci\u00f3 Social i CFGS T\u00e8cnic en Educaci\u00f3 Infantil.<\/p>\n\n\n\n<p>L\u2019INS Miquel Tarradell vol esdevenir un centre de refer\u00e8ncia en la ciutat per la qualitat i la innovaci\u00f3 dels ensenyaments que ofereix, per la capacitat de donar resposta a les necessitats de tot l\u2019alumnat, tant en l\u2019\u00e0mbit hum\u00e0 com en l\u2019acad\u00e8mic, per la identificaci\u00f3 i comprom\u00eds amb l\u2019entorn, per la innovaci\u00f3 pedag\u00f2gica i pel bon clima relacional entre tots els membres de la comunitat educativa.<\/p>\n\n\n\n<div class=\"wp-block-getwid-accordion\" data-active-element=\"none\">\n<div class=\"wp-block-getwid-accordion__header-wrapper\"><h5 class=\"wp-block-getwid-accordion__header\"><a href=\"#\"><span class=\"wp-block-getwid-accordion__header-title\">Objectius educatius<\/span><span class=\"wp-block-getwid-accordion__icon is-active\"><i class=\"fas fa-plus\"><\/i><\/span><span class=\"wp-block-getwid-accordion__icon is-passive\"><i class=\"fas fa-minus\"><\/i><\/span><\/a><\/h5><\/div><div class=\"wp-block-getwid-accordion__content-wrapper\"><div class=\"wp-block-getwid-accordion__content\">\n<ul class=\"wp-block-list\">\n<li>El nostre objectiu prioritari \u00e9s que l\u2019alumnat sigui part activa del seu aprenentatge i es formin personal i professionalment com el futur d\u2019una societat m\u00e9s justa i igualit\u00e0ria.&nbsp;<\/li>\n\n\n\n<li>Fomentem&nbsp; l\u2019esperit cr\u00edtic i reflexiu, el respecte i la interculturalitat. Entenem l\u2019aprenentatge com a proc\u00e9s fent un acompanyament de l\u2019alumnat potenciant les individualitats per a qu\u00e8 cadasc\u00fa faci el seu proc\u00e9s d\u2019aprenentatge.<\/li>\n\n\n\n<li>Treballem amb una metodologia interdisciplin\u00e0ria des de les diferents assignatures tant l\u2019ensenyament obligatori com al postobligatori, utilitzant metodologies innovadores cercant la qualitat i l\u2019\u00e8xit educatiu i personal de l\u2019alumnat.<\/li>\n<\/ul>\n<\/div><\/div>\n\n\n\n<div class=\"wp-block-getwid-accordion__header-wrapper\"><h5 class=\"wp-block-getwid-accordion__header\"><a href=\"#\"><span class=\"wp-block-getwid-accordion__header-title\">Pilars pedag\u00f2gics \/  Bases del model educatiu<\/span><span class=\"wp-block-getwid-accordion__icon is-active\"><i class=\"fas fa-plus\"><\/i><\/span><span class=\"wp-block-getwid-accordion__icon is-passive\"><i class=\"fas fa-minus\"><\/i><\/span><\/a><\/h5><\/div><div class=\"wp-block-getwid-accordion__content-wrapper\"><div class=\"wp-block-getwid-accordion__content\">\n<ul class=\"wp-block-list\">\n<li><strong>Orientaci\u00f3<\/strong>. Preparem l\u2019alumnat per&nbsp; la formaci\u00f3 continuada al llarg de la vida i per la integraci\u00f3 al m\u00f3n laboral, a partir de tutories individualitzades a l\u2019ESO i Batxillerat i formaci\u00f3&nbsp; dual als Cicles Formatius.<\/li>\n\n\n\n<li><strong>Innovaci\u00f3.<\/strong>&nbsp;Creiem en l\u2019educaci\u00f3 com a base de la creativitat.<\/li>\n\n\n\n<li><strong>Ciutadania i equitat.<\/strong>&nbsp;Eduquem ciutadans competents i compromesos amb la societat i l\u2019entorn, incidint en els valors d\u2019igualtat i de no discriminaci\u00f3 per ra\u00f3 de g\u00e8nere, religi\u00f3 i origen.<\/li>\n\n\n\n<li><strong>Pluriling\u00fcisme.&nbsp;<\/strong>Fomentem la compet\u00e8ncia ling\u00fc\u00edstica per con\u00e8ixer i valorar la pluralitat de lleng\u00fces i cultures presents, reconeixent a cadasc\u00fa en la seva singularitat.<\/li>\n\n\n\n<li><strong>Conviv\u00e8ncia<\/strong>. Som un centre pioner en la mediaci\u00f3 i el treball en projectes.<\/li>\n<\/ul>\n<\/div><\/div>\n\n\n\n<div class=\"wp-block-getwid-accordion__header-wrapper\"><h5 class=\"wp-block-getwid-accordion__header\"><a href=\"#\"><span class=\"wp-block-getwid-accordion__header-title\">Criteris d&#8217;organitzaci\u00f3 pedag\u00f2gica<\/span><span class=\"wp-block-getwid-accordion__icon is-active\"><i class=\"fas fa-plus\"><\/i><\/span><span class=\"wp-block-getwid-accordion__icon is-passive\"><i class=\"fas fa-minus\"><\/i><\/span><\/a><\/h5><\/div><div class=\"wp-block-getwid-accordion__content-wrapper\"><div class=\"wp-block-getwid-accordion__content\">\n<ul class=\"wp-block-list\">\n<li>Organitzem el curr\u00edculum en projectes,&nbsp;&nbsp;amb l\u2019objectiu d\u2019aconseguir un sistema educatiu equitatiu que promogui per a tots els alumnes una experi\u00e8ncia educativa inclusiva, empoderadora i de qualitat.&nbsp;<\/li>\n\n\n\n<li>Entenem l\u2019educaci\u00f3 no nom\u00e9s com una tasca redu\u00efda al centre educatiu, per aix\u00f2 treballem en xarxa amb les entitats i centres de cultura del barri. Oferim projectes basats en un aprenentatge significatiu i competencial, amb experi\u00e8ncies educatives vivencials.&nbsp;<\/li>\n\n\n\n<li>Organitzativament, el centre aposta per una formaci\u00f3 heterog\u00e8nia dels grups classe atenent criteris d\u2019educaci\u00f3 inclusiva. En el nostre Centre tots els professors son tutors, per tal de fer un acompanyament individualitzat tant de la vessant acad\u00e8mica com emocional.&nbsp; El nostre objectiu \u00e9s que l\u2019alumnat no nom\u00e9s adquireixi coneixement en el nostre centre sin\u00f3 que visqui experi\u00e8ncies que l\u2019ajudin a desenvolupar-se com a persona.&nbsp;<\/li>\n\n\n\n<li>Som un centre obert mat\u00ed i tarda per tal que l\u2019alumnat gaudeixi sempre d\u2019un espai lectiu per\u00f2 tamb\u00e9 de cohesi\u00f3 social, a trav\u00e9s d\u2019activitats extraescolars diverses: Teatre social, piscina, b\u00e0squet, futbol, refor\u00e7 acad\u00e8mic, espai biblioteca, escriptura creativa.<\/li>\n<\/ul>\n<\/div><\/div>\n\n\n\n<div class=\"wp-block-getwid-accordion__header-wrapper\"><h5 class=\"wp-block-getwid-accordion__header\"><a href=\"#\"><span class=\"wp-block-getwid-accordion__header-title\">\u00c0mbits de participaci\u00f3 i col\u00b7laboraci\u00f3<\/span><span class=\"wp-block-getwid-accordion__icon is-active\"><i class=\"fas fa-plus\"><\/i><\/span><span class=\"wp-block-getwid-accordion__icon is-passive\"><i class=\"fas fa-minus\"><\/i><\/span><\/a><\/h5><\/div><div class=\"wp-block-getwid-accordion__content-wrapper\"><div class=\"wp-block-getwid-accordion__content\">\n<h6 class=\"wp-block-heading\">Participaci\u00f3 de l\u2019alumnat&nbsp;<\/h6>\n\n\n\n<p>El centre promou la participaci\u00f3 activa de l\u2019alumnat a trav\u00e9s de les estrat\u00e8gies i dotant-los dels espais i recursos necessaris.&nbsp;<\/p>\n\n\n\n<ul class=\"wp-block-list\">\n<li>Consell de Delegats: Que es reuneix period\u00edcament per organitzar en comissions mixtes de tota la comunitat educativa.&nbsp;<\/li>\n\n\n\n<li>Consell Escolar: Representants de l\u2019alumnat&nbsp; dels diferents estudis participen en aquest \u00f2rgan.&nbsp;<\/li>\n\n\n\n<li>Equip de mediaci\u00f3: Representats de tots els cursos d\u2019ESO i Batxillerat participen de forma activa en la comissi\u00f3 de conviv\u00e8ncia.&nbsp;<\/li>\n<\/ul>\n\n\n\n<h6 class=\"wp-block-heading\">Participaci\u00f3 de les fam\u00edlies<\/h6>\n\n\n\n<p>A m\u00e9s dels canals habituals: Reunions tutorials de grup i&nbsp; individualitzades, de&nbsp; l\u2019AFA, i del Consell Escolar, l\u2019institut ofereix tallers per a fam\u00edlies: Tallers de parentalitat positiva i tallers espec\u00edfics de formaci\u00f3 (lleng\u00fces, educaci\u00f3 digital).<\/p>\n\n\n\n<p>Des del centre, tamb\u00e9 es fomenta la participaci\u00f3 de les fam\u00edlies en jornades de significaci\u00f3 especial (finals de trimestre, Carnestoltes, Sant Jordi, Portes Obertes\u2026).<\/p>\n<\/div><\/div>\n<\/div>\n","protected":false},"excerpt":{"rendered":"<p>L\u2019INS Miquel Tarradell \u00e9s un centre p\u00fablic situat al barri del Raval de Barcelona, al districte de Ciutat Vella des del curs 96-97. S\u2019imparteixen estudis ESO, Batxillerat (en les modalitats cient\u00edfica, tecnol\u00f2gica, human\u00edstica i social), i Cicles Formatius de la Fam\u00edlia de Serveis Socioculturals i a la Comunitat, concretament CFGM T\u00e8cnic en Atenci\u00f3 a Persones [&hellip;]<\/p>\n","protected":false},"author":1,"featured_media":0,"parent":19,"menu_order":1,"comment_status":"closed","ping_status":"closed","template":"","meta":{"_bbp_topic_count":0,"_bbp_reply_count":0,"_bbp_total_topic_count":0,"_bbp_total_reply_count":0,"_bbp_voice_count":0,"_bbp_anonymous_reply_count":0,"_bbp_topic_count_hidden":0,"_bbp_reply_count_hidden":0,"_bbp_forum_subforum_count":0,"site-sidebar-layout":"default","site-content-layout":"","ast-site-content-layout":"default","site-content-style":"default","site-sidebar-style":"default","ast-global-header-display":"","ast-banner-title-visibility":"","ast-main-header-display":"","ast-hfb-above-header-display":"","ast-hfb-below-header-display":"","ast-hfb-mobile-header-display":"","site-post-title":"","ast-breadcrumbs-content":"","ast-featured-img":"","footer-sml-layout":"","theme-transparent-header-meta":"","adv-header-id-meta":"","stick-header-meta":"","header-above-stick-meta":"","header-main-stick-meta":"","header-below-stick-meta":"","astra-migrate-meta-layouts":"set","ast-page-background-enabled":"default","ast-page-background-meta":{"desktop":{"background-color":"var(--ast-global-color-4)","background-image":"","background-repeat":"repeat","background-position":"center center","background-size":"auto","background-attachment":"scroll","background-type":"","background-media":"","overlay-type":"","overlay-color":"","overlay-opacity":"","overlay-gradient":""},"tablet":{"background-color":"","background-image":"","background-repeat":"repeat","background-position":"center center","background-size":"auto","background-attachment":"scroll","background-type":"","background-media":"","overlay-type":"","overlay-color":"","overlay-opacity":"","overlay-gradient":""},"mobile":{"background-color":"","background-image":"","background-repeat":"repeat","background-position":"center center","background-size":"auto","background-attachment":"scroll","background-type":"","background-media":"","overlay-type":"","overlay-color":"","overlay-opacity":"","overlay-gradient":""}},"ast-content-background-meta":{"desktop":{"background-color":"var(--ast-global-color-5)","background-image":"","background-repeat":"repeat","background-position":"center center","background-size":"auto","background-attachment":"scroll","background-type":"","background-media":"","overlay-type":"","overlay-color":"","overlay-opacity":"","overlay-gradient":""},"tablet":{"background-color":"var(--ast-global-color-5)","background-image":"","background-repeat":"repeat","background-position":"center center","background-size":"auto","background-attachment":"scroll","background-type":"","background-media":"","overlay-type":"","overlay-color":"","overlay-opacity":"","overlay-gradient":""},"mobile":{"background-color":"var(--ast-global-color-5)","background-image":"","background-repeat":"repeat","background-position":"center center","background-size":"auto","background-attachment":"scroll","background-type":"","background-media":"","overlay-type":"","overlay-color":"","overlay-opacity":"","overlay-gradient":""}},"footnotes":""},"class_list":["post-2293","page","type-page","status-publish","hentry"],"post_mailing_queue_ids":[],"_links":{"self":[{"href":"https:\/\/agora.xtec.cat\/ies-miquel-tarradell\/wp-json\/wp\/v2\/pages\/2293","targetHints":{"allow":["GET"]}}],"collection":[{"href":"https:\/\/agora.xtec.cat\/ies-miquel-tarradell\/wp-json\/wp\/v2\/pages"}],"about":[{"href":"https:\/\/agora.xtec.cat\/ies-miquel-tarradell\/wp-json\/wp\/v2\/types\/page"}],"author":[{"embeddable":true,"href":"https:\/\/agora.xtec.cat\/ies-miquel-tarradell\/wp-json\/wp\/v2\/users\/1"}],"replies":[{"embeddable":true,"href":"https:\/\/agora.xtec.cat\/ies-miquel-tarradell\/wp-json\/wp\/v2\/comments?post=2293"}],"version-history":[{"count":5,"href":"https:\/\/agora.xtec.cat\/ies-miquel-tarradell\/wp-json\/wp\/v2\/pages\/2293\/revisions"}],"predecessor-version":[{"id":10949,"href":"https:\/\/agora.xtec.cat\/ies-miquel-tarradell\/wp-json\/wp\/v2\/pages\/2293\/revisions\/10949"}],"up":[{"embeddable":true,"href":"https:\/\/agora.xtec.cat\/ies-miquel-tarradell\/wp-json\/wp\/v2\/pages\/19"}],"wp:attachment":[{"href":"https:\/\/agora.xtec.cat\/ies-miquel-tarradell\/wp-json\/wp\/v2\/media?parent=2293"}],"curies":[{"name":"wp","href":"https:\/\/api.w.org\/{rel}","templated":true}]}}