{"id":21,"date":"2014-09-17T16:14:14","date_gmt":"2014-09-17T16:14:14","guid":{"rendered":"http:\/\/agora.xtec.cat\/ies-miquel-tarradell\/?page_id=21"},"modified":"2025-10-14T20:08:36","modified_gmt":"2025-10-14T18:08:36","slug":"https-www-google-es-maps-place-miqueltarradell-41-38158912-167904418z-data4m53m41s0x12a4a2f5c00610310x6b4bf786ab4884e8m23d41-38175964d2-1683688on-som","status":"publish","type":"page","link":"https:\/\/agora.xtec.cat\/ies-miquel-tarradell\/linstitut\/https-www-google-es-maps-place-miqueltarradell-41-38158912-167904418z-data4m53m41s0x12a4a2f5c00610310x6b4bf786ab4884e8m23d41-38175964d2-1683688on-som\/","title":{"rendered":"Localitzaci\u00f3 i contacte"},"content":{"rendered":"\n<figure class=\"wp-block-image alignleft is-resized\"><a href=\"https:\/\/agora.xtec.cat\/ies-miquel-tarradell\/wp-content\/uploads\/usu83\/2015\/06\/logo-color.jpg\"><img loading=\"lazy\" decoding=\"async\" width=\"1024\" height=\"307\" src=\"https:\/\/agora.xtec.cat\/ies-miquel-tarradell\/wp-content\/uploads\/usu83\/2015\/06\/logo-color-1024x307.jpg\" alt=\"\" class=\"wp-image-272\" style=\"width:272px;height:auto\" srcset=\"https:\/\/agora.xtec.cat\/ies-miquel-tarradell\/wp-content\/uploads\/usu83\/2015\/06\/logo-color-1024x307.jpg 1024w, https:\/\/agora.xtec.cat\/ies-miquel-tarradell\/wp-content\/uploads\/usu83\/2015\/06\/logo-color-300x90.jpg 300w, https:\/\/agora.xtec.cat\/ies-miquel-tarradell\/wp-content\/uploads\/usu83\/2015\/06\/logo-color.jpg 1447w\" sizes=\"auto, (max-width: 1024px) 100vw, 1024px\" \/><\/a><\/figure>\n\n\n\n<p>Carrer dels \u00c0ngels, 1 bis<br>08001, Barcelona<\/p>\n\n\n\n<p><\/p>\n\n\n\n<p><\/p>\n\n\n\n<p><strong><span style=\"color: #000000;\">Ubicaci\u00f3:<\/span><\/strong><\/p>\n\n\n\n<p><iframe loading=\"lazy\" src=\"https:\/\/www.google.com\/maps\/embed?pb=!1m18!1m12!1m3!1d1496.827285637614!2d2.1679044400203824!3d41.381589057504875!2m3!1f0!2f0!3f0!3m2!1i1024!2i768!4f13.1!3m3!1m2!1s0x12a4a2f5c0061031%3A0x6b4bf786ab4884e!2sMiquel%20Tarradell!5e0!3m2!1sca!2ses!4v1591865547123!5m2!1sca!2ses\" width=\"600\" height=\"450\" frameborder=\"0\" aria-hidden=\"false\"><\/iframe><\/p>\n\n\n\n<p><strong>Com arribar-hi:<br><\/strong><\/p>\n\n\n\n<ul class=\"wp-block-list\">\n<li><strong>FFCC<\/strong>: Estaci\u00f3 Pla\u00e7a de Catalunya<\/li>\n\n\n\n<li><strong>RENFE<\/strong>: Estaci\u00f3 Pla\u00e7a de Catalunya<\/li>\n\n\n\n<li><strong>Metro<\/strong>: L1, L3<\/li>\n\n\n\n<li><strong>BUS<\/strong>: 19,22,24,52,62,67<\/li>\n<\/ul>\n\n\n\n<p><strong>Correus electr\u00f2nics de contacte<\/strong><\/p>\n\n\n\n<p><strong style=\"font-size: medium; font-family: inherit; line-height: 1.6;\">Equip directiu:<\/strong><\/p>\n\n\n\n<ul class=\"wp-block-list\">\n<li><span style=\"font-size: medium;\">Direcci\u00f3: <a href=\"a8052581@xtec.cat\">a8052581@xtec.cat<\/a><\/span><\/li>\n\n\n\n<li>Cap d&#8217;Estudis ESO i Batxillerat:&nbsp;<a href=\"capdestudis1@instarradell.cat\">capdestudis1<span class=\"\">@instarradell.cat<\/span><\/a><\/li>\n\n\n\n<li><span style=\"font-size: medium;\">Cap d&#8217;Estudis FP: <a href=\"capdestudis2@instarradell.cat\">capdestudis2@instarradell.cat<\/a><\/span><\/li>\n\n\n\n<li>Coordinaci\u00f3 Pedag\u00f2gica: <span style=\"font-size: medium;\"><a href=\"cpedagogica@instarradell.cat\"><span class=\"\">cpedagogica<span class=\"\">@instarradell.ca<\/span>t<\/span><\/a><\/span><\/li>\n\n\n\n<li>Secretaria: <span style=\"font-size: medium;\"><a href=\"secretaria@instarradell.cat\">secretaria@instarradell.cat<\/a><\/span><\/li>\n<\/ul>\n\n\n\n<p><strong>Secretaria acad\u00e8mica:<\/strong><\/p>\n\n\n\n<ul class=\"wp-block-list\">\n<li><span style=\"font-size: medium;\">Personal de secretaria del centre: <a href=\"mailto:administratives.secretaria@instarradell.cat\">administratives.secretaria@instarradell.cat<\/a> &nbsp;<strong>* *<\/strong><\/span><\/li>\n<\/ul>\n\n\n\n<p><strong><em><span style=\"font-size: medium;\">* * (<\/span>En cas que vulgueu sol\u00b7licitar certificats d&#8217;estudi o t\u00edtols oficials , feu \u00fas del formulari de sol\u00b7licitud que trobareu<a href=\"http:\/\/agora.xtec.cat\/ies-miquel-tarradell\/secretaria\/certificats\/\"> clicant aqu\u00ed.)<\/a><\/em><\/strong><\/p>\n\n\n\n<p><span style=\"font-size: medium;\"><strong>Altres contactes:<\/strong><\/span><\/p>\n\n\n\n<ul class=\"wp-block-list\">\n<li><span style=\"font-size: medium;\">Coordinaci\u00f3 estada a l&#8217;empresa DUAL: <a href=\"mailto:practiquesfp@instarradell.cat\">fpdual@instarradell.cat<\/a><\/span><\/li>\n\n\n\n<li>Coordinaci\u00f3 digital i comunicaci\u00f3: <a href=\"mailto:coordtic@instarradell.cat\">coordtic@instarradell.cat<\/a><\/li>\n\n\n\n<li>Consergeria de centre: <span style=\"font-size: medium;\"><a href=\"consergeria@instarradell.cat\">consergeria@instarradell.cat<\/a><\/span><\/li>\n<\/ul>\n","protected":false},"excerpt":{"rendered":"<p>Carrer dels \u00c0ngels, 1 bis08001, Barcelona Ubicaci\u00f3: Com arribar-hi: Correus electr\u00f2nics de contacte Equip directiu: Secretaria acad\u00e8mica: * * (En cas que vulgueu sol\u00b7licitar certificats d&#8217;estudi o t\u00edtols oficials , feu \u00fas del formulari de sol\u00b7licitud que trobareu clicant aqu\u00ed.) Altres contactes:<\/p>\n","protected":false},"author":1,"featured_media":0,"parent":19,"menu_order":2,"comment_status":"closed","ping_status":"closed","template":"","meta":{"_bbp_topic_count":0,"_bbp_reply_count":0,"_bbp_total_topic_count":0,"_bbp_total_reply_count":0,"_bbp_voice_count":0,"_bbp_anonymous_reply_count":0,"_bbp_topic_count_hidden":0,"_bbp_reply_count_hidden":0,"_bbp_forum_subforum_count":0,"site-sidebar-layout":"default","site-content-layout":"","ast-site-content-layout":"default","site-content-style":"default","site-sidebar-style":"default","ast-global-header-display":"","ast-banner-title-visibility":"","ast-main-header-display":"","ast-hfb-above-header-display":"","ast-hfb-below-header-display":"","ast-hfb-mobile-header-display":"","site-post-title":"","ast-breadcrumbs-content":"","ast-featured-img":"","footer-sml-layout":"","theme-transparent-header-meta":"","adv-header-id-meta":"","stick-header-meta":"","header-above-stick-meta":"","header-main-stick-meta":"","header-below-stick-meta":"","astra-migrate-meta-layouts":"set","ast-page-background-enabled":"default","ast-page-background-meta":{"desktop":{"background-color":"var(--ast-global-color-4)","background-image":"","background-repeat":"repeat","background-position":"center center","background-size":"auto","background-attachment":"scroll","background-type":"","background-media":"","overlay-type":"","overlay-color":"","overlay-opacity":"","overlay-gradient":""},"tablet":{"background-color":"","background-image":"","background-repeat":"repeat","background-position":"center center","background-size":"auto","background-attachment":"scroll","background-type":"","background-media":"","overlay-type":"","overlay-color":"","overlay-opacity":"","overlay-gradient":""},"mobile":{"background-color":"","background-image":"","background-repeat":"repeat","background-position":"center center","background-size":"auto","background-attachment":"scroll","background-type":"","background-media":"","overlay-type":"","overlay-color":"","overlay-opacity":"","overlay-gradient":""}},"ast-content-background-meta":{"desktop":{"background-color":"var(--ast-global-color-5)","background-image":"","background-repeat":"repeat","background-position":"center center","background-size":"auto","background-attachment":"scroll","background-type":"","background-media":"","overlay-type":"","overlay-color":"","overlay-opacity":"","overlay-gradient":""},"tablet":{"background-color":"var(--ast-global-color-5)","background-image":"","background-repeat":"repeat","background-position":"center center","background-size":"auto","background-attachment":"scroll","background-type":"","background-media":"","overlay-type":"","overlay-color":"","overlay-opacity":"","overlay-gradient":""},"mobile":{"background-color":"var(--ast-global-color-5)","background-image":"","background-repeat":"repeat","background-position":"center center","background-size":"auto","background-attachment":"scroll","background-type":"","background-media":"","overlay-type":"","overlay-color":"","overlay-opacity":"","overlay-gradient":""}},"footnotes":""},"class_list":["post-21","page","type-page","status-publish","hentry"],"post_mailing_queue_ids":[],"_links":{"self":[{"href":"https:\/\/agora.xtec.cat\/ies-miquel-tarradell\/wp-json\/wp\/v2\/pages\/21","targetHints":{"allow":["GET"]}}],"collection":[{"href":"https:\/\/agora.xtec.cat\/ies-miquel-tarradell\/wp-json\/wp\/v2\/pages"}],"about":[{"href":"https:\/\/agora.xtec.cat\/ies-miquel-tarradell\/wp-json\/wp\/v2\/types\/page"}],"author":[{"embeddable":true,"href":"https:\/\/agora.xtec.cat\/ies-miquel-tarradell\/wp-json\/wp\/v2\/users\/1"}],"replies":[{"embeddable":true,"href":"https:\/\/agora.xtec.cat\/ies-miquel-tarradell\/wp-json\/wp\/v2\/comments?post=21"}],"version-history":[{"count":6,"href":"https:\/\/agora.xtec.cat\/ies-miquel-tarradell\/wp-json\/wp\/v2\/pages\/21\/revisions"}],"predecessor-version":[{"id":10468,"href":"https:\/\/agora.xtec.cat\/ies-miquel-tarradell\/wp-json\/wp\/v2\/pages\/21\/revisions\/10468"}],"up":[{"embeddable":true,"href":"https:\/\/agora.xtec.cat\/ies-miquel-tarradell\/wp-json\/wp\/v2\/pages\/19"}],"wp:attachment":[{"href":"https:\/\/agora.xtec.cat\/ies-miquel-tarradell\/wp-json\/wp\/v2\/media?parent=21"}],"curies":[{"name":"wp","href":"https:\/\/api.w.org\/{rel}","templated":true}]}}