{"id":19,"date":"2014-09-17T14:56:56","date_gmt":"2014-09-17T14:56:56","guid":{"rendered":"http:\/\/agora.xtec.cat\/ies-miquel-tarradell\/?page_id=19"},"modified":"2026-01-29T11:42:25","modified_gmt":"2026-01-29T10:42:25","slug":"linstitut","status":"publish","type":"page","link":"https:\/\/agora.xtec.cat\/ies-miquel-tarradell\/linstitut\/","title":{"rendered":"Som l&#8217;INS Miquel Tarradell"},"content":{"rendered":"\n<div style=\"position: relative; width: 100%; height: 0; padding-top: 75.0000%;\n padding-bottom: 0; box-shadow: 0 2px 8px 0 rgba(63,69,81,0.16); margin-top: 1.6em; margin-bottom: 0.9em; overflow: hidden;\n border-radius: 8px; will-change: transform;\">\n  <iframe loading=\"lazy\" style=\"position: absolute; width: 100%; height: 100%; top: 0; left: 0; border: none; padding: 0;margin: 0;\"\n    src=\"https:\/\/www.canva.com\/design\/DAGiLeRgyms\/E-40GmplC49QuQ5wHxlNkg\/view?embed\" allowfullscreen=\"allowfullscreen\" allow=\"fullscreen\">\n  <\/iframe>\n<\/div>\n\n\n\n\n<p>L\u2019INS Miquel Tarradell \u00e9s un centre p\u00fablic del Consorci d&#8217;Educaci\u00f3 de Barcelona situat al barri del Raval de Barcelona, al districte de Ciutat Vella.<\/p>\n\n\n\n<p class=\"rtejustify\">L&#8217;institut es crea el curs 1996-97, i en l\u2019actualitat, t\u00e9 assignades <strong>dues&nbsp;l\u00ednies d\u2019ESO i una l\u00ednia de Batxillerat<\/strong>&nbsp;(modalitats: cient\u00edfica, tecnol\u00f2gica i human\u00edstica).<\/p>\n\n\n\n<p class=\"rtejustify\">Des del curs 2003-2004, el centre tamb\u00e9 imparteix cicles formatius de la Fam\u00edlia de Serveis Socioculturals i a la Comunitat. En un primer moment, l\u2019oferta de cicles formatius era el&nbsp;<strong>CFGS d\u2019Integraci\u00f3 Social&nbsp;<\/strong>amb una l\u00ednia al mat\u00ed i dues l\u00ednies a la tarda. Aquesta oferta s\u2019ha anat ampliant al&nbsp;<strong>CFGM d\u2019Atenci\u00f3 a Persones en Situaci\u00f3 de Depend\u00e8ncia<\/strong>&nbsp;amb una l\u00ednia al mat\u00ed i una a la tarda a partir del curs 2004-2005, i posteriorment al&nbsp;<strong>CFGS d\u2019Educaci\u00f3 Infantil<\/strong>, el curs 2007-2008 amb dues l\u00ednies a la tarda.<\/p>\n\n\n\n<p>El nostre institut mant\u00e9 una relaci\u00f3 de cooperaci\u00f3 amb el&nbsp;<strong>CEIP Mil\u00e0 i Fontanals<\/strong><strong>.<\/strong>&nbsp;D\u2019una&nbsp;banda, compartim espais (pati, teatre i menjador); de l\u2019altra,&nbsp;duem a terme una&nbsp;unificaci\u00f3 d\u2019objectius i metodologies, mitjan\u00e7ant una coordinaci\u00f3 estable i continuada,&nbsp;que permet enfocar una l\u00ednia educativa dels 3 fins als 18 anys.<\/p>\n\n\n\n<p class=\"rtejustify\">La proposta educativa de l\u2019INS Miquel Tarradell persegueix la formaci\u00f3 integral de&nbsp;l\u2019alumnat i el seu desenvolupament en les dimensions personal, social i professional,&nbsp;des d\u2019un conjunt de valors que inclou:<\/p>\n\n\n\n<ul class=\"wp-block-list\">\n<li>La promoci\u00f3 de la llibertat individual a partir de l\u2019exercici de l\u2019esperit cr\u00edtic i&nbsp;la responsabilitat, del gaudi de la feina ben feta i l\u2019esfor\u00e7 personal i&nbsp;col\u00b7lectiu<\/li>\n\n\n\n<li>L\u2019estimulaci\u00f3 de la conviv\u00e8ncia a partir de la solidaritat, la participaci\u00f3, el di\u00e0leg&nbsp;i el respecte.<\/li>\n<\/ul>\n","protected":false},"excerpt":{"rendered":"<p>L\u2019INS Miquel Tarradell \u00e9s un centre p\u00fablic del Consorci d&#8217;Educaci\u00f3 de Barcelona situat al barri del Raval de Barcelona, al districte de Ciutat Vella. L&#8217;institut es crea el curs 1996-97, i en l\u2019actualitat, t\u00e9 assignades dues&nbsp;l\u00ednies d\u2019ESO i una l\u00ednia de Batxillerat&nbsp;(modalitats: cient\u00edfica, tecnol\u00f2gica i human\u00edstica). Des del curs 2003-2004, el centre tamb\u00e9 imparteix cicles [&hellip;]<\/p>\n","protected":false},"author":1,"featured_media":0,"parent":0,"menu_order":0,"comment_status":"closed","ping_status":"closed","template":"","meta":{"_bbp_topic_count":0,"_bbp_reply_count":0,"_bbp_total_topic_count":0,"_bbp_total_reply_count":0,"_bbp_voice_count":0,"_bbp_anonymous_reply_count":0,"_bbp_topic_count_hidden":0,"_bbp_reply_count_hidden":0,"_bbp_forum_subforum_count":0,"site-sidebar-layout":"default","site-content-layout":"","ast-site-content-layout":"default","site-content-style":"default","site-sidebar-style":"default","ast-global-header-display":"","ast-banner-title-visibility":"","ast-main-header-display":"","ast-hfb-above-header-display":"","ast-hfb-below-header-display":"","ast-hfb-mobile-header-display":"","site-post-title":"","ast-breadcrumbs-content":"","ast-featured-img":"","footer-sml-layout":"","theme-transparent-header-meta":"","adv-header-id-meta":"","stick-header-meta":"","header-above-stick-meta":"","header-main-stick-meta":"","header-below-stick-meta":"","astra-migrate-meta-layouts":"set","ast-page-background-enabled":"default","ast-page-background-meta":{"desktop":{"background-color":"var(--ast-global-color-4)","background-image":"","background-repeat":"repeat","background-position":"center center","background-size":"auto","background-attachment":"scroll","background-type":"","background-media":"","overlay-type":"","overlay-color":"","overlay-opacity":"","overlay-gradient":""},"tablet":{"background-color":"","background-image":"","background-repeat":"repeat","background-position":"center center","background-size":"auto","background-attachment":"scroll","background-type":"","background-media":"","overlay-type":"","overlay-color":"","overlay-opacity":"","overlay-gradient":""},"mobile":{"background-color":"","background-image":"","background-repeat":"repeat","background-position":"center center","background-size":"auto","background-attachment":"scroll","background-type":"","background-media":"","overlay-type":"","overlay-color":"","overlay-opacity":"","overlay-gradient":""}},"ast-content-background-meta":{"desktop":{"background-color":"var(--ast-global-color-5)","background-image":"","background-repeat":"repeat","background-position":"center center","background-size":"auto","background-attachment":"scroll","background-type":"","background-media":"","overlay-type":"","overlay-color":"","overlay-opacity":"","overlay-gradient":""},"tablet":{"background-color":"var(--ast-global-color-5)","background-image":"","background-repeat":"repeat","background-position":"center center","background-size":"auto","background-attachment":"scroll","background-type":"","background-media":"","overlay-type":"","overlay-color":"","overlay-opacity":"","overlay-gradient":""},"mobile":{"background-color":"var(--ast-global-color-5)","background-image":"","background-repeat":"repeat","background-position":"center center","background-size":"auto","background-attachment":"scroll","background-type":"","background-media":"","overlay-type":"","overlay-color":"","overlay-opacity":"","overlay-gradient":""}},"footnotes":""},"class_list":["post-19","page","type-page","status-publish","hentry"],"post_mailing_queue_ids":[],"_links":{"self":[{"href":"https:\/\/agora.xtec.cat\/ies-miquel-tarradell\/wp-json\/wp\/v2\/pages\/19","targetHints":{"allow":["GET"]}}],"collection":[{"href":"https:\/\/agora.xtec.cat\/ies-miquel-tarradell\/wp-json\/wp\/v2\/pages"}],"about":[{"href":"https:\/\/agora.xtec.cat\/ies-miquel-tarradell\/wp-json\/wp\/v2\/types\/page"}],"author":[{"embeddable":true,"href":"https:\/\/agora.xtec.cat\/ies-miquel-tarradell\/wp-json\/wp\/v2\/users\/1"}],"replies":[{"embeddable":true,"href":"https:\/\/agora.xtec.cat\/ies-miquel-tarradell\/wp-json\/wp\/v2\/comments?post=19"}],"version-history":[{"count":6,"href":"https:\/\/agora.xtec.cat\/ies-miquel-tarradell\/wp-json\/wp\/v2\/pages\/19\/revisions"}],"predecessor-version":[{"id":11104,"href":"https:\/\/agora.xtec.cat\/ies-miquel-tarradell\/wp-json\/wp\/v2\/pages\/19\/revisions\/11104"}],"wp:attachment":[{"href":"https:\/\/agora.xtec.cat\/ies-miquel-tarradell\/wp-json\/wp\/v2\/media?parent=19"}],"curies":[{"name":"wp","href":"https:\/\/api.w.org\/{rel}","templated":true}]}}