{"id":1445,"date":"2020-09-10T11:17:17","date_gmt":"2020-09-10T09:17:17","guid":{"rendered":"http:\/\/agora.xtec.cat\/ies-miquel-tarradell\/?page_id=1445"},"modified":"2026-02-12T11:17:08","modified_gmt":"2026-02-12T10:17:08","slug":"steam","status":"publish","type":"page","link":"https:\/\/agora.xtec.cat\/ies-miquel-tarradell\/projectes\/projectes-eso\/steam\/","title":{"rendered":"Projecte STEAMcat"},"content":{"rendered":"\n<h2 class=\"wp-block-heading has-ast-global-color-1-color has-text-color has-link-color wp-elements-e35e868199f47faac528424141b67ff6\">Projecte STEAMcat<\/h2>\n\n\n\n<p class=\"has-medium-font-size\">El programa d&#8217;innovaci\u00f3 educativa&nbsp;\u200b<a href=\"https:\/\/projectes.xtec.cat\/steamcat\/\" target=\"_blank\" rel=\"noreferrer noopener\"><strong>STEAMcat<\/strong><\/a>&nbsp;incentiva la generaci\u00f3 de projectes de centre que suposin un canvi metodol\u00f2gic cap a l&#8217;aprenentatge transversal amb interacci\u00f3 amb l&#8217;entorn potenciant les \u00e0rees STEAM. L&#8217;orientaci\u00f3 educativa ha d&#8217;efectuar-se pels docents des de les diferents disciplines i estar integrada en el proc\u00e9s, considerant-se clau per la millora de la percepci\u00f3 social de les STEAM.<\/p>\n\n\n\n<figure class=\"wp-block-image aligncenter is-resized has-custom-border\" style=\"margin-top:var(--wp--preset--spacing--50);margin-bottom:var(--wp--preset--spacing--50)\"><img loading=\"lazy\" decoding=\"async\" width=\"932\" height=\"272\" src=\"https:\/\/agora.xtec.cat\/ies-miquel-tarradell\/wp-content\/uploads\/usu83\/2022\/12\/2-steam-desk1.png\" alt=\"\" class=\"wp-image-6808\" style=\"border-width:4px;width:411px;height:auto\" srcset=\"https:\/\/agora.xtec.cat\/ies-miquel-tarradell\/wp-content\/uploads\/usu83\/2022\/12\/2-steam-desk1.png 932w, https:\/\/agora.xtec.cat\/ies-miquel-tarradell\/wp-content\/uploads\/usu83\/2022\/12\/2-steam-desk1-300x88.png 300w, https:\/\/agora.xtec.cat\/ies-miquel-tarradell\/wp-content\/uploads\/usu83\/2022\/12\/2-steam-desk1-768x224.png 768w\" sizes=\"auto, (max-width: 932px) 100vw, 932px\" \/><\/figure>\n\n\n\n<p class=\"has-medium-font-size\">La finalitat \u00e9s&nbsp;<strong>generar i potenciar l&#8217;inter\u00e8s de l&#8217;alumnat d&#8217;Educaci\u00f3 Infantil i Prim\u00e0ria i d&#8217;Educaci\u00f3 Secund\u00e0ria Obligat\u00f2ria vers les ci\u00e8ncies, la tecnologia, l&#8217;enginyeria, les matem\u00e0tiques, i la creativitat en aquests \u00e0mbits a trav\u00e9s del disseny i l&#8217;art<\/strong>, i incrementar la pres\u00e8ncia de dones i de l&#8217;alumnat socialment desafavorit en els estudis i professions STEM. El Programa d&#8217;innovaci\u00f3 pedag\u00f2gica STEAMcat pret\u00e9n promoure l&#8217;equitat i la qualitat del sistema educatiu reflectida en la millora de les capacitats i compet\u00e8ncies de l&#8217;alumnat participant.<\/p>\n\n\n\n<hr class=\"wp-block-separator has-alpha-channel-opacity\"\/>\n\n\n\n<p class=\"has-medium-font-size\">L&#8217;STEAMcat a l&#8217;INS Miquel Tarradell<\/p>\n\n\n\n<p class=\"has-medium-font-size\"><span style=\"font-weight: 400;\">L&#8217;alumnat, adquireix saber a trav\u00e9s d&#8217;accions sobre la realitat. Per tant, s&#8217;ha de dissenyar un context d&#8217;aprenentatge de forma que els coneixements estiguin m\u00e9s connectats amb la realitat. Utilitzem contextos i reptes per resoldre problemes, per aconseguir-ho han d&#8217;assolir i desenvolupar destreses que m\u00e9s tard podr\u00e0 aplicar a un altre context. D&#8217;aquesta manera l&#8217;alumnat veu la necessitat d&#8217;aplicar els coneixements i habilitats propis de cada mat\u00e8ria de forma conjunta, com a la vida real.&nbsp;<\/span><\/p>\n\n\n\n<p class=\"has-medium-font-size\"><span style=\"font-weight: 400;\">Participem en alguns dels projectes de barri que responen a les necessitats de l&#8217;alumnat. A m\u00e9s, implementem els seg\u00fcents tallers i activitats ofertes per diverses entitats: <\/span><b>Taller STEM<\/b><span style=\"font-weight: 400;\"> per 2n cicle (Cooperativa Reflexes), participem en el programa &#8220;<\/span><b>STEAM a les aules<\/b><span style=\"font-weight: 400;\">&#8220;, oferit pel Consorci d\u2019educaci\u00f3, <\/span><b>&#8220;STEM amb tu&#8221;<\/b><span style=\"font-weight: 400;\"> oferit per Associaci\u00f3 de Dones Investigadores i Tecnol\u00f2giques a Catalunya i col\u00b7laborem amb la <\/span><b>cooperativa COLECTIC<\/b><span style=\"font-weight: 400;\"> que ens proporciona eines per desenvolupar l&#8217;autonomia en l&#8217;\u00e0mbit tecnol\u00f2gic.<\/span><\/p>\n\n\n\n<p class=\"has-medium-font-size\"><span style=\"font-weight: 400;\">1r, 2n i 3r d&#8217;ESO treballen les STEAM com una nova mat\u00e8ria i per franges, de forma que l&#8217;alumnat se n&#8217;adoni de la import\u00e0ncia d&#8217;aprendre els continguts proposats d\u2019una forma especial. D&#8217;aquesta manera proporcionem un context emocionant que fomenta la creativitat i que resulta molt motivador. S&#8217;utilitza una metodolog\u00eda productiva, de forma que al final de cada trimestre es porta a terme una activitat concreta relacionada amb les mat\u00e8ries de l&#8217;\u00e0mbit. Durant la seva construcci\u00f3 o execuci\u00f3, s&#8217;aplicaran diverses estrat\u00e8gies tant per fer als estudiants conscients del proc\u00e9s d&#8217;aprenentatge com pel que el docent pugui regular dit proc\u00e9s.&nbsp;<\/span><\/p>\n\n\n\n<p class=\"has-medium-font-size\"><span style=\"font-weight: 400;\">El fil conductor dels continguts prioritzats s\u00f3n:<\/span><\/p>\n\n\n\n<ul class=\"wp-block-list\">\n<li class=\"has-medium-font-size\"><span style=\"font-weight: 400;\">A <\/span><b>1r d\u2019ESO<\/b><span style=\"font-weight: 400;\">, la hipot\u00e8tica situaci\u00f3 d&#8217;haver d&#8217;anar a viure a una illa deserta,&nbsp; <\/span><b>\u201cMarxem a una illa deserta. Sobreviurem?\u201d<\/b><\/li>\n<\/ul>\n\n\n\n<figure class=\"wp-block-image is-resized\"><a href=\"https:\/\/agora.xtec.cat\/ies-miquel-tarradell\/wp-content\/uploads\/usu83\/2020\/09\/STEAM-5.jpg\"><img loading=\"lazy\" decoding=\"async\" width=\"1024\" height=\"768\" src=\"https:\/\/agora.xtec.cat\/ies-miquel-tarradell\/wp-content\/uploads\/usu83\/2020\/09\/STEAM-5-1024x768.jpg\" alt=\"\" class=\"wp-image-1454\" style=\"width:896px;height:auto\" srcset=\"https:\/\/agora.xtec.cat\/ies-miquel-tarradell\/wp-content\/uploads\/usu83\/2020\/09\/STEAM-5-1024x768.jpg 1024w, https:\/\/agora.xtec.cat\/ies-miquel-tarradell\/wp-content\/uploads\/usu83\/2020\/09\/STEAM-5-300x225.jpg 300w, https:\/\/agora.xtec.cat\/ies-miquel-tarradell\/wp-content\/uploads\/usu83\/2020\/09\/STEAM-5-768x576.jpg 768w, https:\/\/agora.xtec.cat\/ies-miquel-tarradell\/wp-content\/uploads\/usu83\/2020\/09\/STEAM-5-200x150.jpg 200w, https:\/\/agora.xtec.cat\/ies-miquel-tarradell\/wp-content\/uploads\/usu83\/2020\/09\/STEAM-5.jpg 1890w\" sizes=\"auto, (max-width: 1024px) 100vw, 1024px\" \/><\/a><\/figure>\n\n\n\n<p class=\"has-medium-font-size\"><span style=\"font-weight: 400;\">A <\/span><b>2n d\u2019ESO<\/b><span style=\"font-weight: 400;\">, petits projectes com: <\/span><b>\u201cEn quin entorn vivim\u201d<\/b><span style=\"font-weight: 400;\">, <\/span><b>\u201cProgramen!\u201d<\/b><span style=\"font-weight: 400;\"> i <\/span><b>\u201cVida i mort d\u2019un iogurt de llimona\u201d<\/b><\/p>\n\n\n\n<figure class=\"wp-block-image is-resized\"><a href=\"https:\/\/agora.xtec.cat\/ies-miquel-tarradell\/wp-content\/uploads\/usu83\/2020\/09\/STEAM-6.jpg\"><img loading=\"lazy\" decoding=\"async\" width=\"1024\" height=\"768\" src=\"https:\/\/agora.xtec.cat\/ies-miquel-tarradell\/wp-content\/uploads\/usu83\/2020\/09\/STEAM-6-1024x768.jpg\" alt=\"\" class=\"wp-image-1455\" style=\"width:885px;height:auto\" srcset=\"https:\/\/agora.xtec.cat\/ies-miquel-tarradell\/wp-content\/uploads\/usu83\/2020\/09\/STEAM-6-1024x768.jpg 1024w, https:\/\/agora.xtec.cat\/ies-miquel-tarradell\/wp-content\/uploads\/usu83\/2020\/09\/STEAM-6-300x225.jpg 300w, https:\/\/agora.xtec.cat\/ies-miquel-tarradell\/wp-content\/uploads\/usu83\/2020\/09\/STEAM-6-768x576.jpg 768w, https:\/\/agora.xtec.cat\/ies-miquel-tarradell\/wp-content\/uploads\/usu83\/2020\/09\/STEAM-6-200x150.jpg 200w, https:\/\/agora.xtec.cat\/ies-miquel-tarradell\/wp-content\/uploads\/usu83\/2020\/09\/STEAM-6.jpg 1890w\" sizes=\"auto, (max-width: 1024px) 100vw, 1024px\" \/><\/a><\/figure>\n\n\n\n<p class=\"has-medium-font-size\"><span style=\"font-weight: 400;\">A<\/span><b> 3r d\u2019ESO<\/b><span style=\"font-weight: 400;\">,<\/span><b> \u201cEl circ\u201d<\/b><span style=\"font-weight: 400;\">&nbsp;<\/span><\/p>\n\n\n\n<figure class=\"wp-block-image is-resized\"><a href=\"https:\/\/agora.xtec.cat\/ies-miquel-tarradell\/wp-content\/uploads\/usu83\/2020\/09\/STEAM-8.jpg\"><img loading=\"lazy\" decoding=\"async\" width=\"1024\" height=\"768\" src=\"https:\/\/agora.xtec.cat\/ies-miquel-tarradell\/wp-content\/uploads\/usu83\/2020\/09\/STEAM-8-1024x768.jpg\" alt=\"\" class=\"wp-image-1457\" style=\"width:869px;height:auto\" srcset=\"https:\/\/agora.xtec.cat\/ies-miquel-tarradell\/wp-content\/uploads\/usu83\/2020\/09\/STEAM-8-1024x768.jpg 1024w, https:\/\/agora.xtec.cat\/ies-miquel-tarradell\/wp-content\/uploads\/usu83\/2020\/09\/STEAM-8-300x225.jpg 300w, https:\/\/agora.xtec.cat\/ies-miquel-tarradell\/wp-content\/uploads\/usu83\/2020\/09\/STEAM-8-768x576.jpg 768w, https:\/\/agora.xtec.cat\/ies-miquel-tarradell\/wp-content\/uploads\/usu83\/2020\/09\/STEAM-8-200x150.jpg 200w, https:\/\/agora.xtec.cat\/ies-miquel-tarradell\/wp-content\/uploads\/usu83\/2020\/09\/STEAM-8.jpg 1890w\" sizes=\"auto, (max-width: 1024px) 100vw, 1024px\" \/><\/a><\/figure>\n\n\n\n<figure class=\"wp-block-image aligncenter is-resized\"><img loading=\"lazy\" decoding=\"async\" width=\"600\" height=\"624\" src=\"https:\/\/agora.xtec.cat\/ies-miquel-tarradell\/wp-content\/uploads\/usu83\/2020\/09\/STEAM-2.jpg\" alt=\"\" class=\"wp-image-1451\" style=\"width:249px;height:auto\" srcset=\"https:\/\/agora.xtec.cat\/ies-miquel-tarradell\/wp-content\/uploads\/usu83\/2020\/09\/STEAM-2.jpg 600w, https:\/\/agora.xtec.cat\/ies-miquel-tarradell\/wp-content\/uploads\/usu83\/2020\/09\/STEAM-2-288x300.jpg 288w\" sizes=\"auto, (max-width: 600px) 100vw, 600px\" \/><\/figure>\n\n\n\n<figure class=\"wp-block-image aligncenter is-resized\"><a href=\"https:\/\/agora.xtec.cat\/ies-miquel-tarradell\/wp-content\/uploads\/usu83\/2020\/09\/STEAM-4.jpg\"><img loading=\"lazy\" decoding=\"async\" width=\"567\" height=\"590\" src=\"https:\/\/agora.xtec.cat\/ies-miquel-tarradell\/wp-content\/uploads\/usu83\/2020\/09\/STEAM-4.jpg\" alt=\"\" class=\"wp-image-1453\" style=\"width:246px;height:auto\" srcset=\"https:\/\/agora.xtec.cat\/ies-miquel-tarradell\/wp-content\/uploads\/usu83\/2020\/09\/STEAM-4.jpg 567w, https:\/\/agora.xtec.cat\/ies-miquel-tarradell\/wp-content\/uploads\/usu83\/2020\/09\/STEAM-4-288x300.jpg 288w\" sizes=\"auto, (max-width: 567px) 100vw, 567px\" \/><\/a><\/figure>\n\n\n\n<figure class=\"wp-block-image aligncenter\"><a href=\"https:\/\/projectes.xtec.cat\/steamcat\/\" target=\"_blank\" rel=\"noopener noreferrer\"><img loading=\"lazy\" decoding=\"async\" width=\"254\" height=\"203\" src=\"https:\/\/agora.xtec.cat\/ies-miquel-tarradell\/wp-content\/uploads\/usu83\/2020\/09\/STEAM-3.jpg\" alt=\"\" class=\"wp-image-1452\"\/><\/a><\/figure>\n","protected":false},"excerpt":{"rendered":"<p>Projecte STEAMcat El programa d&#8217;innovaci\u00f3 educativa&nbsp;\u200bSTEAMcat&nbsp;incentiva la generaci\u00f3 de projectes de centre que suposin un canvi metodol\u00f2gic cap a l&#8217;aprenentatge transversal amb interacci\u00f3 amb l&#8217;entorn potenciant les \u00e0rees STEAM. L&#8217;orientaci\u00f3 educativa ha d&#8217;efectuar-se pels docents des de les diferents disciplines i estar integrada en el proc\u00e9s, considerant-se clau per la millora de la percepci\u00f3 social [&hellip;]<\/p>\n","protected":false},"author":1,"featured_media":0,"parent":1423,"menu_order":0,"comment_status":"closed","ping_status":"closed","template":"","meta":{"_bbp_topic_count":0,"_bbp_reply_count":0,"_bbp_total_topic_count":0,"_bbp_total_reply_count":0,"_bbp_voice_count":0,"_bbp_anonymous_reply_count":0,"_bbp_topic_count_hidden":0,"_bbp_reply_count_hidden":0,"_bbp_forum_subforum_count":0,"site-sidebar-layout":"default","site-content-layout":"","ast-site-content-layout":"default","site-content-style":"default","site-sidebar-style":"default","ast-global-header-display":"","ast-banner-title-visibility":"","ast-main-header-display":"","ast-hfb-above-header-display":"","ast-hfb-below-header-display":"","ast-hfb-mobile-header-display":"","site-post-title":"disabled","ast-breadcrumbs-content":"","ast-featured-img":"","footer-sml-layout":"","theme-transparent-header-meta":"","adv-header-id-meta":"","stick-header-meta":"","header-above-stick-meta":"","header-main-stick-meta":"","header-below-stick-meta":"","astra-migrate-meta-layouts":"set","ast-page-background-enabled":"default","ast-page-background-meta":{"desktop":{"background-color":"var(--ast-global-color-4)","background-image":"","background-repeat":"repeat","background-position":"center center","background-size":"auto","background-attachment":"scroll","background-type":"","background-media":"","overlay-type":"","overlay-color":"","overlay-opacity":"","overlay-gradient":""},"tablet":{"background-color":"","background-image":"","background-repeat":"repeat","background-position":"center center","background-size":"auto","background-attachment":"scroll","background-type":"","background-media":"","overlay-type":"","overlay-color":"","overlay-opacity":"","overlay-gradient":""},"mobile":{"background-color":"","background-image":"","background-repeat":"repeat","background-position":"center center","background-size":"auto","background-attachment":"scroll","background-type":"","background-media":"","overlay-type":"","overlay-color":"","overlay-opacity":"","overlay-gradient":""}},"ast-content-background-meta":{"desktop":{"background-color":"var(--ast-global-color-5)","background-image":"","background-repeat":"repeat","background-position":"center center","background-size":"auto","background-attachment":"scroll","background-type":"","background-media":"","overlay-type":"","overlay-color":"","overlay-opacity":"","overlay-gradient":""},"tablet":{"background-color":"var(--ast-global-color-5)","background-image":"","background-repeat":"repeat","background-position":"center center","background-size":"auto","background-attachment":"scroll","background-type":"","background-media":"","overlay-type":"","overlay-color":"","overlay-opacity":"","overlay-gradient":""},"mobile":{"background-color":"var(--ast-global-color-5)","background-image":"","background-repeat":"repeat","background-position":"center center","background-size":"auto","background-attachment":"scroll","background-type":"","background-media":"","overlay-type":"","overlay-color":"","overlay-opacity":"","overlay-gradient":""}},"footnotes":""},"class_list":["post-1445","page","type-page","status-publish","hentry"],"post_mailing_queue_ids":[],"_links":{"self":[{"href":"https:\/\/agora.xtec.cat\/ies-miquel-tarradell\/wp-json\/wp\/v2\/pages\/1445","targetHints":{"allow":["GET"]}}],"collection":[{"href":"https:\/\/agora.xtec.cat\/ies-miquel-tarradell\/wp-json\/wp\/v2\/pages"}],"about":[{"href":"https:\/\/agora.xtec.cat\/ies-miquel-tarradell\/wp-json\/wp\/v2\/types\/page"}],"author":[{"embeddable":true,"href":"https:\/\/agora.xtec.cat\/ies-miquel-tarradell\/wp-json\/wp\/v2\/users\/1"}],"replies":[{"embeddable":true,"href":"https:\/\/agora.xtec.cat\/ies-miquel-tarradell\/wp-json\/wp\/v2\/comments?post=1445"}],"version-history":[{"count":6,"href":"https:\/\/agora.xtec.cat\/ies-miquel-tarradell\/wp-json\/wp\/v2\/pages\/1445\/revisions"}],"predecessor-version":[{"id":11259,"href":"https:\/\/agora.xtec.cat\/ies-miquel-tarradell\/wp-json\/wp\/v2\/pages\/1445\/revisions\/11259"}],"up":[{"embeddable":true,"href":"https:\/\/agora.xtec.cat\/ies-miquel-tarradell\/wp-json\/wp\/v2\/pages\/1423"}],"wp:attachment":[{"href":"https:\/\/agora.xtec.cat\/ies-miquel-tarradell\/wp-json\/wp\/v2\/media?parent=1445"}],"curies":[{"name":"wp","href":"https:\/\/api.w.org\/{rel}","templated":true}]}}