{"id":1425,"date":"2020-09-10T11:10:36","date_gmt":"2020-09-10T09:10:36","guid":{"rendered":"http:\/\/agora.xtec.cat\/ies-miquel-tarradell\/?page_id=1425"},"modified":"2026-02-17T11:53:32","modified_gmt":"2026-02-17T10:53:32","slug":"projectes-cicles-formatius","status":"publish","type":"page","link":"https:\/\/agora.xtec.cat\/ies-miquel-tarradell\/projectes\/projectes-cicles-formatius\/","title":{"rendered":"Projectes i xarxes Cicles Formatius"},"content":{"rendered":"\n<h2 class=\"wp-block-heading has-ast-global-color-1-color has-text-color has-link-color wp-elements-85d092116da15f4e88ec5b19c5ee8cd6\">Projectes Cicles Formatius<\/h2>\n\n\n\n<div class=\"wp-block-columns is-layout-flex wp-container-core-columns-is-layout-1 wp-block-columns-is-layout-flex\">\n<div class=\"wp-block-column is-layout-flow wp-container-core-column-is-layout-1 wp-block-column-is-layout-flow\" style=\"border-style:none;border-width:0px;padding-top:0;padding-bottom:0;flex-basis:33.33%\">\n<figure class=\"wp-block-image aligncenter\"><img loading=\"lazy\" decoding=\"async\" width=\"500\" height=\"500\" src=\"https:\/\/agora.xtec.cat\/ies-miquel-tarradell\/wp-content\/uploads\/usu83\/2024\/03\/projectes-3.png\" alt=\"\" class=\"wp-image-9153\" srcset=\"https:\/\/agora.xtec.cat\/ies-miquel-tarradell\/wp-content\/uploads\/usu83\/2024\/03\/projectes-3.png 500w, https:\/\/agora.xtec.cat\/ies-miquel-tarradell\/wp-content\/uploads\/usu83\/2024\/03\/projectes-3-300x300.png 300w, https:\/\/agora.xtec.cat\/ies-miquel-tarradell\/wp-content\/uploads\/usu83\/2024\/03\/projectes-3-150x150.png 150w\" sizes=\"auto, (max-width: 500px) 100vw, 500px\" \/><\/figure>\n<\/div>\n\n\n\n<div class=\"wp-block-column is-layout-flow wp-block-column-is-layout-flow\" style=\"flex-basis:66.66%\">\n<ul class=\"wp-block-list\">\n<li>Projecte Apadrina el teu equipament<a href=\"https:\/\/agora.xtec.cat\/ies-miquel-tarradell\/projectes\/apadrina\/\"> (Clica aqu\u00ed)<\/a><\/li>\n\n\n\n<li>FP DUAL <a href=\"https:\/\/agora.xtec.cat\/ies-miquel-tarradell\/projectes\/fp-dual\/\">(Clica aqu\u00ed)<\/a><\/li>\n\n\n\n<li>Mobilitat &#8211; Erasmus + <a href=\"https:\/\/agora.xtec.cat\/ies-miquel-tarradell\/projectes\/projectes-cicles-formatius\/erasmus\/\">(Clica aqu\u00ed)<\/a><\/li>\n\n\n\n<li>Projecte de Qualitat i Millora Cont\u00ednua (PQiMC) <br><a href=\"https:\/\/drive.google.com\/file\/d\/1IvFsYG0WuCAk7iz8aVYDn0C6nBxiORxf\/view\" target=\"_blank\" rel=\"noopener\">(Clica aqu\u00ed per con\u00e8ixer la Pol\u00edtica de Qualitat de l&#8217;INS Miquel Tarradell per a cicles formatius)<\/a><\/li>\n\n\n\n<li>Xarxa InnovaFP  <a href=\"https:\/\/agora.xtec.cat\/ies-miquel-tarradell\/projectes\/projectes-cicles-formatius\/impuls-fp\/\">(Clica aqu\u00ed)<\/a><\/li>\n\n\n\n<li>Participaci\u00f3 a la Xarxa BePro de l&#8217;\u00e0mbit socioeducatiu <a href=\"https:\/\/fp.edubcn.cat\/xarxes-bepro\" target=\"_blank\" rel=\"noopener\">(Clica aqu\u00ed)<\/a><\/li>\n<\/ul>\n<\/div>\n<\/div>\n\n\n\n<p>En relaci\u00f3 a l&#8217;organitzaci\u00f3 interna, els cicles formatius de l&#8217;INS Miquel Tarradell s&#8217;han incorporat al <a href=\"https:\/\/projectes.xtec.cat\/qualitatfp\/el-projecte\/\" target=\"_blank\" rel=\"noopener noreferrer\">projecte de qualitat i millora cont\u00ednua del Departament d&#8217;Educaci\u00f3.<\/a><\/p>\n\n\n\n<p>Projectes finan\u00e7ats per:<br><a href=\"https:\/\/agora.xtec.cat\/ies-miquel-tarradell\/wp-content\/uploads\/usu83\/2021\/01\/logo_color.jpg\"><img loading=\"lazy\" decoding=\"async\" class=\"alignnone wp-image-2099\" src=\"https:\/\/agora.xtec.cat\/ies-miquel-tarradell\/wp-content\/uploads\/usu83\/2021\/01\/logo_color.jpg\" alt=\"\" width=\"207\" height=\"35\" srcset=\"https:\/\/agora.xtec.cat\/ies-miquel-tarradell\/wp-content\/uploads\/usu83\/2021\/01\/logo_color.jpg 754w, https:\/\/agora.xtec.cat\/ies-miquel-tarradell\/wp-content\/uploads\/usu83\/2021\/01\/logo_color-300x51.jpg 300w\" sizes=\"auto, (max-width: 207px) 100vw, 207px\" \/><\/a> <a href=\"https:\/\/agora.xtec.cat\/ies-miquel-tarradell\/wp-content\/uploads\/usu83\/2021\/01\/FSE_amb_lema1.jpg_156532666.jpg\"><img loading=\"lazy\" decoding=\"async\" class=\"alignnone wp-image-2098\" src=\"https:\/\/agora.xtec.cat\/ies-miquel-tarradell\/wp-content\/uploads\/usu83\/2021\/01\/FSE_amb_lema1.jpg_156532666.jpg\" alt=\"\" width=\"181\" height=\"42\" srcset=\"https:\/\/agora.xtec.cat\/ies-miquel-tarradell\/wp-content\/uploads\/usu83\/2021\/01\/FSE_amb_lema1.jpg_156532666.jpg 500w, https:\/\/agora.xtec.cat\/ies-miquel-tarradell\/wp-content\/uploads\/usu83\/2021\/01\/FSE_amb_lema1.jpg_156532666-300x70.jpg 300w\" sizes=\"auto, (max-width: 181px) 100vw, 181px\" \/><\/a> <a href=\"https:\/\/agora.xtec.cat\/ies-miquel-tarradell\/wp-content\/uploads\/usu83\/2021\/01\/1024px-Logotipo_del_Ministerio_de_Educaci\u00f3n_y_Formaci\u00f3n_Profesional.svg_.png\"><img loading=\"lazy\" decoding=\"async\" class=\"alignnone wp-image-2097\" src=\"https:\/\/agora.xtec.cat\/ies-miquel-tarradell\/wp-content\/uploads\/usu83\/2021\/01\/1024px-Logotipo_del_Ministerio_de_Educaci\u00f3n_y_Formaci\u00f3n_Profesional.svg_-1024x256.png\" alt=\"\" width=\"164\" height=\"41\" srcset=\"https:\/\/agora.xtec.cat\/ies-miquel-tarradell\/wp-content\/uploads\/usu83\/2021\/01\/1024px-Logotipo_del_Ministerio_de_Educaci\u00f3n_y_Formaci\u00f3n_Profesional.svg_.png 1024w, https:\/\/agora.xtec.cat\/ies-miquel-tarradell\/wp-content\/uploads\/usu83\/2021\/01\/1024px-Logotipo_del_Ministerio_de_Educaci\u00f3n_y_Formaci\u00f3n_Profesional.svg_-300x75.png 300w, https:\/\/agora.xtec.cat\/ies-miquel-tarradell\/wp-content\/uploads\/usu83\/2021\/01\/1024px-Logotipo_del_Ministerio_de_Educaci\u00f3n_y_Formaci\u00f3n_Profesional.svg_-768x192.png 768w\" sizes=\"auto, (max-width: 164px) 100vw, 164px\" \/><\/a><\/p>\n","protected":false},"excerpt":{"rendered":"<p>Projectes Cicles Formatius En relaci\u00f3 a l&#8217;organitzaci\u00f3 interna, els cicles formatius de l&#8217;INS Miquel Tarradell s&#8217;han incorporat al projecte de qualitat i millora cont\u00ednua del Departament d&#8217;Educaci\u00f3. Projectes finan\u00e7ats per:<\/p>\n","protected":false},"author":1,"featured_media":0,"parent":810,"menu_order":40,"comment_status":"closed","ping_status":"closed","template":"","meta":{"_bbp_topic_count":0,"_bbp_reply_count":0,"_bbp_total_topic_count":0,"_bbp_total_reply_count":0,"_bbp_voice_count":0,"_bbp_anonymous_reply_count":0,"_bbp_topic_count_hidden":0,"_bbp_reply_count_hidden":0,"_bbp_forum_subforum_count":0,"site-sidebar-layout":"default","site-content-layout":"","ast-site-content-layout":"default","site-content-style":"default","site-sidebar-style":"default","ast-global-header-display":"","ast-banner-title-visibility":"","ast-main-header-display":"","ast-hfb-above-header-display":"","ast-hfb-below-header-display":"","ast-hfb-mobile-header-display":"","site-post-title":"disabled","ast-breadcrumbs-content":"","ast-featured-img":"","footer-sml-layout":"","theme-transparent-header-meta":"","adv-header-id-meta":"","stick-header-meta":"","header-above-stick-meta":"","header-main-stick-meta":"","header-below-stick-meta":"","astra-migrate-meta-layouts":"set","ast-page-background-enabled":"default","ast-page-background-meta":{"desktop":{"background-color":"var(--ast-global-color-4)","background-image":"","background-repeat":"repeat","background-position":"center center","background-size":"auto","background-attachment":"scroll","background-type":"","background-media":"","overlay-type":"","overlay-color":"","overlay-opacity":"","overlay-gradient":""},"tablet":{"background-color":"","background-image":"","background-repeat":"repeat","background-position":"center center","background-size":"auto","background-attachment":"scroll","background-type":"","background-media":"","overlay-type":"","overlay-color":"","overlay-opacity":"","overlay-gradient":""},"mobile":{"background-color":"","background-image":"","background-repeat":"repeat","background-position":"center center","background-size":"auto","background-attachment":"scroll","background-type":"","background-media":"","overlay-type":"","overlay-color":"","overlay-opacity":"","overlay-gradient":""}},"ast-content-background-meta":{"desktop":{"background-color":"var(--ast-global-color-5)","background-image":"","background-repeat":"repeat","background-position":"center center","background-size":"auto","background-attachment":"scroll","background-type":"","background-media":"","overlay-type":"","overlay-color":"","overlay-opacity":"","overlay-gradient":""},"tablet":{"background-color":"var(--ast-global-color-5)","background-image":"","background-repeat":"repeat","background-position":"center center","background-size":"auto","background-attachment":"scroll","background-type":"","background-media":"","overlay-type":"","overlay-color":"","overlay-opacity":"","overlay-gradient":""},"mobile":{"background-color":"var(--ast-global-color-5)","background-image":"","background-repeat":"repeat","background-position":"center center","background-size":"auto","background-attachment":"scroll","background-type":"","background-media":"","overlay-type":"","overlay-color":"","overlay-opacity":"","overlay-gradient":""}},"footnotes":""},"class_list":["post-1425","page","type-page","status-publish","hentry"],"post_mailing_queue_ids":[],"_links":{"self":[{"href":"https:\/\/agora.xtec.cat\/ies-miquel-tarradell\/wp-json\/wp\/v2\/pages\/1425","targetHints":{"allow":["GET"]}}],"collection":[{"href":"https:\/\/agora.xtec.cat\/ies-miquel-tarradell\/wp-json\/wp\/v2\/pages"}],"about":[{"href":"https:\/\/agora.xtec.cat\/ies-miquel-tarradell\/wp-json\/wp\/v2\/types\/page"}],"author":[{"embeddable":true,"href":"https:\/\/agora.xtec.cat\/ies-miquel-tarradell\/wp-json\/wp\/v2\/users\/1"}],"replies":[{"embeddable":true,"href":"https:\/\/agora.xtec.cat\/ies-miquel-tarradell\/wp-json\/wp\/v2\/comments?post=1425"}],"version-history":[{"count":6,"href":"https:\/\/agora.xtec.cat\/ies-miquel-tarradell\/wp-json\/wp\/v2\/pages\/1425\/revisions"}],"predecessor-version":[{"id":11318,"href":"https:\/\/agora.xtec.cat\/ies-miquel-tarradell\/wp-json\/wp\/v2\/pages\/1425\/revisions\/11318"}],"up":[{"embeddable":true,"href":"https:\/\/agora.xtec.cat\/ies-miquel-tarradell\/wp-json\/wp\/v2\/pages\/810"}],"wp:attachment":[{"href":"https:\/\/agora.xtec.cat\/ies-miquel-tarradell\/wp-json\/wp\/v2\/media?parent=1425"}],"curies":[{"name":"wp","href":"https:\/\/api.w.org\/{rel}","templated":true}]}}