{"id":10833,"date":"2025-12-11T12:35:06","date_gmt":"2025-12-11T11:35:06","guid":{"rendered":"https:\/\/agora.xtec.cat\/ies-miquel-tarradell\/?page_id=10833"},"modified":"2025-12-11T12:48:15","modified_gmt":"2025-12-11T11:48:15","slug":"organigrama","status":"publish","type":"page","link":"https:\/\/agora.xtec.cat\/ies-miquel-tarradell\/linstitut\/organigrama\/","title":{"rendered":"Organigrama"},"content":{"rendered":"\n<h3 class=\"wp-block-heading has-medium-font-size\" style=\"padding-top:var(--wp--preset--spacing--30);padding-bottom:var(--wp--preset--spacing--30)\"><strong>Equip directiu<\/strong><\/h3>\n\n\n\n<div class=\"wp-block-columns are-vertically-aligned-top has-small-font-size is-layout-flex wp-container-core-columns-is-layout-1 wp-block-columns-is-layout-flex\" style=\"border-radius:0px;margin-top:0;margin-bottom:0;padding-top:0;padding-right:var(--wp--preset--spacing--70);padding-bottom:0;padding-left:var(--wp--preset--spacing--70)\">\n<div class=\"wp-block-column is-vertically-aligned-top has-pale-pink-background-color has-background is-layout-flow wp-block-column-is-layout-flow\">\n<p class=\"has-text-align-center\"><strong>Direcci\u00f3 <\/strong><\/p>\n\n\n\n<p class=\"has-text-align-center\">Ver\u00f3nica Santos-Olmo<\/p>\n<\/div>\n\n\n\n<div class=\"wp-block-column is-vertically-aligned-top has-luminous-vivid-amber-background-color has-background is-layout-flow wp-block-column-is-layout-flow\">\n<p class=\"has-text-align-center\"><strong>Cap d&#8217;estudis ESO-BATX<\/strong><\/p>\n\n\n\n<p class=\"has-text-align-center\">Lucia Callej\u00f3n<\/p>\n<\/div>\n\n\n\n<div class=\"wp-block-column is-vertically-aligned-top has-pale-pink-background-color has-background is-layout-flow wp-block-column-is-layout-flow\">\n<p class=\"has-text-align-center\"><strong>Cap d&#8217;estudis cicles<\/strong><\/p>\n\n\n\n<p class=\"has-text-align-center\">Lucia Callej\u00f3n<\/p>\n<\/div>\n\n\n\n<div class=\"wp-block-column is-vertically-aligned-top has-luminous-vivid-amber-background-color has-background is-layout-flow wp-block-column-is-layout-flow\">\n<p class=\"has-text-align-center\"><strong>Secretaria<\/strong><\/p>\n\n\n\n<p class=\"has-text-align-center\">Anna Jaqu\u00e9s<\/p>\n<\/div>\n\n\n\n<div class=\"wp-block-column is-vertically-aligned-top has-pale-pink-background-color has-background is-layout-flow wp-block-column-is-layout-flow\">\n<p class=\"has-text-align-center\"><strong>Orientaci\u00f3 pedag\u00f2gica<\/strong><\/p>\n\n\n\n<p class=\"has-text-align-center\">N\u00faria Formariz<\/p>\n<\/div>\n<\/div>\n\n\n\n<h3 class=\"wp-block-heading has-medium-font-size\" style=\"padding-top:var(--wp--preset--spacing--30);padding-bottom:var(--wp--preset--spacing--30)\"><strong>Coordinacions<\/strong><\/h3>\n\n\n\n<div class=\"wp-block-columns are-vertically-aligned-top has-small-font-size is-layout-flex wp-container-core-columns-is-layout-2 wp-block-columns-is-layout-flex\" style=\"border-radius:0px;margin-top:0;margin-bottom:0;padding-top:var(--wp--preset--spacing--30);padding-right:var(--wp--preset--spacing--70);padding-bottom:var(--wp--preset--spacing--30);padding-left:var(--wp--preset--spacing--70)\">\n<div class=\"wp-block-column is-vertically-aligned-top has-pale-pink-background-color has-background is-layout-flow wp-block-column-is-layout-flow\">\n<p class=\"has-text-align-center\"><strong>Activitats i sortides<\/strong><\/p>\n\n\n\n<p class=\"has-text-align-center\">Irene Franco<\/p>\n<\/div>\n\n\n\n<div class=\"wp-block-column is-vertically-aligned-top has-luminous-vivid-amber-background-color has-background is-layout-flow wp-block-column-is-layout-flow\">\n<p class=\"has-text-align-center\">TIL<\/p>\n\n\n\n<p class=\"has-text-align-center\">Gemma Ric\u00f3s<\/p>\n<\/div>\n\n\n\n<div class=\"wp-block-column is-vertically-aligned-top has-pale-pink-background-color has-background is-layout-flow wp-block-column-is-layout-flow\">\n<p class=\"has-text-align-center\"><strong>CLIC <\/strong><\/p>\n\n\n\n<p class=\"has-text-align-center\">Cristina Gibert<\/p>\n<\/div>\n\n\n\n<div class=\"wp-block-column is-vertically-aligned-top has-luminous-vivid-amber-background-color has-background is-layout-flow wp-block-column-is-layout-flow\">\n<p class=\"has-text-align-center\"><strong>STEAM<\/strong><\/p>\n\n\n\n<p class=\"has-text-align-center\">Joan Ramon Miralles<\/p>\n<\/div>\n\n\n\n<div class=\"wp-block-column is-vertically-aligned-top has-pale-pink-background-color has-background is-layout-flow wp-block-column-is-layout-flow\">\n<p class=\"has-text-align-center\">Coordinaci\u00f3 empresa<\/p>\n\n\n\n<p class=\"has-text-align-center\">Eva Jim\u00e9nez<\/p>\n<\/div>\n<\/div>\n\n\n\n<div class=\"wp-block-columns are-vertically-aligned-top has-small-font-size is-layout-flex wp-container-core-columns-is-layout-3 wp-block-columns-is-layout-flex\" style=\"border-radius:0px;margin-top:0;margin-bottom:0;padding-top:var(--wp--preset--spacing--30);padding-right:var(--wp--preset--spacing--70);padding-bottom:var(--wp--preset--spacing--30);padding-left:var(--wp--preset--spacing--70)\">\n<div class=\"wp-block-column is-vertically-aligned-top has-pale-pink-background-color has-background is-layout-flow wp-block-column-is-layout-flow\">\n<p class=\"has-text-align-center\"><strong>Coordinaci\u00f3 biblioteca<\/strong><\/p>\n\n\n\n<p class=\"has-text-align-center\">Rocio Mac\u00edas<\/p>\n<\/div>\n\n\n\n<div class=\"wp-block-column is-vertically-aligned-top has-luminous-vivid-amber-background-color has-background is-layout-flow wp-block-column-is-layout-flow\">\n<p class=\"has-text-align-center\"><strong>Coordinaci\u00f3 Riscos Laborals<\/strong><\/p>\n\n\n\n<p class=\"has-text-align-center\">Joana Casteleiro<\/p>\n<\/div>\n\n\n\n<div class=\"wp-block-column is-vertically-aligned-top has-pale-pink-background-color has-background is-layout-flow wp-block-column-is-layout-flow\">\n<p class=\"has-text-align-center\"><strong>Coordinaci\u00f3 absentisme<\/strong><\/p>\n\n\n\n<p class=\"has-text-align-center\">Luc\u00eda Callej\u00f3n \/ Emma As\u00edn \/ Laia Bellostes<\/p>\n<\/div>\n\n\n\n<div class=\"wp-block-column is-vertically-aligned-top has-luminous-vivid-amber-background-color has-background is-layout-flow wp-block-column-is-layout-flow\">\n<p class=\"has-text-align-center\"><strong>Coordinaci\u00f3 Batxillerat<\/strong><\/p>\n\n\n\n<p class=\"has-text-align-center\">Juanjo Soler<\/p>\n<\/div>\n\n\n\n<div class=\"wp-block-column is-vertically-aligned-top has-pale-pink-background-color has-background is-layout-flow wp-block-column-is-layout-flow\">\n<p class=\"has-text-align-center\"><strong>Coordinaci\u00f3 qualitat<\/strong><\/p>\n\n\n\n<p class=\"has-text-align-center\">Cristina Rodr\u00edguez<\/p>\n<\/div>\n<\/div>\n\n\n\n<div class=\"wp-block-columns are-vertically-aligned-top has-small-font-size is-layout-flex wp-container-core-columns-is-layout-4 wp-block-columns-is-layout-flex\" style=\"border-radius:0px;margin-top:0;margin-bottom:0;padding-top:var(--wp--preset--spacing--30);padding-right:var(--wp--preset--spacing--70);padding-bottom:var(--wp--preset--spacing--30);padding-left:var(--wp--preset--spacing--70)\">\n<div class=\"wp-block-column is-vertically-aligned-top has-pale-pink-background-color has-background is-layout-flow wp-block-column-is-layout-flow\">\n<p class=\"has-text-align-center\"><strong>Comunicaci\u00f3<\/strong><\/p>\n\n\n\n<p class=\"has-text-align-center\">Esther Dopateo \/ Albert Font<\/p>\n<\/div>\n\n\n\n<div class=\"wp-block-column is-vertically-aligned-top has-luminous-vivid-amber-background-color has-background is-layout-flow wp-block-column-is-layout-flow\">\n<p class=\"has-text-align-center\"><strong>Cap de taller Serveis<\/strong><\/p>\n\n\n\n<p class=\"has-text-align-center\">Kira Riera<\/p>\n<\/div>\n\n\n\n<div class=\"wp-block-column is-vertically-aligned-top has-pale-pink-background-color has-background is-layout-flow wp-block-column-is-layout-flow\">\n<p class=\"has-text-align-center\"><strong>Coordinaci\u00f3 FP<\/strong><\/p>\n\n\n\n<p class=\"has-text-align-center\">Esther de los Santos<\/p>\n<\/div>\n\n\n\n<div class=\"wp-block-column is-vertically-aligned-top has-luminous-vivid-amber-background-color has-background is-layout-flow wp-block-column-is-layout-flow\">\n<p class=\"has-text-align-center\"><strong>Coordinaci\u00f3 DUAL<\/strong><\/p>\n\n\n\n<p class=\"has-text-align-center\">Esther de los Santos<\/p>\n<\/div>\n\n\n\n<div class=\"wp-block-column is-vertically-aligned-top has-pale-pink-background-color has-background is-layout-flow wp-block-column-is-layout-flow\">\n<p class=\"has-text-align-center\"><strong>Coordinaci\u00f3 mobilitat<\/strong><\/p>\n\n\n\n<p class=\"has-text-align-center\">Javier Ferr\u00e1ndez<\/p>\n<\/div>\n<\/div>\n\n\n\n<div class=\"wp-block-columns are-vertically-aligned-top has-small-font-size is-layout-flex wp-container-core-columns-is-layout-5 wp-block-columns-is-layout-flex\" style=\"border-radius:0px;margin-top:0;margin-bottom:0;padding-top:var(--wp--preset--spacing--30);padding-right:var(--wp--preset--spacing--70);padding-bottom:var(--wp--preset--spacing--30);padding-left:var(--wp--preset--spacing--70)\">\n<div class=\"wp-block-column is-vertically-aligned-top has-pale-pink-background-color has-background is-layout-flow wp-block-column-is-layout-flow\" style=\"flex-basis:20%\">\n<p class=\"has-text-align-center\"><strong>Coordinaci\u00f3 Batxillerat en Resid\u00e8ncia<\/strong><\/p>\n\n\n\n<p class=\"has-text-align-center\">Roc Tarr\u00e9s \/\/ Eva Jim\u00e9nez<\/p>\n<\/div>\n\n\n\n<div class=\"wp-block-column is-vertically-aligned-top has-luminous-vivid-amber-background-color has-background is-layout-flow wp-block-column-is-layout-flow\">\n<p class=\"has-text-align-center\"><strong>Equip Estada a l&#8217;empresa <\/strong><\/p>\n\n\n\n<ul class=\"wp-block-list\">\n<li>TEI: Ursula Soms , Loreto Cabot,  Marta Carpio, \u00c8lia Farrero, Gemma Ferrer, Mar L\u00f3pez<\/li>\n<\/ul>\n\n\n\n<ul class=\"wp-block-list\">\n<li>TIS : Cristina Rodr\u00edguez, Nuria Gatell, Joana Casteleiro, Alba Pi, Kira Riera, Raquel Naval<\/li>\n<\/ul>\n\n\n\n<ul class=\"wp-block-list\">\n<li>TAPSD: Aitana Mu\u00f1oz, Marta Mart\u00edn Divina Bonjorn, M\u00aaJesus Garcia<\/li>\n<\/ul>\n<\/div>\n<\/div>\n\n\n\n<h3 class=\"wp-block-heading has-medium-font-size\" style=\"padding-top:var(--wp--preset--spacing--30);padding-bottom:var(--wp--preset--spacing--30)\">Tutories ESO \/ BATX<\/h3>\n\n\n\n<div class=\"wp-block-columns are-vertically-aligned-top has-small-font-size is-layout-flex wp-container-core-columns-is-layout-6 wp-block-columns-is-layout-flex\" style=\"border-radius:0px;margin-top:0;margin-bottom:0;padding-top:var(--wp--preset--spacing--30);padding-right:var(--wp--preset--spacing--70);padding-bottom:var(--wp--preset--spacing--30);padding-left:var(--wp--preset--spacing--70)\">\n<div class=\"wp-block-column is-vertically-aligned-top has-pale-pink-background-color has-background is-layout-flow wp-block-column-is-layout-flow\">\n<p class=\"has-text-align-center\"><strong>Tutories ESO <\/strong><\/p>\n\n\n\n<ul class=\"wp-block-list\">\n<li>1r ESO A : Laura Areste<\/li>\n\n\n\n<li>1r ESO B : Esther Goz\u00e1lvez<\/li>\n\n\n\n<li>2n ESO A: Carmen Noblom<\/li>\n\n\n\n<li>2n ESO B : Dani Mi\u00f1ano<\/li>\n\n\n\n<li>3r ESO A: Joan Antoni Brotons<\/li>\n\n\n\n<li>3r ESO B: Esther Dopateo<\/li>\n\n\n\n<li>4t ESO A: Eva Gim\u00e9nez<\/li>\n\n\n\n<li>4t ESO B: Yves Gerbeau<\/li>\n\n\n\n<li>Aula acollida: Irene Franco<\/li>\n<\/ul>\n<\/div>\n\n\n\n<div class=\"wp-block-column is-vertically-aligned-top has-luminous-vivid-amber-background-color has-background is-layout-flow wp-block-column-is-layout-flow\">\n<p class=\"has-text-align-center\"><strong>Tutories BATX<\/strong><\/p>\n\n\n\n<ul class=\"wp-block-list\">\n<li>1r BATX: Clara Carrillo i Albert Josep Cascales<\/li>\n\n\n\n<li>1r BATX PRO: Roc Tarr\u00e9s i Cristina Gallego<\/li>\n\n\n\n<li>2n BATX: Ismael Mengual i Juanjo Soler<\/li>\n<\/ul>\n\n\n\n<p class=\"has-text-align-center\"><\/p>\n<\/div>\n<\/div>\n\n\n\n<h3 class=\"wp-block-heading has-medium-font-size\" style=\"padding-top:var(--wp--preset--spacing--30);padding-bottom:var(--wp--preset--spacing--30)\">Tutories FP<\/h3>\n\n\n\n<div class=\"wp-block-columns are-vertically-aligned-top has-small-font-size is-layout-flex wp-container-core-columns-is-layout-7 wp-block-columns-is-layout-flex\" style=\"border-radius:0px;margin-top:0;margin-bottom:0;padding-top:var(--wp--preset--spacing--30);padding-right:var(--wp--preset--spacing--70);padding-bottom:var(--wp--preset--spacing--30);padding-left:var(--wp--preset--spacing--70)\">\n<div class=\"wp-block-column is-vertically-aligned-top has-pale-pink-background-color has-background is-layout-flow wp-block-column-is-layout-flow\">\n<p class=\"has-text-align-center\"><strong>Tutories CFGM Atenci\u00f3 Persones Situaci\u00f3 Depend\u00e8ncia<\/strong><\/p>\n\n\n\n<ul class=\"wp-block-list\">\n<li>1r TAPSD A : Aitana Mu\u00f1oz i Angelina Cases<\/li>\n\n\n\n<li>1r TAPSD B: M\u00aa Jesus Garcia<\/li>\n\n\n\n<li>2n TAPSD A: Marta Mart\u00edn<\/li>\n\n\n\n<li>2n TAPSD B:  Divina Bonjorn<\/li>\n<\/ul>\n<\/div>\n\n\n\n<div class=\"wp-block-column is-vertically-aligned-top has-luminous-vivid-amber-background-color has-background is-layout-flow wp-block-column-is-layout-flow\">\n<p class=\"has-text-align-center\"><strong>Tutories CFGS Educaci\u00f3 Infantil<\/strong><\/p>\n\n\n\n<ul class=\"wp-block-list\">\n<li>1r TEI A: Mar L\u00f3pez<\/li>\n\n\n\n<li>1r TEI B: \u00c8lia Farrero<\/li>\n\n\n\n<li>1r TEI C: Gemma Ferrer<\/li>\n\n\n\n<li>2n TEI A: Loreto Cabot<\/li>\n\n\n\n<li>2n TEI B: Marta Carpio<\/li>\n\n\n\n<li>2n TEI C: \u00darsula Soms<\/li>\n<\/ul>\n\n\n\n<p><\/p>\n<\/div>\n\n\n\n<div class=\"wp-block-column is-vertically-aligned-top has-pale-pink-background-color has-background is-layout-flow wp-block-column-is-layout-flow\">\n<p class=\"has-text-align-center\"><strong>Tutories CFGS Integraci\u00f3 Social<\/strong><\/p>\n\n\n\n<ul class=\"wp-block-list\">\n<li>1r TIS A : Cristina Rodr\u00edguez<\/li>\n\n\n\n<li>1r TIS B: Kira Riera<\/li>\n\n\n\n<li>1r TIS C: Raquel Naval<\/li>\n\n\n\n<li>2n TIS A: Alba Pi<\/li>\n\n\n\n<li>2n TIS B: Joana Casteleiro<\/li>\n\n\n\n<li>2n TIS C: Nuria Gatell<\/li>\n<\/ul>\n<\/div>\n<\/div>\n\n\n\n<h3 class=\"wp-block-heading has-medium-font-size\" style=\"padding-top:var(--wp--preset--spacing--30);padding-bottom:var(--wp--preset--spacing--30)\"><strong>Personal Administraci\u00f3 i Serveis<\/strong><\/h3>\n\n\n\n<div class=\"wp-block-columns are-vertically-aligned-top has-small-font-size is-layout-flex wp-container-core-columns-is-layout-8 wp-block-columns-is-layout-flex\" style=\"border-radius:0px;margin-top:0;margin-bottom:0;padding-top:var(--wp--preset--spacing--30);padding-right:var(--wp--preset--spacing--70);padding-bottom:var(--wp--preset--spacing--30);padding-left:var(--wp--preset--spacing--70)\">\n<div class=\"wp-block-column is-vertically-aligned-top has-luminous-vivid-amber-background-color has-background is-layout-flow wp-block-column-is-layout-flow\">\n<p class=\"has-text-align-center\">Administraci\u00f3 acad\u00e8mica<\/p>\n\n\n\n<p class=\"has-text-align-center\">Maria de Lluc Riba \/\/ Cristina Cardoso<\/p>\n\n\n\n<p><\/p>\n<\/div>\n\n\n\n<div class=\"wp-block-column is-vertically-aligned-top has-pale-pink-background-color has-background is-layout-flow wp-block-column-is-layout-flow\">\n<p class=\"has-text-align-center\">Consergeria<\/p>\n\n\n\n<p class=\"has-text-align-center\">Joan Caralt \/\/ Oliver Pariente<\/p>\n<\/div>\n\n\n\n<div class=\"wp-block-column is-vertically-aligned-top has-luminous-vivid-amber-background-color has-background is-layout-flow wp-block-column-is-layout-flow\">\n<p class=\"has-text-align-center\">Educadora Social<\/p>\n\n\n\n<p class=\"has-text-align-center\">Laia Bellostes<\/p>\n\n\n\n<p><\/p>\n<\/div>\n\n\n\n<div class=\"wp-block-column is-vertically-aligned-top has-pale-pink-background-color has-background is-layout-flow wp-block-column-is-layout-flow\">\n<p class=\"has-text-align-center\">T\u00e8cnica Integraci\u00f3 Social<\/p>\n\n\n\n<p class=\"has-text-align-center\">Emma As\u00edn<\/p>\n<\/div>\n<\/div>\n","protected":false},"excerpt":{"rendered":"<p>Equip directiu Direcci\u00f3 Ver\u00f3nica Santos-Olmo Cap d&#8217;estudis ESO-BATX Lucia Callej\u00f3n Cap d&#8217;estudis cicles Lucia Callej\u00f3n Secretaria Anna Jaqu\u00e9s Orientaci\u00f3 pedag\u00f2gica N\u00faria Formariz Coordinacions Activitats i sortides Irene Franco TIL Gemma Ric\u00f3s CLIC Cristina Gibert STEAM Joan Ramon Miralles Coordinaci\u00f3 empresa Eva Jim\u00e9nez Coordinaci\u00f3 biblioteca Rocio Mac\u00edas Coordinaci\u00f3 Riscos Laborals Joana Casteleiro Coordinaci\u00f3 absentisme Luc\u00eda Callej\u00f3n [&hellip;]<\/p>\n","protected":false},"author":1,"featured_media":0,"parent":19,"menu_order":0,"comment_status":"closed","ping_status":"close","template":"","meta":{"_bbp_topic_count":0,"_bbp_reply_count":0,"_bbp_total_topic_count":0,"_bbp_total_reply_count":0,"_bbp_voice_count":0,"_bbp_anonymous_reply_count":0,"_bbp_topic_count_hidden":0,"_bbp_reply_count_hidden":0,"_bbp_forum_subforum_count":0,"site-sidebar-layout":"default","site-content-layout":"","ast-site-content-layout":"default","site-content-style":"default","site-sidebar-style":"default","ast-global-header-display":"","ast-banner-title-visibility":"","ast-main-header-display":"","ast-hfb-above-header-display":"","ast-hfb-below-header-display":"","ast-hfb-mobile-header-display":"","site-post-title":"","ast-breadcrumbs-content":"","ast-featured-img":"","footer-sml-layout":"","theme-transparent-header-meta":"","adv-header-id-meta":"","stick-header-meta":"","header-above-stick-meta":"","header-main-stick-meta":"","header-below-stick-meta":"","astra-migrate-meta-layouts":"set","ast-page-background-enabled":"default","ast-page-background-meta":{"desktop":{"background-color":"var(--ast-global-color-4)","background-image":"","background-repeat":"repeat","background-position":"center center","background-size":"auto","background-attachment":"scroll","background-type":"","background-media":"","overlay-type":"","overlay-color":"","overlay-opacity":"","overlay-gradient":""},"tablet":{"background-color":"","background-image":"","background-repeat":"repeat","background-position":"center center","background-size":"auto","background-attachment":"scroll","background-type":"","background-media":"","overlay-type":"","overlay-color":"","overlay-opacity":"","overlay-gradient":""},"mobile":{"background-color":"","background-image":"","background-repeat":"repeat","background-position":"center center","background-size":"auto","background-attachment":"scroll","background-type":"","background-media":"","overlay-type":"","overlay-color":"","overlay-opacity":"","overlay-gradient":""}},"ast-content-background-meta":{"desktop":{"background-color":"var(--ast-global-color-5)","background-image":"","background-repeat":"repeat","background-position":"center center","background-size":"auto","background-attachment":"scroll","background-type":"","background-media":"","overlay-type":"","overlay-color":"","overlay-opacity":"","overlay-gradient":""},"tablet":{"background-color":"var(--ast-global-color-5)","background-image":"","background-repeat":"repeat","background-position":"center center","background-size":"auto","background-attachment":"scroll","background-type":"","background-media":"","overlay-type":"","overlay-color":"","overlay-opacity":"","overlay-gradient":""},"mobile":{"background-color":"var(--ast-global-color-5)","background-image":"","background-repeat":"repeat","background-position":"center center","background-size":"auto","background-attachment":"scroll","background-type":"","background-media":"","overlay-type":"","overlay-color":"","overlay-opacity":"","overlay-gradient":""}},"footnotes":""},"class_list":["post-10833","page","type-page","status-publish","hentry"],"post_mailing_queue_ids":[],"_links":{"self":[{"href":"https:\/\/agora.xtec.cat\/ies-miquel-tarradell\/wp-json\/wp\/v2\/pages\/10833","targetHints":{"allow":["GET"]}}],"collection":[{"href":"https:\/\/agora.xtec.cat\/ies-miquel-tarradell\/wp-json\/wp\/v2\/pages"}],"about":[{"href":"https:\/\/agora.xtec.cat\/ies-miquel-tarradell\/wp-json\/wp\/v2\/types\/page"}],"author":[{"embeddable":true,"href":"https:\/\/agora.xtec.cat\/ies-miquel-tarradell\/wp-json\/wp\/v2\/users\/1"}],"replies":[{"embeddable":true,"href":"https:\/\/agora.xtec.cat\/ies-miquel-tarradell\/wp-json\/wp\/v2\/comments?post=10833"}],"version-history":[{"count":5,"href":"https:\/\/agora.xtec.cat\/ies-miquel-tarradell\/wp-json\/wp\/v2\/pages\/10833\/revisions"}],"predecessor-version":[{"id":10839,"href":"https:\/\/agora.xtec.cat\/ies-miquel-tarradell\/wp-json\/wp\/v2\/pages\/10833\/revisions\/10839"}],"up":[{"embeddable":true,"href":"https:\/\/agora.xtec.cat\/ies-miquel-tarradell\/wp-json\/wp\/v2\/pages\/19"}],"wp:attachment":[{"href":"https:\/\/agora.xtec.cat\/ies-miquel-tarradell\/wp-json\/wp\/v2\/media?parent=10833"}],"curies":[{"name":"wp","href":"https:\/\/api.w.org\/{rel}","templated":true}]}}