{"id":81,"date":"2014-09-18T10:38:05","date_gmt":"2014-09-18T10:38:05","guid":{"rendered":"http:\/\/agora.xtec.cat\/ies-merce-rodoreda\/?page_id=81"},"modified":"2026-03-04T17:05:39","modified_gmt":"2026-03-04T16:05:39","slug":"secretaria","status":"publish","type":"page","link":"https:\/\/agora.xtec.cat\/ies-merce-rodoreda\/secretaria\/","title":{"rendered":"Secretaria"},"content":{"rendered":"<div id=\"text-45\" class=\"widget widget_text\">\n<h4><img loading=\"lazy\" decoding=\"async\" class=\"alignnone  wp-image-1458\" src=\"https:\/\/agora.xtec.cat\/ies-merce-rodoreda\/wp-content\/uploads\/usu644\/2016\/03\/secretaria2-1024x228.jpg\" alt=\"\" width=\"677\" height=\"151\" srcset=\"https:\/\/agora.xtec.cat\/ies-merce-rodoreda\/wp-content\/uploads\/usu644\/2016\/03\/secretaria2.jpg 1024w, https:\/\/agora.xtec.cat\/ies-merce-rodoreda\/wp-content\/uploads\/usu644\/2016\/03\/secretaria2-300x67.jpg 300w\" sizes=\"auto, (max-width: 677px) 100vw, 677px\" \/><\/h4>\n<h4 class=\"widgettitle\">Horari de Secretaria<\/h4>\n<div class=\"textwidget\">\n<p>Horari d\u2019atenci\u00f3 al p\u00fablic per demanar cita pr\u00e8via o per a la presentaci\u00f3 de les<br \/>\nsol\u00b7licituds de forma presencial.<\/p>\n<p><strong>Horari Hivern<\/strong> (de l\u201901\/10\/2025 fins al 31\/05\/2026)<\/p>\n<ul>\n<li>MATINS de dilluns a divendres, de 10.00h a 13.00h<\/li>\n<li>TARDES de dimarts i dijous, de 15.30h a 17.30h<\/li>\n<\/ul>\n<p><strong>Horari Estiu<\/strong> (de l\u201901\/06\/2026 fins al 30\/09\/2026)<\/p>\n<ul>\n<li>MATINS de dilluns a divendres, de 10.00h a 13.00h<\/li>\n<\/ul>\n<\/div>\n<\/div>\n<div id=\"text-47\" class=\"widget widget_text\">\n<h4 class=\"widgettitle\">Contacte<\/h4>\n<div class=\"textwidget\">\n<p>secretaria@iesmercerodoreda.com<\/p>\n<p>Tel\u00e8fon del centre: 93 338 82 53<\/p>\n<\/div>\n<\/div>\n","protected":false},"excerpt":{"rendered":"<p>Horari de Secretaria Horari d\u2019atenci\u00f3 al p\u00fablic per demanar cita pr\u00e8via o per a la presentaci\u00f3 de les sol\u00b7licituds de [&hellip;]<\/p>\n","protected":false},"author":1,"featured_media":0,"parent":0,"menu_order":0,"comment_status":"closed","ping_status":"closed","template":"","meta":{"site-sidebar-layout":"default","site-content-layout":"","ast-site-content-layout":"default","site-content-style":"default","site-sidebar-style":"default","ast-global-header-display":"","ast-banner-title-visibility":"","ast-main-header-display":"","ast-hfb-above-header-display":"","ast-hfb-below-header-display":"","ast-hfb-mobile-header-display":"","site-post-title":"","ast-breadcrumbs-content":"","ast-featured-img":"","footer-sml-layout":"","theme-transparent-header-meta":"","adv-header-id-meta":"","stick-header-meta":"","header-above-stick-meta":"","header-main-stick-meta":"","header-below-stick-meta":"","astra-migrate-meta-layouts":"set","ast-page-background-enabled":"default","ast-page-background-meta":{"desktop":{"background-color":"var(--ast-global-color-4)","background-image":"","background-repeat":"repeat","background-position":"center center","background-size":"auto","background-attachment":"scroll","background-type":"","background-media":"","overlay-type":"","overlay-color":"","overlay-opacity":"","overlay-gradient":""},"tablet":{"background-color":"","background-image":"","background-repeat":"repeat","background-position":"center center","background-size":"auto","background-attachment":"scroll","background-type":"","background-media":"","overlay-type":"","overlay-color":"","overlay-opacity":"","overlay-gradient":""},"mobile":{"background-color":"","background-image":"","background-repeat":"repeat","background-position":"center center","background-size":"auto","background-attachment":"scroll","background-type":"","background-media":"","overlay-type":"","overlay-color":"","overlay-opacity":"","overlay-gradient":""}},"ast-content-background-meta":{"desktop":{"background-color":"var(--ast-global-color-5)","background-image":"","background-repeat":"repeat","background-position":"center center","background-size":"auto","background-attachment":"scroll","background-type":"","background-media":"","overlay-type":"","overlay-color":"","overlay-opacity":"","overlay-gradient":""},"tablet":{"background-color":"var(--ast-global-color-5)","background-image":"","background-repeat":"repeat","background-position":"center center","background-size":"auto","background-attachment":"scroll","background-type":"","background-media":"","overlay-type":"","overlay-color":"","overlay-opacity":"","overlay-gradient":""},"mobile":{"background-color":"var(--ast-global-color-5)","background-image":"","background-repeat":"repeat","background-position":"center center","background-size":"auto","background-attachment":"scroll","background-type":"","background-media":"","overlay-type":"","overlay-color":"","overlay-opacity":"","overlay-gradient":""}},"footnotes":""},"class_list":["post-81","page","type-page","status-publish","hentry"],"post_mailing_queue_ids":[],"_links":{"self":[{"href":"https:\/\/agora.xtec.cat\/ies-merce-rodoreda\/wp-json\/wp\/v2\/pages\/81","targetHints":{"allow":["GET"]}}],"collection":[{"href":"https:\/\/agora.xtec.cat\/ies-merce-rodoreda\/wp-json\/wp\/v2\/pages"}],"about":[{"href":"https:\/\/agora.xtec.cat\/ies-merce-rodoreda\/wp-json\/wp\/v2\/types\/page"}],"author":[{"embeddable":true,"href":"https:\/\/agora.xtec.cat\/ies-merce-rodoreda\/wp-json\/wp\/v2\/users\/1"}],"replies":[{"embeddable":true,"href":"https:\/\/agora.xtec.cat\/ies-merce-rodoreda\/wp-json\/wp\/v2\/comments?post=81"}],"version-history":[{"count":4,"href":"https:\/\/agora.xtec.cat\/ies-merce-rodoreda\/wp-json\/wp\/v2\/pages\/81\/revisions"}],"predecessor-version":[{"id":18890,"href":"https:\/\/agora.xtec.cat\/ies-merce-rodoreda\/wp-json\/wp\/v2\/pages\/81\/revisions\/18890"}],"wp:attachment":[{"href":"https:\/\/agora.xtec.cat\/ies-merce-rodoreda\/wp-json\/wp\/v2\/media?parent=81"}],"curies":[{"name":"wp","href":"https:\/\/api.w.org\/{rel}","templated":true}]}}