{"id":36,"date":"2015-12-02T22:33:34","date_gmt":"2015-12-02T21:33:34","guid":{"rendered":"https:\/\/ampaimrlh.wordpress.com\/qui-som\/"},"modified":"2024-09-04T20:26:30","modified_gmt":"2024-09-04T18:26:30","slug":"qui-som","status":"publish","type":"page","link":"https:\/\/agora.xtec.cat\/ies-merce-rodoreda\/afa\/qui-som\/","title":{"rendered":"Qui som?"},"content":{"rendered":"<p style=\"text-align: justify;\"><span style=\"font-size: 18px; color: #000000;\">L&#8217;Associaci\u00f3 de Fam\u00edlies de l&#8217;Institut Merc\u00e8 Rodoreda col\u00b7labora amb l&#8217;equip docent pel bon funcionament de l&#8217;Institut i per preservar la qualitat de l&#8217;ensenyament.<\/span><\/p>\n<p style=\"text-align: justify;\"><span style=\"font-size: 18px; color: #000000;\">T\u00e9 representaci\u00f3 directe en el Consell Escolar i at\u00e9n i canalitza les inquietuds i les iniciatives de les fam\u00edlies relacionades amb el centre.<\/span><\/p>\n<p style=\"text-align: justify;\"><span style=\"font-size: 18px; color: #000000;\">\u00c9s el principal enlla\u00e7 entre les fam\u00edlies del alumnes, el professorat i la Direcci\u00f3 del Centre.<\/span><\/p>\n<p style=\"text-align: justify;\"><span style=\"font-size: 18px; color: #000000;\">Col\u00b7labora amb la Direcci\u00f3 de l&#8217;Institut en el Programa de reutilitzaci\u00f3 de llibres ajudant amb recursos humans i econ\u00f2mics, a l&#8217;organitzaci\u00f3 d&#8217;esdeveniments que completen la tasca educativa del professorat i equipaments necessaris pel Centre Educatiu. <\/span><\/p>\n<p style=\"text-align: justify;\"><span style=\"font-size: 18px; color: #000000;\">Gestiona el servei de menjador, l&#8217;aula d&#8217;estudi, l&#8217;aula de rob\u00f2tica, l&#8217;aula de nanotecnologia, aix\u00ed com tallers per a fam\u00edlies i tasques solid\u00e0ries.<br \/>\n<\/span><\/p>\n<p style=\"text-align: justify;\"><span style=\"font-size: 18px; color: #000000;\">La quota de l&#8217;associat, <strong>una per fam\u00edlia<\/strong> i curs acad\u00e8mic, \u00e9s de <strong>20 \u20ac<\/strong> i serveix per finan\u00e7ar les activitats portades a terme durant el curs acad\u00e8mic.<\/span><\/p>\n<p style=\"text-align: justify;\"><span style=\"font-size: 18px; color: #000000;\">En definitiva, l&#8217;AFA de l&#8217;Institut Merc\u00e8 Rodoreda som tots, cada pare, mare o tutor que estigui vinculat amb aquest Centre i vulgui formar part de l&#8217;Associaci\u00f3 per millorar l&#8217;\u00e8xit educatiu dels nostres fills. <\/span><\/p>\n<p style=\"text-align: justify;\"><span style=\"font-size: 18px; color: #000000;\">Si encara ho sou socis, ho podeu ser omplint la inscripci\u00f3 que podeu trobar <a href=\"https:\/\/agora.xtec.cat\/ies-merce-rodoreda\/docs\/full-dinscripcio-afa\/?bp-attachment=InscripcioAFA_24-25.pdf\">aqu\u00ed<\/a>, deixant-la a la b\u00fastia de l&#8217;AFA a l&#8217;institut i avisant-nos per correu per a qu\u00e8 la recollim, o b\u00e9 podeu fer-li una foto i enviar-la per correu. El nostre correu \u00e9s <a href=\"mailto:ampa.ies.merce@gmail.com\">afa<span class=\"\"><span class=\"\">@<\/span>iesmercerodoreda.com<\/span><\/a><br \/>\n<\/span><\/p>\n<p style=\"text-align: justify;\"><img loading=\"lazy\" decoding=\"async\" class=\" size-full wp-image-140 aligncenter\" src=\"https:\/\/ampaimrlh.files.wordpress.com\/2015\/12\/estructura-organizativa-ampa-copia.jpg\" alt=\"Estructura Organizativa Ampa copia\" width=\"3508\" height=\"2480\" srcset=\"https:\/\/agora.xtec.cat\/ies-merce-rodoreda\/wp-content\/uploads\/usu644\/2015\/12\/estructura-organizativa-ampa-copia.jpg 3508w, https:\/\/agora.xtec.cat\/ies-merce-rodoreda\/wp-content\/uploads\/usu644\/2015\/12\/estructura-organizativa-ampa-copia-300x212.jpg 300w, https:\/\/agora.xtec.cat\/ies-merce-rodoreda\/wp-content\/uploads\/usu644\/2015\/12\/estructura-organizativa-ampa-copia-1024x724.jpg 1024w\" sizes=\"auto, (max-width: 3508px) 100vw, 3508px\" \/><\/p>\n<p style=\"text-align: center;\"><strong><span style=\"font-size: 18px; color: #000000;\"><span style=\"text-decoration: underline;\">Composici\u00f3 de la Junta de l&#8217;AFA<\/span>:<\/span><\/strong><\/p>\n<h3 style=\"text-align: center;\"><span style=\"font-size: 18px; color: #000000;\">Presidenta: Ruth Ontoso Ramos<br \/>\n<\/span><\/h3>\n<h3 style=\"text-align: center;\"><span style=\"font-size: 18px; color: #000000;\">Secretaria: Helena Chao Castro<br \/>\n<\/span><\/h3>\n<h3 style=\"text-align: center;\"><span style=\"font-size: 18px; color: #000000;\">Tresorera: Mar\u00eda Teresa Caparr\u00f3s Fern\u00e1ndez<br \/>\n<\/span><\/h3>\n<p>&nbsp;<\/p>\n<h3 style=\"text-align: center;\"><span style=\"font-size: 18px; color: #000000;\"><strong><span style=\"text-decoration: underline;\">Necessitem col\u00b7laboradors\/res<\/span>!<\/strong> <\/span><\/h3>\n<h3 style=\"text-align: center;\"><strong><span style=\"font-size: 18px; color: #000000;\">Si vols ajudar, contacta amb nosaltres al nostre correu electr\u00f2nic <a href=\"mailto:afa@iesmercerodoreda.com\">afa@iesmercerodoreda.com<\/a><br \/>\n<\/span><\/strong><\/h3>\n<p>&nbsp;<\/p>\n<h3 style=\"text-align: center;\"><\/h3>\n","protected":false},"excerpt":{"rendered":"<p>L&#8217;Associaci\u00f3 de Fam\u00edlies de l&#8217;Institut Merc\u00e8 Rodoreda col\u00b7labora amb l&#8217;equip docent pel bon funcionament de l&#8217;Institut i per preservar la [&hellip;]<\/p>\n","protected":false},"author":11,"featured_media":0,"parent":2124,"menu_order":0,"comment_status":"closed","ping_status":"closed","template":"","meta":{"site-sidebar-layout":"default","site-content-layout":"","ast-site-content-layout":"","site-content-style":"default","site-sidebar-style":"default","ast-global-header-display":"","ast-banner-title-visibility":"","ast-main-header-display":"","ast-hfb-above-header-display":"","ast-hfb-below-header-display":"","ast-hfb-mobile-header-display":"","site-post-title":"","ast-breadcrumbs-content":"","ast-featured-img":"","footer-sml-layout":"","theme-transparent-header-meta":"","adv-header-id-meta":"","stick-header-meta":"","header-above-stick-meta":"","header-main-stick-meta":"","header-below-stick-meta":"","astra-migrate-meta-layouts":"default","ast-page-background-enabled":"default","ast-page-background-meta":{"desktop":{"background-color":"var(--ast-global-color-4)","background-image":"","background-repeat":"repeat","background-position":"center center","background-size":"auto","background-attachment":"scroll","background-type":"","background-media":"","overlay-type":"","overlay-color":"","overlay-opacity":"","overlay-gradient":""},"tablet":{"background-color":"","background-image":"","background-repeat":"repeat","background-position":"center center","background-size":"auto","background-attachment":"scroll","background-type":"","background-media":"","overlay-type":"","overlay-color":"","overlay-opacity":"","overlay-gradient":""},"mobile":{"background-color":"","background-image":"","background-repeat":"repeat","background-position":"center center","background-size":"auto","background-attachment":"scroll","background-type":"","background-media":"","overlay-type":"","overlay-color":"","overlay-opacity":"","overlay-gradient":""}},"ast-content-background-meta":{"desktop":{"background-color":"var(--ast-global-color-5)","background-image":"","background-repeat":"repeat","background-position":"center center","background-size":"auto","background-attachment":"scroll","background-type":"","background-media":"","overlay-type":"","overlay-color":"","overlay-opacity":"","overlay-gradient":""},"tablet":{"background-color":"var(--ast-global-color-5)","background-image":"","background-repeat":"repeat","background-position":"center center","background-size":"auto","background-attachment":"scroll","background-type":"","background-media":"","overlay-type":"","overlay-color":"","overlay-opacity":"","overlay-gradient":""},"mobile":{"background-color":"var(--ast-global-color-5)","background-image":"","background-repeat":"repeat","background-position":"center center","background-size":"auto","background-attachment":"scroll","background-type":"","background-media":"","overlay-type":"","overlay-color":"","overlay-opacity":"","overlay-gradient":""}},"footnotes":""},"class_list":["post-36","page","type-page","status-publish","hentry"],"post_mailing_queue_ids":[],"_links":{"self":[{"href":"https:\/\/agora.xtec.cat\/ies-merce-rodoreda\/wp-json\/wp\/v2\/pages\/36","targetHints":{"allow":["GET"]}}],"collection":[{"href":"https:\/\/agora.xtec.cat\/ies-merce-rodoreda\/wp-json\/wp\/v2\/pages"}],"about":[{"href":"https:\/\/agora.xtec.cat\/ies-merce-rodoreda\/wp-json\/wp\/v2\/types\/page"}],"author":[{"embeddable":true,"href":"https:\/\/agora.xtec.cat\/ies-merce-rodoreda\/wp-json\/wp\/v2\/users\/11"}],"replies":[{"embeddable":true,"href":"https:\/\/agora.xtec.cat\/ies-merce-rodoreda\/wp-json\/wp\/v2\/comments?post=36"}],"version-history":[{"count":6,"href":"https:\/\/agora.xtec.cat\/ies-merce-rodoreda\/wp-json\/wp\/v2\/pages\/36\/revisions"}],"predecessor-version":[{"id":15844,"href":"https:\/\/agora.xtec.cat\/ies-merce-rodoreda\/wp-json\/wp\/v2\/pages\/36\/revisions\/15844"}],"up":[{"embeddable":true,"href":"https:\/\/agora.xtec.cat\/ies-merce-rodoreda\/wp-json\/wp\/v2\/pages\/2124"}],"wp:attachment":[{"href":"https:\/\/agora.xtec.cat\/ies-merce-rodoreda\/wp-json\/wp\/v2\/media?parent=36"}],"curies":[{"name":"wp","href":"https:\/\/api.w.org\/{rel}","templated":true}]}}