{"id":3548,"date":"2016-10-21T14:36:54","date_gmt":"2016-10-21T13:36:54","guid":{"rendered":"http:\/\/agora.xtec.cat\/ies-merce-rodoreda\/?page_id=3548"},"modified":"2024-12-31T12:35:52","modified_gmt":"2024-12-31T11:35:52","slug":"convivencia","status":"publish","type":"page","link":"https:\/\/agora.xtec.cat\/ies-merce-rodoreda\/projecte-educatiu\/convivencia\/","title":{"rendered":"Conviv\u00e8ncia"},"content":{"rendered":"\n<p>El Projecte de conviv\u00e8ncia \u00e9s un instrument que engloba el conjunt d\u2019actuacions encaminades a la millora de la conviv\u00e8ncia en el centre educatiu i, per tant, recull les intervencions que el centre educatiu desenvolupa per tal de capacitar tot l\u2019alumnat i la resta de la comunitat educativa per a la conviv\u00e8ncia i la gesti\u00f3 positiva de conflictes. Aquestes accions poden anar adre\u00e7ades a la millora de la conviv\u00e8ncia a l\u2019aula, al centre o a l\u2019entorn, en el benent\u00e8s que la permeabilitat entre aquests tres \u00e0mbits d\u2019intervenci\u00f3 afavoreix la transfer\u00e8ncia d\u2019aprenentatges, valors, creences, actituds i h\u00e0bits relacionals. Tamb\u00e9 recull els mecanismes que el centre estableix a l\u2019hora de resoldre els conflictes que es produeixen en els tres \u00e0mbits als quals s\u2019ha fet esment (<strong><a href=\"http:\/\/agora.xtec.cat\/ies-merce-rodoreda\/projecte-educatiu\/convivencia\/aspectes-de-convivencia-a-nivell-daula\/\" target=\"_blank\" rel=\"noopener\">aula<\/a><\/strong>, <strong><a href=\"http:\/\/agora.xtec.cat\/ies-merce-rodoreda\/projecte-educatiu\/convivencia\/a-nivell-de-centre\/\" target=\"_blank\" rel=\"noopener\">centre<\/a><\/strong>, <strong><a href=\"http:\/\/agora.xtec.cat\/ies-merce-rodoreda\/projecte-educatiu\/convivencia\/aspectes-de-convivencia-a-nivell-dentorn\/\" target=\"_blank\" rel=\"noopener\">entorn<\/a><\/strong>) i de crear una atmosfera de treball i conviv\u00e8ncia segura i saludable.<\/p>\n\n\n\n<div class=\"wp-block-columns is-layout-flex wp-container-core-columns-is-layout-1 wp-block-columns-is-layout-flex\">\n<div class=\"wp-block-column is-layout-flow wp-block-column-is-layout-flow\">\n<div class=\"wp-block-buttons is-content-justification-center is-layout-flex wp-container-core-buttons-is-layout-1 wp-block-buttons-is-layout-flex\">\n<div class=\"wp-block-button has-custom-width wp-block-button__width-75\"><a class=\"wp-block-button__link wp-element-button\" href=\"http:\/\/agora.xtec.cat\/ies-merce-rodoreda\/projecte-educatiu\/convivencia\/aspectes-de-convivencia-a-nivell-daula\/\">Aula<\/a><\/div>\n<\/div>\n<\/div>\n\n\n\n<div class=\"wp-block-column is-layout-flow wp-block-column-is-layout-flow\">\n<div class=\"wp-block-buttons alignfull is-content-justification-center is-layout-flex wp-container-core-buttons-is-layout-2 wp-block-buttons-is-layout-flex\">\n<div class=\"wp-block-button has-custom-width wp-block-button__width-75\"><a class=\"wp-block-button__link wp-element-button\" href=\"http:\/\/agora.xtec.cat\/ies-merce-rodoreda\/projecte-educatiu\/convivencia\/a-nivell-de-centre\/\">Centre<\/a><\/div>\n<\/div>\n<\/div>\n\n\n\n<div class=\"wp-block-column is-layout-flow wp-block-column-is-layout-flow\">\n<div class=\"wp-block-buttons is-content-justification-center is-layout-flex wp-container-core-buttons-is-layout-3 wp-block-buttons-is-layout-flex\">\n<div class=\"wp-block-button has-custom-width wp-block-button__width-75\"><a class=\"wp-block-button__link wp-element-button\" href=\"http:\/\/agora.xtec.cat\/ies-merce-rodoreda\/projecte-educatiu\/convivencia\/aspectes-de-convivencia-a-nivell-dentorn\/\">Entorn<\/a><\/div>\n<\/div>\n<\/div>\n<\/div>\n","protected":false},"excerpt":{"rendered":"<p>El Projecte de conviv\u00e8ncia \u00e9s un instrument que engloba el conjunt d\u2019actuacions encaminades a la millora de la conviv\u00e8ncia en [&hellip;]<\/p>\n","protected":false},"author":1,"featured_media":0,"parent":57,"menu_order":1,"comment_status":"closed","ping_status":"closed","template":"","meta":{"site-sidebar-layout":"default","site-content-layout":"","ast-site-content-layout":"default","site-content-style":"default","site-sidebar-style":"default","ast-global-header-display":"","ast-banner-title-visibility":"","ast-main-header-display":"","ast-hfb-above-header-display":"","ast-hfb-below-header-display":"","ast-hfb-mobile-header-display":"","site-post-title":"","ast-breadcrumbs-content":"","ast-featured-img":"","footer-sml-layout":"","theme-transparent-header-meta":"","adv-header-id-meta":"","stick-header-meta":"","header-above-stick-meta":"","header-main-stick-meta":"","header-below-stick-meta":"","astra-migrate-meta-layouts":"set","ast-page-background-enabled":"default","ast-page-background-meta":{"desktop":{"background-color":"var(--ast-global-color-4)","background-image":"","background-repeat":"repeat","background-position":"center center","background-size":"auto","background-attachment":"scroll","background-type":"","background-media":"","overlay-type":"","overlay-color":"","overlay-opacity":"","overlay-gradient":""},"tablet":{"background-color":"","background-image":"","background-repeat":"repeat","background-position":"center center","background-size":"auto","background-attachment":"scroll","background-type":"","background-media":"","overlay-type":"","overlay-color":"","overlay-opacity":"","overlay-gradient":""},"mobile":{"background-color":"","background-image":"","background-repeat":"repeat","background-position":"center center","background-size":"auto","background-attachment":"scroll","background-type":"","background-media":"","overlay-type":"","overlay-color":"","overlay-opacity":"","overlay-gradient":""}},"ast-content-background-meta":{"desktop":{"background-color":"var(--ast-global-color-5)","background-image":"","background-repeat":"repeat","background-position":"center center","background-size":"auto","background-attachment":"scroll","background-type":"","background-media":"","overlay-type":"","overlay-color":"","overlay-opacity":"","overlay-gradient":""},"tablet":{"background-color":"var(--ast-global-color-5)","background-image":"","background-repeat":"repeat","background-position":"center center","background-size":"auto","background-attachment":"scroll","background-type":"","background-media":"","overlay-type":"","overlay-color":"","overlay-opacity":"","overlay-gradient":""},"mobile":{"background-color":"var(--ast-global-color-5)","background-image":"","background-repeat":"repeat","background-position":"center center","background-size":"auto","background-attachment":"scroll","background-type":"","background-media":"","overlay-type":"","overlay-color":"","overlay-opacity":"","overlay-gradient":""}},"footnotes":""},"class_list":["post-3548","page","type-page","status-publish","hentry"],"post_mailing_queue_ids":[],"_links":{"self":[{"href":"https:\/\/agora.xtec.cat\/ies-merce-rodoreda\/wp-json\/wp\/v2\/pages\/3548","targetHints":{"allow":["GET"]}}],"collection":[{"href":"https:\/\/agora.xtec.cat\/ies-merce-rodoreda\/wp-json\/wp\/v2\/pages"}],"about":[{"href":"https:\/\/agora.xtec.cat\/ies-merce-rodoreda\/wp-json\/wp\/v2\/types\/page"}],"author":[{"embeddable":true,"href":"https:\/\/agora.xtec.cat\/ies-merce-rodoreda\/wp-json\/wp\/v2\/users\/1"}],"replies":[{"embeddable":true,"href":"https:\/\/agora.xtec.cat\/ies-merce-rodoreda\/wp-json\/wp\/v2\/comments?post=3548"}],"version-history":[{"count":6,"href":"https:\/\/agora.xtec.cat\/ies-merce-rodoreda\/wp-json\/wp\/v2\/pages\/3548\/revisions"}],"predecessor-version":[{"id":16415,"href":"https:\/\/agora.xtec.cat\/ies-merce-rodoreda\/wp-json\/wp\/v2\/pages\/3548\/revisions\/16415"}],"up":[{"embeddable":true,"href":"https:\/\/agora.xtec.cat\/ies-merce-rodoreda\/wp-json\/wp\/v2\/pages\/57"}],"wp:attachment":[{"href":"https:\/\/agora.xtec.cat\/ies-merce-rodoreda\/wp-json\/wp\/v2\/media?parent=3548"}],"curies":[{"name":"wp","href":"https:\/\/api.w.org\/{rel}","templated":true}]}}