{"id":18400,"date":"2025-12-18T19:19:40","date_gmt":"2025-12-18T18:19:40","guid":{"rendered":"https:\/\/agora.xtec.cat\/ies-merce-rodoreda\/?page_id=18400"},"modified":"2026-04-14T19:44:31","modified_gmt":"2026-04-14T17:44:31","slug":"programa-de-formacio-i-insercio-pfi","status":"publish","type":"page","link":"https:\/\/agora.xtec.cat\/ies-merce-rodoreda\/estudis\/programa-de-formacio-i-insercio-pfi\/","title":{"rendered":"Programa de Formaci\u00f3 i Inserci\u00f3 (PFI)"},"content":{"rendered":"\n<h2 class=\"wp-block-heading has-ast-global-color-1-color has-text-color has-link-color wp-elements-e875d1258e6e0c1699f12787ee76b4ce\"><strong>Auxiliar d&#8217;Activitats d&#8217;Oficina i en Serveis Administratius Generals<\/strong><\/h2>\n\n\n\n<p>El Programa de Formaci\u00f3 i Inserci\u00f3 (PFI) de l\u2019Institut Merc\u00e8 Rodoreda vol donar una segona oportunitat a persones joves que no han pogut acabar l\u2019ESO, combinant formaci\u00f3 pr\u00e0ctica amb un acompanyament personal i d&#8217;aquesta manera poder facilitar la inserci\u00f3 laboral o l\u2019acc\u00e9s a un cicle formatiu de grau mitj\u00e0.<br><\/p>\n\n\n\n<h3 class=\"wp-block-heading\">Informaci\u00f3 General<\/h3>\n\n\n\n<div class=\"wp-block-getwid-accordion alignwide has-icon-left alignwide\" data-active-element=\"none\">\n<div class=\"wp-block-getwid-accordion__header-wrapper\"><span class=\"wp-block-getwid-accordion__header\"><a href=\"#\"><span class=\"wp-block-getwid-accordion__header-title\"><strong>Qu\u00e8 \u00e9s un PFI?<\/strong><\/span><span class=\"wp-block-getwid-accordion__icon is-active\"><i class=\"fas fa-plus\"><\/i><\/span><span class=\"wp-block-getwid-accordion__icon is-passive\"><i class=\"fas fa-minus\"><\/i><\/span><\/a><\/span><\/div><div class=\"wp-block-getwid-accordion__content-wrapper\"><div class=\"wp-block-getwid-accordion__content\">\n<p>Els Programes de Formaci\u00f3 i Inserci\u00f3 (PFI) s\u00f3n el primer nivell de qualificaci\u00f3 dins dels estudis de formaci\u00f3 professional i s&#8217;adscriuen a diferents fam\u00edlies professionals.<\/p>\n\n\n\n<p>Els i les alumnes de PFI reben un acompanyament i una tutoritzaci\u00f3 essencial per a l&#8217;assoliment dels objectius del programa. Els aprenentatges s\u00f3n vivencials i vinculats amb l&#8217;entorn proper, i inclouen pr\u00e0ctiques en empresa; s&#8217;apr\u00e8n fent, utilitzant metodologies actives i globals.<\/p>\n\n\n\n<p>S\u00f3n estudis voluntaris i la seva durada \u00e9s d&#8217;un curs acad\u00e8mic (1.000 hores).<\/p>\n<\/div><\/div>\n\n\n\n<div class=\"wp-block-getwid-accordion__header-wrapper\"><span class=\"wp-block-getwid-accordion__header\"><a href=\"#\"><span class=\"wp-block-getwid-accordion__header-title\"><strong>A qui va adre\u00e7at?<\/strong><\/span><span class=\"wp-block-getwid-accordion__icon is-active\"><i class=\"fas fa-plus\"><\/i><\/span><span class=\"wp-block-getwid-accordion__icon is-passive\"><i class=\"fas fa-minus\"><\/i><\/span><\/a><\/span><\/div><div class=\"wp-block-getwid-accordion__content-wrapper\"><div class=\"wp-block-getwid-accordion__content\">\n<p>Alumnes amb m\u00e9s de 16 anys que els compleixi durant l\u2019any natural de l\u2019inici del programa i de menys de 21 anys, que no ha hagin obtingut el t\u00edtol de graduat\/ada en educaci\u00f3 secund\u00e0ria obligat\u00f2ria.<\/p>\n<\/div><\/div>\n\n\n\n<div class=\"wp-block-getwid-accordion__header-wrapper\"><span class=\"wp-block-getwid-accordion__header\"><a href=\"#\"><span class=\"wp-block-getwid-accordion__header-title\"> <strong>PFI: Auxiliar d&#8217;Activitats d&#8217;Oficina i en Serveis Administratius Generals <\/strong><\/span><span class=\"wp-block-getwid-accordion__icon is-active\"><i class=\"fas fa-plus\"><\/i><\/span><span class=\"wp-block-getwid-accordion__icon is-passive\"><i class=\"fas fa-minus\"><\/i><\/span><\/a><\/span><\/div><div class=\"wp-block-getwid-accordion__content-wrapper\"><div class=\"wp-block-getwid-accordion__content\">\n<p>Aquests estudis capaciten per dur a terme tasques auxiliars en l&#8217;\u00e0mbit de l&#8217;administraci\u00f3 i gesti\u00f3, aix\u00ed com l&#8217;enregistrament i la verificaci\u00f3 de dades i documents.<\/p>\n\n\n\n<p>Tenen una durada total de 1.000 hores, un curs acad\u00e8mic.<\/p>\n<\/div><\/div>\n\n\n\n<div class=\"wp-block-getwid-accordion__header-wrapper\"><span class=\"wp-block-getwid-accordion__header\"><a href=\"#\"><span class=\"wp-block-getwid-accordion__header-title\"><strong>Principals Sortides Professionals i Acad\u00e8miques <\/strong><\/span><span class=\"wp-block-getwid-accordion__icon is-active\"><i class=\"fas fa-plus\"><\/i><\/span><span class=\"wp-block-getwid-accordion__icon is-passive\"><i class=\"fas fa-minus\"><\/i><\/span><\/a><\/span><\/div><div class=\"wp-block-getwid-accordion__content-wrapper\"><div class=\"wp-block-getwid-accordion__content\">\n<p>Aquests estudis capaciten per dur a terme tasques auxiliars en l&#8217;\u00e0mbit de l&#8217;administraci\u00f3 i gesti\u00f3, aix\u00ed com l&#8217;enregistrament i la verificaci\u00f3 de dades i documents.<\/p>\n\n\n\n<p>Tenen una durada total de 1.000 hores, un curs acad\u00e8mic.<\/p>\n\n\n\n<div class=\"wp-block-getwid-tabs\" data-active-tab=\"0\"><ul class=\"wp-block-getwid-tabs__nav-links\"><\/ul>\n<div class=\"wp-block-getwid-tabs__nav-link\"><span class=\"wp-block-getwid-tabs__title-wrapper\"><a href=\"#\"><span class=\"wp-block-getwid-tabs__title\">Professionals<\/span><\/a><\/span><\/div><div class=\"wp-block-getwid-tabs__tab-content-wrapper\"><div class=\"wp-block-getwid-tabs__tab-content\">\n<p>La superaci\u00f3 d&#8217;aquest programa de formaci\u00f3 i inserci\u00f3 (PFI) permet accedir al&nbsp;<strong>m\u00f3n laboral<\/strong>&nbsp;com a:<\/p>\n\n\n\n<ul class=\"wp-block-list\">\n<li>Auxiliar d&#8217;oficina, de serveis generals o d&#8217;arxiu<\/li>\n\n\n\n<li>ordenan\u00e7a,<\/li>\n\n\n\n<li>auxiliar d&#8217;informaci\u00f3,<\/li>\n\n\n\n<li>recepcionista,<\/li>\n\n\n\n<li>gravador\u2013verificador o gravadora-verificadora de dades,<\/li>\n\n\n\n<li>auxiliar de digitalitzaci\u00f3,<\/li>\n\n\n\n<li>operador o operadora documental,<\/li>\n\n\n\n<li>operador o operadora de cobrament o caixer o caixera.<\/li>\n<\/ul>\n\n\n\n<p><\/p>\n<\/div><\/div>\n\n\n\n<div class=\"wp-block-getwid-tabs__nav-link\"><span class=\"wp-block-getwid-tabs__title-wrapper\"><a href=\"#\"><span class=\"wp-block-getwid-tabs__title\">Acad\u00e8miques<\/span><\/a><\/span><\/div><div class=\"wp-block-getwid-tabs__tab-content-wrapper\"><div class=\"wp-block-getwid-tabs__tab-content\">\n<p>La superaci\u00f3 d&#8217;aquest programa de formaci\u00f3 i inserci\u00f3 (PFI) comporta el seg\u00fcent:<\/p>\n\n\n\n<ul class=\"wp-block-list\">\n<li>Certificat acad\u00e8mic i professional, que cont\u00e9 la qualificaci\u00f3 final obtinguda en el PFI i acredita les compet\u00e8ncies professionals assolides.<\/li>\n\n\n\n<li>Certificat del Curs de formaci\u00f3 preparatori per accedir als cicles de grau mitj\u00e0, si el PFI s&#8217;ha cursat en un centre autoritzat a impartir aquest curs.<\/li>\n\n\n\n<li>Acc\u00e9s als cicles formatius de grau mitj\u00e0, d&#8217;acord amb la Resoluci\u00f3 EDF\/4245\/2024, de 26 de novembre.<\/li>\n<\/ul>\n\n\n\n<p><\/p>\n<\/div><\/div>\n<\/div>\n<\/div><\/div>\n\n\n\n<div class=\"wp-block-getwid-accordion__header-wrapper\"><span class=\"wp-block-getwid-accordion__header\"><a href=\"#\"><span class=\"wp-block-getwid-accordion__header-title\"><strong>Les classes s\u00f3n al mat\u00ed o a la tarda?<\/strong><\/span><span class=\"wp-block-getwid-accordion__icon is-active\"><i class=\"fas fa-plus\"><\/i><\/span><span class=\"wp-block-getwid-accordion__icon is-passive\"><i class=\"fas fa-minus\"><\/i><\/span><\/a><\/span><\/div><div class=\"wp-block-getwid-accordion__content-wrapper\"><div class=\"wp-block-getwid-accordion__content\">\n<p>Tant el PFI com els cicles formatius de grau mitj\u00e0 com superior es realitzen en horari de tarda (entre les 15.30 h i les 21:30 h).<\/p>\n<\/div><\/div>\n<\/div>\n\n\n\n<hr class=\"wp-block-separator has-alpha-channel-opacity\"\/>\n\n\n\n<h3 class=\"wp-block-heading\">Mat\u00e8ries i continguts que s&#8217;imparteixen<\/h3>\n\n\n\n<figure class=\"wp-block-table\"><table class=\"has-fixed-layout\"><tbody><tr><td class=\"has-text-align-left\" data-align=\"left\"><strong>M\u00f2duls de formaci\u00f3 professional (inclouen 200 hores d&#8217;estada formativa a l&#8217;empresa)<\/strong><br>      &#8211; T\u00e8cniques Administratives B\u00e0siques<br>      &#8211; Arxiu i Comunicaci\u00f3<br>      &#8211; Ofim\u00e0tica<br>      &#8211; Formaci\u00f3 B\u00e0sica en Prevenci\u00f3 de Riscos Laborals<br>      &#8211; Projecte<br><strong>M\u00f2duls de formaci\u00f3 general<\/strong><br>      &#8211; Estrat\u00e8gies i Eines de Comunicaci\u00f3<br>      &#8211; Entorn Social i Territorial<br>      &#8211; Estrat\u00e8gies i Eines Matem\u00e0tiques<br>      &#8211; Incorporaci\u00f3 al M\u00f3n Professional<br><strong>Tutoria, seguiment i orientaci\u00f3 personalitzada<\/strong><br><\/td><\/tr><\/tbody><\/table><\/figure>\n\n\n\n        <div class=\"wp-block-getwid-post-slider custom-post-type-post has-arrows-inside has-dots-inside\">\n            <div data-slider-option=\"{&quot;getwid_fade_effect&quot;:&quot;slide&quot;,&quot;getwid_autoplay&quot;:false,&quot;getwid_pause_on_hover&quot;:false,&quot;getwid_autoplay_speed&quot;:6000,&quot;getwid_infinite&quot;:true,&quot;getwid_animation_speed&quot;:800,&quot;getwid_arrows&quot;:&quot;inside&quot;,&quot;getwid_dots&quot;:&quot;inside&quot;}\" class=\"wp-block-getwid-post-slider__content\">\n                <p>No s&#039;ha trobat res.<\/p>            <\/div>\n        <\/div>\n        \n\n\n<p><a href=\"https:\/\/www.gencat.cat\/ensenyament\/eac\/pdf\/PFI_____AG01_CA.pdf\">FITXA D&#8217;ESTUDIS <\/a><\/p>\n\n\n\n<h3 class=\"wp-block-heading\">Noticies<\/h3>\n\n\n\n        <div class=\"wp-block-getwid-post-carousel custom-post-type-post has-slides-gap-small is-carousel has-arrows-inside has-dots-inside\">\n            <div data-slider-option=\"{&quot;sliderSlidesToShowDesktop&quot;:&quot;2&quot;,&quot;getwid_slidesToShowLaptop&quot;:&quot;1&quot;,&quot;getwid_slidesToShowTablet&quot;:&quot;1&quot;,&quot;getwid_slidesToShowMobile&quot;:&quot;1&quot;,&quot;getwid_autoplay_speed&quot;:6000,&quot;getwid_animation_speed&quot;:800,&quot;getwid_slidesToScroll&quot;:&quot;1&quot;,&quot;getwid_autoplay&quot;:false,&quot;getwid_pause_on_hover&quot;:false,&quot;getwid_infinite&quot;:true,&quot;getwid_center_mode&quot;:false,&quot;getwid_arrows&quot;:&quot;inside&quot;,&quot;getwid_dots&quot;:&quot;inside&quot;}\" class=\"wp-block-getwid-post-carousel__wrapper\">\n                \t\t\t\t\t\t\t<div class=\"wp-block-getwid-post-carousel__slide\">\n\t\t\t\t\t\t\t\t\n<div class=\"wp-block-getwid-post-carousel__post\">\n            <div class=\"wp-block-getwid-post-carousel__post-thumbnail\">\n            <a href=\"https:\/\/agora.xtec.cat\/ies-merce-rodoreda\/portada\/escape-room-supera-un-proces-de-seleccio\/\"><img loading=\"lazy\" decoding=\"async\" width=\"2560\" height=\"1151\" src=\"https:\/\/agora.xtec.cat\/ies-merce-rodoreda\/wp-content\/uploads\/usu644\/2026\/02\/IMG_20260120_154729-scaled.jpg\" class=\"attachment-post-thumbnail size-post-thumbnail wp-post-image\" alt=\"\" srcset=\"https:\/\/agora.xtec.cat\/ies-merce-rodoreda\/wp-content\/uploads\/usu644\/2026\/02\/IMG_20260120_154729-scaled.jpg 2560w, https:\/\/agora.xtec.cat\/ies-merce-rodoreda\/wp-content\/uploads\/usu644\/2026\/02\/IMG_20260120_154729-300x135.jpg 300w, https:\/\/agora.xtec.cat\/ies-merce-rodoreda\/wp-content\/uploads\/usu644\/2026\/02\/IMG_20260120_154729-1024x461.jpg 1024w, https:\/\/agora.xtec.cat\/ies-merce-rodoreda\/wp-content\/uploads\/usu644\/2026\/02\/IMG_20260120_154729-768x345.jpg 768w, https:\/\/agora.xtec.cat\/ies-merce-rodoreda\/wp-content\/uploads\/usu644\/2026\/02\/IMG_20260120_154729-1536x691.jpg 1536w, https:\/\/agora.xtec.cat\/ies-merce-rodoreda\/wp-content\/uploads\/usu644\/2026\/02\/IMG_20260120_154729-2048x921.jpg 2048w\" sizes=\"auto, (max-width: 2560px) 100vw, 2560px\" \/><\/a>\n        <\/div>\n        <div class=\"wp-block-getwid-post-carousel__post-content-wrapper\">\n        <div class=\"wp-block-getwid-post-carousel__post-header\">\n            <h3 class=\"wp-block-getwid-post-carousel__post-title\"><a href=\"https:\/\/agora.xtec.cat\/ies-merce-rodoreda\/portada\/escape-room-supera-un-proces-de-seleccio\/\">Escape Room: supera un proc\u00e9s de selecci\u00f3<\/a><\/h3>        <\/div>\n        <div class=\"wp-block-getwid-post-carousel__post-excerpt\"><p>L\u2019alumnat del Programa de Formaci\u00f3 i Inserci\u00f3 (PFI) del nostre institut ha participat en l\u2019activitat&nbsp;\u201cEscape Room: supera un proc\u00e9s de [&hellip;]<\/p>\n<\/div>\n    <\/div>\n<\/div>\n\n\t\t\t\t\t\t\t<\/div>\n\t\t\t\t\t\t\t\t\t\t\t\t\t<div class=\"wp-block-getwid-post-carousel__slide\">\n\t\t\t\t\t\t\t\t\n<div class=\"wp-block-getwid-post-carousel__post\">\n            <div class=\"wp-block-getwid-post-carousel__post-thumbnail\">\n            <a href=\"https:\/\/agora.xtec.cat\/ies-merce-rodoreda\/portada\/com-sorganitza-la-major-empresa-de-comerc-electronic-del-mon-2\/\"><img loading=\"lazy\" decoding=\"async\" width=\"1693\" height=\"1111\" src=\"https:\/\/agora.xtec.cat\/ies-merce-rodoreda\/wp-content\/uploads\/usu644\/2026\/02\/IMG_20260115_193715.jpg\" class=\"attachment-post-thumbnail size-post-thumbnail wp-post-image\" alt=\"\" srcset=\"https:\/\/agora.xtec.cat\/ies-merce-rodoreda\/wp-content\/uploads\/usu644\/2026\/02\/IMG_20260115_193715.jpg 1693w, https:\/\/agora.xtec.cat\/ies-merce-rodoreda\/wp-content\/uploads\/usu644\/2026\/02\/IMG_20260115_193715-300x197.jpg 300w, https:\/\/agora.xtec.cat\/ies-merce-rodoreda\/wp-content\/uploads\/usu644\/2026\/02\/IMG_20260115_193715-1024x672.jpg 1024w, https:\/\/agora.xtec.cat\/ies-merce-rodoreda\/wp-content\/uploads\/usu644\/2026\/02\/IMG_20260115_193715-768x504.jpg 768w, https:\/\/agora.xtec.cat\/ies-merce-rodoreda\/wp-content\/uploads\/usu644\/2026\/02\/IMG_20260115_193715-1536x1008.jpg 1536w\" sizes=\"auto, (max-width: 1693px) 100vw, 1693px\" \/><\/a>\n        <\/div>\n        <div class=\"wp-block-getwid-post-carousel__post-content-wrapper\">\n        <div class=\"wp-block-getwid-post-carousel__post-header\">\n            <h3 class=\"wp-block-getwid-post-carousel__post-title\"><a href=\"https:\/\/agora.xtec.cat\/ies-merce-rodoreda\/portada\/com-sorganitza-la-major-empresa-de-comerc-electronic-del-mon-2\/\">Com s&#8217;organitza la major empresa de comer\u00e7 electr\u00f2nic del m\u00f3n?<\/a><\/h3>        <\/div>\n        <div class=\"wp-block-getwid-post-carousel__post-excerpt\"><p>El passat 17 de desembre l&#8217;alumnat del PFI va tenir l&#8217;oportunitat de con\u00e8ixer&nbsp;de primera m\u00e0 com s&#8217;organitza i es gestionen [&hellip;]<\/p>\n<\/div>\n    <\/div>\n<\/div>\n\n\t\t\t\t\t\t\t<\/div>\n\t\t\t\t\t\t\t\t\t\t\t\t\t<div class=\"wp-block-getwid-post-carousel__slide\">\n\t\t\t\t\t\t\t\t\n<div class=\"wp-block-getwid-post-carousel__post\">\n            <div class=\"wp-block-getwid-post-carousel__post-thumbnail\">\n            <a href=\"https:\/\/agora.xtec.cat\/ies-merce-rodoreda\/portada\/el-pfi-va-sobre-rodes\/\"><img loading=\"lazy\" decoding=\"async\" width=\"1600\" height=\"1200\" src=\"https:\/\/agora.xtec.cat\/ies-merce-rodoreda\/wp-content\/uploads\/usu644\/2025\/12\/WhatsApp-Image-2025-12-09-at-12.20.13.jpeg\" class=\"attachment-post-thumbnail size-post-thumbnail wp-post-image\" alt=\"\" srcset=\"https:\/\/agora.xtec.cat\/ies-merce-rodoreda\/wp-content\/uploads\/usu644\/2025\/12\/WhatsApp-Image-2025-12-09-at-12.20.13.jpeg 1600w, https:\/\/agora.xtec.cat\/ies-merce-rodoreda\/wp-content\/uploads\/usu644\/2025\/12\/WhatsApp-Image-2025-12-09-at-12.20.13-300x225.jpeg 300w, https:\/\/agora.xtec.cat\/ies-merce-rodoreda\/wp-content\/uploads\/usu644\/2025\/12\/WhatsApp-Image-2025-12-09-at-12.20.13-1024x768.jpeg 1024w, https:\/\/agora.xtec.cat\/ies-merce-rodoreda\/wp-content\/uploads\/usu644\/2025\/12\/WhatsApp-Image-2025-12-09-at-12.20.13-768x576.jpeg 768w, https:\/\/agora.xtec.cat\/ies-merce-rodoreda\/wp-content\/uploads\/usu644\/2025\/12\/WhatsApp-Image-2025-12-09-at-12.20.13-1536x1152.jpeg 1536w\" sizes=\"auto, (max-width: 1600px) 100vw, 1600px\" \/><\/a>\n        <\/div>\n        <div class=\"wp-block-getwid-post-carousel__post-content-wrapper\">\n        <div class=\"wp-block-getwid-post-carousel__post-header\">\n            <h3 class=\"wp-block-getwid-post-carousel__post-title\"><a href=\"https:\/\/agora.xtec.cat\/ies-merce-rodoreda\/portada\/el-pfi-va-sobre-rodes\/\">El PFI va sobre rodes!<\/a><\/h3>        <\/div>\n        <div class=\"wp-block-getwid-post-carousel__post-excerpt\"><p>Com s&#8217;organitza una empresa de lloguer de vehicles?&nbsp;L\u2019alumnat del PFI ja no en t\u00e9 cap dubte. El passat 4 de [&hellip;]<\/p>\n<\/div>\n    <\/div>\n<\/div>\n\n\t\t\t\t\t\t\t<\/div>\n\t\t\t\t\t\t\t\t\t\t\t\t\t<div class=\"wp-block-getwid-post-carousel__slide\">\n\t\t\t\t\t\t\t\t\n<div class=\"wp-block-getwid-post-carousel__post\">\n            <div class=\"wp-block-getwid-post-carousel__post-thumbnail\">\n            <a href=\"https:\/\/agora.xtec.cat\/ies-merce-rodoreda\/portada\/aprenem-sobre-competencies-clau-a-barcelona-activa\/\"><img loading=\"lazy\" decoding=\"async\" width=\"2560\" height=\"1152\" src=\"https:\/\/agora.xtec.cat\/ies-merce-rodoreda\/wp-content\/uploads\/usu644\/2025\/11\/BCN-ACTIVA-05-scaled.jpg\" class=\"attachment-post-thumbnail size-post-thumbnail wp-post-image\" alt=\"\" srcset=\"https:\/\/agora.xtec.cat\/ies-merce-rodoreda\/wp-content\/uploads\/usu644\/2025\/11\/BCN-ACTIVA-05-scaled.jpg 2560w, https:\/\/agora.xtec.cat\/ies-merce-rodoreda\/wp-content\/uploads\/usu644\/2025\/11\/BCN-ACTIVA-05-300x135.jpg 300w, https:\/\/agora.xtec.cat\/ies-merce-rodoreda\/wp-content\/uploads\/usu644\/2025\/11\/BCN-ACTIVA-05-1024x461.jpg 1024w, https:\/\/agora.xtec.cat\/ies-merce-rodoreda\/wp-content\/uploads\/usu644\/2025\/11\/BCN-ACTIVA-05-768x346.jpg 768w, https:\/\/agora.xtec.cat\/ies-merce-rodoreda\/wp-content\/uploads\/usu644\/2025\/11\/BCN-ACTIVA-05-1536x691.jpg 1536w, https:\/\/agora.xtec.cat\/ies-merce-rodoreda\/wp-content\/uploads\/usu644\/2025\/11\/BCN-ACTIVA-05-2048x922.jpg 2048w\" sizes=\"auto, (max-width: 2560px) 100vw, 2560px\" \/><\/a>\n        <\/div>\n        <div class=\"wp-block-getwid-post-carousel__post-content-wrapper\">\n        <div class=\"wp-block-getwid-post-carousel__post-header\">\n            <h3 class=\"wp-block-getwid-post-carousel__post-title\"><a href=\"https:\/\/agora.xtec.cat\/ies-merce-rodoreda\/portada\/aprenem-sobre-competencies-clau-a-barcelona-activa\/\">Aprenem sobre compet\u00e8ncies clau a Barcelona Activa<\/a><\/h3>        <\/div>\n        <div class=\"wp-block-getwid-post-carousel__post-excerpt\"><p>L&#8217;alumnat del PFI de Serveis Administratius Generals i Activitats Auxiliar d&#8217;Oficina\u00a0(curs de nova implantaci\u00f3 al Merc\u00e8 Rodoreda) va realitzar la [&hellip;]<\/p>\n<\/div>\n    <\/div>\n<\/div>\n\n\t\t\t\t\t\t\t<\/div>\n\t\t\t\t\t\t            <\/div>\n        <\/div>\n        ","protected":false},"excerpt":{"rendered":"<p>Auxiliar d&#8217;Activitats d&#8217;Oficina i en Serveis Administratius Generals El Programa de Formaci\u00f3 i Inserci\u00f3 (PFI) de l\u2019Institut Merc\u00e8 Rodoreda vol [&hellip;]<\/p>\n","protected":false},"author":324,"featured_media":0,"parent":195,"menu_order":0,"comment_status":"closed","ping_status":"close","template":"","meta":{"site-sidebar-layout":"default","site-content-layout":"","ast-site-content-layout":"default","site-content-style":"default","site-sidebar-style":"default","ast-global-header-display":"","ast-banner-title-visibility":"","ast-main-header-display":"","ast-hfb-above-header-display":"","ast-hfb-below-header-display":"","ast-hfb-mobile-header-display":"","site-post-title":"","ast-breadcrumbs-content":"","ast-featured-img":"","footer-sml-layout":"","theme-transparent-header-meta":"","adv-header-id-meta":"","stick-header-meta":"","header-above-stick-meta":"","header-main-stick-meta":"","header-below-stick-meta":"","astra-migrate-meta-layouts":"set","ast-page-background-enabled":"default","ast-page-background-meta":{"desktop":{"background-color":"var(--ast-global-color-4)","background-image":"","background-repeat":"repeat","background-position":"center center","background-size":"auto","background-attachment":"scroll","background-type":"","background-media":"","overlay-type":"","overlay-color":"","overlay-opacity":"","overlay-gradient":""},"tablet":{"background-color":"","background-image":"","background-repeat":"repeat","background-position":"center center","background-size":"auto","background-attachment":"scroll","background-type":"","background-media":"","overlay-type":"","overlay-color":"","overlay-opacity":"","overlay-gradient":""},"mobile":{"background-color":"","background-image":"","background-repeat":"repeat","background-position":"center center","background-size":"auto","background-attachment":"scroll","background-type":"","background-media":"","overlay-type":"","overlay-color":"","overlay-opacity":"","overlay-gradient":""}},"ast-content-background-meta":{"desktop":{"background-color":"var(--ast-global-color-5)","background-image":"","background-repeat":"repeat","background-position":"center center","background-size":"auto","background-attachment":"scroll","background-type":"","background-media":"","overlay-type":"","overlay-color":"","overlay-opacity":"","overlay-gradient":""},"tablet":{"background-color":"var(--ast-global-color-5)","background-image":"","background-repeat":"repeat","background-position":"center center","background-size":"auto","background-attachment":"scroll","background-type":"","background-media":"","overlay-type":"","overlay-color":"","overlay-opacity":"","overlay-gradient":""},"mobile":{"background-color":"var(--ast-global-color-5)","background-image":"","background-repeat":"repeat","background-position":"center center","background-size":"auto","background-attachment":"scroll","background-type":"","background-media":"","overlay-type":"","overlay-color":"","overlay-opacity":"","overlay-gradient":""}},"footnotes":""},"class_list":["post-18400","page","type-page","status-publish","hentry"],"post_mailing_queue_ids":[],"_links":{"self":[{"href":"https:\/\/agora.xtec.cat\/ies-merce-rodoreda\/wp-json\/wp\/v2\/pages\/18400","targetHints":{"allow":["GET"]}}],"collection":[{"href":"https:\/\/agora.xtec.cat\/ies-merce-rodoreda\/wp-json\/wp\/v2\/pages"}],"about":[{"href":"https:\/\/agora.xtec.cat\/ies-merce-rodoreda\/wp-json\/wp\/v2\/types\/page"}],"author":[{"embeddable":true,"href":"https:\/\/agora.xtec.cat\/ies-merce-rodoreda\/wp-json\/wp\/v2\/users\/324"}],"replies":[{"embeddable":true,"href":"https:\/\/agora.xtec.cat\/ies-merce-rodoreda\/wp-json\/wp\/v2\/comments?post=18400"}],"version-history":[{"count":6,"href":"https:\/\/agora.xtec.cat\/ies-merce-rodoreda\/wp-json\/wp\/v2\/pages\/18400\/revisions"}],"predecessor-version":[{"id":19083,"href":"https:\/\/agora.xtec.cat\/ies-merce-rodoreda\/wp-json\/wp\/v2\/pages\/18400\/revisions\/19083"}],"up":[{"embeddable":true,"href":"https:\/\/agora.xtec.cat\/ies-merce-rodoreda\/wp-json\/wp\/v2\/pages\/195"}],"wp:attachment":[{"href":"https:\/\/agora.xtec.cat\/ies-merce-rodoreda\/wp-json\/wp\/v2\/media?parent=18400"}],"curies":[{"name":"wp","href":"https:\/\/api.w.org\/{rel}","templated":true}]}}