{"id":18159,"date":"2025-10-23T14:53:18","date_gmt":"2025-10-23T12:53:18","guid":{"rendered":"https:\/\/agora.xtec.cat\/ies-merce-rodoreda\/?page_id=18159"},"modified":"2025-12-27T21:40:59","modified_gmt":"2025-12-27T20:40:59","slug":"formacio-professional-cicles-medi-ambient","status":"publish","type":"page","link":"https:\/\/agora.xtec.cat\/ies-merce-rodoreda\/formacio-professional-cicles-medi-ambient\/","title":{"rendered":"Formaci\u00f3 Professional cicles Medi Ambient"},"content":{"rendered":"\n<h2 class=\"wp-block-heading\"><strong>Benvingudes i benvinguts al Departament de Medi Ambient<\/strong><a href=\"\"><\/a><\/h2>\n\n\n\n<p>Al nostre institut fa <strong>m\u00e9s de 20 anys<\/strong> que impartim estudis relacionats amb el <strong>medi ambient<\/strong>, amb una traject\u00f2ria consolidada i molt vinculada a la realitat professional. A continuaci\u00f3, et presentem els <strong>diferents cicles formatius<\/strong> que impartim al centre, pensats per formar professionals preparats per afrontar els reptes ambientals d\u2019avui i de dem\u00e0. <\/p>\n\n\n\n<hr class=\"wp-block-separator has-alpha-channel-opacity\"\/>\n\n\n\n<p><strong><a href=\"https:\/\/agora.xtec.cat\/ies-merce-rodoreda\/mediambient\/cicle-formatiu-de-grau-mitja-en-sanitat-ambiental-aplicada\/\">Cicle Formatiu de Grau Mitj\u00e0 en Sanitat Ambiental Aplicada <\/a><\/strong><\/p>\n\n\n\n<div class=\"wp-block-media-text alignwide is-stacked-on-mobile\" style=\"grid-template-columns:24% auto\"><figure class=\"wp-block-media-text__media\"><img loading=\"lazy\" decoding=\"async\" width=\"400\" height=\"300\" src=\"https:\/\/agora.xtec.cat\/ies-merce-rodoreda\/wp-content\/uploads\/usu644\/2025\/12\/Salut-i-medi-ambient-4.jpg\" alt=\"\" class=\"wp-image-18515 size-full\" srcset=\"https:\/\/agora.xtec.cat\/ies-merce-rodoreda\/wp-content\/uploads\/usu644\/2025\/12\/Salut-i-medi-ambient-4.jpg 400w, https:\/\/agora.xtec.cat\/ies-merce-rodoreda\/wp-content\/uploads\/usu644\/2025\/12\/Salut-i-medi-ambient-4-300x225.jpg 300w\" sizes=\"auto, (max-width: 400px) 100vw, 400px\" \/><\/figure><div class=\"wp-block-media-text__content\">\n<p>El <strong>Cicle Formatiu de Grau Mitj\u00e0 en Sanitat Ambiental Aplicada<\/strong> prepara professionals per treballar en la prevenci\u00f3 i el control de riscos que afecten la salut i el medi ambient, amb una formaci\u00f3 molt pr\u00e0ctica i aplicada.<br>Si vols saber-ne m\u00e9s,<a href=\"https:\/\/agora.xtec.cat\/ies-merce-rodoreda\/mediambient\/cicle-formatiu-de-grau-mitja-en-sanitat-ambiental-aplicada\/\"> <strong>clica l\u2019enlla\u00e7<\/strong><\/a> i descobreix tots els detalls del cicle<\/p>\n<\/div><\/div>\n\n\n\n<hr class=\"wp-block-separator has-alpha-channel-opacity\"\/>\n\n\n\n<p><strong><a href=\"https:\/\/agora.xtec.cat\/ies-merce-rodoreda\/mediambient\/cicle-formatiu-de-grau-superior-en-quimica-i-salut-ambiental\/\">Cicle Formatiu de Grau Superior en Qu\u00edmica i Salut Ambiental <\/a><\/strong><\/p>\n\n\n\n<div class=\"wp-block-media-text has-media-on-the-right is-stacked-on-mobile\" style=\"grid-template-columns:auto 25%\"><div class=\"wp-block-media-text__content\">\n<p>El <strong>Cicle Formatiu de Grau Superior en Qu\u00edmica i Salut Ambiental<\/strong> forma professionals especialitzats en l\u2019an\u00e0lisi, el control i la prevenci\u00f3 de riscos ambientals i sanitaris, amb una base cient\u00edfica s\u00f2lida i molta pr\u00e0ctica. \u00c9s una formaci\u00f3 orientada directament al m\u00f3n laboral i a la continu\u00eftat d\u2019estudis.<br>Per con\u00e8ixer tots els detalls del cicle, <a href=\"https:\/\/agora.xtec.cat\/ies-merce-rodoreda\/mediambient\/cicle-formatiu-de-grau-superior-en-quimica-i-salut-ambiental\/\"><strong>clica l\u2019enlla\u00e7<\/strong> <\/a>i amplia la informaci\u00f3<\/p>\n<\/div><figure class=\"wp-block-media-text__media\"><img loading=\"lazy\" decoding=\"async\" width=\"525\" height=\"350\" src=\"https:\/\/agora.xtec.cat\/ies-merce-rodoreda\/wp-content\/uploads\/usu644\/2025\/12\/doctor-in-the-laboratory-analyzes-samples-of-codiv-9-under-a-microscope-photo.jpg\" alt=\"\" class=\"wp-image-18516 size-full\" srcset=\"https:\/\/agora.xtec.cat\/ies-merce-rodoreda\/wp-content\/uploads\/usu644\/2025\/12\/doctor-in-the-laboratory-analyzes-samples-of-codiv-9-under-a-microscope-photo.jpg 525w, https:\/\/agora.xtec.cat\/ies-merce-rodoreda\/wp-content\/uploads\/usu644\/2025\/12\/doctor-in-the-laboratory-analyzes-samples-of-codiv-9-under-a-microscope-photo-300x200.jpg 300w\" sizes=\"auto, (max-width: 525px) 100vw, 525px\" \/><\/figure><\/div>\n\n\n\n<hr class=\"wp-block-separator has-alpha-channel-opacity\"\/>\n\n\n\n<p><strong><a href=\"https:\/\/agora.xtec.cat\/ies-merce-rodoreda\/mediambient\/cicle-formatiu-de-grau-superior-en-educacio-i-control-ambiental\/\">Cicle Formatiu de Grau Superior en Educaci\u00f3 i Control Ambiental <\/a><\/strong><\/p>\n\n\n\n<div class=\"wp-block-media-text is-stacked-on-mobile\" style=\"grid-template-columns:25% auto\"><figure class=\"wp-block-media-text__media\"><img loading=\"lazy\" decoding=\"async\" width=\"740\" height=\"740\" src=\"https:\/\/agora.xtec.cat\/ies-merce-rodoreda\/wp-content\/uploads\/usu644\/2025\/12\/guarde-ilustracion-concepto-planeta-hombre-mujer_23-2148509643.avif\" alt=\"\" class=\"wp-image-18517 size-full\"\/><\/figure><div class=\"wp-block-media-text__content\">\n<p>El <strong>Cicle Formatiu de Grau Superior en Educaci\u00f3 i Control Ambiental<\/strong> forma professionals capa\u00e7os de sensibilitzar, educar i actuar sobre els problemes ambientals, tant en entorns naturals com urbans, amb una formaci\u00f3 pr\u00e0ctica i orientada a la realitat professional.<br>Per ampliar la informaci\u00f3,<a href=\"https:\/\/agora.xtec.cat\/ies-merce-rodoreda\/mediambient\/cicle-formatiu-de-grau-superior-en-educacio-i-control-ambiental\/\"> <strong>clica l\u2019enlla\u00e7<\/strong> <\/a>i descobreix tots els detalls del cicle<\/p>\n<\/div><\/div>\n\n\n\n<hr class=\"wp-block-separator has-alpha-channel-opacity\"\/>\n\n\n\n<div class=\"wp-block-media-text is-stacked-on-mobile\" style=\"grid-template-columns:24% auto\"><figure class=\"wp-block-media-text__media\"><a href=\"https:\/\/www.instagram.com\/mediambient_mr\/\"><img loading=\"lazy\" decoding=\"async\" width=\"450\" height=\"360\" src=\"https:\/\/agora.xtec.cat\/ies-merce-rodoreda\/wp-content\/uploads\/usu644\/2025\/12\/360_F_1855693829_GFfkBvl2rEReZby1p8CqEwYbLNB2Xth9.jpg\" alt=\"\" class=\"wp-image-18533 size-full\" srcset=\"https:\/\/agora.xtec.cat\/ies-merce-rodoreda\/wp-content\/uploads\/usu644\/2025\/12\/360_F_1855693829_GFfkBvl2rEReZby1p8CqEwYbLNB2Xth9.jpg 450w, https:\/\/agora.xtec.cat\/ies-merce-rodoreda\/wp-content\/uploads\/usu644\/2025\/12\/360_F_1855693829_GFfkBvl2rEReZby1p8CqEwYbLNB2Xth9-300x240.jpg 300w\" sizes=\"auto, (max-width: 450px) 100vw, 450px\" \/><\/a><\/figure><div class=\"wp-block-media-text__content\">\n<p>Per a m\u00e9s informaci\u00f3 podeu consultar l&#8217;instagram de la fam\u00edlia de Medi Ambient al <a href=\"https:\/\/www.instagram.com\/mediambient_mr\/\">seg\u00fcent enlla\u00e7<\/a><\/p>\n<\/div><\/div>\n","protected":false},"excerpt":{"rendered":"<p>Benvingudes i benvinguts al Departament de Medi Ambient Al nostre institut fa m\u00e9s de 20 anys que impartim estudis relacionats [&hellip;]<\/p>\n","protected":false},"author":78,"featured_media":0,"parent":0,"menu_order":0,"comment_status":"closed","ping_status":"close","template":"","meta":{"site-sidebar-layout":"default","site-content-layout":"","ast-site-content-layout":"default","site-content-style":"default","site-sidebar-style":"default","ast-global-header-display":"","ast-banner-title-visibility":"","ast-main-header-display":"","ast-hfb-above-header-display":"","ast-hfb-below-header-display":"","ast-hfb-mobile-header-display":"","site-post-title":"","ast-breadcrumbs-content":"","ast-featured-img":"","footer-sml-layout":"","theme-transparent-header-meta":"","adv-header-id-meta":"","stick-header-meta":"","header-above-stick-meta":"","header-main-stick-meta":"","header-below-stick-meta":"","astra-migrate-meta-layouts":"set","ast-page-background-enabled":"default","ast-page-background-meta":{"desktop":{"background-color":"var(--ast-global-color-4)","background-image":"","background-repeat":"repeat","background-position":"center center","background-size":"auto","background-attachment":"scroll","background-type":"","background-media":"","overlay-type":"","overlay-color":"","overlay-opacity":"","overlay-gradient":""},"tablet":{"background-color":"","background-image":"","background-repeat":"repeat","background-position":"center center","background-size":"auto","background-attachment":"scroll","background-type":"","background-media":"","overlay-type":"","overlay-color":"","overlay-opacity":"","overlay-gradient":""},"mobile":{"background-color":"","background-image":"","background-repeat":"repeat","background-position":"center center","background-size":"auto","background-attachment":"scroll","background-type":"","background-media":"","overlay-type":"","overlay-color":"","overlay-opacity":"","overlay-gradient":""}},"ast-content-background-meta":{"desktop":{"background-color":"var(--ast-global-color-5)","background-image":"","background-repeat":"repeat","background-position":"center center","background-size":"auto","background-attachment":"scroll","background-type":"","background-media":"","overlay-type":"","overlay-color":"","overlay-opacity":"","overlay-gradient":""},"tablet":{"background-color":"var(--ast-global-color-5)","background-image":"","background-repeat":"repeat","background-position":"center center","background-size":"auto","background-attachment":"scroll","background-type":"","background-media":"","overlay-type":"","overlay-color":"","overlay-opacity":"","overlay-gradient":""},"mobile":{"background-color":"var(--ast-global-color-5)","background-image":"","background-repeat":"repeat","background-position":"center center","background-size":"auto","background-attachment":"scroll","background-type":"","background-media":"","overlay-type":"","overlay-color":"","overlay-opacity":"","overlay-gradient":""}},"footnotes":""},"class_list":["post-18159","page","type-page","status-publish","hentry"],"post_mailing_queue_ids":[],"_links":{"self":[{"href":"https:\/\/agora.xtec.cat\/ies-merce-rodoreda\/wp-json\/wp\/v2\/pages\/18159","targetHints":{"allow":["GET"]}}],"collection":[{"href":"https:\/\/agora.xtec.cat\/ies-merce-rodoreda\/wp-json\/wp\/v2\/pages"}],"about":[{"href":"https:\/\/agora.xtec.cat\/ies-merce-rodoreda\/wp-json\/wp\/v2\/types\/page"}],"author":[{"embeddable":true,"href":"https:\/\/agora.xtec.cat\/ies-merce-rodoreda\/wp-json\/wp\/v2\/users\/78"}],"replies":[{"embeddable":true,"href":"https:\/\/agora.xtec.cat\/ies-merce-rodoreda\/wp-json\/wp\/v2\/comments?post=18159"}],"version-history":[{"count":6,"href":"https:\/\/agora.xtec.cat\/ies-merce-rodoreda\/wp-json\/wp\/v2\/pages\/18159\/revisions"}],"predecessor-version":[{"id":18534,"href":"https:\/\/agora.xtec.cat\/ies-merce-rodoreda\/wp-json\/wp\/v2\/pages\/18159\/revisions\/18534"}],"wp:attachment":[{"href":"https:\/\/agora.xtec.cat\/ies-merce-rodoreda\/wp-json\/wp\/v2\/media?parent=18159"}],"curies":[{"name":"wp","href":"https:\/\/api.w.org\/{rel}","templated":true}]}}