{"id":18063,"date":"2025-08-25T11:32:13","date_gmt":"2025-08-25T09:32:13","guid":{"rendered":"https:\/\/agora.xtec.cat\/ies-merce-rodoreda\/?page_id=18063"},"modified":"2025-08-25T11:32:14","modified_gmt":"2025-08-25T09:32:14","slug":"complecio-cicles-formatius-loe","status":"publish","type":"page","link":"https:\/\/agora.xtec.cat\/ies-merce-rodoreda\/elcentre\/serveis-3\/complecio-cicles-formatius-loe\/","title":{"rendered":"Compleci\u00f3 (Cicles Formatius LOE)"},"content":{"rendered":"\n<p><strong>Qu\u00e8 \u00e9s la compleci\u00f3?<br><\/strong>Amb l\u2019entrada en vigor dels nous curr\u00edculums de Formaci\u00f3 Professional, alguns cicles formatius LOE han estat substitu\u00efts o b\u00e9 extingits. Per tal de garantir que l\u2019alumnat que no va poder finalitzar els estudis dins del termini ordinari tingui l\u2019oportunitat de completar la seva formaci\u00f3, el Departament d\u2019Educaci\u00f3 ha establert un procediment de compleci\u00f3 regulat per l\u2019Ordre EDF\/74\/2025.<br>Aquest procediment permet a l\u2019alumnat accedir a activitats d\u2019avaluaci\u00f3 i de recuperaci\u00f3 durant els dos cursos acad\u00e8mics posteriors a l\u2019extinci\u00f3 del cicle, amb l\u2019objectiu d\u2019obtenir el t\u00edtol corresponent. Els estudis en compleci\u00f3 no tenen doc\u00e8ncia.<br>En el cas de l\u2019Institut Merc\u00e8 Rodoreda, nom\u00e9s pot sol\u00b7licitar la compleci\u00f3 l\u2019alumnat que hagi cursat el cicle formatiu a l\u2019institut i tingui UF pendents.<\/p>\n\n\n\n<p><strong>Cursos disponibles per a la compleci\u00f3<br><\/strong>Els cicles LOE es podran completar durant els cursos:<br>\u25cf <strong>2025-2026<br>\u25cf 2026-2027<\/strong><br>Inclou tots els cicles formatius LOE que s\u2019han impartit al nostre centre.<\/p>\n\n\n\n<p><strong>Inscripci\u00f3 a les proves d\u2019avaluaci\u00f3<br><\/strong>La inscripci\u00f3 a les proves d&#8217;avaluaci\u00f3 s&#8217;ha de dur a terme a la secretaria de l\u2019institut:<br>a) De l&#8217;1 al 15 d&#8217;octubre. Permet participar en les convocat\u00f2ries de novembre i d&#8217;abril.<br>b) De l&#8217;1 al 15 de mar\u00e7. Permet participar en la convocat\u00f2ria d&#8217;abril.<br><strong>Dates de les proves<br><\/strong>Per a la convocat\u00f2ria de novembre, entre l&#8217;1 i el 30 de novembre.<\/p>\n\n\n\n<p>Per a la convocat\u00f2ria d&#8217;abril, entre l&#8217;1 i el 30 d&#8217;abril.<\/p>\n\n\n\n<p>El calendari d&#8217;ex\u00e0mens es penjar\u00e0 al taulell d&#8217;anuncis del centre a principis d\u2019octubre i de mar\u00e7.<\/p>\n\n\n\n<p><\/p>\n","protected":false},"excerpt":{"rendered":"<p>Qu\u00e8 \u00e9s la compleci\u00f3?Amb l\u2019entrada en vigor dels nous curr\u00edculums de Formaci\u00f3 Professional, alguns cicles formatius LOE han estat substitu\u00efts [&hellip;]<\/p>\n","protected":false},"author":78,"featured_media":0,"parent":16252,"menu_order":0,"comment_status":"closed","ping_status":"close","template":"","meta":{"site-sidebar-layout":"default","site-content-layout":"","ast-site-content-layout":"default","site-content-style":"default","site-sidebar-style":"default","ast-global-header-display":"","ast-banner-title-visibility":"","ast-main-header-display":"","ast-hfb-above-header-display":"","ast-hfb-below-header-display":"","ast-hfb-mobile-header-display":"","site-post-title":"","ast-breadcrumbs-content":"","ast-featured-img":"","footer-sml-layout":"","theme-transparent-header-meta":"","adv-header-id-meta":"","stick-header-meta":"","header-above-stick-meta":"","header-main-stick-meta":"","header-below-stick-meta":"","astra-migrate-meta-layouts":"set","ast-page-background-enabled":"default","ast-page-background-meta":{"desktop":{"background-color":"var(--ast-global-color-4)","background-image":"","background-repeat":"repeat","background-position":"center center","background-size":"auto","background-attachment":"scroll","background-type":"","background-media":"","overlay-type":"","overlay-color":"","overlay-opacity":"","overlay-gradient":""},"tablet":{"background-color":"","background-image":"","background-repeat":"repeat","background-position":"center center","background-size":"auto","background-attachment":"scroll","background-type":"","background-media":"","overlay-type":"","overlay-color":"","overlay-opacity":"","overlay-gradient":""},"mobile":{"background-color":"","background-image":"","background-repeat":"repeat","background-position":"center center","background-size":"auto","background-attachment":"scroll","background-type":"","background-media":"","overlay-type":"","overlay-color":"","overlay-opacity":"","overlay-gradient":""}},"ast-content-background-meta":{"desktop":{"background-color":"var(--ast-global-color-5)","background-image":"","background-repeat":"repeat","background-position":"center center","background-size":"auto","background-attachment":"scroll","background-type":"","background-media":"","overlay-type":"","overlay-color":"","overlay-opacity":"","overlay-gradient":""},"tablet":{"background-color":"var(--ast-global-color-5)","background-image":"","background-repeat":"repeat","background-position":"center center","background-size":"auto","background-attachment":"scroll","background-type":"","background-media":"","overlay-type":"","overlay-color":"","overlay-opacity":"","overlay-gradient":""},"mobile":{"background-color":"var(--ast-global-color-5)","background-image":"","background-repeat":"repeat","background-position":"center center","background-size":"auto","background-attachment":"scroll","background-type":"","background-media":"","overlay-type":"","overlay-color":"","overlay-opacity":"","overlay-gradient":""}},"footnotes":""},"class_list":["post-18063","page","type-page","status-publish","hentry"],"post_mailing_queue_ids":[],"_links":{"self":[{"href":"https:\/\/agora.xtec.cat\/ies-merce-rodoreda\/wp-json\/wp\/v2\/pages\/18063","targetHints":{"allow":["GET"]}}],"collection":[{"href":"https:\/\/agora.xtec.cat\/ies-merce-rodoreda\/wp-json\/wp\/v2\/pages"}],"about":[{"href":"https:\/\/agora.xtec.cat\/ies-merce-rodoreda\/wp-json\/wp\/v2\/types\/page"}],"author":[{"embeddable":true,"href":"https:\/\/agora.xtec.cat\/ies-merce-rodoreda\/wp-json\/wp\/v2\/users\/78"}],"replies":[{"embeddable":true,"href":"https:\/\/agora.xtec.cat\/ies-merce-rodoreda\/wp-json\/wp\/v2\/comments?post=18063"}],"version-history":[{"count":1,"href":"https:\/\/agora.xtec.cat\/ies-merce-rodoreda\/wp-json\/wp\/v2\/pages\/18063\/revisions"}],"predecessor-version":[{"id":18064,"href":"https:\/\/agora.xtec.cat\/ies-merce-rodoreda\/wp-json\/wp\/v2\/pages\/18063\/revisions\/18064"}],"up":[{"embeddable":true,"href":"https:\/\/agora.xtec.cat\/ies-merce-rodoreda\/wp-json\/wp\/v2\/pages\/16252"}],"wp:attachment":[{"href":"https:\/\/agora.xtec.cat\/ies-merce-rodoreda\/wp-json\/wp\/v2\/media?parent=18063"}],"curies":[{"name":"wp","href":"https:\/\/api.w.org\/{rel}","templated":true}]}}