{"id":1736,"date":"2016-03-27T18:48:27","date_gmt":"2016-03-27T17:48:27","guid":{"rendered":"http:\/\/agora.xtec.cat\/ies-merce-rodoreda\/?page_id=1736"},"modified":"2025-07-06T17:29:42","modified_gmt":"2025-07-06T15:29:42","slug":"aula-destudi-i-reforc","status":"publish","type":"page","link":"https:\/\/agora.xtec.cat\/ies-merce-rodoreda\/afa\/aula-destudi-i-reforc\/","title":{"rendered":"Aula d&#8217;Estudi i Refor\u00e7"},"content":{"rendered":"\n<div class=\"wp-block-columns is-layout-flex wp-container-core-columns-is-layout-1 wp-block-columns-is-layout-flex\">\n<div class=\"wp-block-column is-layout-flow wp-block-column-is-layout-flow\">\n<figure class=\"wp-block-image aligncenter is-resized\"><img loading=\"lazy\" decoding=\"async\" width=\"220\" height=\"221\" src=\"http:\/\/agora.xtec.cat\/ies-merce-rodoreda\/wp-content\/uploads\/usu644\/2016\/03\/logampa.jpg\" alt=\"\" class=\"wp-image-5137\" style=\"width:156px;height:auto\" srcset=\"https:\/\/agora.xtec.cat\/ies-merce-rodoreda\/wp-content\/uploads\/usu644\/2016\/03\/logampa.jpg 220w, https:\/\/agora.xtec.cat\/ies-merce-rodoreda\/wp-content\/uploads\/usu644\/2016\/03\/logampa-150x150.jpg 150w\" sizes=\"auto, (max-width: 220px) 100vw, 220px\" \/><\/figure>\n<\/div>\n\n\n\n<div class=\"wp-block-column is-layout-flow wp-block-column-is-layout-flow\">\n<figure class=\"wp-block-image aligncenter is-resized\"><img loading=\"lazy\" decoding=\"async\" width=\"164\" height=\"76\" src=\"http:\/\/agora.xtec.cat\/ies-merce-rodoreda\/wp-content\/uploads\/usu644\/2016\/03\/logo-cultura-tretze.png\" alt=\"\" class=\"wp-image-5138\" style=\"width:255px;height:auto\"\/><\/figure>\n<\/div>\n<\/div>\n\n\n\n<div align=\"center\">\n<table border=\"0\" width=\"100%\">\n<tbody>\n<tr>\n<td style=\"width: 247px; text-align: center;\">\u00a0<\/td>\n<td style=\"width: 184px; text-align: center;\">\n<h3><strong>PROJECTE ERA<\/strong><\/h3>\n<\/td>\n<td style=\"width: 191px;\">\u00a0<\/td>\n<\/tr>\n<\/tbody>\n<\/table>\n<\/div>\n\n\n\n<h5 class=\"wp-block-heading\"><strong>ESTUDI \/ REFOR\u00c7 \/ ACOLLIDA<\/strong><\/h5>\n\n\n\n<p><strong>Organitza: AFA INSTITUT MERC\u00c8 RODOREDA I DIRECCI\u00d3 INSTITUT<\/strong><\/p>\n\n\n\n<p>Us presentem uns dels projectes que organitzem conjuntament &nbsp;l\u2019AFA i la Direcci\u00f3 Pedag\u00f2gica de l\u2019Institut i que, sens dubte, ser\u00e0 del vostre inter\u00e8s.<\/p>\n\n\n\n<p>\u00c9s tracta del Projecte <strong>ERA (ESTUDI \/ REFOR\u00c7 \/ ACOLLIDA)<\/strong>, un projecte que es divideix en tres tipus de servei, cadasc\u00fa d\u2019ells enfocat a les necessitats puntuals i adaptat als alumnes que vulguin millorar el seu rendiment acad\u00e8mic..<\/p>\n\n\n\n<p><strong>AULA D\u2019ESTUDI<\/strong>: Aquesta part del projecte pret\u00e9n oferir als alumnes un espai setmanal per a l&#8217;estudi i el treball individual de l&#8217;alumne. Es compta amb el <strong>suport d&#8217;un\/a educador\/a<\/strong> que vetlla pel clima de treball, orienta als participants per a qu\u00e8 incorporin els h\u00e0bits de planificaci\u00f3, atenci\u00f3 i esfor\u00e7 que requereixen la gesti\u00f3 del deures, i tamb\u00e9 els pot ajudar a resoldre dubtes puntuals.<\/p>\n\n\n\n<p><\/p>\n\n\n\n<p><strong><u>Horaris curs 25-26:<\/u> A determinar<br><\/strong><\/p>\n\n\n\n<p><strong><u>Preu curs 25-26:<\/u> A determinar<br><\/strong><\/p>\n\n\n\n<p><strong><u>Inscripcions 25-26:<\/u> A determinar<u><br><\/u><\/strong><\/p>\n\n\n\n<p><strong>AULA DE REFOR\u00c7<\/strong>: Per recomanaci\u00f3 de l\u2019equip pedag\u00f2gic del Centre, t\u00e9 com a objectiu, oferir les eines de refor\u00e7 enfocades de forma personalitzada a aquells alumnes que els cal un ajut extra en la consolidaci\u00f3 de coneixements b\u00e0sics en un ambient positiu i de superaci\u00f3 personal. Grup redu\u00eft i enfocat a objectius. <strong><u>IMPORTANT: El curs 24-25 no s&#8217;ofereix aquest servei<\/u><\/strong>.<\/p>\n\n\n\n<p><strong>AULA D\u2019ACOLLIDA:<\/strong> La diversitat que enriqueix les Aules del Centre amb alumnes procedents d\u2019altres pa\u00efsos i cultures fa necessari espais d\u2019integraci\u00f3 que els hi permetin adaptar-se i adquirir els costums i coneixements per poder comunicar-se i millorar els resultats acad\u00e8mics en un nou entorn. Aquesta part del projecte s\u2019enfoca a nouvinguts afavorint la seva socialitzaci\u00f3 i participaci\u00f3.<\/p>\n\n\n\n<p><strong><u>Preu: Subvencionat.<\/u><\/strong><\/p>\n\n\n\n<hr class=\"wp-block-separator has-alpha-channel-opacity\"\/>\n\n\n\n<p class=\"has-text-align-center\"><strong><em>&nbsp;<\/em><\/strong><\/p>\n","protected":false},"excerpt":{"rendered":"<p>\u00a0 PROJECTE ERA \u00a0 ESTUDI \/ REFOR\u00c7 \/ ACOLLIDA Organitza: AFA INSTITUT MERC\u00c8 RODOREDA I DIRECCI\u00d3 INSTITUT Us presentem uns [&hellip;]<\/p>\n","protected":false},"author":1,"featured_media":0,"parent":2124,"menu_order":0,"comment_status":"closed","ping_status":"closed","template":"","meta":{"site-sidebar-layout":"default","site-content-layout":"","ast-site-content-layout":"default","site-content-style":"default","site-sidebar-style":"default","ast-global-header-display":"","ast-banner-title-visibility":"","ast-main-header-display":"","ast-hfb-above-header-display":"","ast-hfb-below-header-display":"","ast-hfb-mobile-header-display":"","site-post-title":"","ast-breadcrumbs-content":"","ast-featured-img":"","footer-sml-layout":"","theme-transparent-header-meta":"","adv-header-id-meta":"","stick-header-meta":"","header-above-stick-meta":"","header-main-stick-meta":"","header-below-stick-meta":"","astra-migrate-meta-layouts":"set","ast-page-background-enabled":"default","ast-page-background-meta":{"desktop":{"background-color":"var(--ast-global-color-4)","background-image":"","background-repeat":"repeat","background-position":"center center","background-size":"auto","background-attachment":"scroll","background-type":"","background-media":"","overlay-type":"","overlay-color":"","overlay-opacity":"","overlay-gradient":""},"tablet":{"background-color":"","background-image":"","background-repeat":"repeat","background-position":"center center","background-size":"auto","background-attachment":"scroll","background-type":"","background-media":"","overlay-type":"","overlay-color":"","overlay-opacity":"","overlay-gradient":""},"mobile":{"background-color":"","background-image":"","background-repeat":"repeat","background-position":"center center","background-size":"auto","background-attachment":"scroll","background-type":"","background-media":"","overlay-type":"","overlay-color":"","overlay-opacity":"","overlay-gradient":""}},"ast-content-background-meta":{"desktop":{"background-color":"var(--ast-global-color-5)","background-image":"","background-repeat":"repeat","background-position":"center center","background-size":"auto","background-attachment":"scroll","background-type":"","background-media":"","overlay-type":"","overlay-color":"","overlay-opacity":"","overlay-gradient":""},"tablet":{"background-color":"var(--ast-global-color-5)","background-image":"","background-repeat":"repeat","background-position":"center center","background-size":"auto","background-attachment":"scroll","background-type":"","background-media":"","overlay-type":"","overlay-color":"","overlay-opacity":"","overlay-gradient":""},"mobile":{"background-color":"var(--ast-global-color-5)","background-image":"","background-repeat":"repeat","background-position":"center center","background-size":"auto","background-attachment":"scroll","background-type":"","background-media":"","overlay-type":"","overlay-color":"","overlay-opacity":"","overlay-gradient":""}},"footnotes":""},"class_list":["post-1736","page","type-page","status-publish","hentry"],"post_mailing_queue_ids":[],"_links":{"self":[{"href":"https:\/\/agora.xtec.cat\/ies-merce-rodoreda\/wp-json\/wp\/v2\/pages\/1736","targetHints":{"allow":["GET"]}}],"collection":[{"href":"https:\/\/agora.xtec.cat\/ies-merce-rodoreda\/wp-json\/wp\/v2\/pages"}],"about":[{"href":"https:\/\/agora.xtec.cat\/ies-merce-rodoreda\/wp-json\/wp\/v2\/types\/page"}],"author":[{"embeddable":true,"href":"https:\/\/agora.xtec.cat\/ies-merce-rodoreda\/wp-json\/wp\/v2\/users\/1"}],"replies":[{"embeddable":true,"href":"https:\/\/agora.xtec.cat\/ies-merce-rodoreda\/wp-json\/wp\/v2\/comments?post=1736"}],"version-history":[{"count":6,"href":"https:\/\/agora.xtec.cat\/ies-merce-rodoreda\/wp-json\/wp\/v2\/pages\/1736\/revisions"}],"predecessor-version":[{"id":17645,"href":"https:\/\/agora.xtec.cat\/ies-merce-rodoreda\/wp-json\/wp\/v2\/pages\/1736\/revisions\/17645"}],"up":[{"embeddable":true,"href":"https:\/\/agora.xtec.cat\/ies-merce-rodoreda\/wp-json\/wp\/v2\/pages\/2124"}],"wp:attachment":[{"href":"https:\/\/agora.xtec.cat\/ies-merce-rodoreda\/wp-json\/wp\/v2\/media?parent=1736"}],"curies":[{"name":"wp","href":"https:\/\/api.w.org\/{rel}","templated":true}]}}