{"id":16427,"date":"2024-12-31T13:43:21","date_gmt":"2024-12-31T12:43:21","guid":{"rendered":"https:\/\/agora.xtec.cat\/ies-merce-rodoreda\/?page_id=16427"},"modified":"2024-12-31T15:50:43","modified_gmt":"2024-12-31T14:50:43","slug":"lequip-huma-2024-25","status":"publish","type":"page","link":"https:\/\/agora.xtec.cat\/ies-merce-rodoreda\/elcentre\/lequip-huma-2024-25\/","title":{"rendered":"Equip hum\u00e0 2024-25"},"content":{"rendered":"\n<details class=\"wp-block-details is-layout-flow wp-block-details-is-layout-flow\"><summary>Equip directiu<\/summary>\n<figure class=\"wp-block-table is-style-regular\" style=\"padding-top:0;padding-right:var(--wp--preset--spacing--80);padding-bottom:0;padding-left:var(--wp--preset--spacing--80)\"><table><tbody><tr><td class=\"has-text-align-center\" data-align=\"center\" colspan=\"2\">Equip directiu<\/td><\/tr><tr><td class=\"has-text-align-center\" data-align=\"center\"><strong>Director<\/strong><strong><\/strong><\/td><td>Tom\u00e0s Vera<\/td><\/tr><tr><td class=\"has-text-align-center\" data-align=\"center\"><strong>Cap d&#8217;Estudis<\/strong><strong><\/strong><\/td><td>Santi Garc\u00eda-Carpintero<\/td><\/tr><tr><td class=\"has-text-align-center\" data-align=\"center\"><strong>Cap d\u2019Estudis adjunt<\/strong><\/td><td>Carmen Dol\u00f3n<\/td><\/tr><tr><td class=\"has-text-align-center\" data-align=\"center\"><strong>Cap d\u2019Estudis FP<\/strong><\/td><td>Pilar Subir\u00e0<\/td><\/tr><tr><td class=\"has-text-align-center\" data-align=\"center\"><strong>Coordinador pedag\u00f2gic<\/strong><\/td><td>Josep Maria Mayol<\/td><\/tr><tr><td class=\"has-text-align-center\" data-align=\"center\"><strong>Secretari<\/strong><strong><\/strong><\/td><td>Santi Jim\u00e9nez<\/td><\/tr><\/tbody><\/table><\/figure>\n<\/details>\n\n\n\n<details class=\"wp-block-details is-layout-flow wp-block-details-is-layout-flow\"><summary>Coordinacions<\/summary>\n<figure style=\"padding-top:0;padding-right:var(--wp--preset--spacing--80);padding-bottom:0;padding-left:var(--wp--preset--spacing--80)\" class=\"wp-block-table\"><table class=\"has-fixed-layout\"><tbody><tr><td class=\"has-text-align-center\" data-align=\"center\" colspan=\"2\">Coordinacions<\/td><\/tr><tr><td class=\"has-text-align-center\" data-align=\"center\"><strong>Coordinadora de 1r i 2n ESO<\/strong><\/td><td>M\u00f2nica P\u00e9rez<\/td><\/tr><tr><td class=\"has-text-align-center\" data-align=\"center\"><strong>Coordinadora de 3r i 4t ESO<\/strong><\/td><td>Montse Mart\u00edn<\/td><\/tr><tr><td class=\"has-text-align-center\" data-align=\"center\"><strong>Coordinadora de Batxillerat<\/strong><\/td><td>Nuria Guiti\u00e1n<\/td><\/tr><tr><td class=\"has-text-align-center\" data-align=\"center\"><strong>Coordinadora activitats i serveis<\/strong><\/td><td>Laura de Batlle<\/td><\/tr><tr><td class=\"has-text-align-center\" data-align=\"center\"><strong>Coordinador inform\u00e0tic<\/strong><\/td><td>Joan Chesa<\/td><\/tr><tr><td class=\"has-text-align-center\" data-align=\"center\"><strong>Coordinador FP i medi ambient<\/strong><\/td><td rowspan=\"2\">Alberto Villarasa<\/td><\/tr><tr><td class=\"has-text-align-center\" data-align=\"center\"><strong>Coordinador prevenci\u00f3 de riscos laborals<\/strong><\/td><\/tr><tr><td class=\"has-text-align-center\" data-align=\"center\"><strong>Coordinadora LIC<\/strong><\/td><td>Rosa Borr\u00e0s<\/td><\/tr><tr><td class=\"has-text-align-center\" data-align=\"center\"><strong>Coordinadora coeducaci\u00f3, conviv\u00e8ncia i benestar de l\u2019alumnat<\/strong><\/td><td>Maria Delgado<\/td><\/tr><tr><td class=\"has-text-align-center\" data-align=\"center\"><strong>Coordinadora FP Administraci\u00f3<\/strong><\/td><td>Cristina Linares<\/td><\/tr><\/tbody><\/table><\/figure>\n<\/details>\n\n\n\n<details class=\"wp-block-details is-layout-flow wp-block-details-is-layout-flow\"><summary>Responsables<\/summary>\n<figure style=\"padding-right:var(--wp--preset--spacing--80);padding-left:var(--wp--preset--spacing--80)\" class=\"wp-block-table\"><table class=\"has-fixed-layout\"><tbody><tr><td class=\"has-text-align-center\" data-align=\"center\" colspan=\"2\">Responsables<\/td><\/tr><tr><td class=\"has-text-align-center\" data-align=\"center\"><strong>iEduca, p\u00e0gina web i Moodle<\/strong><\/td><td>Joan Chesa<\/td><\/tr><tr><td class=\"has-text-align-center\" data-align=\"center\"><strong>Biblioteca, PUNTEDU i arxiu<\/strong><\/td><td>Anna Moreno<\/td><\/tr><tr><td class=\"has-text-align-center\" data-align=\"center\"><strong>Projecte T\u00e0ndem<\/strong><\/td><td rowspan=\"3\">Carmen Hoyas<\/td><\/tr><tr><td class=\"has-text-align-center\" data-align=\"center\"><strong>Pla de reutilitzaci\u00f3 de llibres<\/strong><\/td><\/tr><tr><td class=\"has-text-align-center\" data-align=\"center\"><strong>Projecte Aprenentatge-Servei<\/strong><\/td><\/tr><tr><td class=\"has-text-align-center\" data-align=\"center\"><strong>Pla d\u2019Esports<\/strong><\/td><td>Laura de Batlle<\/td><\/tr><tr><td class=\"has-text-align-center\" data-align=\"center\"><strong>Erasmus+<\/strong><\/td><td rowspan=\"2\">Alba Garc\u00eda<\/td><\/tr><tr><td class=\"has-text-align-center\" data-align=\"center\"><strong>Arxiu digital de fotografia i Instagram de centre<\/strong><\/td><\/tr><tr><td class=\"has-text-align-center\" data-align=\"center\"><strong>Parelles ling\u00fc\u00edstiques<\/strong><\/td><td rowspan=\"2\">Rosa Borr\u00e0s<\/td><\/tr><tr><td class=\"has-text-align-center\" data-align=\"center\"><strong>Comissi\u00f3 solid\u00e0ria<\/strong><\/td><\/tr><tr><td class=\"has-text-align-center\" data-align=\"center\"><strong>FP Dual<\/strong><\/td><td>Marta Trulls<\/td><\/tr><tr><td class=\"has-text-align-center\" data-align=\"center\"><strong>Mediaci\u00f3<\/strong><\/td><td>Maria Delgado<\/td><\/tr><tr><td class=\"has-text-align-center\" data-align=\"center\"><strong>Coral<\/strong><\/td><td>Josep Maria Mayol<\/td><\/tr><tr><td class=\"has-text-align-center\" data-align=\"center\"><strong>Nanotecnologia<\/strong><\/td><td>Yolanda Fern\u00e1ndez<\/td><\/tr><tr><td class=\"has-text-align-center\" data-align=\"center\"><strong>Rob\u00f2tica<\/strong><\/td><td>Tom\u00e0s Vera i Santi Jim\u00e9mez<\/td><\/tr><tr><td class=\"has-text-align-center\" data-align=\"center\"><strong>Coeducaci\u00f3<\/strong><\/td><td>Montse Mart\u00edn<\/td><\/tr><\/tbody><\/table><\/figure>\n<\/details>\n\n\n\n<details class=\"wp-block-details is-layout-flow wp-block-details-is-layout-flow\"><summary>Tutories<\/summary>\n<figure style=\"padding-right:var(--wp--preset--spacing--70);padding-left:var(--wp--preset--spacing--70)\" class=\"wp-block-table\"><table class=\"has-fixed-layout\"><tbody><tr><td class=\"has-text-align-center\" data-align=\"center\" colspan=\"2\">Tutories<\/td><\/tr><tr><td class=\"has-text-align-center\" data-align=\"center\"><strong>1r A<\/strong><\/td><td>Cristina Pesquera<\/td><\/tr><tr><td class=\"has-text-align-center\" data-align=\"center\"><strong>1r B<\/strong><\/td><td>Jos\u00e9 Javier Carreto<\/td><\/tr><tr><td class=\"has-text-align-center\" data-align=\"center\"><strong>1r C<\/strong><\/td><td>Albert Royo<\/td><\/tr><tr><td class=\"has-text-align-center\" data-align=\"center\"><strong>1r D<\/strong><\/td><td>Cristina Valera<\/td><\/tr><tr><td class=\"has-text-align-center\" data-align=\"center\"><strong>2n A<\/strong><\/td><td>Alfredo Bosch<\/td><\/tr><tr><td class=\"has-text-align-center\" data-align=\"center\"><strong>2n B<\/strong><strong><\/strong><\/td><td>Pilar Pitarch<\/td><\/tr><tr><td class=\"has-text-align-center\" data-align=\"center\"><strong>2n C<\/strong><strong><\/strong><\/td><td>Ricardo Taranc\u00f3n<\/td><\/tr><tr><td class=\"has-text-align-center\" data-align=\"center\"><strong>2n D<\/strong><strong><\/strong><\/td><td>Gisela Verge<\/td><\/tr><tr><td class=\"has-text-align-center\" data-align=\"center\"><strong>3r A<\/strong><\/td><td>Albert Oliu<\/td><\/tr><tr><td class=\"has-text-align-center\" data-align=\"center\"><strong>3r B<\/strong><\/td><td>Antonio Rela\u00f1o<\/td><\/tr><tr><td class=\"has-text-align-center\" data-align=\"center\"><strong>3r C<\/strong><\/td><td>Alo\u00f1a Gorostidi<\/td><\/tr><tr><td class=\"has-text-align-center\" data-align=\"center\"><strong>3r D<\/strong><\/td><td>Gal\u00b7la L\u00f3pez<\/td><\/tr><tr><td class=\"has-text-align-center\" data-align=\"center\"><strong>4t A<\/strong><\/td><td>Marta Valverde<\/td><\/tr><tr><td class=\"has-text-align-center\" data-align=\"center\"><strong>4t <\/strong><\/td><td>Jos\u00e9 Luis Cervera<\/td><\/tr><tr><td class=\"has-text-align-center\" data-align=\"center\"><strong>4t C<\/strong><\/td><td>M\u00f3nica Raya<\/td><\/tr><tr><td class=\"has-text-align-center\" data-align=\"center\"><strong>4t D<\/strong><\/td><td>Antoni Sans<\/td><\/tr><tr><td class=\"has-text-align-center\" data-align=\"center\"><strong>1r Batx A<\/strong><\/td><td>Rafel Hidalgo<\/td><\/tr><tr><td class=\"has-text-align-center\" data-align=\"center\"><strong>1r Batx B<\/strong><\/td><td>M\u00aaCarmen Olmo<\/td><\/tr><tr><td class=\"has-text-align-center\" data-align=\"center\"><strong>2n Batx A<\/strong><\/td><td>Rosa Borr\u00e0s<\/td><\/tr><tr><td class=\"has-text-align-center\" data-align=\"center\"><strong>2n Batx B<\/strong><\/td><td>Javier Gil<\/td><\/tr><\/tbody><\/table><\/figure>\n<\/details>\n\n\n\n<details class=\"wp-block-details is-layout-flow wp-block-details-is-layout-flow\"><summary>Departaments did\u00e0ctics<\/summary>\n<figure style=\"padding-right:var(--wp--preset--spacing--80);padding-left:var(--wp--preset--spacing--80)\" class=\"wp-block-table\"><table><tbody><tr><td class=\"has-text-align-center\" data-align=\"center\" colspan=\"2\"><strong>Departaments did\u00e0ctics<\/strong><\/td><\/tr><tr><td class=\"has-text-align-center\" data-align=\"center\"><strong><a href=\"https:\/\/agora.xtec.cat\/ies-merce-rodoreda\/categoria\/departament-i-seminaris\/departament-de-llengua-i-literatura-catalanes\/\">Llengua Catalana<\/a><\/strong><\/td><td>Anna Moreno \u2013 Cap de departament. Biblioteca, PUNTEDU i arxiu<br>M\u00f2nica P\u00e9rez \u2013 Coordinadora de 1r cicle<br>Rosa Borr\u00e0s \u2013 Tutora de 2n Batx A. Comissi\u00f3 solid\u00e0ria i parelles ling\u00fc\u00edstiques<br>Rafel Hidalgo \u2013 Tutor de 1r Batx A<br>Antoni Sans \u2013 Tutor de 4t D<br>Andreu Subirats<\/td><\/tr><tr><td class=\"has-text-align-center\" data-align=\"center\"><strong><a href=\"https:\/\/agora.xtec.cat\/ies-merce-rodoreda\/categoria\/departament-i-seminaris\/departament-de-castella\/\">Llengua Castellana<\/a><\/strong><\/td><td>Montse Mart\u00edn \u2013 Cap de departament. Coordinadora de 2n Cicle<br>Jos\u00e9 Luis Cervera \u2013 Tutor de 4t B<br>Cristina Valera \u2013 Tutora de 1rD<br>Nuria Dur\u00e1n<br>Leire Fern\u00e1ndez<\/td><\/tr><tr><td class=\"has-text-align-center\" data-align=\"center\"><strong><a href=\"https:\/\/agora.xtec.cat\/ies-merce-rodoreda\/categoria\/departament-i-seminaris\/departament-de-llengues-estrangeres\/\">Lleng\u00fces Estrangeres<\/a><\/strong><\/td><td>Javier Gil \u2013 Cap de departament. Tutor de 2n Batx B<br>M\u00aaCarmen Olmo \u2013 Tutora de 1r Batx B<br>M\u00f3nica Raya \u2013 Tutora de 4tA<br>Gisela Verge \u2013 Tutora de 2nD<br>Merc\u00e8 G\u00f3mez<br>Carla Sancho<\/td><\/tr><tr><td class=\"has-text-align-center\" data-align=\"center\"><strong><a href=\"https:\/\/agora.xtec.cat\/ies-merce-rodoreda\/categoria\/departament-i-seminaris\/departament-de-matematiques\/\">Matem\u00e0tiques<\/a><\/strong><\/td><td>Carmen Dol\u00f3n \u2013 Cap de departament. Cap d\u2019estudis adjunta.<br>Santiago Garc\u00eda-Carpintero \u2013 Cap d\u2019estudis<br>Antonio Rela\u00f1o \u2013 Tutor 4tB<br>Ricardo Taranc\u00f3n \u2013 Tutor 2nC<br>Carles Cano<br>Juan Carlos Guallar<\/td><\/tr><tr><td class=\"has-text-align-center\" data-align=\"center\"><strong><a href=\"https:\/\/agora.xtec.cat\/ies-merce-rodoreda\/categoria\/departament-i-seminaris\/departament-de-fisica-i-quimica\/\">F\u00edsica i Qu\u00edmica<\/a><\/strong><\/td><td>Yolanda Fern\u00e1ndez \u2013 Cap de departament<br>Joan Chesa \u2013 Coordinador digital<br>Alo\u00f1a Gorostidi \u2013 Tutora 3rC<br>N\u00faria Sanz<\/td><\/tr><tr><td class=\"has-text-align-center\" data-align=\"center\"><strong><a href=\"https:\/\/agora.xtec.cat\/ies-merce-rodoreda\/categoria\/departament-i-seminaris\/departament-de-ciencies-NATURALS\/\">Ci\u00e8ncies Naturals<\/a><\/strong><\/td><td>Elena Almaraz<br>Jos\u00e9 Javier Carreto \u2013 Tutor 1rB<br>Charo Guerrero \u2013 Cap de departament<br>Lourdes Targarona<\/td><\/tr><tr><td class=\"has-text-align-center\" data-align=\"center\"><strong><a href=\"https:\/\/agora.xtec.cat\/ies-merce-rodoreda\/categoria\/departament-i-seminaris\/socials\/\">Ci\u00e8ncies Socials<\/a><\/strong><\/td><td>Cristina Pesquera \u2013 Cap de departament. Tutora 1rA<br>Nuria Guiti\u00e1n \u2013 Coordinadora Batxillerat<br>Marta Valverde \u2013 Tutora 4tC<br>Gal\u00b7la L\u00f3pez \u2013 Tutor 3rD<br>Alfredo Bosch \u2013 Tutor 2nA<br>Carmen Hoyas \u2013 Projecte T\u00e0ndem, Aprenentatge-servei i Pla de reutilitzaci\u00f3 de llibres.<\/td><\/tr><tr><td class=\"has-text-align-center\" data-align=\"center\"><strong><a href=\"https:\/\/agora.xtec.cat\/ies-merce-rodoreda\/categoria\/departament-i-seminaris\/departament-de-tecnologia\/\">Tecnologia<\/a><\/strong><\/td><td>Javier L\u00f3pez \u2013 Cap de departament<br>Tom\u00e0s Vera \u2013 Director<br>Santi Jim\u00e9nez &#8211; Secretari<br>Albert Oliu \u2013 Tutor 3rA<br>Pilar Pitarch \u2013 Tutora 2nB<br>Albert Royo \u2013 Tutor 1rC<\/td><\/tr><tr><td class=\"has-text-align-center\" data-align=\"center\"><strong><a href=\"https:\/\/agora.xtec.cat\/ies-merce-rodoreda\/categoria\/departament-i-seminaris\/departament-deducacio-fisica\/\">Educaci\u00f3 F\u00edsica<\/a><\/strong><\/td><td>Laura de Batlle \u2013 Cap de departament i coordinadora d\u2019activitats i serveis.<br>Alba Garc\u00eda \u2013 Erasmus+ i Arxiu digital<br>Alba Boronat<\/td><\/tr><tr><td class=\"has-text-align-center\" data-align=\"center\"><strong><a href=\"https:\/\/agora.xtec.cat\/ies-merce-rodoreda\/categoria\/departament-i-seminaris\/departament-de-visual-i-plastica\/\">Educaci\u00f3 Visual i Pl\u00e0stica<\/a><\/strong><\/td><td>&nbsp;<\/td><\/tr><tr><td class=\"has-text-align-center\" data-align=\"center\"><strong><a href=\"https:\/\/agora.xtec.cat\/ies-merce-rodoreda\/departament-de-musica\/\">M\u00fasica<\/a><\/strong><\/td><td>Josep Maria Mayol \u2013 Coordinador Pedag\u00f2gic<br>Elisabet Mateo<\/td><\/tr><tr><td class=\"has-text-align-center\" data-align=\"center\"><strong><a href=\"https:\/\/agora.xtec.cat\/ies-merce-rodoreda\/categoria\/departament-i-seminaris\/departament-de-classiques\/\">Cl\u00e0ssiques<\/a><\/strong><\/td><td>S\u00edlvia Sacrist\u00e1n \u2013 Cap de departament<\/td><\/tr><tr><td class=\"has-text-align-center\" data-align=\"center\"><strong>Orientaci\u00f3<\/strong><\/td><td>Yl\u00e8nia Rodr\u00edguez \u2013 Cap de departament<br>Maria Delgado \u2013 Coordinadora coeducaci\u00f3, conviv\u00e8ncia i benestar.<br>Irene Esquiva<br>Laura Sorribes<\/td><\/tr><tr><td class=\"has-text-align-center\" data-align=\"center\"><strong><a href=\"https:\/\/agora.xtec.cat\/ies-merce-rodoreda\/categoria\/departament-i-seminaris\/departament-de-quimica-ambiental\/\">Qu\u00edmica ambiental<\/a><\/strong><\/td><td>&nbsp;<\/td><\/tr><tr><td class=\"has-text-align-center\" data-align=\"center\"><strong><a href=\"https:\/\/agora.xtec.cat\/ies-merce-rodoreda\/categoria\/departament-i-seminaris\/departament-administracio-i-gestio\/\">Administraci\u00f3 i gesti\u00f3<\/a><\/strong><\/td><td>&nbsp;<\/td><\/tr><\/tbody><\/table><\/figure>\n<\/details>\n","protected":false},"excerpt":{"rendered":"","protected":false},"author":319,"featured_media":0,"parent":19,"menu_order":5,"comment_status":"closed","ping_status":"close","template":"","meta":{"site-sidebar-layout":"default","site-content-layout":"","ast-site-content-layout":"default","site-content-style":"default","site-sidebar-style":"default","ast-global-header-display":"","ast-banner-title-visibility":"","ast-main-header-display":"","ast-hfb-above-header-display":"","ast-hfb-below-header-display":"","ast-hfb-mobile-header-display":"","site-post-title":"","ast-breadcrumbs-content":"","ast-featured-img":"","footer-sml-layout":"","theme-transparent-header-meta":"","adv-header-id-meta":"","stick-header-meta":"","header-above-stick-meta":"","header-main-stick-meta":"","header-below-stick-meta":"","astra-migrate-meta-layouts":"set","ast-page-background-enabled":"default","ast-page-background-meta":{"desktop":{"background-color":"var(--ast-global-color-4)","background-image":"","background-repeat":"repeat","background-position":"center center","background-size":"auto","background-attachment":"scroll","background-type":"","background-media":"","overlay-type":"","overlay-color":"","overlay-opacity":"","overlay-gradient":""},"tablet":{"background-color":"","background-image":"","background-repeat":"repeat","background-position":"center center","background-size":"auto","background-attachment":"scroll","background-type":"","background-media":"","overlay-type":"","overlay-color":"","overlay-opacity":"","overlay-gradient":""},"mobile":{"background-color":"","background-image":"","background-repeat":"repeat","background-position":"center center","background-size":"auto","background-attachment":"scroll","background-type":"","background-media":"","overlay-type":"","overlay-color":"","overlay-opacity":"","overlay-gradient":""}},"ast-content-background-meta":{"desktop":{"background-color":"var(--ast-global-color-5)","background-image":"","background-repeat":"repeat","background-position":"center center","background-size":"auto","background-attachment":"scroll","background-type":"","background-media":"","overlay-type":"","overlay-color":"","overlay-opacity":"","overlay-gradient":""},"tablet":{"background-color":"var(--ast-global-color-5)","background-image":"","background-repeat":"repeat","background-position":"center center","background-size":"auto","background-attachment":"scroll","background-type":"","background-media":"","overlay-type":"","overlay-color":"","overlay-opacity":"","overlay-gradient":""},"mobile":{"background-color":"var(--ast-global-color-5)","background-image":"","background-repeat":"repeat","background-position":"center center","background-size":"auto","background-attachment":"scroll","background-type":"","background-media":"","overlay-type":"","overlay-color":"","overlay-opacity":"","overlay-gradient":""}},"footnotes":""},"class_list":["post-16427","page","type-page","status-publish","hentry"],"post_mailing_queue_ids":[],"_links":{"self":[{"href":"https:\/\/agora.xtec.cat\/ies-merce-rodoreda\/wp-json\/wp\/v2\/pages\/16427","targetHints":{"allow":["GET"]}}],"collection":[{"href":"https:\/\/agora.xtec.cat\/ies-merce-rodoreda\/wp-json\/wp\/v2\/pages"}],"about":[{"href":"https:\/\/agora.xtec.cat\/ies-merce-rodoreda\/wp-json\/wp\/v2\/types\/page"}],"author":[{"embeddable":true,"href":"https:\/\/agora.xtec.cat\/ies-merce-rodoreda\/wp-json\/wp\/v2\/users\/319"}],"replies":[{"embeddable":true,"href":"https:\/\/agora.xtec.cat\/ies-merce-rodoreda\/wp-json\/wp\/v2\/comments?post=16427"}],"version-history":[{"count":6,"href":"https:\/\/agora.xtec.cat\/ies-merce-rodoreda\/wp-json\/wp\/v2\/pages\/16427\/revisions"}],"predecessor-version":[{"id":16440,"href":"https:\/\/agora.xtec.cat\/ies-merce-rodoreda\/wp-json\/wp\/v2\/pages\/16427\/revisions\/16440"}],"up":[{"embeddable":true,"href":"https:\/\/agora.xtec.cat\/ies-merce-rodoreda\/wp-json\/wp\/v2\/pages\/19"}],"wp:attachment":[{"href":"https:\/\/agora.xtec.cat\/ies-merce-rodoreda\/wp-json\/wp\/v2\/media?parent=16427"}],"curies":[{"name":"wp","href":"https:\/\/api.w.org\/{rel}","templated":true}]}}