{"id":16334,"date":"2024-12-30T19:54:59","date_gmt":"2024-12-30T18:54:59","guid":{"rendered":"https:\/\/agora.xtec.cat\/ies-merce-rodoreda\/?page_id=16334"},"modified":"2025-12-18T19:09:38","modified_gmt":"2025-12-18T18:09:38","slug":"cicles-formatius","status":"publish","type":"page","link":"https:\/\/agora.xtec.cat\/ies-merce-rodoreda\/cicles-formatius\/","title":{"rendered":"Formaci\u00f3 Professional"},"content":{"rendered":"\n<p><strong>Descobreix els Cicles Formatius de l\u2019Institut Merc\u00e8 Rodoreda<\/strong><\/p>\n\n\n\n<p>A l\u2019Institut Merc\u00e8 Rodoreda creiem que <strong>aprendre \u00e9s molt m\u00e9s que estudiar<\/strong>. Els <strong>cicles formatius<\/strong> t\u2019ofereixen una formaci\u00f3 pr\u00e0ctica, din\u00e0mica i connectada amb el m\u00f3n laboral real<\/p>\n\n\n\n<p>Els nostres cicles combinen <strong>coneixements t\u00e8cnics, pr\u00e0ctiques en empreses<\/strong> i <strong>projectes reals<\/strong> que t\u2019ajudaran a cr\u00e9ixer com a professional i com a persona. A m\u00e9s, podr\u00e0s cursar part de la teva formaci\u00f3 en modalitat <strong>DUAL<\/strong>, treballant i aprenent a la vegada, amb remuneraci\u00f3 i experi\u00e8ncia professional real. Els cicles formatius que s\u2019imparteixen a l\u2019Institut Merc\u00e8 Rodoreda s\u00f3n:<\/p>\n\n\n\n<p><a href=\"https:\/\/agora.xtec.cat\/ies-merce-rodoreda\/categoria\/mediambient\/\">FP Medi Ambient<\/a><\/p>\n\n\n\n<ul class=\"wp-block-list\">\n<li>CFGM Sanitat Ambiental Aplicada (NOU!)<\/li>\n\n\n\n<li><a href=\"https:\/\/agora.xtec.cat\/ies-merce-rodoreda\/wp-admin\/customize.php?url=https%3A%2F%2Fagora.xtec.cat%2Fies-merce-rodoreda%2F\">CFGS Qu\u00edmica i Salut Ambiental<\/a><\/li>\n\n\n\n<li><a href=\"https:\/\/agora.xtec.cat\/ies-merce-rodoreda\/wp-admin\/customize.php?url=https%3A%2F%2Fagora.xtec.cat%2Fies-merce-rodoreda%2F\">CFGS Educaci\u00f3 i Control Ambiental<\/a><\/li>\n<\/ul>\n\n\n\n<p><a href=\"https:\/\/agora.xtec.cat\/ies-merce-rodoreda\/cicles-formatius\/gm-gestio-administrativa\/\">FP Administraci\u00f3 i Gesti\u00f3<\/a><\/p>\n\n\n\n<ul class=\"wp-block-list\">\n<li><a href=\"https:\/\/agora.xtec.cat\/ies-merce-rodoreda\/cicles-formatius\/gm-gestio-administrativa\/cf-grau-mitja-de-gestio-administrativa\/\">CFGM Gesti\u00f3 Administrativa<\/a><\/li>\n\n\n\n<li><a href=\"https:\/\/agora.xtec.cat\/ies-merce-rodoreda\/cicles-formatius\/gm-gestio-administrativa\/cf-grau-superior-dadministracio-i-finances-perfil-assegurances\/\">CFGS Administraci\u00f3 i Finances (perfil Gestor d&#8217;Assegurances)<\/a><\/li>\n<\/ul>\n\n\n\n<p><a href=\"https:\/\/agora.xtec.cat\/ies-merce-rodoreda\/general\/acreditacio-de-competencies-professionals\/\">Acreditaci\u00f3 de Compet\u00e8ncies Professionals<\/a><\/p>\n\n\n\n\n\n<p><\/p>\n","protected":false},"excerpt":{"rendered":"<p>Descobreix els Cicles Formatius de l\u2019Institut Merc\u00e8 Rodoreda A l\u2019Institut Merc\u00e8 Rodoreda creiem que aprendre \u00e9s molt m\u00e9s que estudiar. [&hellip;]<\/p>\n","protected":false},"author":319,"featured_media":0,"parent":0,"menu_order":0,"comment_status":"closed","ping_status":"close","template":"","meta":{"site-sidebar-layout":"default","site-content-layout":"","ast-site-content-layout":"default","site-content-style":"default","site-sidebar-style":"default","ast-global-header-display":"","ast-banner-title-visibility":"","ast-main-header-display":"","ast-hfb-above-header-display":"","ast-hfb-below-header-display":"","ast-hfb-mobile-header-display":"","site-post-title":"","ast-breadcrumbs-content":"","ast-featured-img":"","footer-sml-layout":"","theme-transparent-header-meta":"","adv-header-id-meta":"","stick-header-meta":"","header-above-stick-meta":"","header-main-stick-meta":"","header-below-stick-meta":"","astra-migrate-meta-layouts":"set","ast-page-background-enabled":"default","ast-page-background-meta":{"desktop":{"background-color":"var(--ast-global-color-4)","background-image":"","background-repeat":"repeat","background-position":"center center","background-size":"auto","background-attachment":"scroll","background-type":"","background-media":"","overlay-type":"","overlay-color":"","overlay-opacity":"","overlay-gradient":""},"tablet":{"background-color":"","background-image":"","background-repeat":"repeat","background-position":"center center","background-size":"auto","background-attachment":"scroll","background-type":"","background-media":"","overlay-type":"","overlay-color":"","overlay-opacity":"","overlay-gradient":""},"mobile":{"background-color":"","background-image":"","background-repeat":"repeat","background-position":"center center","background-size":"auto","background-attachment":"scroll","background-type":"","background-media":"","overlay-type":"","overlay-color":"","overlay-opacity":"","overlay-gradient":""}},"ast-content-background-meta":{"desktop":{"background-color":"var(--ast-global-color-5)","background-image":"","background-repeat":"repeat","background-position":"center center","background-size":"auto","background-attachment":"scroll","background-type":"","background-media":"","overlay-type":"","overlay-color":"","overlay-opacity":"","overlay-gradient":""},"tablet":{"background-color":"var(--ast-global-color-5)","background-image":"","background-repeat":"repeat","background-position":"center center","background-size":"auto","background-attachment":"scroll","background-type":"","background-media":"","overlay-type":"","overlay-color":"","overlay-opacity":"","overlay-gradient":""},"mobile":{"background-color":"var(--ast-global-color-5)","background-image":"","background-repeat":"repeat","background-position":"center center","background-size":"auto","background-attachment":"scroll","background-type":"","background-media":"","overlay-type":"","overlay-color":"","overlay-opacity":"","overlay-gradient":""}},"footnotes":""},"class_list":["post-16334","page","type-page","status-publish","hentry"],"post_mailing_queue_ids":[],"_links":{"self":[{"href":"https:\/\/agora.xtec.cat\/ies-merce-rodoreda\/wp-json\/wp\/v2\/pages\/16334","targetHints":{"allow":["GET"]}}],"collection":[{"href":"https:\/\/agora.xtec.cat\/ies-merce-rodoreda\/wp-json\/wp\/v2\/pages"}],"about":[{"href":"https:\/\/agora.xtec.cat\/ies-merce-rodoreda\/wp-json\/wp\/v2\/types\/page"}],"author":[{"embeddable":true,"href":"https:\/\/agora.xtec.cat\/ies-merce-rodoreda\/wp-json\/wp\/v2\/users\/319"}],"replies":[{"embeddable":true,"href":"https:\/\/agora.xtec.cat\/ies-merce-rodoreda\/wp-json\/wp\/v2\/comments?post=16334"}],"version-history":[{"count":6,"href":"https:\/\/agora.xtec.cat\/ies-merce-rodoreda\/wp-json\/wp\/v2\/pages\/16334\/revisions"}],"predecessor-version":[{"id":18483,"href":"https:\/\/agora.xtec.cat\/ies-merce-rodoreda\/wp-json\/wp\/v2\/pages\/16334\/revisions\/18483"}],"wp:attachment":[{"href":"https:\/\/agora.xtec.cat\/ies-merce-rodoreda\/wp-json\/wp\/v2\/media?parent=16334"}],"curies":[{"name":"wp","href":"https:\/\/api.w.org\/{rel}","templated":true}]}}