{"id":16303,"date":"2024-12-30T19:00:55","date_gmt":"2024-12-30T18:00:55","guid":{"rendered":"https:\/\/agora.xtec.cat\/ies-merce-rodoreda\/?page_id=16303"},"modified":"2024-12-31T12:15:50","modified_gmt":"2024-12-31T11:15:50","slug":"consell-escolar","status":"publish","type":"page","link":"https:\/\/agora.xtec.cat\/ies-merce-rodoreda\/elcentre\/consell-escolar\/","title":{"rendered":"Consell escolar"},"content":{"rendered":"\n<p><strong>Membres del Consell Escolar 2024-25<\/strong><\/p>\n\n\n\n<figure style=\"padding-top:0;padding-right:3.2rem;padding-bottom:0;padding-left:3.2rem\" class=\"wp-block-table\"><table class=\"has-fixed-layout\"><tbody><tr><td><strong>Director<\/strong><\/td><td>Tom\u00e0s Vera<\/td><\/tr><tr><td><strong>Cap d&#8217;Estudis<\/strong><\/td><td>Santi Garc\u00eda-Carpintero<\/td><\/tr><tr><td><strong>Secretari<\/strong><\/td><td>Santi Jim\u00e9nez<\/td><\/tr><tr><td><strong>Representant de l&#8217;Ajuntament<\/strong><\/td><td>N\u00faria Ramos<\/td><\/tr><tr><td><strong>Representants del professorat<\/strong><\/td><td>Alfredo Bosch<br>Rosa Borr\u00e0s,<br>Alba Garc\u00eda<br>Nuria Guiti\u00e1n<br>Eduard Mart\u00edn<br>Montse Mart\u00edn<\/td><\/tr><tr><td><strong>Representants de l&#8217;alumnat<\/strong><\/td><td>Alba Iba\u00f1ez<br>Maday Prado<br>Pablo Pastor<\/td><\/tr><tr><td><strong>Representants de l&#8217;AFA<\/strong><\/td><td>Puilar Buil<br>Mar\u00eda Soledad Men\u00e9ndez<br>Ana P\u00e9rez<\/td><\/tr><tr><td><strong>Representant del PAS<\/strong><\/td><td>Jos\u00e9 Luis<\/td><\/tr><\/tbody><\/table><\/figure>\n\n\n\n<p>Es pot fer refer\u00e8ncia a l\u2019<a href=\"http:\/\/ensenyament.gencat.cat\/ca\/arees-actuacio\/centres-serveis-educatius\/centres\/consells-escolars-centres\/centres-publics\/\" target=\"_blank\" rel=\"noreferrer noopener\">enlla\u00e7<\/a>&nbsp;seg\u00fcent per consultar les funcions dels consells escolars.<\/p>\n\n\n","protected":false},"excerpt":{"rendered":"<p>Membres del Consell Escolar 2024-25 Director Tom\u00e0s Vera Cap d&#8217;Estudis Santi Garc\u00eda-Carpintero Secretari Santi Jim\u00e9nez Representant de l&#8217;Ajuntament N\u00faria Ramos [&hellip;]<\/p>\n","protected":false},"author":319,"featured_media":0,"parent":19,"menu_order":4,"comment_status":"closed","ping_status":"close","template":"","meta":{"site-sidebar-layout":"default","site-content-layout":"","ast-site-content-layout":"default","site-content-style":"default","site-sidebar-style":"default","ast-global-header-display":"","ast-banner-title-visibility":"","ast-main-header-display":"","ast-hfb-above-header-display":"","ast-hfb-below-header-display":"","ast-hfb-mobile-header-display":"","site-post-title":"","ast-breadcrumbs-content":"","ast-featured-img":"","footer-sml-layout":"","theme-transparent-header-meta":"","adv-header-id-meta":"","stick-header-meta":"","header-above-stick-meta":"","header-main-stick-meta":"","header-below-stick-meta":"","astra-migrate-meta-layouts":"set","ast-page-background-enabled":"default","ast-page-background-meta":{"desktop":{"background-color":"var(--ast-global-color-4)","background-image":"","background-repeat":"repeat","background-position":"center center","background-size":"auto","background-attachment":"scroll","background-type":"","background-media":"","overlay-type":"","overlay-color":"","overlay-opacity":"","overlay-gradient":""},"tablet":{"background-color":"","background-image":"","background-repeat":"repeat","background-position":"center center","background-size":"auto","background-attachment":"scroll","background-type":"","background-media":"","overlay-type":"","overlay-color":"","overlay-opacity":"","overlay-gradient":""},"mobile":{"background-color":"","background-image":"","background-repeat":"repeat","background-position":"center center","background-size":"auto","background-attachment":"scroll","background-type":"","background-media":"","overlay-type":"","overlay-color":"","overlay-opacity":"","overlay-gradient":""}},"ast-content-background-meta":{"desktop":{"background-color":"var(--ast-global-color-5)","background-image":"","background-repeat":"repeat","background-position":"center center","background-size":"auto","background-attachment":"scroll","background-type":"","background-media":"","overlay-type":"","overlay-color":"","overlay-opacity":"","overlay-gradient":""},"tablet":{"background-color":"var(--ast-global-color-5)","background-image":"","background-repeat":"repeat","background-position":"center center","background-size":"auto","background-attachment":"scroll","background-type":"","background-media":"","overlay-type":"","overlay-color":"","overlay-opacity":"","overlay-gradient":""},"mobile":{"background-color":"var(--ast-global-color-5)","background-image":"","background-repeat":"repeat","background-position":"center center","background-size":"auto","background-attachment":"scroll","background-type":"","background-media":"","overlay-type":"","overlay-color":"","overlay-opacity":"","overlay-gradient":""}},"footnotes":""},"class_list":["post-16303","page","type-page","status-publish","hentry"],"post_mailing_queue_ids":[],"_links":{"self":[{"href":"https:\/\/agora.xtec.cat\/ies-merce-rodoreda\/wp-json\/wp\/v2\/pages\/16303","targetHints":{"allow":["GET"]}}],"collection":[{"href":"https:\/\/agora.xtec.cat\/ies-merce-rodoreda\/wp-json\/wp\/v2\/pages"}],"about":[{"href":"https:\/\/agora.xtec.cat\/ies-merce-rodoreda\/wp-json\/wp\/v2\/types\/page"}],"author":[{"embeddable":true,"href":"https:\/\/agora.xtec.cat\/ies-merce-rodoreda\/wp-json\/wp\/v2\/users\/319"}],"replies":[{"embeddable":true,"href":"https:\/\/agora.xtec.cat\/ies-merce-rodoreda\/wp-json\/wp\/v2\/comments?post=16303"}],"version-history":[{"count":6,"href":"https:\/\/agora.xtec.cat\/ies-merce-rodoreda\/wp-json\/wp\/v2\/pages\/16303\/revisions"}],"predecessor-version":[{"id":16407,"href":"https:\/\/agora.xtec.cat\/ies-merce-rodoreda\/wp-json\/wp\/v2\/pages\/16303\/revisions\/16407"}],"up":[{"embeddable":true,"href":"https:\/\/agora.xtec.cat\/ies-merce-rodoreda\/wp-json\/wp\/v2\/pages\/19"}],"wp:attachment":[{"href":"https:\/\/agora.xtec.cat\/ies-merce-rodoreda\/wp-json\/wp\/v2\/media?parent=16303"}],"curies":[{"name":"wp","href":"https:\/\/api.w.org\/{rel}","templated":true}]}}