{"id":16252,"date":"2024-12-30T17:18:28","date_gmt":"2024-12-30T16:18:28","guid":{"rendered":"https:\/\/agora.xtec.cat\/ies-merce-rodoreda\/?page_id=16252"},"modified":"2025-01-10T09:05:52","modified_gmt":"2025-01-10T08:05:52","slug":"serveis-3","status":"publish","type":"page","link":"https:\/\/agora.xtec.cat\/ies-merce-rodoreda\/elcentre\/serveis-3\/","title":{"rendered":"Secretaria"},"content":{"rendered":"\n<h4 class=\"wp-block-heading\"><img loading=\"lazy\" decoding=\"async\" src=\"https:\/\/agora.xtec.cat\/ies-merce-rodoreda\/wp-content\/uploads\/usu644\/2016\/03\/secretaria2-1024x228.jpg\" alt=\"\" width=\"677\" height=\"151\"><\/h4>\n\n\n\n<h4 class=\"wp-block-heading\">Horari de Secretaria<\/h4>\n\n\n\n<p>Horari d\u2019atenci\u00f3 al p\u00fablic per demanar cita pr\u00e8via o per a la presentaci\u00f3 de les<br>sol\u00b7licituds de forma presencial.<\/p>\n\n\n\n<p><strong>Horari Hivern<\/strong><\/p>\n\n\n\n<ul class=\"wp-block-list\">\n<li>MATINS de dilluns a divendres, de 10.00h a 13.00h<\/li>\n\n\n\n<li>TARDES de dimarts i dijous, de 15.30h a 17.30h<\/li>\n<\/ul>\n\n\n\n<p><strong>Horari Estiu<\/strong>\u00a0(de l\u201901\/06\/2025 fins al 30\/09\/2025)<\/p>\n\n\n\n<ul class=\"wp-block-list\">\n<li>MATINS de dilluns a divendres, de 10.00h a 13.00h<\/li>\n<\/ul>\n\n\n\n<h4 class=\"wp-block-heading\">Contacte<\/h4>\n\n\n\n<p>secretaria@iesmercerodoreda.com<\/p>\n\n\n\n<p>Tel\u00e8fon del centre: 93 338 82 53<\/p>\n","protected":false},"excerpt":{"rendered":"<p>Horari de Secretaria Horari d\u2019atenci\u00f3 al p\u00fablic per demanar cita pr\u00e8via o per a la presentaci\u00f3 de lessol\u00b7licituds de forma [&hellip;]<\/p>\n","protected":false},"author":319,"featured_media":0,"parent":19,"menu_order":8,"comment_status":"closed","ping_status":"close","template":"","meta":{"site-sidebar-layout":"default","site-content-layout":"","ast-site-content-layout":"default","site-content-style":"default","site-sidebar-style":"default","ast-global-header-display":"","ast-banner-title-visibility":"","ast-main-header-display":"","ast-hfb-above-header-display":"","ast-hfb-below-header-display":"","ast-hfb-mobile-header-display":"","site-post-title":"","ast-breadcrumbs-content":"","ast-featured-img":"","footer-sml-layout":"","theme-transparent-header-meta":"","adv-header-id-meta":"","stick-header-meta":"","header-above-stick-meta":"","header-main-stick-meta":"","header-below-stick-meta":"","astra-migrate-meta-layouts":"set","ast-page-background-enabled":"default","ast-page-background-meta":{"desktop":{"background-color":"var(--ast-global-color-4)","background-image":"","background-repeat":"repeat","background-position":"center center","background-size":"auto","background-attachment":"scroll","background-type":"","background-media":"","overlay-type":"","overlay-color":"","overlay-opacity":"","overlay-gradient":""},"tablet":{"background-color":"","background-image":"","background-repeat":"repeat","background-position":"center center","background-size":"auto","background-attachment":"scroll","background-type":"","background-media":"","overlay-type":"","overlay-color":"","overlay-opacity":"","overlay-gradient":""},"mobile":{"background-color":"","background-image":"","background-repeat":"repeat","background-position":"center center","background-size":"auto","background-attachment":"scroll","background-type":"","background-media":"","overlay-type":"","overlay-color":"","overlay-opacity":"","overlay-gradient":""}},"ast-content-background-meta":{"desktop":{"background-color":"var(--ast-global-color-5)","background-image":"","background-repeat":"repeat","background-position":"center center","background-size":"auto","background-attachment":"scroll","background-type":"","background-media":"","overlay-type":"","overlay-color":"","overlay-opacity":"","overlay-gradient":""},"tablet":{"background-color":"var(--ast-global-color-5)","background-image":"","background-repeat":"repeat","background-position":"center center","background-size":"auto","background-attachment":"scroll","background-type":"","background-media":"","overlay-type":"","overlay-color":"","overlay-opacity":"","overlay-gradient":""},"mobile":{"background-color":"var(--ast-global-color-5)","background-image":"","background-repeat":"repeat","background-position":"center center","background-size":"auto","background-attachment":"scroll","background-type":"","background-media":"","overlay-type":"","overlay-color":"","overlay-opacity":"","overlay-gradient":""}},"footnotes":""},"class_list":["post-16252","page","type-page","status-publish","hentry"],"post_mailing_queue_ids":[],"_links":{"self":[{"href":"https:\/\/agora.xtec.cat\/ies-merce-rodoreda\/wp-json\/wp\/v2\/pages\/16252","targetHints":{"allow":["GET"]}}],"collection":[{"href":"https:\/\/agora.xtec.cat\/ies-merce-rodoreda\/wp-json\/wp\/v2\/pages"}],"about":[{"href":"https:\/\/agora.xtec.cat\/ies-merce-rodoreda\/wp-json\/wp\/v2\/types\/page"}],"author":[{"embeddable":true,"href":"https:\/\/agora.xtec.cat\/ies-merce-rodoreda\/wp-json\/wp\/v2\/users\/319"}],"replies":[{"embeddable":true,"href":"https:\/\/agora.xtec.cat\/ies-merce-rodoreda\/wp-json\/wp\/v2\/comments?post=16252"}],"version-history":[{"count":4,"href":"https:\/\/agora.xtec.cat\/ies-merce-rodoreda\/wp-json\/wp\/v2\/pages\/16252\/revisions"}],"predecessor-version":[{"id":16488,"href":"https:\/\/agora.xtec.cat\/ies-merce-rodoreda\/wp-json\/wp\/v2\/pages\/16252\/revisions\/16488"}],"up":[{"embeddable":true,"href":"https:\/\/agora.xtec.cat\/ies-merce-rodoreda\/wp-json\/wp\/v2\/pages\/19"}],"wp:attachment":[{"href":"https:\/\/agora.xtec.cat\/ies-merce-rodoreda\/wp-json\/wp\/v2\/media?parent=16252"}],"curies":[{"name":"wp","href":"https:\/\/api.w.org\/{rel}","templated":true}]}}