{"id":1479,"date":"2016-03-19T19:49:15","date_gmt":"2016-03-19T18:49:15","guid":{"rendered":"http:\/\/agora.xtec.cat\/ies-merce-rodoreda\/?page_id=1479"},"modified":"2023-09-08T10:46:22","modified_gmt":"2023-09-08T08:46:22","slug":"convalidacions-i-exempcions","status":"publish","type":"page","link":"https:\/\/agora.xtec.cat\/ies-merce-rodoreda\/cicles-formatius-medi-ambient\/convalidacions-i-exempcions\/","title":{"rendered":"L&#8217;antic CFGS Qu\u00edmica Ambiental LOGSE (Convalidacions i Exempcions)"},"content":{"rendered":"<h4>A1) Convalidacions directes de cr\u00e8dits<\/h4>\n<p>Segons la normativa actual (ORDRE ENS\/58\/2003 i la ORDEN ECD\/1055\/2017),\u00a0 pots convalidar de manera directa una s\u00e8rie de cr\u00e8dits del CFGS de Qu\u00edmica Ambiental si pr\u00e8viament has cursat determinats estudis:<\/p>\n<ul>\n<li>pots sol.licitar la convalidaci\u00f3 del cr\u00e8dit &#8220;<strong>Formaci\u00f3 i Orientaci\u00f3 Laboral<\/strong>&#8221; si has cursat aquest mateix cr\u00e8dit en qualsevol Cicle Formatiu de Grau SUPERIOR (LOGSE) o si has cursat la mat\u00e8ria optativa de &#8220;Formaci\u00f3 Laboral&#8221; al batxillerat.<\/li>\n<li>pots sol.licitar la convalidaci\u00f3 del cr\u00e8dit &#8220;<strong>Relacions en l&#8217;\u00c0mbit de Treball<\/strong>&#8221; si has cursat aquest mateix cr\u00e8dit en qualsevol CFGS (LOGSE).<\/li>\n<li>pots sol\u00b7licitar la convalidaci\u00f3 del cr\u00e8dit &#8220;<strong>Control d&#8217;emissions a l&#8217;atmosfera<\/strong>&#8221; si has curstat els cr\u00e8dits &#8220;Contaminaci\u00f3 atmosf\u00e8rica, ac\u00fastica i per radiacions&#8221; i &#8220;Productes qu\u00edmics i vectors d\u2019inter\u00e8s en salut p\u00fablica&#8221; del Cicle Formatiu LOGSE de <span style=\"text-decoration: underline;\">Salut Ambiental<\/span>.<\/li>\n<li>pots sol\u00b7licitar la convalidaci\u00f3 del cr\u00e8dit &#8220;<strong>Control de residus<\/strong>&#8221; si has cursat el cr\u00e8dit &#8220;Residus s\u00f2lids i medi constru\u00eft&#8221; del Cicle Formatiu LOGSE de <span style=\"text-decoration: underline;\">Salut Ambiental<\/span>.<\/li>\n<\/ul>\n<p>La convalidaci\u00f3 directa del cr\u00e8dit &#8220;<strong>Operacions B\u00e0siques de Laboratori i Eines inform\u00e0tiques<\/strong>&#8221; \u00e9s compet\u00e8ncia de la direcci\u00f3 del centre, pr\u00e8via acreditaci\u00f3 suficient de les compet\u00e8ncies d&#8217;aquest cr\u00e8dit.<\/p>\n<p style=\"text-align: center;\"><strong><a href=\"https:\/\/agora.xtec.cat\/ies-merce-rodoreda\/docs\/sol%c2%b7licitud-convalidacio-credits-nomes-c7-c8-i-c11\/?bp-attachment=Sol%C2%B7licitud-convalidacio-DIRECTA-C7-C8-C11.pdf\" target=\"_blank\" rel=\"noopener noreferrer\">Inst\u00e0ncia per sol.licitar la convalidaci\u00f3 directa de cr\u00e8dits (A1)<\/a><\/strong><\/p>\n<h4>A2) Convalidacions singulars de cr\u00e8dits<\/h4>\n<ul>\n<li>Els alumnes amb el<strong> t\u00edtol de T\u00e8cnic Superior en Prevenci\u00f3 de Riscos Laborals<\/strong> podran sol.licitar la convalidaci\u00f3 (singular) del cr\u00e8dit 6: Seguretat Qu\u00edmica i Higiene Industrials.<\/li>\n<li>Els alumnes amb el t\u00edtol de <strong>T\u00e8cnic Superior en Qu\u00edmica Industrial (LOE)<\/strong> podran sol.licitar la convalidaci\u00f3 (singular) del cr\u00e8dit 6: Seguretat Qu\u00edmica i Higiene Industrials.<\/li>\n<li>Els alumnes amb el t\u00edtol de <strong>T\u00e8cnic Superior en Laboratori d&#8217;An\u00e0lisi i Control de la Qualitat (LOE)<\/strong> podran sol.licitar la convalidaci\u00f3 (singular) del cr\u00e8dit 4: T\u00e8cniques fisicoqu\u00edmiques, qu\u00edmiques i microbiol\u00f2giques d&#8217;an\u00e0lisi d&#8217;aigues.<\/li>\n<li>*****Els alumnes que hagin cursat el cr\u00e8dit &#8220;<strong>Formaci\u00f3 i Orientaci\u00f3 Laboral&#8221; de qualsevol cicle formatiu LOE (grau mig o superior)<\/strong> podran sol.licitar la convalidaci\u00f3 (singular) del cr\u00e8dit 8 FOL (<strong>atenci\u00f3: cal consultar aquest sup\u00f2sit, perqu\u00e8 podria ser no aplicable\u00a0a partir del curs 2018-19!!!<\/strong>).<\/li>\n<\/ul>\n<p>L\u2019alumnat matriculat en un cicle formatiu que tingui aprovats un m\u00ednim de 30 cr\u00e8dits d\u2019un estudi universitari o 12 cr\u00e8dits ECTS pot sol\u00b7licitar la convalidaci\u00f3 (singular) d\u2019un o m\u00e9s dels cr\u00e8dits seg\u00fcents no relacionats amb les unitats de compet\u00e8ncia: FOL; RAT.<\/p>\n<p style=\"padding-left: 30px;\">Per determinar aquesta convalidaci\u00f3 ser\u00e0 d\u2019aplicaci\u00f3 el barem seg\u00fcent:<\/p>\n<ul>\n<li>Entre 30 i 40 cr\u00e8dits universitaris o un m\u00ednim de 12 cr\u00e8dits ECTS dels estudis de grau aprovats: convalidaci\u00f3 de cr\u00e8dits del cicle formatiu la suma dels quals no sigui superior a 60 hores lectives.<\/li>\n<li>Entre 41 i 50 cr\u00e8dits universitaris o un m\u00ednim de 16 cr\u00e8dits ECTS dels estudis de grau aprovats: convalidaci\u00f3 de cr\u00e8dits del cicle formatiu la suma dels quals no sigui superior a 120 hores lectives.<\/li>\n<li>M\u00e9s de 50 cr\u00e8dits universitaris o m\u00e9s de 20 cr\u00e8dits ECTS dels estudis de grau aprovats: convalidaci\u00f3 de cr\u00e8dits del cicle formatiu la suma dels quals no sigui superior a 180 hores lectives.<\/li>\n<\/ul>\n<p style=\"padding-left: 30px;\">Si tens estudis universitaris i nom\u00e9s demanes cr\u00e8dits o unitats formatives transversals (FOL, RET, RAT, AGCE, EIE) o cr\u00e8dits o unitats formatives de lliure disposici\u00f3, cal presentar el t\u00edtol o resguard (o certificat acad\u00e8mic cas de no estar acabats)<br \/>\nEn cap cas no es poden convalidar parts de cr\u00e8dits.<\/p>\n<p>En el cas que els <strong>cr\u00e8dits universitaris aprovats tinguin una relaci\u00f3 d\u2019afinitat amb altres cr\u00e8dits del cicle formatiu<\/strong> diferents als esmentats, tamb\u00e9 se\u2019n pot sol\u00b7licitar la convalidaci\u00f3 (singular). En aquest cas s\u2019haur\u00e0 d\u2019adjuntar el pla d\u2019estudis cursat i el certificat acad\u00e8mic personal expedit pel centre universitari, amb indicaci\u00f3 de les hores de les diferents mat\u00e8ries i el programa de les mat\u00e8ries en qu\u00e8 es fonamenta la petici\u00f3 de convalidaci\u00f3.<\/p>\n<p>L\u2019alumnat matriculat en un cicle formatiu <strong>que tingui finalitzats ensenyaments de FP II<\/strong> que no hagin estat declarats equivalents a efectes acad\u00e8mics i professionals amb el cicle en qu\u00e8 es troba matriculat tamb\u00e9 pot demanar una convalidaci\u00f3 singular. En aquest cas ha d\u2019adjuntar una c\u00f2pia compulsada del t\u00edtol dels estudis cursats.<\/p>\n<p style=\"text-align: center;\">La secretaria personalitzar\u00e0 la inst\u00e0ncia adequada en cada cas.<\/p>\n<p style=\"text-align: center;\">\u00a0Pots consultar m\u00e9s informaci\u00f3 addicional sobre convalidacions <a href=\"http:\/\/agora.xtec.cat\/ies-merce-rodoreda\/docs\/informacio-convalidacions-cicle\/\" target=\"_blank\" rel=\"noopener noreferrer\"><strong>aqu\u00ed<\/strong><\/a>.<\/p>\n<h4>B) Exempcions de FCT (pr\u00e0ctiques en empresa).<\/h4>\n<p>L&#8217;FCT permet assolir uns objectius d&#8217;inserci\u00f3 professional i de qualificaci\u00f3, al mateix temps que serveix d&#8217;orientaci\u00f3 per a l&#8217;alumnat. L&#8217;FCT permet a l&#8217;alumnat familiaritzar-se amb la vida laboral (inserci\u00f3) al mateix temps que li permet completar la seva formaci\u00f3 en el seu camp professional (qualificaci\u00f3). L&#8217;assoliment d&#8217;aquests objectius permet establir el sistema d&#8217;exempcions que s&#8217;exposa a continuaci\u00f3.<\/p>\n<p><strong>Sup\u00f2sits d&#8217;exempci\u00f3:<\/strong><\/p>\n<p>S&#8217;estableixen uns criteris per a resoldre l&#8217;exempci\u00f3, total o parcial, de l&#8217;FCT per a l&#8217;alumnat que acrediti experi\u00e8ncia laboral.<\/p>\n<p><strong>Exempci\u00f3 total:<\/strong> L&#8217;exempci\u00f3 total s&#8217;atorgar\u00e0 a aquells alumnes que acreditin experi\u00e8ncia professional en el camp del CFGS de Qu\u00edmica Ambiental de, com a m\u00ednim, 440h. L&#8217;alumne\/a haur\u00e0 de presentar -juntament amb <a href=\"https:\/\/agora.xtec.cat\/ies-merce-rodoreda\/docs\/sol%c2%b7licitud-exempcio-fct\/?bp-attachment=Sol%C2%B7licitud-Exempci%C3%B3-FCT-practiques-en-empreses.pdf\" target=\"_blank\" rel=\"noopener noreferrer\">la inst\u00e0ncia de sol.licitud d&#8217;exempci\u00f3<\/a>&#8211; un document acreditatiu de la seva experi\u00e8ncia laboral actual o pr\u00e8via en empreses o institucions, fent tasques o funcions que es corresponguin amb la capacitaci\u00f3 que atorga el cicle formatiu, com per exemple:<\/p>\n<ul>\n<li>Certificat o informe de la empresa, on constin les hores d&#8217;experi\u00e8ncia laboral i que detalli l&#8217;activitat, les funcions i tasques que ha realitzat en l&#8217;empresa<\/li>\n<li>Contracte laboral<\/li>\n<li>Full de salaris<\/li>\n<li>Informe de vida laboral de la Tresoreria General de la Seguretat Social<\/li>\n<\/ul>\n<p>En cas de treballar per compte propi:<\/p>\n<ul>\n<li>Certificaci\u00f3 d&#8217;alta de l&#8217;impost d&#8217;activitats econ\u00f2miques (IAE)<\/li>\n<li>Rebuts de cotitzaci\u00f3 a la Seguretat Social (si escau)<\/li>\n<li>quota d&#8217;aut\u00f2nom<\/li>\n<li>declaraci\u00f3 trimestral positiva de l&#8217;activitat econ\u00f2mica (model 130)<\/li>\n<\/ul>\n<p><strong>Exempci\u00f3 parcial<\/strong>: L&#8217;alumne\/a queda exempt\/a d&#8217;una part de l&#8217;objectiu d&#8217;inserci\u00f3 i est\u00e0 eximit d&#8217;una part de les hores corresponents al cr\u00e8dit FCT. Li manca l&#8217;objectiu de la qualificaci\u00f3.<\/p>\n<p>Casos:<\/p>\n<p style=\"padding-left: 30px;\"><span style=\"text-decoration: underline;\">Experi\u00e8ncia professional en qualsevol activitat:<\/span> s&#8217;haur\u00e0 d&#8217;acreditar, com a m\u00ednim, 880h. L&#8217;exempci\u00f3 ser\u00e0 d&#8217;un 25% de les hores, \u00e9s a dir, l&#8217;alumne\/a haur\u00e0 de realitzar 330h de FCT<\/p>\n<p style=\"padding-left: 30px;\"><span style=\"text-decoration: underline;\">Experi\u00e8ncia professional en el camp de la Qu\u00edmica Ambiental:<\/span> S&#8217;hauran d&#8217;acreditar un m\u00ednim de 220h (fins a 439h). L&#8217;exempci\u00f3 ser\u00e0 del 50% de les hores, \u00e9s a dir, l&#8217;alumne\/a haur\u00e0 de realitzar 220h. (Si el nombre d&#8217;hores realitzades supera les 439h, llavors l&#8217;alumne\/a t\u00e9 dret a una exempci\u00f3 total)<\/p>\n<p>Acreditaci\u00f3: L&#8217;alumnat haur\u00e0 de presentar -juntament amb <a href=\"https:\/\/agora.xtec.cat\/ies-merce-rodoreda\/docs\/sol%c2%b7licitud-exempcio-fct\/?bp-attachment=Sol%C2%B7licitud-Exempci%C3%B3-FCT-practiques-en-empreses.pdf\" target=\"_blank\" rel=\"noopener noreferrer\">la inst\u00e0ncia de sol.licitud d&#8217;exempci\u00f3<\/a>&#8211; un document acreditatiu de la seva experi\u00e8ncia laboral, com ara:<\/p>\n<ul>\n<li>Certificat o informe de la empresa, on constin les hores d&#8217;experi\u00e8ncia laboral i que detalli l&#8217;activitat, les funcions i tasques que ha realitzat en l&#8217;empresa (si s&#8217;ha d&#8217;acreditar experi\u00e8ncia professional en el camp de la Qu\u00edmica Ambiental)<\/li>\n<li>Contracte laboral<\/li>\n<li>Full de salaris<\/li>\n<li>Informe de vida laboral de la Tresoreria General de la Seguretat Social<\/li>\n<li>En cas de treballar per compte propi:Certificaci\u00f3 d&#8217;alta de l&#8217;impost d&#8217;activitats econ\u00f2miques (IAE)<\/li>\n<li>Rebuts de cotitzaci\u00f3 a la Seguretat Social<\/li>\n<\/ul>\n<p style=\"text-align: center;\"><strong><a href=\"https:\/\/agora.xtec.cat\/ies-merce-rodoreda\/docs\/sol%c2%b7licitud-exempcio-fct\/?bp-attachment=Sol%C2%B7licitud-Exempci%C3%B3-FCT-practiques-en-empreses.pdf\" target=\"_blank\" rel=\"noopener noreferrer\">Inst\u00e0ncia per demanar l&#8217;exempci\u00f3 (total o parcial) de la FCT<\/a><\/strong><\/p>\n<h4>C) Convalidacions si despr\u00e9s estudies un altre Cicle Formatiu (LOE)<\/h4>\n<p>Si despr\u00e9s de cursar el CFGS de Qu\u00edmica Ambiental vols fer un altre cicle formatiu (LOE), pots demanar la convalidaci\u00f3 de la UF1 (Incorporaci\u00f3 al treball) tant a grau superior com a grau mitj\u00e0 del cr\u00e8dit de FOL LOE. La UF2 de FOL LOE es podr\u00e0 convalidar per la possessi\u00f3 del certificat de nivell b\u00e0sic en prevenci\u00f3 de riscos (si curses al nostre institut els cr\u00e8dits C8 i C6 obtindries al final de curs el certificat de nivell b\u00e0sic en prevenci\u00f3 de riscos).<\/p>\n<p>A m\u00e9s podr\u00e0s demanar la sol\u00b7licitud singular d&#8217;algunes Unitats Formatives en el teu nou Cicle Formatiu, si estan relacionades amb algun cr\u00e8dit cursat (per exemple, si despr\u00e9s estudies Laboratori d&#8217;An\u00e0lisi i Control de la Qualitat LOE podr\u00e0s sol\u00b7licitar la convalidaci\u00f3 singular de diverses Unitats Formatives).<\/p>\n<h4>D) Convalidacions si despr\u00e9s estudies a la universitat<\/h4>\n<p>Podeu consultar les convalidacions a que d\u00f3na acc\u00e9s el t\u00edtol de qu\u00edmica ambiental, en <a href=\"http:\/\/aplicacions.universitats.gencat.cat\/qpq\/AppJava\/real\/llistarGrauPerAcces.do\" target=\"_blank\" rel=\"noopener noreferrer\"><strong>aquest enlla\u00e7<\/strong><\/a>. Haureu de seleccionar \u201cqu\u00edmica ambiental\u201d dintre de l\u2019opci\u00f3 \u201cCicles Formatius de Grau Superior\u201d. La llista de graus que apareixeran seran tots aquells en els quals us convalidaran alguna assignatura. Despr\u00e9s, un cop a la fitxa del grau seleccionat, heu d\u2019anar a la secci\u00f3 \u201cAcc\u00e9s i Notes de tall\u201d i despr\u00e9s fer clic a \u201cConvalidacions de cicles formatius de grau superior\u201d per veure les convalidacions a les quals teniu dret<\/p>\n","protected":false},"excerpt":{"rendered":"<p>A1) Convalidacions directes de cr\u00e8dits Segons la normativa actual (ORDRE ENS\/58\/2003 i la ORDEN ECD\/1055\/2017),\u00a0 pots convalidar de manera directa [&hellip;]<\/p>\n","protected":false},"author":1,"featured_media":0,"parent":1377,"menu_order":0,"comment_status":"closed","ping_status":"closed","template":"","meta":{"site-sidebar-layout":"default","site-content-layout":"","ast-site-content-layout":"","site-content-style":"default","site-sidebar-style":"default","ast-global-header-display":"","ast-banner-title-visibility":"","ast-main-header-display":"","ast-hfb-above-header-display":"","ast-hfb-below-header-display":"","ast-hfb-mobile-header-display":"","site-post-title":"","ast-breadcrumbs-content":"","ast-featured-img":"","footer-sml-layout":"","theme-transparent-header-meta":"","adv-header-id-meta":"","stick-header-meta":"","header-above-stick-meta":"","header-main-stick-meta":"","header-below-stick-meta":"","astra-migrate-meta-layouts":"default","ast-page-background-enabled":"default","ast-page-background-meta":{"desktop":{"background-color":"var(--ast-global-color-4)","background-image":"","background-repeat":"repeat","background-position":"center center","background-size":"auto","background-attachment":"scroll","background-type":"","background-media":"","overlay-type":"","overlay-color":"","overlay-opacity":"","overlay-gradient":""},"tablet":{"background-color":"","background-image":"","background-repeat":"repeat","background-position":"center center","background-size":"auto","background-attachment":"scroll","background-type":"","background-media":"","overlay-type":"","overlay-color":"","overlay-opacity":"","overlay-gradient":""},"mobile":{"background-color":"","background-image":"","background-repeat":"repeat","background-position":"center center","background-size":"auto","background-attachment":"scroll","background-type":"","background-media":"","overlay-type":"","overlay-color":"","overlay-opacity":"","overlay-gradient":""}},"ast-content-background-meta":{"desktop":{"background-color":"var(--ast-global-color-5)","background-image":"","background-repeat":"repeat","background-position":"center center","background-size":"auto","background-attachment":"scroll","background-type":"","background-media":"","overlay-type":"","overlay-color":"","overlay-opacity":"","overlay-gradient":""},"tablet":{"background-color":"var(--ast-global-color-5)","background-image":"","background-repeat":"repeat","background-position":"center center","background-size":"auto","background-attachment":"scroll","background-type":"","background-media":"","overlay-type":"","overlay-color":"","overlay-opacity":"","overlay-gradient":""},"mobile":{"background-color":"var(--ast-global-color-5)","background-image":"","background-repeat":"repeat","background-position":"center center","background-size":"auto","background-attachment":"scroll","background-type":"","background-media":"","overlay-type":"","overlay-color":"","overlay-opacity":"","overlay-gradient":""}},"footnotes":""},"class_list":["post-1479","page","type-page","status-publish","hentry"],"post_mailing_queue_ids":[],"_links":{"self":[{"href":"https:\/\/agora.xtec.cat\/ies-merce-rodoreda\/wp-json\/wp\/v2\/pages\/1479","targetHints":{"allow":["GET"]}}],"collection":[{"href":"https:\/\/agora.xtec.cat\/ies-merce-rodoreda\/wp-json\/wp\/v2\/pages"}],"about":[{"href":"https:\/\/agora.xtec.cat\/ies-merce-rodoreda\/wp-json\/wp\/v2\/types\/page"}],"author":[{"embeddable":true,"href":"https:\/\/agora.xtec.cat\/ies-merce-rodoreda\/wp-json\/wp\/v2\/users\/1"}],"replies":[{"embeddable":true,"href":"https:\/\/agora.xtec.cat\/ies-merce-rodoreda\/wp-json\/wp\/v2\/comments?post=1479"}],"version-history":[{"count":4,"href":"https:\/\/agora.xtec.cat\/ies-merce-rodoreda\/wp-json\/wp\/v2\/pages\/1479\/revisions"}],"predecessor-version":[{"id":14464,"href":"https:\/\/agora.xtec.cat\/ies-merce-rodoreda\/wp-json\/wp\/v2\/pages\/1479\/revisions\/14464"}],"up":[{"embeddable":true,"href":"https:\/\/agora.xtec.cat\/ies-merce-rodoreda\/wp-json\/wp\/v2\/pages\/1377"}],"wp:attachment":[{"href":"https:\/\/agora.xtec.cat\/ies-merce-rodoreda\/wp-json\/wp\/v2\/media?parent=1479"}],"curies":[{"name":"wp","href":"https:\/\/api.w.org\/{rel}","templated":true}]}}