{"id":14480,"date":"2023-09-13T13:22:30","date_gmt":"2023-09-13T11:22:30","guid":{"rendered":"https:\/\/agora.xtec.cat\/ies-merce-rodoreda\/?page_id=14480"},"modified":"2025-03-11T16:07:46","modified_gmt":"2025-03-11T15:07:46","slug":"oferta-formativa","status":"publish","type":"page","link":"https:\/\/agora.xtec.cat\/ies-merce-rodoreda\/oferta-formativa\/","title":{"rendered":"Oferta formativa"},"content":{"rendered":"<p>Els cicles formatius que impartim a la Fam\u00edlia Professional de Seguretat i Medi Ambient s\u00f3n:<\/p>\n<p><b><a href=\"https:\/\/agora.xtec.cat\/ies-merce-rodoreda\/wp-content\/uploads\/usu644\/2025\/03\/giphy.gif\"><img loading=\"lazy\" decoding=\"async\" class=\"alignnone wp-image-16938\" src=\"https:\/\/agora.xtec.cat\/ies-merce-rodoreda\/wp-content\/uploads\/usu644\/2025\/03\/giphy.gif\" alt=\"\" width=\"50\" height=\"50\" \/><\/a>\u00a0<a href=\"https:\/\/www.todofp.es\/que-estudiar\/familias-profesionales\/seguridad-medio-ambiente\/sanidad-ambiental-aplicada.html\"><strong>CFGM Sanitat Ambiental Aplicada<\/strong> <span style=\"color: #ff0000;\">(Novetat 2025\/26)<\/span><\/a><\/b><\/p>\n<p><a href=\"https:\/\/www.gencat.cat\/ensenyament\/eac\/pdf\/CFPS____SMA0_CA.pdf\" target=\"_blank\" rel=\"noopener noreferrer\" data-saferedirecturl=\"https:\/\/www.google.com\/url?q=https:\/\/www.gencat.cat\/ensenyament\/eac\/pdf\/CFPS____SMA0_CA.pdf&amp;source=gmail&amp;ust=1694690589439000&amp;usg=AOvVaw2F3fW_j9TcBhO9-hSJbO5e\"><b>CFGS Educaci\u00f3 i Control Ambiental<\/b><\/a><\/p>\n<p><a href=\"https:\/\/triaeducativa.gencat.cat\/ca\/estudis\/?quimica-salut-ambiental&amp;p_id=4511\" target=\"_blank\" rel=\"noopener\" data-saferedirecturl=\"https:\/\/www.google.com\/url?q=https:\/\/triaeducativa.gencat.cat\/ca\/estudis\/?quimica-salut-ambiental%26p_id%3D4511&amp;source=gmail&amp;ust=1694682111635000&amp;usg=AOvVaw0VAvv5OBSrprPaJgg6URNZ\"><b>CFGS Qu\u00edmica\u00a0i Salut<\/b><b>\u00a0Ambiental<\/b><\/a><\/p>\n<p>Tots els cicles s\u00f3n <strong><a href=\"https:\/\/agora.xtec.cat\/fpdual\/alumnat\/preguntes-mes-frequents\/\" target=\"_blank\" rel=\"noopener\">duals<\/a>.<\/strong><\/p>\n<p><strong>Si vols rebre m\u00e9s informaci\u00f3, pots inscriure&#8217;t al seg\u00fcent<a href=\"https:\/\/forms.gle\/ucoxXZR7PAhvzsAg8\" target=\"_blank\" rel=\"noopener\"> formulari.<\/a><\/strong><\/p>\n<p><a href=\"https:\/\/agora.xtec.cat\/ies-merce-rodoreda\/wp-content\/uploads\/usu644\/2025\/03\/cartell25-1.jpg\"><img loading=\"lazy\" decoding=\"async\" class=\"alignnone wp-image-16949\" src=\"https:\/\/agora.xtec.cat\/ies-merce-rodoreda\/wp-content\/uploads\/usu644\/2025\/03\/cartell25-1-1024x575.jpg\" alt=\"\" width=\"600\" height=\"337\" srcset=\"https:\/\/agora.xtec.cat\/ies-merce-rodoreda\/wp-content\/uploads\/usu644\/2025\/03\/cartell25-1-1024x575.jpg 1024w, https:\/\/agora.xtec.cat\/ies-merce-rodoreda\/wp-content\/uploads\/usu644\/2025\/03\/cartell25-1-300x168.jpg 300w, https:\/\/agora.xtec.cat\/ies-merce-rodoreda\/wp-content\/uploads\/usu644\/2025\/03\/cartell25-1-768x431.jpg 768w, https:\/\/agora.xtec.cat\/ies-merce-rodoreda\/wp-content\/uploads\/usu644\/2025\/03\/cartell25-1.jpg 1390w\" sizes=\"auto, (max-width: 600px) 100vw, 600px\" \/><\/a><\/p>\n<p><a href=\"https:\/\/agora.xtec.cat\/ies-merce-rodoreda\/wp-content\/uploads\/usu644\/2023\/09\/sortides.jpg\"><img loading=\"lazy\" decoding=\"async\" class=\"alignnone wp-image-14488\" src=\"https:\/\/agora.xtec.cat\/ies-merce-rodoreda\/wp-content\/uploads\/usu644\/2023\/09\/sortides-300x156.jpg\" alt=\"\" width=\"600\" height=\"312\" srcset=\"https:\/\/agora.xtec.cat\/ies-merce-rodoreda\/wp-content\/uploads\/usu644\/2023\/09\/sortides-300x156.jpg 300w, https:\/\/agora.xtec.cat\/ies-merce-rodoreda\/wp-content\/uploads\/usu644\/2023\/09\/sortides-1024x532.jpg 1024w, https:\/\/agora.xtec.cat\/ies-merce-rodoreda\/wp-content\/uploads\/usu644\/2023\/09\/sortides-768x399.jpg 768w, https:\/\/agora.xtec.cat\/ies-merce-rodoreda\/wp-content\/uploads\/usu644\/2023\/09\/sortides.jpg 1033w\" sizes=\"auto, (max-width: 600px) 100vw, 600px\" \/><\/a><\/p>\n<p><a href=\"https:\/\/agora.xtec.cat\/ies-merce-rodoreda\/wp-content\/uploads\/usu644\/2023\/09\/activitats.jpg\"><img loading=\"lazy\" decoding=\"async\" class=\"alignnone wp-image-14489\" src=\"https:\/\/agora.xtec.cat\/ies-merce-rodoreda\/wp-content\/uploads\/usu644\/2023\/09\/activitats-300x129.jpg\" alt=\"\" width=\"600\" height=\"257\" srcset=\"https:\/\/agora.xtec.cat\/ies-merce-rodoreda\/wp-content\/uploads\/usu644\/2023\/09\/activitats-300x129.jpg 300w, https:\/\/agora.xtec.cat\/ies-merce-rodoreda\/wp-content\/uploads\/usu644\/2023\/09\/activitats-1024x439.jpg 1024w, https:\/\/agora.xtec.cat\/ies-merce-rodoreda\/wp-content\/uploads\/usu644\/2023\/09\/activitats-768x329.jpg 768w, https:\/\/agora.xtec.cat\/ies-merce-rodoreda\/wp-content\/uploads\/usu644\/2023\/09\/activitats.jpg 1047w\" sizes=\"auto, (max-width: 600px) 100vw, 600px\" \/><\/a><\/p>\n","protected":false},"excerpt":{"rendered":"<p>Els cicles formatius que impartim a la Fam\u00edlia Professional de Seguretat i Medi Ambient s\u00f3n: \u00a0CFGM Sanitat Ambiental Aplicada (Novetat [&hellip;]<\/p>\n","protected":false},"author":255,"featured_media":0,"parent":0,"menu_order":0,"comment_status":"closed","ping_status":"closed","template":"","meta":{"site-sidebar-layout":"default","site-content-layout":"","ast-site-content-layout":"default","site-content-style":"default","site-sidebar-style":"default","ast-global-header-display":"","ast-banner-title-visibility":"","ast-main-header-display":"","ast-hfb-above-header-display":"","ast-hfb-below-header-display":"","ast-hfb-mobile-header-display":"","site-post-title":"","ast-breadcrumbs-content":"","ast-featured-img":"","footer-sml-layout":"","theme-transparent-header-meta":"","adv-header-id-meta":"","stick-header-meta":"","header-above-stick-meta":"","header-main-stick-meta":"","header-below-stick-meta":"","astra-migrate-meta-layouts":"set","ast-page-background-enabled":"default","ast-page-background-meta":{"desktop":{"background-color":"var(--ast-global-color-4)","background-image":"","background-repeat":"repeat","background-position":"center center","background-size":"auto","background-attachment":"scroll","background-type":"","background-media":"","overlay-type":"","overlay-color":"","overlay-opacity":"","overlay-gradient":""},"tablet":{"background-color":"","background-image":"","background-repeat":"repeat","background-position":"center center","background-size":"auto","background-attachment":"scroll","background-type":"","background-media":"","overlay-type":"","overlay-color":"","overlay-opacity":"","overlay-gradient":""},"mobile":{"background-color":"","background-image":"","background-repeat":"repeat","background-position":"center center","background-size":"auto","background-attachment":"scroll","background-type":"","background-media":"","overlay-type":"","overlay-color":"","overlay-opacity":"","overlay-gradient":""}},"ast-content-background-meta":{"desktop":{"background-color":"var(--ast-global-color-5)","background-image":"","background-repeat":"repeat","background-position":"center center","background-size":"auto","background-attachment":"scroll","background-type":"","background-media":"","overlay-type":"","overlay-color":"","overlay-opacity":"","overlay-gradient":""},"tablet":{"background-color":"var(--ast-global-color-5)","background-image":"","background-repeat":"repeat","background-position":"center center","background-size":"auto","background-attachment":"scroll","background-type":"","background-media":"","overlay-type":"","overlay-color":"","overlay-opacity":"","overlay-gradient":""},"mobile":{"background-color":"var(--ast-global-color-5)","background-image":"","background-repeat":"repeat","background-position":"center center","background-size":"auto","background-attachment":"scroll","background-type":"","background-media":"","overlay-type":"","overlay-color":"","overlay-opacity":"","overlay-gradient":""}},"footnotes":""},"class_list":["post-14480","page","type-page","status-publish","hentry"],"post_mailing_queue_ids":[],"_links":{"self":[{"href":"https:\/\/agora.xtec.cat\/ies-merce-rodoreda\/wp-json\/wp\/v2\/pages\/14480","targetHints":{"allow":["GET"]}}],"collection":[{"href":"https:\/\/agora.xtec.cat\/ies-merce-rodoreda\/wp-json\/wp\/v2\/pages"}],"about":[{"href":"https:\/\/agora.xtec.cat\/ies-merce-rodoreda\/wp-json\/wp\/v2\/types\/page"}],"author":[{"embeddable":true,"href":"https:\/\/agora.xtec.cat\/ies-merce-rodoreda\/wp-json\/wp\/v2\/users\/255"}],"replies":[{"embeddable":true,"href":"https:\/\/agora.xtec.cat\/ies-merce-rodoreda\/wp-json\/wp\/v2\/comments?post=14480"}],"version-history":[{"count":6,"href":"https:\/\/agora.xtec.cat\/ies-merce-rodoreda\/wp-json\/wp\/v2\/pages\/14480\/revisions"}],"predecessor-version":[{"id":16950,"href":"https:\/\/agora.xtec.cat\/ies-merce-rodoreda\/wp-json\/wp\/v2\/pages\/14480\/revisions\/16950"}],"wp:attachment":[{"href":"https:\/\/agora.xtec.cat\/ies-merce-rodoreda\/wp-json\/wp\/v2\/media?parent=14480"}],"curies":[{"name":"wp","href":"https:\/\/api.w.org\/{rel}","templated":true}]}}