{"id":14318,"date":"2023-07-31T11:51:06","date_gmt":"2023-07-31T09:51:06","guid":{"rendered":"https:\/\/agora.xtec.cat\/ies-merce-rodoreda\/?page_id=14318"},"modified":"2024-12-30T20:29:53","modified_gmt":"2024-12-30T19:29:53","slug":"educacio-secundaria-obligatoria-eso","status":"publish","type":"page","link":"https:\/\/agora.xtec.cat\/ies-merce-rodoreda\/estudis\/educacio-secundaria-obligatoria-eso\/","title":{"rendered":"ESO"},"content":{"rendered":"\n<h3 class=\"wp-block-heading\">Marc Horari<\/h3>\n\n\n\n<figure class=\"wp-block-table\"><table><tbody><tr><td class=\"has-text-align-center\" data-align=\"center\"><strong>Hores<\/strong><\/td><td class=\"has-text-align-center\" data-align=\"center\" colspan=\"2\"><strong>Mat\u00ed<\/strong><\/td><\/tr><tr><td class=\"has-text-align-center\" data-align=\"center\">30<\/td><td class=\"has-text-align-center\" data-align=\"center\">Tots els dies<\/td><td class=\"has-text-align-center\" data-align=\"center\">8h &#8211; 14:30h<\/td><\/tr><\/tbody><\/table><\/figure>\n\n\n\n<h3 class=\"wp-block-heading\">Projecte pedag\u00f2gic de l&#8217;ESO<\/h3>\n\n\n\n<figure class=\"wp-block-table\"><table><tbody><tr><td class=\"has-text-align-center\" data-align=\"center\" colspan=\"6\"><strong>PROJECTE PEDAG\u00d2GIC PROPI<\/strong><\/td><\/tr><tr><td class=\"has-text-align-center\" data-align=\"center\">Mat\u00e8ries<\/td><td class=\"has-text-align-center\" data-align=\"center\">1r<\/td><td class=\"has-text-align-center\" data-align=\"center\">2n<\/td><td class=\"has-text-align-center\" data-align=\"center\">3r<\/td><td class=\"has-text-align-center\" data-align=\"center\">Mat\u00e8ries<\/td><td class=\"has-text-align-center\" data-align=\"center\">4t<\/td><\/tr><tr><td class=\"has-text-align-center\" data-align=\"center\">Catal\u00e0<\/td><td class=\"has-text-align-center\" data-align=\"center\"><strong>3<\/strong><\/td><td class=\"has-text-align-center\" data-align=\"center\"><strong>3<\/strong><\/td><td class=\"has-text-align-center\" data-align=\"center\"><strong>3<\/strong><\/td><td class=\"has-text-align-center\" data-align=\"center\">Catal\u00e0<\/td><td class=\"has-text-align-center\" data-align=\"center\"><strong>3,5<\/strong><\/td><\/tr><tr><td class=\"has-text-align-center\" data-align=\"center\">Castell\u00e0<\/td><td class=\"has-text-align-center\" data-align=\"center\"><strong>3<\/strong><\/td><td class=\"has-text-align-center\" data-align=\"center\"><strong>3<\/strong><\/td><td class=\"has-text-align-center\" data-align=\"center\"><strong>3<\/strong><\/td><td class=\"has-text-align-center\" data-align=\"center\">Castell\u00e0<\/td><td class=\"has-text-align-center\" data-align=\"center\"><strong>3,5<\/strong><\/td><\/tr><tr><td class=\"has-text-align-center\" data-align=\"center\">Angl\u00e8s<\/td><td class=\"has-text-align-center\" data-align=\"center\"><strong>4<\/strong><\/td><td class=\"has-text-align-center\" data-align=\"center\"><strong>3<\/strong><\/td><td class=\"has-text-align-center\" data-align=\"center\"><strong>3<\/strong><\/td><td class=\"has-text-align-center\" data-align=\"center\">Angl\u00e8s<\/td><td class=\"has-text-align-center\" data-align=\"center\"><strong>3<\/strong><\/td><\/tr><tr><td class=\"has-text-align-center\" data-align=\"center\">Matem\u00e0tiques<\/td><td class=\"has-text-align-center\" data-align=\"center\"><strong>3<\/strong><\/td><td class=\"has-text-align-center\" data-align=\"center\"><strong>4<\/strong><\/td><td class=\"has-text-align-center\" data-align=\"center\"><strong>4<\/strong><\/td><td class=\"has-text-align-center\" data-align=\"center\">Matem\u00e0tiques<\/td><td class=\"has-text-align-center\" data-align=\"center\"><strong>4<\/strong><\/td><\/tr><tr><td class=\"has-text-align-center\" data-align=\"center\">CN<\/td><td class=\"has-text-align-center\" data-align=\"center\"><strong>3<\/strong><\/td><td class=\"has-text-align-center\" data-align=\"center\"><strong>&nbsp;<\/strong><\/td><td class=\"has-text-align-center\" data-align=\"center\"><strong>2<\/strong><\/td><td class=\"has-text-align-center\" data-align=\"center\" rowspan=\"2\">&nbsp;<\/td><td class=\"has-text-align-center\" data-align=\"center\" rowspan=\"2\"><strong>&nbsp;<\/strong><\/td><\/tr><tr><td class=\"has-text-align-center\" data-align=\"center\">FQ<\/td><td class=\"has-text-align-center\" data-align=\"center\"><strong>&nbsp;<\/strong><\/td><td class=\"has-text-align-center\" data-align=\"center\"><strong>3<\/strong><\/td><td class=\"has-text-align-center\" data-align=\"center\"><strong>2<\/strong><\/td><\/tr><tr><td class=\"has-text-align-center\" data-align=\"center\">Socials<\/td><td class=\"has-text-align-center\" data-align=\"center\"><strong>3<\/strong><\/td><td class=\"has-text-align-center\" data-align=\"center\"><strong>3<\/strong><\/td><td class=\"has-text-align-center\" data-align=\"center\"><strong>3<\/strong><\/td><td class=\"has-text-align-center\" data-align=\"center\">Socials<\/td><td class=\"has-text-align-center\" data-align=\"center\"><strong>3<\/strong><\/td><\/tr><tr><td class=\"has-text-align-center\" data-align=\"center\">Ed. f\u00edsica<\/td><td class=\"has-text-align-center\" data-align=\"center\"><strong>2<\/strong><\/td><td class=\"has-text-align-center\" data-align=\"center\"><strong>2<\/strong><\/td><td class=\"has-text-align-center\" data-align=\"center\"><strong>2<\/strong><\/td><td class=\"has-text-align-center\" data-align=\"center\">Ed. f\u00edsica<\/td><td class=\"has-text-align-center\" data-align=\"center\"><strong>2<\/strong><\/td><\/tr><tr><td class=\"has-text-align-center\" data-align=\"center\">M\u00fasica<\/td><td class=\"has-text-align-center\" data-align=\"center\"><strong>2<\/strong><\/td><td class=\"has-text-align-center\" data-align=\"center\"><strong>2<\/strong><\/td><td class=\"has-text-align-center\" data-align=\"center\"><strong>&nbsp;<\/strong><\/td><td class=\"has-text-align-center\" data-align=\"center\">Pr. Recerca*<\/td><td class=\"has-text-align-center\" data-align=\"center\"><strong>(1)<\/strong><\/td><\/tr><tr><td class=\"has-text-align-center\" data-align=\"center\">Pl\u00e0stica<\/td><td class=\"has-text-align-center\" data-align=\"center\"><strong>2<\/strong><\/td><td class=\"has-text-align-center\" data-align=\"center\"><strong>&nbsp;<\/strong><\/td><td class=\"has-text-align-center\" data-align=\"center\"><strong>2<\/strong><\/td><td class=\"has-text-align-center\" data-align=\"center\" rowspan=\"2\">&nbsp;<\/td><td class=\"has-text-align-center\" data-align=\"center\" rowspan=\"2\"><strong>&nbsp;<\/strong><\/td><\/tr><tr><td class=\"has-text-align-center\" data-align=\"center\">Tecnologies<\/td><td class=\"has-text-align-center\" data-align=\"center\"><strong>2<\/strong><\/td><td class=\"has-text-align-center\" data-align=\"center\"><strong>2<\/strong><\/td><td class=\"has-text-align-center\" data-align=\"center\"><strong>2<\/strong><\/td><\/tr><tr><td class=\"has-text-align-center\" data-align=\"center\">Gesti\u00f3 aut\u00f2noma<\/td><td class=\"has-text-align-center\" data-align=\"center\"><strong>1<\/strong><\/td><td class=\"has-text-align-center\" data-align=\"center\"><strong>1<\/strong><\/td><td class=\"has-text-align-center\" data-align=\"center\"><strong>1<\/strong><\/td><td class=\"has-text-align-center\" data-align=\"center\">\u00c8tica<\/td><td class=\"has-text-align-center\" data-align=\"center\"><strong>1<\/strong><\/td><\/tr><tr><td class=\"has-text-align-center\" data-align=\"center\">Tutoria<\/td><td class=\"has-text-align-center\" data-align=\"center\"><strong>1<\/strong><\/td><td class=\"has-text-align-center\" data-align=\"center\"><strong>1<\/strong><\/td><td class=\"has-text-align-center\" data-align=\"center\"><strong>1<\/strong><\/td><td class=\"has-text-align-center\" data-align=\"center\">Tutoria<\/td><td class=\"has-text-align-center\" data-align=\"center\"><strong>1<\/strong><\/td><\/tr><tr><td class=\"has-text-align-center\" data-align=\"center\">Servei Comunitari<\/td><td class=\"has-text-align-center\" data-align=\"center\"><strong>&nbsp;<\/strong><\/td><td class=\"has-text-align-center\" data-align=\"center\"><strong>&nbsp;<\/strong><\/td><td class=\"has-text-align-center\" data-align=\"center\"><strong>&nbsp;<\/strong><\/td><td class=\"has-text-align-center\" data-align=\"center\" colspan=\"2\"><strong>(1)<\/strong><\/td><\/tr><tr><td class=\"has-text-align-center\" data-align=\"center\">Mat\u00e8ries Optatives<\/td><td class=\"has-text-align-center\" data-align=\"center\"><strong>1<\/strong><\/td><td class=\"has-text-align-center\" data-align=\"center\"><strong>3<\/strong><\/td><td class=\"has-text-align-center\" data-align=\"center\"><strong>2<\/strong><\/td><td class=\"has-text-align-center\" data-align=\"center\">Mat\u00e8ries Optatives<\/td><td class=\"has-text-align-center\" data-align=\"center\"><strong>9<\/strong><\/td><\/tr><tr><td class=\"has-text-align-center\" data-align=\"center\">Total<\/td><td class=\"has-text-align-center\" data-align=\"center\"><strong>30<\/strong><\/td><td class=\"has-text-align-center\" data-align=\"center\"><strong>30<\/strong><\/td><td class=\"has-text-align-center\" data-align=\"center\"><strong>30<\/strong><\/td><td class=\"has-text-align-center\" data-align=\"center\">&nbsp;<\/td><td class=\"has-text-align-center\" data-align=\"center\"><strong>30<\/strong><\/td><\/tr><\/tbody><\/table><\/figure>\n\n\n\n<p>El curr\u00edculum d\u2019ESO est\u00e0 organitzat en mat\u00e8ries comunes, que s\u00f3n cursades per tots els alumnes; mat\u00e8ries optatives, cursades segons els interessos i les aptituds dels alumnes, i tutoria. Les mat\u00e8ries optatives s\u00f3n assignatures que complementen, amplien i reforcen la formaci\u00f3 dels estudiants. En el quadre sin\u00f2ptic est\u00e0 reflectida la distribuci\u00f3 del nostre projecte pedag\u00f2gic.<\/p>\n\n\n\n<p>Les mat\u00e8ries optatives de l\u2019ESO es reparteixen de la seg\u00fcent manera. A primer d\u2019ESO es cursa una mat\u00e8ria optativa obligat\u00f2ria per a tots els alumnes per assolir les compet\u00e8ncies TAC, a m\u00e9s \u00e9s dedica una hora setmanal de gesti\u00f3 aut\u00f2noma al pla de lectura. A segon d\u2019ESO les mat\u00e8ries son trimestrals i tenen una durada de 3 h setmanals. Es dedica una hora setmanal de gesti\u00f3 aut\u00f2noma al pla d\u2019escriptura. Es preveu que els alumnes de 2n que no cursen franc\u00e8s passin per l\u2019optativa d\u2019oralitat (les dues mat\u00e8ries estan desdoblades). A tercer d\u2019ESO les mat\u00e8ries s\u00f3n quadrimestrals i tenen una durada de 2 h setmanals. A m\u00e9s, els alumnes de 3r cursen la mat\u00e8ria de ciutadania com a hora de gesti\u00f3 aut\u00f2noma. La proposta de mat\u00e8ries optatives per al curs 2023-2024 \u00e9s la seg\u00fcent:<\/p>\n\n\n\n<p><strong>2n d\u2019ESO<\/strong><\/p>\n\n\n\n<ol class=\"wp-block-list\">\n<li>Franc\u00e8s<\/li>\n\n\n\n<li>El universo de las emociones (1r i 2n trimestre) \/ Autoconeixement i Mediaci\u00f3 (3r trimestre)<\/li>\n\n\n\n<li>Expressi\u00f3 oral<\/li>\n\n\n\n<li>Refor\u00e7 d&#8217;angl\u00e8s<\/li>\n\n\n\n<li>Ofim\u00e0tica<\/li>\n\n\n\n<li>Hort i jardineria<\/li>\n<\/ol>\n\n\n\n<p><strong style=\"font-family: inherit; font-size: 1em;\">3r d\u2019ESO<\/strong><\/p>\n\n\n\n<ul class=\"wp-block-list\">\n<li>Franc\u00e8s<\/li>\n\n\n\n<li>Conjunt instrumental (1r quadrimestre) \/ Music (2n quadrimestre)<\/li>\n\n\n\n<li>Emprenedoria<\/li>\n\n\n\n<li>Cultura cl\u00e0ssica<\/li>\n\n\n\n<li>Periodisme digital<\/li>\n\n\n\n<li>T\u00e8cniques d&#8217;estudi<\/li>\n\n\n\n<li>Escriptura creativa<\/li>\n<\/ul>\n\n\n\n<p><strong>&nbsp;<\/strong><strong>4t d\u2019ESO<\/strong><\/p>\n\n\n\n<p>Els alumnes han d\u2019escollir tres mat\u00e8ries optatives de la llista seg\u00fcent: F\u00edsica i Qu\u00edmica, Biologia i Geologia, Tecnologia, Inform\u00e0tica, Llat\u00ed, M\u00fasica, Visual i Pl\u00e0stica, Economia, Franc\u00e8s i Cultura cl\u00e0ssica (Ha de l\u2019art i lit. universal). Aquesta estructura continua el curs 2023-2024.<\/p>\n\n\n\n<h3 class=\"wp-block-heading\">Treball de s\u00edntesi (TS) i projecte de recerca (PR) a l\u2019ESO<\/h3>\n\n\n\n<p>El TS \u00e9s un cr\u00e8dit m\u00e9s del curr\u00edculum dels tres primers cursos de l\u2019ESO on es treballa sobre un tema de manera interdisciplin\u00e0ria per consolidar tot all\u00f2 apr\u00e8s en les diferents mat\u00e8ries i de posar de manifest les connexions entre elles. Es realitza al juny, en finalitzar les classes ordin\u00e0ries. El TS de 3r utilitzar\u00e0 l\u2019angl\u00e8s com a llengua vehicular oral. D\u2019acord amb el nostre projecte pedag\u00f2gic, els alumnes de 4t d\u2019ESO han de realitzar tutoritzats un Projecte de Recerca (PR), els temes del qual els van elaborar els departaments did\u00e0ctics. Aquest PR, que s\u2019aprofita per refor\u00e7ar la Compet\u00e8ncia B\u00e0sica SC 21 (buscar, seleccionar, organitzar i analitzar informaci\u00f3 de diverses fonts), es realitzar\u00e0 i avaluar\u00e0 al mes de juny. Els alumnes hauran de presentar-ne els resultats en una exposici\u00f3 oral amb el suport de les TIC.<\/p>\n","protected":false},"excerpt":{"rendered":"<p>Marc Horari Hores Mat\u00ed 30 Tots els dies 8h &#8211; 14:30h Projecte pedag\u00f2gic de l&#8217;ESO PROJECTE PEDAG\u00d2GIC PROPI Mat\u00e8ries 1r [&hellip;]<\/p>\n","protected":false},"author":78,"featured_media":0,"parent":195,"menu_order":1,"comment_status":"closed","ping_status":"closed","template":"","meta":{"site-sidebar-layout":"default","site-content-layout":"","ast-site-content-layout":"default","site-content-style":"default","site-sidebar-style":"default","ast-global-header-display":"","ast-banner-title-visibility":"","ast-main-header-display":"","ast-hfb-above-header-display":"","ast-hfb-below-header-display":"","ast-hfb-mobile-header-display":"","site-post-title":"","ast-breadcrumbs-content":"","ast-featured-img":"","footer-sml-layout":"","theme-transparent-header-meta":"","adv-header-id-meta":"","stick-header-meta":"","header-above-stick-meta":"","header-main-stick-meta":"","header-below-stick-meta":"","astra-migrate-meta-layouts":"set","ast-page-background-enabled":"default","ast-page-background-meta":{"desktop":{"background-color":"var(--ast-global-color-4)","background-image":"","background-repeat":"repeat","background-position":"center center","background-size":"auto","background-attachment":"scroll","background-type":"","background-media":"","overlay-type":"","overlay-color":"","overlay-opacity":"","overlay-gradient":""},"tablet":{"background-color":"","background-image":"","background-repeat":"repeat","background-position":"center center","background-size":"auto","background-attachment":"scroll","background-type":"","background-media":"","overlay-type":"","overlay-color":"","overlay-opacity":"","overlay-gradient":""},"mobile":{"background-color":"","background-image":"","background-repeat":"repeat","background-position":"center center","background-size":"auto","background-attachment":"scroll","background-type":"","background-media":"","overlay-type":"","overlay-color":"","overlay-opacity":"","overlay-gradient":""}},"ast-content-background-meta":{"desktop":{"background-color":"var(--ast-global-color-5)","background-image":"","background-repeat":"repeat","background-position":"center center","background-size":"auto","background-attachment":"scroll","background-type":"","background-media":"","overlay-type":"","overlay-color":"","overlay-opacity":"","overlay-gradient":""},"tablet":{"background-color":"var(--ast-global-color-5)","background-image":"","background-repeat":"repeat","background-position":"center center","background-size":"auto","background-attachment":"scroll","background-type":"","background-media":"","overlay-type":"","overlay-color":"","overlay-opacity":"","overlay-gradient":""},"mobile":{"background-color":"var(--ast-global-color-5)","background-image":"","background-repeat":"repeat","background-position":"center center","background-size":"auto","background-attachment":"scroll","background-type":"","background-media":"","overlay-type":"","overlay-color":"","overlay-opacity":"","overlay-gradient":""}},"footnotes":""},"class_list":["post-14318","page","type-page","status-publish","hentry"],"post_mailing_queue_ids":[],"_links":{"self":[{"href":"https:\/\/agora.xtec.cat\/ies-merce-rodoreda\/wp-json\/wp\/v2\/pages\/14318","targetHints":{"allow":["GET"]}}],"collection":[{"href":"https:\/\/agora.xtec.cat\/ies-merce-rodoreda\/wp-json\/wp\/v2\/pages"}],"about":[{"href":"https:\/\/agora.xtec.cat\/ies-merce-rodoreda\/wp-json\/wp\/v2\/types\/page"}],"author":[{"embeddable":true,"href":"https:\/\/agora.xtec.cat\/ies-merce-rodoreda\/wp-json\/wp\/v2\/users\/78"}],"replies":[{"embeddable":true,"href":"https:\/\/agora.xtec.cat\/ies-merce-rodoreda\/wp-json\/wp\/v2\/comments?post=14318"}],"version-history":[{"count":6,"href":"https:\/\/agora.xtec.cat\/ies-merce-rodoreda\/wp-json\/wp\/v2\/pages\/14318\/revisions"}],"predecessor-version":[{"id":16344,"href":"https:\/\/agora.xtec.cat\/ies-merce-rodoreda\/wp-json\/wp\/v2\/pages\/14318\/revisions\/16344"}],"up":[{"embeddable":true,"href":"https:\/\/agora.xtec.cat\/ies-merce-rodoreda\/wp-json\/wp\/v2\/pages\/195"}],"wp:attachment":[{"href":"https:\/\/agora.xtec.cat\/ies-merce-rodoreda\/wp-json\/wp\/v2\/media?parent=14318"}],"curies":[{"name":"wp","href":"https:\/\/api.w.org\/{rel}","templated":true}]}}