{"id":14253,"date":"2023-07-27T18:15:56","date_gmt":"2023-07-27T16:15:56","guid":{"rendered":"https:\/\/agora.xtec.cat\/ies-merce-rodoreda\/?page_id=14253"},"modified":"2023-07-28T09:51:43","modified_gmt":"2023-07-28T07:51:43","slug":"certificats-de-catala","status":"publish","type":"page","link":"https:\/\/agora.xtec.cat\/ies-merce-rodoreda\/secretaria\/certificats-de-catala\/","title":{"rendered":"Certificats de catal\u00e0"},"content":{"rendered":"<p>Es pot sol\u00b7licitar el\u00a0<strong>nivell C1 o el nivell B2 de llengua catalana<\/strong> si s&#8217;acompleixen uns determinats requisits.<\/p>\n<div style=\"position: relative; width: 100%; height: 0; padding-top: 75.0000%; padding-bottom: 0; box-shadow: 0 2px 8px 0 rgba(63,69,81,0.16); margin-top: 1.6em; margin-bottom: 0.9em; overflow: hidden; border-radius: 8px; will-change: transform;\"><iframe style=\"position: absolute; width: 100%; height: 100%; top: 0; left: 0; border: none; padding: 0; margin: 0;\" src=\"https:\/\/www.canva.com\/design\/DAFp51Qu4Pw\/view?embed\" allowfullscreen=\"allowfullscreen\"><br \/>\n<\/iframe><\/div>\n<p><strong>Documentaci\u00f3:<\/strong><\/p>\n<ol>\n<li style=\"text-align: justify;\">Original i fotoc\u00f2pia del llibre d&#8217;escolaritat, historial acad\u00e8mic o certificat del centre o centres on s&#8217;ha fet l&#8217;itinerari escolar corresponent a l&#8217;etapa (EGB, BUP, FP, prim\u00e0ria, ESO o batxillerat on ha d&#8217;incloure que s&#8217;ha cursat la mat\u00e8ria de catal\u00e0 en tots els cursos).<\/li>\n<li style=\"text-align: justify;\">Presentar original i fotoc\u00f2pia nom\u00e9s d&#8217;un t\u00edtol o el seu resguard (el de nivell d&#8217;estudis m\u00e9s alt).<\/li>\n<li style=\"text-align: justify;\">Original i fotoc\u00f2pia del DNI, NIE o passaport.<\/li>\n<\/ol>\n<h4><\/h4>\n<h4 style=\"text-align: justify;\">A qui va dirigit?<\/h4>\n<p style=\"text-align: justify;\">A les persones nascudes a partir de l&#8217;any 1972 que volen obtenir aquest reconeixement i l&#8217;itinerari educatiu de les quals\u00a0s&#8217;hagi portat a terme \u00edntegrament a Catalunya o, parcialment, a d&#8217;altres territoris on el catal\u00e0 hi fos llengua curricular i avaluable, de manera\u00a0<strong>que\u00a0s&#8217;hagi acabat obtenint la titulaci\u00f3 al sistema educatiu de Catalunya<\/strong>.<\/p>\n<p style=\"text-align: justify;\">Aix\u00ed doncs, la primera promoci\u00f3 escolar que t\u00e9 dret a demanar aquest reconeixement \u00e9s la que va comen\u00e7ar el primer any de l&#8217;educaci\u00f3 general b\u00e0sica (EGB) el curs 1978-1979, a partir del qual l&#8217;ensenyament del catal\u00e0 va ser oficial al sistema educatiu de Catalunya, tal com s&#8217;estableix al\u00a0<a title=\"Reial Decret 2092\/1978, de 23 de juny\" href=\"https:\/\/www.boe.es\/buscar\/doc.php?id=BOE-A-1978-22729\" target=\"_blank\" rel=\"noopener\">Reial decret 2092\/1978, de 23 de juny<\/a>.<\/p>\n<h4 style=\"text-align: justify;\"><\/h4>\n<h4 class=\"list_needToKnow-group-item-title\" style=\"text-align: justify;\"><span class=\"list_needToKnow-group-item-span\" role=\"heading\" aria-level=\"3\">Documentaci\u00f3<\/span><\/h4>\n<div class=\"wrapper_list_needToKnow-group-article\">\n<div class=\"link-dotted\">\n<div class=\"list_needToKnow-group-item-paragraph\">\n<ol style=\"text-align: justify;\">\n<li>Llibre d&#8217;escolaritat o certificat del centre o centres on s&#8217;ha fet l&#8217;itinerari escolar corresponent a l&#8217;etapa educativa (EGB, BUP, FP, prim\u00e0ria, ESO o batxillerat).<\/li>\n<li>T\u00edtol, resguard del t\u00edtol o certificat que acrediti que la titulaci\u00f3 superior s&#8217;ha obtingut sense cap mat\u00e8ria suspesa o, en el cas de l&#8217;ESO, que s&#8217;ha superat la mat\u00e8ria de llengua catalana en acabar el cicle superior.<\/li>\n<\/ol>\n<p style=\"text-align: justify;\">En cas que no es disposi dels llibres d&#8217;escolaritat i que el centre o centres que els van emetre hagin tancat o ja no existeixin, caldr\u00e0 demanar a\u00a0<strong>la Inspecci\u00f3 d&#8217;Educaci\u00f3 del servei territorial que correspongui\u00a0<\/strong>el nom del centre dipositari de la documentaci\u00f3 i que custodi\u00ef les actes i expedients del centre o centres tancats o desapareguts.<\/p>\n<h4 style=\"text-align: justify;\"><\/h4>\n<h4 class=\"list_needToKnow-group-item-title\" style=\"text-align: justify;\"><span class=\"list_needToKnow-group-item-span\" role=\"heading\" aria-level=\"3\">Requisits<\/span><\/h4>\n<div class=\"wrapper_list_needToKnow-group-article\">\n<div class=\"link-dotted\">\n<div class=\"list_needToKnow-group-item-paragraph\">\n<p style=\"text-align: justify;\">Persones nascudes a partir de l&#8217;any 1972 que acompleixin els dos requisits seg\u00fcents:<\/p>\n<ul style=\"text-align: justify;\">\n<li>Haver fet l&#8217;itinerari escolar \u00edntegrament a Catalunya o, parcialment, en d&#8217;altres territoris on el catal\u00e0 fos llengua curricular avaluable, de manera\u00a0<strong>que\u00a0s&#8217;hagi acabat obtenint la titulaci\u00f3 al sistema educatiu de Catalunya<\/strong>.<\/li>\n<li>Haver obtingut una de les seg\u00fcents titulacions: graduat escolar, t\u00e8cnic auxiliar, t\u00e8cnic especialista o BUP, de l&#8217;anterior sistema educatiu; graduat d&#8217;educaci\u00f3 secund\u00e0ria obligat\u00f2ria o batxillerat, de l&#8217;actual sistema educatiu.<\/li>\n<\/ul>\n<p style=\"text-align: justify;\">\u00c9s important indicar que les proves d&#8217;acc\u00e9s per als majors de 25 anys, selectivitat i acc\u00e9s als cicles formatius, aix\u00ed com els cicles formatius de grau mitj\u00e0 o de grau superior, no apareixen a la normativa i, que per tant, no es poden tenir en compte.<\/p>\n<h4 style=\"text-align: justify;\"><\/h4>\n<h4 class=\"list_needToKnow-group-item-title\" style=\"text-align: justify;\"><span class=\"list_needToKnow-group-item-span\" role=\"heading\" aria-level=\"3\">Altres informacions<\/span><\/h4>\n<div class=\"wrapper_list_needToKnow-group-article\">\n<div class=\"list_needToKnow-group-item-paragraph\">\n<div class=\"link-dotted\">\n<p style=\"text-align: justify;\">Tamb\u00e9 s&#8217;atendran les peticions de les persones l&#8217;itinerari educatiu de les quals hagi coincidit amb canvis de sistema educatiu, sempre que acreditin documentalment que aquest itinerari, i l&#8217;obtenci\u00f3 del t\u00edtol corresponent, s&#8217;ha fet \u00edntegrament al sistema educatiu de Catalunya o, parcialment, a d&#8217;altres territoris on el catal\u00e0 fos llengua curricular i avaluable, de manera\u00a0<strong>que\u00a0s&#8217;hagi acabat obtenint la titulaci\u00f3 al sistema educatiu de Catalunya<\/strong>. Per exemple,\u00a0persones que hagin comen\u00e7at a fer l&#8217;educaci\u00f3 general b\u00e0sica (EGB) i en algun moment hagin passat a l&#8217;educaci\u00f3 prim\u00e0ria o l&#8217;ducaci\u00f3 secund\u00e0ria obligat\u00f2ria (ESO), o persones que del batxillerat unificat polivalent (BUP) o la formaci\u00f3 professional hagin passat a l&#8217;actual batxillerat.<\/p>\n<\/div>\n<\/div>\n<\/div>\n<\/div>\n<\/div>\n<\/div>\n<\/div>\n<\/div>\n<\/div>\n","protected":false},"excerpt":{"rendered":"<p>Es pot sol\u00b7licitar el\u00a0nivell C1 o el nivell B2 de llengua catalana si s&#8217;acompleixen uns determinats requisits. Documentaci\u00f3: Original i [&hellip;]<\/p>\n","protected":false},"author":78,"featured_media":0,"parent":81,"menu_order":0,"comment_status":"closed","ping_status":"closed","template":"page-templates\/side-menu.php","meta":{"site-sidebar-layout":"default","site-content-layout":"","ast-site-content-layout":"","site-content-style":"default","site-sidebar-style":"default","ast-global-header-display":"","ast-banner-title-visibility":"","ast-main-header-display":"","ast-hfb-above-header-display":"","ast-hfb-below-header-display":"","ast-hfb-mobile-header-display":"","site-post-title":"","ast-breadcrumbs-content":"","ast-featured-img":"","footer-sml-layout":"","theme-transparent-header-meta":"","adv-header-id-meta":"","stick-header-meta":"","header-above-stick-meta":"","header-main-stick-meta":"","header-below-stick-meta":"","astra-migrate-meta-layouts":"default","ast-page-background-enabled":"default","ast-page-background-meta":{"desktop":{"background-color":"var(--ast-global-color-4)","background-image":"","background-repeat":"repeat","background-position":"center center","background-size":"auto","background-attachment":"scroll","background-type":"","background-media":"","overlay-type":"","overlay-color":"","overlay-opacity":"","overlay-gradient":""},"tablet":{"background-color":"","background-image":"","background-repeat":"repeat","background-position":"center center","background-size":"auto","background-attachment":"scroll","background-type":"","background-media":"","overlay-type":"","overlay-color":"","overlay-opacity":"","overlay-gradient":""},"mobile":{"background-color":"","background-image":"","background-repeat":"repeat","background-position":"center center","background-size":"auto","background-attachment":"scroll","background-type":"","background-media":"","overlay-type":"","overlay-color":"","overlay-opacity":"","overlay-gradient":""}},"ast-content-background-meta":{"desktop":{"background-color":"var(--ast-global-color-5)","background-image":"","background-repeat":"repeat","background-position":"center center","background-size":"auto","background-attachment":"scroll","background-type":"","background-media":"","overlay-type":"","overlay-color":"","overlay-opacity":"","overlay-gradient":""},"tablet":{"background-color":"var(--ast-global-color-5)","background-image":"","background-repeat":"repeat","background-position":"center center","background-size":"auto","background-attachment":"scroll","background-type":"","background-media":"","overlay-type":"","overlay-color":"","overlay-opacity":"","overlay-gradient":""},"mobile":{"background-color":"var(--ast-global-color-5)","background-image":"","background-repeat":"repeat","background-position":"center center","background-size":"auto","background-attachment":"scroll","background-type":"","background-media":"","overlay-type":"","overlay-color":"","overlay-opacity":"","overlay-gradient":""}},"footnotes":""},"class_list":["post-14253","page","type-page","status-publish","hentry"],"post_mailing_queue_ids":[],"_links":{"self":[{"href":"https:\/\/agora.xtec.cat\/ies-merce-rodoreda\/wp-json\/wp\/v2\/pages\/14253","targetHints":{"allow":["GET"]}}],"collection":[{"href":"https:\/\/agora.xtec.cat\/ies-merce-rodoreda\/wp-json\/wp\/v2\/pages"}],"about":[{"href":"https:\/\/agora.xtec.cat\/ies-merce-rodoreda\/wp-json\/wp\/v2\/types\/page"}],"author":[{"embeddable":true,"href":"https:\/\/agora.xtec.cat\/ies-merce-rodoreda\/wp-json\/wp\/v2\/users\/78"}],"replies":[{"embeddable":true,"href":"https:\/\/agora.xtec.cat\/ies-merce-rodoreda\/wp-json\/wp\/v2\/comments?post=14253"}],"version-history":[{"count":2,"href":"https:\/\/agora.xtec.cat\/ies-merce-rodoreda\/wp-json\/wp\/v2\/pages\/14253\/revisions"}],"predecessor-version":[{"id":14284,"href":"https:\/\/agora.xtec.cat\/ies-merce-rodoreda\/wp-json\/wp\/v2\/pages\/14253\/revisions\/14284"}],"up":[{"embeddable":true,"href":"https:\/\/agora.xtec.cat\/ies-merce-rodoreda\/wp-json\/wp\/v2\/pages\/81"}],"wp:attachment":[{"href":"https:\/\/agora.xtec.cat\/ies-merce-rodoreda\/wp-json\/wp\/v2\/media?parent=14253"}],"curies":[{"name":"wp","href":"https:\/\/api.w.org\/{rel}","templated":true}]}}