{"id":1418,"date":"2016-03-13T20:15:00","date_gmt":"2016-03-13T19:15:00","guid":{"rendered":"http:\/\/agora.xtec.cat\/ies-merce-rodoreda\/?page_id=1418"},"modified":"2023-09-07T19:31:09","modified_gmt":"2023-09-07T17:31:09","slug":"sortides-laborals","status":"publish","type":"page","link":"https:\/\/agora.xtec.cat\/ies-merce-rodoreda\/cicles-formatius-medi-ambient\/sortides-laborals\/","title":{"rendered":"Sortides laborals"},"content":{"rendered":"<h5>CFGS Educaci\u00f3 i Control Ambiental<\/h5>\n<p class=\"cos1\">a) \u00c0mbit professional i de treball<\/p>\n<p class=\"cos1\">Aquest professional exercir\u00e0 l&#8217;activitat en qualsevol organitzaci\u00f3 de car\u00e0cter p\u00fablic o privat que tingui com a objecte el control del medi ambient i els seus recursos, el desenvolupament de programes d&#8217;educaci\u00f3 ambiental (informaci\u00f3, comunicaci\u00f3, formaci\u00f3, interpretaci\u00f3 i participaci\u00f3 ambiental), la realitzaci\u00f3 d&#8217;activitats de guia-int\u00e8rpret i acompanyament per l&#8217;entorn o la gesti\u00f3 ambiental.<\/p>\n<p class=\"cos1\">b) Ocupacions i llocs de treball<\/p>\n<ul>\n<li>Educador\/Educadora ambiental.<\/li>\n<li>Informador\/Informadora ambiental.<\/li>\n<li>Monitor\/Monitora d&#8217;educaci\u00f3 ambiental.<\/li>\n<li>Documentalista ambiental.<\/li>\n<li>Guia ambiental.<\/li>\n<li>Programador\/Programadora d&#8217;activitats ambientals.<\/li>\n<li>Monitor\/Monitora de campanyes ambientals.<\/li>\n<li>Guia-int\u00e8rpret del patrimoni natural.<\/li>\n<li>Professional del servei de gesti\u00f3 ambiental.<\/li>\n<li>Professional del servei de medi ambient.<\/li>\n<li>T\u00e8cnic\/T\u00e8cnica en control d&#8217;espais naturals.<\/li>\n<li>Monitor\/Monitora de la natura.<\/li>\n<li>Agent mediambiental o similar.<\/li>\n<li>Monitor\/Monitora d&#8217;equipaments ambientals.<\/li>\n<\/ul>\n<p>c) Certificats de professionalitat<\/p>\n<p>Amb el t\u00edtol de t\u00e8cnic\/a superior en Educaci\u00f3 i Control Ambiental s\u2019obt\u00e9 la qualificaci\u00f3 professional completa de Sensibilitzaci\u00f3 i educaci\u00f3 ambiental (SM_2-252_3), inclosa en el cat\u00e0leg de qualificacions professionals de Catalunya (CQPC) i en el Cat\u00e0leg nacional de qualificacions professionals (CNQP).<\/p>\n<h5>CFGS Qu\u00edmica i Salut Ambiental<\/h5>\n<p class=\"cos1\">a) \u00c0mbit professional i de treball<\/p>\n<p class=\"cos1\">Les persones que obtenen aquest t\u00edtol exerceixen la seva activitat principalment al \u00e0mbit sanitari dins l&#8217;\u00e0rea de la salut p\u00fablica o privada, en aquells sectors<br \/>\nproductius potencialment contaminadors i en l&#8217;administraci\u00f3 nacional, auton\u00f2mica i local en serveis relacionats amb la salut i\/o el medi ambient. Poden formar part de<br \/>\nequips d&#8217;inspecci\u00f3 sanit\u00e0ria, de laboratoris d&#8217;an\u00e0lisi, centres de recerca, centres universitaris, explotacions agr\u00e0ries, empreses de serveis de control mediambiental. Quan treballen per compte ali\u00e8, depenen jer\u00e0rquicament i funcionalment d&#8217;un responsable superior i col\u00b7laboren, si escau, amb els responsables d&#8217;altres departaments. Quan treballen en l&#8217;\u00e0mbit de la salut, la vostra activitat professional est\u00e0 sotmesa a regulaci\u00f3 per l&#8217;Administraci\u00f3 competent.<\/p>\n<p>b) Ocupacions i llocs de treball<\/p>\n<ul>\n<li>T\u00e8cnic\/T\u00e8cnica en gesti\u00f3 ambiental.<\/li>\n<li>Coordinador\/Coordinadora de sistemes de gesti\u00f3 ambiental.<\/li>\n<li>Programador\/Programadora d&#8217;activitats ambientals.<\/li>\n<li>Documentalista ambiental.<\/li>\n<li>T\u00e8cnic\/T\u00e8cnica de control sanitari (aliments, aig\u00fces, atmosfera, residus\u2026).<\/li>\n<li>T\u00e8cnic\/T\u00e8cnica de control de contaminaci\u00f3 atmosf\u00e8rica.<\/li>\n<li>T\u00e8cnic\/T\u00e8cnica de control de contaminaci\u00f3 ac\u00fastica.<\/li>\n<li>T\u00e8cnic\/T\u00e8cnica de control dorganismes nocius.<\/li>\n<li>T\u00e8cnic\/T\u00e8cnica en control de plagues al medi urb\u00e0 i entorn natural associat.<\/li>\n<li>Comercial d&#8217;informaci\u00f3 de productes biocides i fitosanitaris.<\/li>\n<\/ul>\n<p>c) Responsabilitat dels serveis de biocides i fitosanit\u00e0ries<\/p>\n<p>D\u2019acord amb el Reial decret 830\/2010, de 25 de juny, pel qual s\u2019estableix la normativa reguladora de la capacitaci\u00f3 per realitzar tractaments amb biocides, amb el t\u00edtol de t\u00e8cnic\/a superior en Qu\u00edmica i Salut Ambiental es disposen dels requeriments de capacitaci\u00f3 necessaris per a exercir l\u2019aplicaci\u00f3 de biocides, i la responsabilitat t\u00e8cnica dels serveis biocides.<\/p>\n<p>D\u2019acord amb l&#8217;article 18.2 del Reial decret 1311\/2012, de 14 de setembre, pel qual s&#8217;estableix el marc d&#8217;actuaci\u00f3 per aconseguir un \u00fas sostenible dels productes fitosanitaris, el t\u00edtol de t\u00e8cnic\/a superior en Qu\u00edmica i Salut Ambiental garanteix el nivell de coneixement exigit en el carnet d&#8217;usuari professional i venedor de productes fitosanitaris, nivell de capacitaci\u00f3 Qualificat.<br \/>\nNo \u00e9s necessari tramitar cap certificat ni carnet professional, amb el t\u00edtol \u00e9s suficient.<\/p>\n<p>d) Certificats de professionalitat<\/p>\n<p>Amb el t\u00edtol de t\u00e8cnic\/a superior en Qu\u00edmica i Salut Ambiental s\u2019obtenen les qualificacions professionals completes de Salut Ambiental i Seguretat Aliment\u00e0ria (SA_2-490_3) i Gesti\u00f3 ambiental (SM_2-597_3), incloses en el cat\u00e0leg de qualificacions professionals de Catalunya (CQPC) i en el Cat\u00e0leg nacional de qualificacions professionals (CNQP).<\/p>\n","protected":false},"excerpt":{"rendered":"<p>CFGS Educaci\u00f3 i Control Ambiental a) \u00c0mbit professional i de treball Aquest professional exercir\u00e0 l&#8217;activitat en qualsevol organitzaci\u00f3 de car\u00e0cter [&hellip;]<\/p>\n","protected":false},"author":1,"featured_media":0,"parent":1377,"menu_order":0,"comment_status":"closed","ping_status":"closed","template":"","meta":{"site-sidebar-layout":"default","site-content-layout":"","ast-site-content-layout":"","site-content-style":"default","site-sidebar-style":"default","ast-global-header-display":"","ast-banner-title-visibility":"","ast-main-header-display":"","ast-hfb-above-header-display":"","ast-hfb-below-header-display":"","ast-hfb-mobile-header-display":"","site-post-title":"","ast-breadcrumbs-content":"","ast-featured-img":"","footer-sml-layout":"","theme-transparent-header-meta":"","adv-header-id-meta":"","stick-header-meta":"","header-above-stick-meta":"","header-main-stick-meta":"","header-below-stick-meta":"","astra-migrate-meta-layouts":"default","ast-page-background-enabled":"default","ast-page-background-meta":{"desktop":{"background-color":"var(--ast-global-color-4)","background-image":"","background-repeat":"repeat","background-position":"center center","background-size":"auto","background-attachment":"scroll","background-type":"","background-media":"","overlay-type":"","overlay-color":"","overlay-opacity":"","overlay-gradient":""},"tablet":{"background-color":"","background-image":"","background-repeat":"repeat","background-position":"center center","background-size":"auto","background-attachment":"scroll","background-type":"","background-media":"","overlay-type":"","overlay-color":"","overlay-opacity":"","overlay-gradient":""},"mobile":{"background-color":"","background-image":"","background-repeat":"repeat","background-position":"center center","background-size":"auto","background-attachment":"scroll","background-type":"","background-media":"","overlay-type":"","overlay-color":"","overlay-opacity":"","overlay-gradient":""}},"ast-content-background-meta":{"desktop":{"background-color":"var(--ast-global-color-5)","background-image":"","background-repeat":"repeat","background-position":"center center","background-size":"auto","background-attachment":"scroll","background-type":"","background-media":"","overlay-type":"","overlay-color":"","overlay-opacity":"","overlay-gradient":""},"tablet":{"background-color":"var(--ast-global-color-5)","background-image":"","background-repeat":"repeat","background-position":"center center","background-size":"auto","background-attachment":"scroll","background-type":"","background-media":"","overlay-type":"","overlay-color":"","overlay-opacity":"","overlay-gradient":""},"mobile":{"background-color":"var(--ast-global-color-5)","background-image":"","background-repeat":"repeat","background-position":"center center","background-size":"auto","background-attachment":"scroll","background-type":"","background-media":"","overlay-type":"","overlay-color":"","overlay-opacity":"","overlay-gradient":""}},"footnotes":""},"class_list":["post-1418","page","type-page","status-publish","hentry"],"post_mailing_queue_ids":[],"_links":{"self":[{"href":"https:\/\/agora.xtec.cat\/ies-merce-rodoreda\/wp-json\/wp\/v2\/pages\/1418","targetHints":{"allow":["GET"]}}],"collection":[{"href":"https:\/\/agora.xtec.cat\/ies-merce-rodoreda\/wp-json\/wp\/v2\/pages"}],"about":[{"href":"https:\/\/agora.xtec.cat\/ies-merce-rodoreda\/wp-json\/wp\/v2\/types\/page"}],"author":[{"embeddable":true,"href":"https:\/\/agora.xtec.cat\/ies-merce-rodoreda\/wp-json\/wp\/v2\/users\/1"}],"replies":[{"embeddable":true,"href":"https:\/\/agora.xtec.cat\/ies-merce-rodoreda\/wp-json\/wp\/v2\/comments?post=1418"}],"version-history":[{"count":4,"href":"https:\/\/agora.xtec.cat\/ies-merce-rodoreda\/wp-json\/wp\/v2\/pages\/1418\/revisions"}],"predecessor-version":[{"id":14442,"href":"https:\/\/agora.xtec.cat\/ies-merce-rodoreda\/wp-json\/wp\/v2\/pages\/1418\/revisions\/14442"}],"up":[{"embeddable":true,"href":"https:\/\/agora.xtec.cat\/ies-merce-rodoreda\/wp-json\/wp\/v2\/pages\/1377"}],"wp:attachment":[{"href":"https:\/\/agora.xtec.cat\/ies-merce-rodoreda\/wp-json\/wp\/v2\/media?parent=1418"}],"curies":[{"name":"wp","href":"https:\/\/api.w.org\/{rel}","templated":true}]}}