{"id":1393,"date":"2016-03-13T14:24:44","date_gmt":"2016-03-13T13:24:44","guid":{"rendered":"http:\/\/agora.xtec.cat\/ies-merce-rodoreda\/?page_id=1393"},"modified":"2018-05-10T18:16:59","modified_gmt":"2018-05-10T16:16:59","slug":"acces-a-la-universitat","status":"publish","type":"page","link":"https:\/\/agora.xtec.cat\/ies-merce-rodoreda\/cicles-formatius-medi-ambient\/acces-a-la-universitat\/","title":{"rendered":"Acc\u00e9s a la Universitat"},"content":{"rendered":"<h4>A) Acc\u00e9s directe a la Universitat<\/h4>\n<p><strong>Els estudis de formaci\u00f3 professional capaciten per accedir a estudis universitaris de grau<\/strong>. La nova normativa, aprovada pel govern espanyol, no ha canviat el requisit d\u2019acc\u00e9s d\u2019aquests estudiants. Aix\u00f2 vol dir que com a titulats t\u00e8cnics superiors tenen <strong>acc\u00e9s a la universitat sense haver de fer cap prova obligat\u00f2ria<\/strong>, com fins ara, i la seva nota d\u2019acc\u00e9s \u00e9s la qualificaci\u00f3 mitjana dels estudis cursats per obtenir el t\u00edtol de t\u00e8cnic superior. Aquesta qualificaci\u00f3 t\u00e9 validesa indefinida i ha d\u2019estar compresa entre cinc i deu punts.<\/p>\n<p>La novetat, des del curs 2010-11, en el nou procediment d\u2019admissi\u00f3 a la universitat \u00e9s que aquests estudiants poden incrementar la seva nota, si, <strong>de manera volunt\u00e0ria<\/strong>, fan examens de l\u2019anomenada fase espec\u00edfica de les PAU.<\/p>\n<p>La informaci\u00f3 sobre el contingut de les mat\u00e8ries, estructura dels ex\u00e0mens, criteris d&#8217;avaluaci\u00f3 i models d&#8217;ex\u00e0mens de convocat\u00f2ries anteriors, aix\u00ed com el calendari i horari dels ex\u00e0mens, es poden consultar a la <strong><a href=\"http:\/\/universitatsirecerca.gencat.cat\/ca\/01_secretaria_duniversitats_i_recerca\/preguntes_frequents\/pau_i_altres_proves_dacces\/pau_per_als_estudiants_de_cicles_formatius_de_grau_superior\/\" target=\"_blank\" rel=\"noopener noreferrer\">p\u00e0gina web de les PAU espec\u00edfica per a estudiantes de cicles formatius.\u00a0<\/a><\/strong><\/p>\n<p>Per accedir a la universitat s\u2019ha de formalitzar la preinscripci\u00f3 universit\u00e0ria. Tota la informaci\u00f3 sobre la preinscripci\u00f3 es pot consultar a la <strong><a href=\"http:\/\/universitats.gencat.cat\/ca\/preinscripcio\/\" target=\"_blank\" rel=\"noopener noreferrer\">p\u00e0gina web de la preinscripci\u00f3 universit\u00e0ria<\/a><\/strong>.<\/p>\n<h4>B) Convalidacions si despr\u00e9s del cicle estudies a la Universitat<\/h4>\n<p>Podeu consultar les convalidacions a que d\u00f3na acc\u00e9s el t\u00edtol de qu\u00edmica ambiental, en <strong><a href=\"http:\/\/universitats.gencat.cat\/ca\/cercador\/\" target=\"_blank\" rel=\"noopener noreferrer\">aquest enlla\u00e7<\/a><\/strong>. Haureu de seleccionar el grau en el qual esteu interessats. Us sortir\u00e0 una llistat amb les universitats que ofereixen aquest grau. Seleccioneu el grau de la universitat que volgueu i en la fitxa que hi apareix aneu a la secci\u00f3 &#8221; Convalidacions de cicles formatius de grau superior&#8221;. Si veieu el cicle de &#8220;qu\u00edmica ambiental&#8221;, vol dir que aquest cicle convalida algunes assignatures d&#8217;aquest grau a aquesta universitat. Cliqueu a sobre de &#8220;qu\u00edmica ambiental&#8221; i veureu exactament quines assignatures se us reconeixeran.\u00a0 Els graus amb convalidacions per als t\u00e8cnics superiors en Qu\u00edmica Ambiental s\u00f3n els seg\u00fcents (aquesta llista pot no ser completa):<\/p>\n<ul class=\"llistatNiv3 \">\n<li class=\"senar\"><span class=\"nomTitulacio camp\">Biologia-<\/span><span class=\"camp nomEnsResponsable\">Facultat de Ci\u00e8ncies (Girona)<\/span><span class=\"sigUnivPart camp ultimCamp\">UdG<\/span><\/li>\n<li class=\"parell\"><span class=\"nomTitulacio camp\">Biologia-<\/span><span class=\"camp nomEnsResponsable\">Facultat de Ci\u00e8ncies i Tecnologia (Vic)<\/span><span class=\"sigUnivPart camp ultimCamp\">UVic<\/span><\/li>\n<li class=\"senar\"><span class=\"nomTitulacio camp\">Biologia-<\/span><span class=\"camp nomEnsResponsable\">Facultat de Biologia (Barcelona)<\/span><span class=\"sigUnivPart camp ultimCamp\">UB<\/span><\/li>\n<li class=\"parell\"><span class=\"nomTitulacio camp\">Biotecnologia-<\/span><span class=\"camp nomEnsResponsable\">Facultat de Ci\u00e8ncies (Girona)<\/span><span class=\"sigUnivPart camp ultimCamp\">UdG<\/span><\/li>\n<li class=\"senar\"><span class=\"nomTitulacio camp\">Biotecnologia-<\/span><span class=\"camp nomEnsResponsable\">Facultat de Ci\u00e8ncies i Tecnologia (Vic)<\/span><span class=\"sigUnivPart camp ultimCamp\">UVic<\/span><\/li>\n<li class=\"parell\"><span class=\"nomTitulacio camp\">Ci\u00e8ncies ambientals-<\/span><span class=\"camp nomEnsResponsable\">Facultat de Ci\u00e8ncies i Tecnologia (Vic)<\/span><span class=\"sigUnivPart camp ultimCamp\">UVic<\/span><\/li>\n<li class=\"senar\"><span class=\"nomTitulacio camp\">Ci\u00e8ncies ambientals-<\/span><span class=\"camp nomEnsResponsable\">Facultat de Ci\u00e8ncies (Girona)<\/span><span class=\"sigUnivPart camp ultimCamp\">UdG<\/span><\/li>\n<li class=\"parell\"><span class=\"nomTitulacio camp\">Ci\u00e8ncies ambientals-<\/span><span class=\"camp nomEnsResponsable\">Facultat de Ci\u00e8ncies (Cerdanyola del Vall\u00e8s)<\/span><span class=\"sigUnivPart camp ultimCamp\">UAB<\/span><\/li>\n<li class=\"senar\"><span class=\"nomTitulacio camp\">Ci\u00e8ncies ambientals-<\/span><span class=\"camp nomEnsResponsable\">Facultat de Biologia (Barcel<\/span><span class=\"camp nomEnsResponsable\">o<\/span><span class=\"camp nomEnsResponsable\">na)<\/span><span class=\"sigUnivPart camp ultimCamp\">UB<\/span><\/li>\n<li class=\"parell\"><span class=\"nomTitulacio camp\">Disseny-<\/span><span class=\"camp nomEnsResponsable\">Escola Superior de Disseny ESDI (Sabadell)<\/span><span class=\"sigUnivPart camp ultimCamp\">URL<\/span><\/li>\n<li class=\"senar\"><span class=\"nomTitulacio camp\">Enginyeria agr\u00edcola-<\/span><span class=\"camp nomEnsResponsable\">Escola Superior d&#8217;Agricultura de Barcelona (Castelldefels)<\/span><span class=\"sigUnivPart camp ultimCamp\">UPC<\/span><\/li>\n<li class=\"parell\"><span class=\"nomTitulacio camp\">Enginyeria agroaliment\u00e0ria-<\/span><span class=\"camp nomEnsResponsable\">Escola T\u00e8cnica Superior d&#8217;Enginyeria Qu\u00edmica de Tarragona (Tarragona)<\/span><span class=\"sigUnivPart camp ultimCamp\">URV<\/span><\/li>\n<li class=\"senar\"><span class=\"nomTitulacio camp\">Enginyeria agroaliment\u00e0ria-<\/span><span class=\"camp nomEnsResponsable\">Escola Polit\u00e8cnica Superior (Girona)<\/span><span class=\"sigUnivPart camp ultimCamp\">UdG<\/span><\/li>\n<li class=\"parell\"><span class=\"nomTitulacio camp\">Enginyeria agroambiental i del paisatge-<\/span><span class=\"camp nomEnsResponsable\">Escola Superior d&#8217;Agricultura de Barcelona (Castelldefels)<\/span><span class=\"sigUnivPart camp ultimCamp\">UPC<\/span><\/li>\n<li class=\"senar\"><span class=\"nomTitulacio camp\">Enginyeria aliment\u00e0ria-<\/span><span class=\"camp nomEnsResponsable\">Escola Superior d&#8217;Agricultura de Barcelona (Castel<\/span><span class=\"camp nomEnsResponsable\">l<\/span><span class=\"camp nomEnsResponsable\">d<\/span><span class=\"camp nomEnsResponsable\">efels)<\/span><span class=\"sigUnivPart camp ultimCamp\">UPC<\/span><\/li>\n<li class=\"parell\"><span class=\"nomTitulacio camp\">Enginyeria biom\u00e8dica-<\/span><span class=\"camp nomEnsResponsable\">Escola Universit\u00e0ria d&#8217;Enginyeria T\u00e8cnica Industrial de Barcelona (Barcelona)<\/span><span class=\"sigUnivPart camp ultimCamp\">UPC<\/span><\/li>\n<li class=\"senar\"><span class=\"nomTitulacio camp\">Enginyeria de disseny industrial i desenvolupament del producte-<\/span><span class=\"camp nomEnsResponsable\">Escola Superior d&#8217;Enginyeries Industrial, Aeroespacial i Audiovisual de Terrassa (Terrassa)<\/span><span class=\"sigUnivPart camp ultimCamp\">UPC<\/span><\/li>\n<li class=\"parell\"><span class=\"nomTitulacio camp\">Enginyeria de disseny industrial i desenvolupament del producte-<\/span><span class=\"camp nomEnsResponsable\">Escola Polit\u00e8cnica Superior d&#8217;Enginyeria de Vilanova i la Geltr\u00fa (Vilanova i la Geltr\u00fa)<\/span><span class=\"sigUnivPart camp ultimCamp\">UPC<\/span><\/li>\n<li class=\"senar\"><span class=\"nomTitulacio camp\">Enginyeria de l&#8217;energia-<\/span><span class=\"camp nomEnsResponsable\">Escola Universit\u00e0ria d&#8217;Enginyeria T\u00e8cnica Industrial de Barcelona (Barcelona)<\/span><span class=\"sigUnivPart camp ultimCamp\">UPC<\/span><\/li>\n<li class=\"parell\"><span class=\"nomTitulacio camp\">Enginyeria de sistemes biol\u00f2gics-<\/span><span class=\"camp nomEnsResponsable\">Escola Superior d&#8217;Agricultura de Barcelona (Castelldefels)<\/span><span class=\"sigUnivPart camp ultimCamp\">UPC<\/span><\/li>\n<li class=\"senar\"><span class=\"nomTitulacio camp\">Enginyeria de tecnologia i disseny t\u00e8xtil-<\/span><span class=\"camp nomEnsResponsable\">Escola Superior d&#8217;Enginyeries Industrial, Aeroespacial i Audiovisual de Terrassa (Terrassa)<\/span><span class=\"sigUnivPart camp ultimCamp\">UPC<\/span><\/li>\n<li class=\"parell\"><span class=\"nomTitulacio camp\">Enginyeria el\u00e8ctrica-<\/span><span class=\"camp nomEnsResponsable\">Escola Polit\u00e8cnica Superior d&#8217;Enginyeria de Vilanova i la Geltr\u00fa (Vilanova i la Geltr\u00fa)<\/span><span class=\"sigUnivPart camp ultimCamp\">UPC<\/span><\/li>\n<li class=\"senar\"><span class=\"nomTitulacio camp\">Enginyeria el\u00e8ctrica-<\/span><span class=\"camp nomEnsResponsable\">Escola Superior d&#8217;Enginyeries Industrial, Aeroespacial i Audiovisual de Terrassa (Terrassa)<\/span><span class=\"sigUnivPart camp ultimCamp\">UPC<\/span><\/li>\n<li class=\"parell\"><span class=\"nomTitulacio camp\">Enginyeria el\u00e8ctrica-<\/span><span class=\"camp nomEnsResponsable\">Escola Polit\u00e8cnica Superior d&#8217;Enginyeria de Manresa (Manresa)<\/span><span class=\"sigUnivPart camp ultimCamp\">UPC<\/span><\/li>\n<li class=\"senar\"><span class=\"nomTitulacio camp\">Enginyeria el\u00e8ctrica-<\/span><span class=\"camp nomEnsResponsable\">Escola Universit\u00e0ria d&#8217;Enginyeria T\u00e8cnica Industrial de Barcelona (Barcelona)<\/span><span class=\"sigUnivPart camp ultimCamp\">UPC<\/span><\/li>\n<li class=\"parell\"><span class=\"nomTitulacio camp\">Enginyeria electr\u00f2nica industrial i autom\u00e0tica-<\/span><span class=\"camp nomEnsResponsable\">Escola Universit\u00e0ria d&#8217;Enginyeria T\u00e8cnica Industrial de Barcelona (Barcelona)<\/span><span class=\"sigUnivPart camp ultimCamp\">UPC<\/span><\/li>\n<li class=\"senar\"><span class=\"nomTitulacio camp\">Enginyeria electr\u00f2nica industrial i autom\u00e0tica-<\/span><span class=\"camp nomEnsResponsable\">Escola Polit\u00e8cnica Superior d&#8217;Enginyeria de Manresa (Manresa)<\/span><span class=\"sigUnivPart camp ultimCamp\">UPC<\/span><\/li>\n<li class=\"parell\"><span class=\"nomTitulacio camp\">Enginyeria electr\u00f2nica industrial i autom\u00e0tica-<\/span><span class=\"camp nomEnsResponsable\">Escola Polit\u00e8cnica Superior d&#8217;Enginyeria de Vilanova i la Geltr\u00fa (Vilanova i la Geltr\u00fa)<\/span><span class=\"sigUnivPart camp ultimCamp\">UPC<\/span><\/li>\n<li class=\"senar\"><span class=\"nomTitulacio camp\">Enginyeria electr\u00f2nica industrial i autom\u00e0tica-<\/span><span class=\"camp nomEnsResponsable\">Escola Superior Polit\u00e8cnica Tecnocampus (Matar\u00f3)<\/span><span class=\"sigUnivPart camp ultimCamp\">UPF<\/span><\/li>\n<li class=\"parell\"><span class=\"nomTitulacio camp\">Enginyeria electr\u00f2nica industrial i autom\u00e0tica-<\/span><span class=\"camp nomEnsResponsable\">Escola Superior d&#8217;Enginyeries Industrial, Aeroespacial i Audiovisual de Terrassa (Terrassa)<\/span><span class=\"sigUnivPart camp ultimCamp\">UPC<\/span><\/li>\n<li class=\"senar\"><span class=\"nomTitulacio camp\">Enginyeria en organitzaci\u00f3 industrial-<\/span><span class=\"camp nomEnsResponsable\">Escola d&#8217;Enginyeria d&#8217;Igualada (Igualada)<\/span><span class=\"sigUnivPart camp ultimCamp\">UPC<\/span><\/li>\n<li class=\"parell\"><span class=\"nomTitulacio camp\">Enginyeria mec\u00e0nica-<\/span><span class=\"camp nomEnsResponsable\">Escola Polit\u00e8cnica Superior d&#8217;Enginyeria de Vilanova i la Geltr\u00fa (Vilanova i la Geltr\u00fa)<\/span><span class=\"sigUnivPart camp ultimCamp\">UPC<\/span><\/li>\n<li class=\"senar\"><span class=\"nomTitulacio camp\">Enginyeria mec\u00e0nica-<\/span><span class=\"camp nomEnsResponsable\">Escola Superior Polit\u00e8cnica Tecnocampus (Matar\u00f3)<\/span><span class=\"sigUnivPart camp ultimCamp\">UPF<\/span><\/li>\n<li class=\"parell\"><span class=\"nomTitulacio camp\">Enginyeria mec\u00e0nica-<\/span><span class=\"camp nomEnsResponsable\">Escola Universit\u00e0ria d&#8217;Enginyeria T\u00e8cnica Industrial de Barcelona (Barcelona)<\/span><span class=\"sigUnivPart camp ultimCamp\">UPC<\/span><\/li>\n<li class=\"senar\"><span class=\"nomTitulacio camp\">Enginyeria mec\u00e0nica-<\/span><span class=\"camp nomEnsResponsable\">Escola Superior d&#8217;Enginyeries Industrial, Aeroespacial i Audiovisual de Terrassa (Terrassa)<\/span><span class=\"sigUnivPart camp ultimCamp\">UPC<\/span><\/li>\n<li class=\"parell\"><span class=\"nomTitulacio camp\">Enginyeria mec\u00e0nica-<\/span><span class=\"camp nomEnsResponsable\">Escola Polit\u00e8cnica Superior d&#8217;Enginyeria de Manresa (Manresa)<\/span><span class=\"sigUnivPart camp ultimCamp\">UPC<\/span><\/li>\n<li class=\"senar\"><span class=\"nomTitulacio camp\">Enginyeria qu\u00edmica-<\/span><span class=\"camp nomEnsResponsable\">Escola Universit\u00e0ria d&#8217;Enginyeria T\u00e8cnica Industrial de Barcelona (Barcelona)<\/span><span class=\"sigUnivPart camp ultimCamp\">UPC<\/span><\/li>\n<li class=\"parell\"><span class=\"nomTitulacio camp\">Enginyeria qu\u00edmica-<\/span><span class=\"camp nomEnsResponsable\">Escola d&#8217;Enginyeria d&#8217;Igualada (Igualada)<\/span><span class=\"sigUnivPart camp ultimCamp\">UPC<\/span><\/li>\n<li class=\"senar\"><span class=\"nomTitulacio camp\">Enginyeria qu\u00edmica-<\/span><span class=\"camp nomEnsResponsable\">Escola T\u00e8cnica Superior d&#8217;Enginyeria Qu\u00edmica de Tarragona (Tarragona)<\/span><span class=\"sigUnivPart camp ultimCamp\">URV<\/span><\/li>\n<li class=\"parell\"><span class=\"nomTitulacio camp\">Enginyeria qu\u00edmica-<\/span><span class=\"camp nomEnsResponsable\">Escola Superior d&#8217;Enginyeries Industrial, Aeroespacial i Audiovisual de Terrassa (Terrassa)<\/span><span class=\"sigUnivPart camp ultimCamp\">UPC<\/span><\/li>\n<li class=\"senar\"><span class=\"nomTitulacio camp\">Enginyeria qu\u00edmica-<\/span><span class=\"camp nomEnsResponsable\">IQS School of Engineering\/Escola T\u00e8cnica Superior IQS (Barcelona)<\/span><span class=\"sigUnivPart camp ultimCamp\">URL<\/span><\/li>\n<li class=\"parell\"><span class=\"nomTitulacio camp\">Enginyeria qu\u00edmica-<\/span><span class=\"camp nomEnsResponsable\">Escola Polit\u00e8cnica Superior d&#8217;Enginyeria de Manresa (Manresa)<\/span><span class=\"sigUnivPart camp ultimCamp\">UPC<\/span><\/li>\n<li class=\"senar\"><span class=\"nomTitulacio camp\">Enginyeria qu\u00edmica-<\/span><span class=\"camp nomEnsResponsable\">Escola Polit\u00e8cnica Superior (Girona)<\/span><span class=\"sigUnivPart camp ultimCamp\">UdG<\/span><\/li>\n<li class=\"parell\"><span class=\"nomTitulacio camp\">Enginyeria qu\u00edmica-<\/span><span class=\"camp nomEnsResponsable\">Escola d&#8217;Enginyeria (Cerdanyola del Vall\u00e8s)<\/span><span class=\"sigUnivPart camp ultimCamp\">UAB<\/span><\/li>\n<li class=\"senar\"><span class=\"nomTitulacio camp\">Estad\u00edstica aplicada-<\/span><span class=\"camp nomEnsResponsable\">Facultat de Ci\u00e8ncies (Cerdanyola del Vall\u00e8s)<\/span><span class=\"sigUnivPart camp ultimCamp\">UAB<\/span><\/li>\n<li class=\"parell\"><span class=\"nomTitulacio camp\">Geologia-<\/span><span class=\"camp nomEnsResponsable\">Facultat de Ci\u00e8ncies (Cerdanyola del Vall\u00e8s)<\/span><span class=\"sigUnivPart camp ultimCamp\">UAB<\/span><\/li>\n<li class=\"senar\"><span class=\"nomTitulacio camp\">Innovaci\u00f3 i seguretat aliment\u00e0ria-<\/span><span class=\"camp nomEnsResponsable\">Escola Polit\u00e8cnica Superior (Girona)<\/span><span class=\"sigUnivPart camp ultimCamp\">UdG<\/span><\/li>\n<li class=\"parell\"><span class=\"nomTitulacio camp\">Qu\u00edmica-<\/span><span class=\"camp nomEnsResponsable\">Facultat de Ci\u00e8ncies (Girona)<\/span><span class=\"sigUnivPart camp ultimCamp\">UdG<\/span><\/li>\n<li class=\"senar\"><span class=\"nomTitulacio camp\">Qu\u00edmica-<\/span><span class=\"camp nomEnsResponsable\">Facultat de Qu\u00edmica (Barcelona)<\/span><span class=\"sigUnivPart camp ultimCamp\">UB<\/span><\/li>\n<li class=\"parell\"><span class=\"nomTitulacio camp\">Qu\u00edmica-<\/span><span class=\"camp nomEnsResponsable\">Facultat de Qu\u00edmica (Tarragona)<\/span><span class=\"sigUnivPart camp ultimCamp\">URV<\/span><\/li>\n<li class=\"senar\"><span class=\"nomTitulacio camp\">Qu\u00edmica-<\/span><span class=\"camp nomEnsResponsable\">IQS School of Engineering\/Escola T\u00e8cnica Superior IQS (Barcelona)<\/span><span class=\"sigUnivPart camp ultimCamp\">URL<\/span><\/li>\n<li class=\"parell\"><span class=\"nomTitulacio camp\">Qu\u00edmica-<\/span><span class=\"camp nomEnsResponsable\">Facultat de Ci\u00e8ncies (Cerdanyola del Vall\u00e8s)<\/span><span class=\"sigUnivPart camp ultimCamp\">UAB<\/span><\/li>\n<\/ul>\n<p>&nbsp;<\/p>\n<p>&nbsp;<\/p>\n","protected":false},"excerpt":{"rendered":"<p>A) Acc\u00e9s directe a la Universitat Els estudis de formaci\u00f3 professional capaciten per accedir a estudis universitaris de grau. La [&hellip;]<\/p>\n","protected":false},"author":1,"featured_media":0,"parent":1377,"menu_order":0,"comment_status":"closed","ping_status":"closed","template":"","meta":{"site-sidebar-layout":"default","site-content-layout":"","ast-site-content-layout":"","site-content-style":"default","site-sidebar-style":"default","ast-global-header-display":"","ast-banner-title-visibility":"","ast-main-header-display":"","ast-hfb-above-header-display":"","ast-hfb-below-header-display":"","ast-hfb-mobile-header-display":"","site-post-title":"","ast-breadcrumbs-content":"","ast-featured-img":"","footer-sml-layout":"","theme-transparent-header-meta":"","adv-header-id-meta":"","stick-header-meta":"","header-above-stick-meta":"","header-main-stick-meta":"","header-below-stick-meta":"","astra-migrate-meta-layouts":"default","ast-page-background-enabled":"default","ast-page-background-meta":{"desktop":{"background-color":"var(--ast-global-color-4)","background-image":"","background-repeat":"repeat","background-position":"center center","background-size":"auto","background-attachment":"scroll","background-type":"","background-media":"","overlay-type":"","overlay-color":"","overlay-opacity":"","overlay-gradient":""},"tablet":{"background-color":"","background-image":"","background-repeat":"repeat","background-position":"center center","background-size":"auto","background-attachment":"scroll","background-type":"","background-media":"","overlay-type":"","overlay-color":"","overlay-opacity":"","overlay-gradient":""},"mobile":{"background-color":"","background-image":"","background-repeat":"repeat","background-position":"center center","background-size":"auto","background-attachment":"scroll","background-type":"","background-media":"","overlay-type":"","overlay-color":"","overlay-opacity":"","overlay-gradient":""}},"ast-content-background-meta":{"desktop":{"background-color":"var(--ast-global-color-5)","background-image":"","background-repeat":"repeat","background-position":"center center","background-size":"auto","background-attachment":"scroll","background-type":"","background-media":"","overlay-type":"","overlay-color":"","overlay-opacity":"","overlay-gradient":""},"tablet":{"background-color":"var(--ast-global-color-5)","background-image":"","background-repeat":"repeat","background-position":"center center","background-size":"auto","background-attachment":"scroll","background-type":"","background-media":"","overlay-type":"","overlay-color":"","overlay-opacity":"","overlay-gradient":""},"mobile":{"background-color":"var(--ast-global-color-5)","background-image":"","background-repeat":"repeat","background-position":"center center","background-size":"auto","background-attachment":"scroll","background-type":"","background-media":"","overlay-type":"","overlay-color":"","overlay-opacity":"","overlay-gradient":""}},"footnotes":""},"class_list":["post-1393","page","type-page","status-publish","hentry"],"post_mailing_queue_ids":[],"_links":{"self":[{"href":"https:\/\/agora.xtec.cat\/ies-merce-rodoreda\/wp-json\/wp\/v2\/pages\/1393","targetHints":{"allow":["GET"]}}],"collection":[{"href":"https:\/\/agora.xtec.cat\/ies-merce-rodoreda\/wp-json\/wp\/v2\/pages"}],"about":[{"href":"https:\/\/agora.xtec.cat\/ies-merce-rodoreda\/wp-json\/wp\/v2\/types\/page"}],"author":[{"embeddable":true,"href":"https:\/\/agora.xtec.cat\/ies-merce-rodoreda\/wp-json\/wp\/v2\/users\/1"}],"replies":[{"embeddable":true,"href":"https:\/\/agora.xtec.cat\/ies-merce-rodoreda\/wp-json\/wp\/v2\/comments?post=1393"}],"version-history":[{"count":3,"href":"https:\/\/agora.xtec.cat\/ies-merce-rodoreda\/wp-json\/wp\/v2\/pages\/1393\/revisions"}],"predecessor-version":[{"id":5996,"href":"https:\/\/agora.xtec.cat\/ies-merce-rodoreda\/wp-json\/wp\/v2\/pages\/1393\/revisions\/5996"}],"up":[{"embeddable":true,"href":"https:\/\/agora.xtec.cat\/ies-merce-rodoreda\/wp-json\/wp\/v2\/pages\/1377"}],"wp:attachment":[{"href":"https:\/\/agora.xtec.cat\/ies-merce-rodoreda\/wp-json\/wp\/v2\/media?parent=1393"}],"curies":[{"name":"wp","href":"https:\/\/api.w.org\/{rel}","templated":true}]}}