{"id":1377,"date":"2016-03-13T12:20:50","date_gmt":"2016-03-13T11:20:50","guid":{"rendered":"http:\/\/agora.xtec.cat\/ies-merce-rodoreda\/?page_id=1377"},"modified":"2025-07-23T13:39:12","modified_gmt":"2025-07-23T11:39:12","slug":"cicles-formatius-medi-ambient","status":"publish","type":"page","link":"https:\/\/agora.xtec.cat\/ies-merce-rodoreda\/cicles-formatius-medi-ambient\/","title":{"rendered":"Formaci\u00f3 Professional de Medi Ambient"},"content":{"rendered":"<h3 data-start=\"194\" data-end=\"247\">Formaci\u00f3 Professional de Seguretat i Medi Ambient<\/h3>\n<p data-start=\"249\" data-end=\"573\">La fam\u00edlia professional de <strong data-start=\"276\" data-end=\"304\">Seguretat i Medi Ambient<\/strong> forma professionals compromesos amb la salut p\u00fablica, la sostenibilitat i la protecci\u00f3 del medi ambient. A l\u2019Institut Merc\u00e8 Rodoreda oferim cicles formatius actuals i connectats amb la realitat del sector, amb una formaci\u00f3 pr\u00e0ctica, rigorosa i enfocada al m\u00f3n laboral.<\/p>\n<p data-start=\"575\" data-end=\"778\">El nostre alumnat apr\u00e8n a identificar riscos, controlar plagues, garantir la seguretat aliment\u00e0ria i ambiental, i a promoure entorns m\u00e9s saludables i sostenibles, tant en l\u2019\u00e0mbit p\u00fablic com en el privat.<\/p>\n<p data-start=\"575\" data-end=\"778\">Els cicles formatius que oferim s\u00f3n:\u00a0<\/p>\n<ul>\n<li data-start=\"575\" data-end=\"778\">CFGM Sanitat Ambiental Aplicada\u00a0<\/li>\n<li data-start=\"575\" data-end=\"778\">CFGS Qu\u00edmica i Salut Ambiental\u00a0<\/li>\n<li data-start=\"575\" data-end=\"778\">CFGS Educaci\u00f3 i Control Ambiental\u00a0<\/li>\n<\/ul>\n\n\n<p><\/p>\n","protected":false},"excerpt":{"rendered":"<p>Formaci\u00f3 Professional de Seguretat i Medi Ambient La fam\u00edlia professional de Seguretat i Medi Ambient forma professionals compromesos amb la [&hellip;]<\/p>\n","protected":false},"author":1,"featured_media":0,"parent":0,"menu_order":0,"comment_status":"closed","ping_status":"closed","template":"","meta":{"site-sidebar-layout":"default","site-content-layout":"","ast-site-content-layout":"default","site-content-style":"default","site-sidebar-style":"default","ast-global-header-display":"","ast-banner-title-visibility":"","ast-main-header-display":"","ast-hfb-above-header-display":"","ast-hfb-below-header-display":"","ast-hfb-mobile-header-display":"","site-post-title":"","ast-breadcrumbs-content":"","ast-featured-img":"","footer-sml-layout":"","theme-transparent-header-meta":"","adv-header-id-meta":"","stick-header-meta":"","header-above-stick-meta":"","header-main-stick-meta":"","header-below-stick-meta":"","astra-migrate-meta-layouts":"set","ast-page-background-enabled":"default","ast-page-background-meta":{"desktop":{"background-color":"var(--ast-global-color-4)","background-image":"","background-repeat":"repeat","background-position":"center center","background-size":"auto","background-attachment":"scroll","background-type":"","background-media":"","overlay-type":"","overlay-color":"","overlay-opacity":"","overlay-gradient":""},"tablet":{"background-color":"","background-image":"","background-repeat":"repeat","background-position":"center center","background-size":"auto","background-attachment":"scroll","background-type":"","background-media":"","overlay-type":"","overlay-color":"","overlay-opacity":"","overlay-gradient":""},"mobile":{"background-color":"","background-image":"","background-repeat":"repeat","background-position":"center center","background-size":"auto","background-attachment":"scroll","background-type":"","background-media":"","overlay-type":"","overlay-color":"","overlay-opacity":"","overlay-gradient":""}},"ast-content-background-meta":{"desktop":{"background-color":"var(--ast-global-color-5)","background-image":"","background-repeat":"repeat","background-position":"center center","background-size":"auto","background-attachment":"scroll","background-type":"","background-media":"","overlay-type":"","overlay-color":"","overlay-opacity":"","overlay-gradient":""},"tablet":{"background-color":"var(--ast-global-color-5)","background-image":"","background-repeat":"repeat","background-position":"center center","background-size":"auto","background-attachment":"scroll","background-type":"","background-media":"","overlay-type":"","overlay-color":"","overlay-opacity":"","overlay-gradient":""},"mobile":{"background-color":"var(--ast-global-color-5)","background-image":"","background-repeat":"repeat","background-position":"center center","background-size":"auto","background-attachment":"scroll","background-type":"","background-media":"","overlay-type":"","overlay-color":"","overlay-opacity":"","overlay-gradient":""}},"footnotes":""},"class_list":["post-1377","page","type-page","status-publish","hentry"],"post_mailing_queue_ids":[],"_links":{"self":[{"href":"https:\/\/agora.xtec.cat\/ies-merce-rodoreda\/wp-json\/wp\/v2\/pages\/1377","targetHints":{"allow":["GET"]}}],"collection":[{"href":"https:\/\/agora.xtec.cat\/ies-merce-rodoreda\/wp-json\/wp\/v2\/pages"}],"about":[{"href":"https:\/\/agora.xtec.cat\/ies-merce-rodoreda\/wp-json\/wp\/v2\/types\/page"}],"author":[{"embeddable":true,"href":"https:\/\/agora.xtec.cat\/ies-merce-rodoreda\/wp-json\/wp\/v2\/users\/1"}],"replies":[{"embeddable":true,"href":"https:\/\/agora.xtec.cat\/ies-merce-rodoreda\/wp-json\/wp\/v2\/comments?post=1377"}],"version-history":[{"count":4,"href":"https:\/\/agora.xtec.cat\/ies-merce-rodoreda\/wp-json\/wp\/v2\/pages\/1377\/revisions"}],"predecessor-version":[{"id":18051,"href":"https:\/\/agora.xtec.cat\/ies-merce-rodoreda\/wp-json\/wp\/v2\/pages\/1377\/revisions\/18051"}],"wp:attachment":[{"href":"https:\/\/agora.xtec.cat\/ies-merce-rodoreda\/wp-json\/wp\/v2\/media?parent=1377"}],"curies":[{"name":"wp","href":"https:\/\/api.w.org\/{rel}","templated":true}]}}