{"id":13070,"date":"2023-02-01T12:28:29","date_gmt":"2023-02-01T11:28:29","guid":{"rendered":"https:\/\/agora.xtec.cat\/ies-merce-rodoreda\/?page_id=13070"},"modified":"2025-07-09T17:35:29","modified_gmt":"2025-07-09T15:35:29","slug":"3-eso-merces-i-accio","status":"publish","type":"page","link":"https:\/\/agora.xtec.cat\/ies-merce-rodoreda\/projectes-transversals\/3-eso-merces-i-accio\/","title":{"rendered":"Merc\u00e8s i&#8230; ACCI\u00d3!"},"content":{"rendered":"\n<p>El projecte consisteix en el proc\u00e9s complet de la creaci\u00f3 d\u2019un curt, passant per l\u2019aprenentatge del llenguatge audiovisual: la creaci\u00f3 de la hist\u00f2ria, el gui\u00f3 literari, el gui\u00f3 t\u00e8cnic i l\u2019storyboard, la filmaci\u00f3, el muntatge i la m\u00fasica i altres elements sonors. S\u2019acaba amb l\u2019entrega de premis en una gala especial, la gala dels Merc\u00e8s.<\/p>\n\n\n\n<h2 class=\"wp-block-heading\">Objectius<\/h2>\n\n\n\n<ul class=\"wp-block-list\">\n<li><\/li>\n\n\n\n<li><\/li>\n\n\n\n<li><\/li>\n\n\n\n<li><\/li>\n\n\n\n<li><\/li>\n<\/ul>\n\n\n\n<div class=\"wp-block-columns is-layout-flex wp-container-core-columns-is-layout-1 wp-block-columns-is-layout-flex\">\n<div class=\"wp-block-column is-layout-flow wp-block-column-is-layout-flow\">\n<div class=\"wp-block-buttons alignwide is-content-justification-center is-layout-flex wp-container-core-buttons-is-layout-1 wp-block-buttons-is-layout-flex\">\n<div class=\"wp-block-button\"><a class=\"wp-block-button__link has-text-align-center wp-element-button\" href=\"https:\/\/agora.xtec.cat\/ies-merce-rodoreda\/?page_id=13074&amp;preview=true\">EDICI\u00d3 2022<\/a><\/div>\n<\/div>\n<\/div>\n\n\n\n<div class=\"wp-block-column is-layout-flow wp-block-column-is-layout-flow\">\n<figure class=\"wp-block-image alignfull size-large\"><a href=\"https:\/\/agora.xtec.cat\/ies-merce-rodoreda\/wp-content\/uploads\/usu644\/2025\/07\/DSC01412-min-scaled-1.jpg\"><img loading=\"lazy\" decoding=\"async\" width=\"1024\" height=\"683\" src=\"https:\/\/agora.xtec.cat\/ies-merce-rodoreda\/wp-content\/uploads\/usu644\/2025\/07\/DSC01412-min-scaled-1-1024x683.jpg\" alt=\"\" class=\"wp-image-17652\" srcset=\"https:\/\/agora.xtec.cat\/ies-merce-rodoreda\/wp-content\/uploads\/usu644\/2025\/07\/DSC01412-min-scaled-1-1024x683.jpg 1024w, https:\/\/agora.xtec.cat\/ies-merce-rodoreda\/wp-content\/uploads\/usu644\/2025\/07\/DSC01412-min-scaled-1-300x200.jpg 300w, https:\/\/agora.xtec.cat\/ies-merce-rodoreda\/wp-content\/uploads\/usu644\/2025\/07\/DSC01412-min-scaled-1-768x512.jpg 768w, https:\/\/agora.xtec.cat\/ies-merce-rodoreda\/wp-content\/uploads\/usu644\/2025\/07\/DSC01412-min-scaled-1-1536x1024.jpg 1536w, https:\/\/agora.xtec.cat\/ies-merce-rodoreda\/wp-content\/uploads\/usu644\/2025\/07\/DSC01412-min-scaled-1-2048x1366.jpg 2048w\" sizes=\"auto, (max-width: 1024px) 100vw, 1024px\" \/><\/a><\/figure>\n\n\n\n<div class=\"wp-block-buttons is-content-justification-center is-layout-flex wp-container-core-buttons-is-layout-2 wp-block-buttons-is-layout-flex\">\n<div class=\"wp-block-button\"><a class=\"wp-block-button__link wp-element-button\" href=\"https:\/\/agora.xtec.cat\/ies-merce-rodoreda\/general\/gala-dels-merces-i-accio\/\">EDICI\u00d3 2023<\/a><\/div>\n<\/div>\n<\/div>\n\n\n\n<div class=\"wp-block-column is-layout-flow wp-block-column-is-layout-flow\">\n<figure class=\"wp-block-image alignfull size-large\"><a href=\"https:\/\/agora.xtec.cat\/ies-merce-rodoreda\/wp-content\/uploads\/usu644\/2025\/07\/IMG_1486-1.jpg\"><img loading=\"lazy\" decoding=\"async\" width=\"1024\" height=\"768\" src=\"https:\/\/agora.xtec.cat\/ies-merce-rodoreda\/wp-content\/uploads\/usu644\/2025\/07\/IMG_1486-1-1024x768.jpg\" alt=\"\" class=\"wp-image-17737\" srcset=\"https:\/\/agora.xtec.cat\/ies-merce-rodoreda\/wp-content\/uploads\/usu644\/2025\/07\/IMG_1486-1-1024x768.jpg 1024w, https:\/\/agora.xtec.cat\/ies-merce-rodoreda\/wp-content\/uploads\/usu644\/2025\/07\/IMG_1486-1-300x225.jpg 300w, https:\/\/agora.xtec.cat\/ies-merce-rodoreda\/wp-content\/uploads\/usu644\/2025\/07\/IMG_1486-1-768x576.jpg 768w, https:\/\/agora.xtec.cat\/ies-merce-rodoreda\/wp-content\/uploads\/usu644\/2025\/07\/IMG_1486-1-1536x1151.jpg 1536w\" sizes=\"auto, (max-width: 1024px) 100vw, 1024px\" \/><\/a><\/figure>\n\n\n\n<div class=\"wp-block-buttons is-content-justification-center is-layout-flex wp-container-core-buttons-is-layout-3 wp-block-buttons-is-layout-flex\">\n<div class=\"wp-block-button\"><a class=\"wp-block-button__link wp-element-button\" href=\"https:\/\/agora.xtec.cat\/ies-merce-rodoreda\/general\/edicio-2024\/\">EDICI\u00d3 2024<\/a><\/div>\n<\/div>\n<\/div>\n<\/div>\n\n\n\n<div class=\"wp-block-columns is-layout-flex wp-container-core-columns-is-layout-2 wp-block-columns-is-layout-flex\">\n<div class=\"wp-block-column is-layout-flow wp-block-column-is-layout-flow\">\n<figure class=\"wp-block-image size-large\"><a href=\"https:\/\/agora.xtec.cat\/ies-merce-rodoreda\/wp-content\/uploads\/usu644\/2025\/06\/guanyadors-mercesdef.png\"><img loading=\"lazy\" decoding=\"async\" width=\"1024\" height=\"772\" src=\"https:\/\/agora.xtec.cat\/ies-merce-rodoreda\/wp-content\/uploads\/usu644\/2025\/06\/guanyadors-mercesdef-1024x772.png\" alt=\"\" class=\"wp-image-17484\" srcset=\"https:\/\/agora.xtec.cat\/ies-merce-rodoreda\/wp-content\/uploads\/usu644\/2025\/06\/guanyadors-mercesdef-1024x772.png 1024w, https:\/\/agora.xtec.cat\/ies-merce-rodoreda\/wp-content\/uploads\/usu644\/2025\/06\/guanyadors-mercesdef-300x226.png 300w, https:\/\/agora.xtec.cat\/ies-merce-rodoreda\/wp-content\/uploads\/usu644\/2025\/06\/guanyadors-mercesdef-768x579.png 768w, https:\/\/agora.xtec.cat\/ies-merce-rodoreda\/wp-content\/uploads\/usu644\/2025\/06\/guanyadors-mercesdef.png 1132w\" sizes=\"auto, (max-width: 1024px) 100vw, 1024px\" \/><\/a><\/figure>\n\n\n\n<div class=\"wp-block-buttons alignwide is-content-justification-center is-layout-flex wp-container-core-buttons-is-layout-4 wp-block-buttons-is-layout-flex\">\n<div class=\"wp-block-button\"><a class=\"wp-block-button__link has-text-align-center wp-element-button\" href=\"https:\/\/agora.xtec.cat\/ies-merce-rodoreda\/general\/4a-edicio-dels-premis-cinematografics-merces-i-accio\/\">EDICI\u00d3 2025<\/a><\/div>\n<\/div>\n<\/div>\n\n\n\n<div class=\"wp-block-column is-layout-flow wp-block-column-is-layout-flow\"><\/div>\n\n\n\n<div class=\"wp-block-column is-layout-flow wp-block-column-is-layout-flow\"><\/div>\n<\/div>\n\n\n\n<p><\/p>\n","protected":false},"excerpt":{"rendered":"<p>El projecte consisteix en el proc\u00e9s complet de la creaci\u00f3 d\u2019un curt, passant per l\u2019aprenentatge del llenguatge audiovisual: la creaci\u00f3 [&hellip;]<\/p>\n","protected":false},"author":316,"featured_media":0,"parent":13068,"menu_order":3,"comment_status":"closed","ping_status":"closed","template":"","meta":{"site-sidebar-layout":"default","site-content-layout":"","ast-site-content-layout":"default","site-content-style":"default","site-sidebar-style":"default","ast-global-header-display":"","ast-banner-title-visibility":"","ast-main-header-display":"","ast-hfb-above-header-display":"","ast-hfb-below-header-display":"","ast-hfb-mobile-header-display":"","site-post-title":"","ast-breadcrumbs-content":"","ast-featured-img":"","footer-sml-layout":"","theme-transparent-header-meta":"","adv-header-id-meta":"","stick-header-meta":"","header-above-stick-meta":"","header-main-stick-meta":"","header-below-stick-meta":"","astra-migrate-meta-layouts":"set","ast-page-background-enabled":"default","ast-page-background-meta":{"desktop":{"background-color":"var(--ast-global-color-4)","background-image":"","background-repeat":"repeat","background-position":"center center","background-size":"auto","background-attachment":"scroll","background-type":"","background-media":"","overlay-type":"","overlay-color":"","overlay-opacity":"","overlay-gradient":""},"tablet":{"background-color":"","background-image":"","background-repeat":"repeat","background-position":"center center","background-size":"auto","background-attachment":"scroll","background-type":"","background-media":"","overlay-type":"","overlay-color":"","overlay-opacity":"","overlay-gradient":""},"mobile":{"background-color":"","background-image":"","background-repeat":"repeat","background-position":"center center","background-size":"auto","background-attachment":"scroll","background-type":"","background-media":"","overlay-type":"","overlay-color":"","overlay-opacity":"","overlay-gradient":""}},"ast-content-background-meta":{"desktop":{"background-color":"var(--ast-global-color-5)","background-image":"","background-repeat":"repeat","background-position":"center center","background-size":"auto","background-attachment":"scroll","background-type":"","background-media":"","overlay-type":"","overlay-color":"","overlay-opacity":"","overlay-gradient":""},"tablet":{"background-color":"var(--ast-global-color-5)","background-image":"","background-repeat":"repeat","background-position":"center center","background-size":"auto","background-attachment":"scroll","background-type":"","background-media":"","overlay-type":"","overlay-color":"","overlay-opacity":"","overlay-gradient":""},"mobile":{"background-color":"var(--ast-global-color-5)","background-image":"","background-repeat":"repeat","background-position":"center center","background-size":"auto","background-attachment":"scroll","background-type":"","background-media":"","overlay-type":"","overlay-color":"","overlay-opacity":"","overlay-gradient":""}},"footnotes":""},"class_list":["post-13070","page","type-page","status-publish","hentry"],"post_mailing_queue_ids":[],"_links":{"self":[{"href":"https:\/\/agora.xtec.cat\/ies-merce-rodoreda\/wp-json\/wp\/v2\/pages\/13070","targetHints":{"allow":["GET"]}}],"collection":[{"href":"https:\/\/agora.xtec.cat\/ies-merce-rodoreda\/wp-json\/wp\/v2\/pages"}],"about":[{"href":"https:\/\/agora.xtec.cat\/ies-merce-rodoreda\/wp-json\/wp\/v2\/types\/page"}],"author":[{"embeddable":true,"href":"https:\/\/agora.xtec.cat\/ies-merce-rodoreda\/wp-json\/wp\/v2\/users\/316"}],"replies":[{"embeddable":true,"href":"https:\/\/agora.xtec.cat\/ies-merce-rodoreda\/wp-json\/wp\/v2\/comments?post=13070"}],"version-history":[{"count":6,"href":"https:\/\/agora.xtec.cat\/ies-merce-rodoreda\/wp-json\/wp\/v2\/pages\/13070\/revisions"}],"predecessor-version":[{"id":17740,"href":"https:\/\/agora.xtec.cat\/ies-merce-rodoreda\/wp-json\/wp\/v2\/pages\/13070\/revisions\/17740"}],"up":[{"embeddable":true,"href":"https:\/\/agora.xtec.cat\/ies-merce-rodoreda\/wp-json\/wp\/v2\/pages\/13068"}],"wp:attachment":[{"href":"https:\/\/agora.xtec.cat\/ies-merce-rodoreda\/wp-json\/wp\/v2\/media?parent=13070"}],"curies":[{"name":"wp","href":"https:\/\/api.w.org\/{rel}","templated":true}]}}