{"id":11992,"date":"2022-06-07T09:04:44","date_gmt":"2022-06-07T07:04:44","guid":{"rendered":"https:\/\/agora.xtec.cat\/ies-merce-rodoreda\/?page_id=11992"},"modified":"2023-09-18T17:51:44","modified_gmt":"2023-09-18T15:51:44","slug":"convalidacions-fp","status":"publish","type":"page","link":"https:\/\/agora.xtec.cat\/ies-merce-rodoreda\/secretaria\/convalidacions-fp\/","title":{"rendered":"Convalidacions FP, exempcions FCT i semipresencialitat"},"content":{"rendered":"<div style=\"position: relative; width: 100%; height: 0; padding-top: 75.0000%; padding-bottom: 0; box-shadow: 0 2px 8px 0 rgba(63,69,81,0.16); margin-top: 1.6em; margin-bottom: 0.9em; overflow: hidden; border-radius: 8px; will-change: transform;\"><iframe style=\"position: absolute; width: 100%; height: 100%; top: 0; left: 0; border: none; padding: 0; margin: 0;\" src=\"https:\/\/www.canva.com\/design\/DAFp7zdCEaI\/view?embed\" allowfullscreen=\"allowfullscreen\"><br \/>\n<\/iframe><\/div>\n<p style=\"text-align: justify;\">Per poder-ho sol\u00b7licitar cal complir algun dels requisits seg\u00fcents:<\/p>\n<ul style=\"text-align: justify;\">\n<li>Haver cursat un altre cicle formatiu de formaci\u00f3 professional.<\/li>\n<li>Haver superat cr\u00e8dits d&#8217;un t\u00edtol derivat de la LOGSE equivalent al t\u00edtol que es vol obtenir.<\/li>\n<li>Tenir unitats de compet\u00e8ncia acreditades.<\/li>\n<li>Tenir validats, acreditats o reconeguts per experi\u00e8ncia laboral determinats cr\u00e8dits i\/o m\u00f2duls professionals o unitats formatives.<\/li>\n<li>Haver fet estudis universitaris, encara que no s\u2019hagin acabat (\u00fanicament per a possibles convalidacions d\u2019unitats formatives de t\u00edtols de t\u00e8cnic\/a superior).<\/li>\n<li>Haver fet estudis oficial d\u2019idiomes o altres estudis amb validesa oficial.<\/li>\n<\/ul>\n<p style=\"text-align: justify;\">Les sol\u00b7licituds que s\u2019ha de presentar a secretaria.<\/p>\n<hr \/>\n<h2><strong>Exempci\u00f3 FCT<\/strong><\/h2>\n<p style=\"text-align: justify;\">L&#8217;exempci\u00f3 sempre s&#8217;ha de considerar com una excepcionalitat, perqu\u00e8 les pr\u00e0ctiques s\u00f3n un cr\u00e8dit o m\u00f2dul essencial en la formaci\u00f3 professional de l&#8217;alumnat, ja que preveu dos grans objectius:<\/p>\n<ol style=\"text-align: justify;\">\n<li>Completar l&#8217;adquisici\u00f3 de la compet\u00e8ncia professional assolida en el cicle formatiu (objectiu de qualificaci\u00f3 professional).<\/li>\n<li>Facilitar la incorporaci\u00f3 de l&#8217;alumnat al m\u00f3n laboral (objectiu d&#8217;inserci\u00f3 laboral).<\/li>\n<\/ol>\n<p style=\"text-align: justify;\">En el cas que l&#8217;alumnat acrediti haver assolit aquests objectius b\u00e0sics de manera parcial o total mitjan\u00e7ant l&#8217;experi\u00e8ncia laboral pot demanar l&#8217;exempci\u00f3 total o parcial de les pr\u00e0ctiques.<\/p>\n<p style=\"text-align: justify;\"><strong>Resoluci\u00f3<\/strong><br \/>\nLa direcci\u00f3 del Centre \u00e9s l\u2019encarregada de resoldre l\u2019exempci\u00f3. Els\/les tutors\/es revisen les peticions recollides pels seus alumnes. La coordinaci\u00f3 de la FP proposa i el\/la directora\/a del Centre la resol.<\/p>\n<p style=\"text-align: justify;\"><strong>Documentaci\u00f3<\/strong><br \/>\nLa sol\u00b7licitud d&#8217;exempci\u00f3 de la FCT s\u2019ha de presentar per escrit i ha d\u2019anar acompanyada dels documents acreditatius corresponents que es descriuen en cadascun dels sup\u00f2sits d\u2019exempci\u00f3. La documentaci\u00f3 ha de ser l\u2019original o una c\u00f2pia compulsada.<br \/>\nLes exempcions es poden tramitar en qualsevol moment del curs o dels cursos del cicle formatiu, abans de l\u2019avaluaci\u00f3 final ordin\u00e0ria. Es recomana tramitar les exempcions a l\u2019inici del curs acad\u00e8mic.<\/p>\n<p>En el seg\u00fcent <a href=\"https:\/\/agora.xtec.cat\/ies-merce-rodoreda\/wp-content\/uploads\/usu644\/2023\/09\/sollicitud-exempcio-FCT-buit-.pdf\" target=\"_blank\" rel=\"noopener\">enlla\u00e7<\/a> trobareu el document per tramitar la sol\u00b7licitud d&#8217;exempci\u00f3 de les FCT.<\/p>\n<h5 style=\"text-align: justify;\">SUP\u00d2SITS D\u2019EXEMPCIONS DE LES FCT<\/h5>\n<p style=\"text-align: justify;\"><strong>EXEMPCI\u00d3 TOTAL<\/strong><\/p>\n<p style=\"text-align: justify;\"><strong>Exempci\u00f3 per experi\u00e8ncia laboral<\/strong><br \/>\nL\u2019exempci\u00f3 del 100% del total de les hores del cr\u00e8dit del cicle s\u2019atorga si l\u2019alumne\/a acredita l\u2019experi\u00e8ncia professional corresponent a un nombre d\u2019hores igual o superior a les del cr\u00e8dit o m\u00f2dul de la FCT, relacionada amb l\u2019\u00e0mbit professional i de treball i les principals ocupacions i llocs de treball del cicle formatiu.<\/p>\n<p style=\"text-align: justify;\"><strong>Exempci\u00f3 per validaci\u00f3 o reconeixement d\u2019experi\u00e8ncia laboral<\/strong><br \/>\nLes persones que tinguin reconegudes i certificades totes les unitats formatives (UF) com a m\u00ednim d\u2019un cr\u00e8dit o m\u00f2dul directament relacionat amb les unitats de compet\u00e8ncia del cicle formatiu, a trav\u00e9s de:<\/p>\n<ul style=\"text-align: justify;\">\n<li>Validaci\u00f3 dels aprenentatges assolits mitjan\u00e7ant l\u2019experi\u00e8ncia laboral o en activitats socials (programa \u201cQualifica\u2019t\u201d).<\/li>\n<li>Reconeixement acad\u00e8mic dels aprenentatges assolits mitjan\u00e7ant l\u2019experi\u00e8ncia laboral, d\u2019acord amb la Resoluci\u00f3 ENS\/1891\/2012, de 23 d\u2019agost, d\u2019organitzaci\u00f3 de diverses mesures flexibilitzadores i actuacions de la formaci\u00f3 professional inicial.<\/li>\n<\/ul>\n<p style=\"text-align: justify;\"><strong>Acreditaci\u00f3<\/strong><br \/>\nS\u2019acredita amb el certificat oficial em\u00e8s per un centre docent autoritzat.<\/p>\n<p style=\"text-align: justify;\"><strong>EXEMPCIONS PARCIALS<\/strong><\/p>\n<p style=\"text-align: justify;\"><strong>Parcial 50%<\/strong><br \/>\nL\u2019exempci\u00f3 parcial del 50% del total de les hores del cr\u00e8dit\/m\u00f2dul del cicle s\u2019atorga si l\u2019alumnat acredita l\u2019experi\u00e8ncia professional corresponent a un nombre d\u2019hores igual o superior al 50% de les del cr\u00e8dit o m\u00f2dul de la FCT, relacionada amb l\u2019\u00e0mbit professional i de treball i les principals ocupacions i llocs de treball del cicle formatiu.<\/p>\n<p style=\"text-align: justify;\"><strong>Parcial 25%<\/strong><br \/>\nL\u2019exempci\u00f3 del 25% del total de les hores del cr\u00e8dit\/m\u00f2dul del cicle s\u2019atorga si l\u2019alumnat acredita experi\u00e8ncia laboral en qualsevol activitat professional. S\u2019ha d\u2019acreditar, com a m\u00ednim, el doble de les hores del cr\u00e8dit o m\u00f2dul de pr\u00e0ctiques del cicle formatiu del qual se sol\u00b7licita l\u2019exempci\u00f3.<\/p>\n<h5>RELACI\u00d3 DE DOCUMENTS ACREDITATIUS<\/h5>\n<p>Per sol.licitar qualsevol tipus d\u2019exempcions:<\/p>\n<ul>\n<li>Informe de la vida laboral em\u00e8s per la Tresoreria General de la Seguretat Social.<\/li>\n<\/ul>\n<p>Per a sol\u00b7licitar les exempcions total o parcial del 50%:<\/p>\n<ul>\n<li>Contractes laborals (original i c\u00f2pia)<\/li>\n<li>Certificat o informe de l\u2019entitat o empresa, on constin les hores d\u2019experi\u00e8ncia laboral, que detalli l\u2019activitat, les funcions i les tasques que ha realitzat l\u2019alumne o alumna.<\/li>\n<li>Fulls de salaris. (Opcional)<\/li>\n<li>Si es treballa per compte propi:\n<ul>\n<li>Certificat d\u2019alta d\u2019activitat econ\u00f2mica.<\/li>\n<li>Rebuts de cotitzaci\u00f3 a la Seguretat Social (si escau).<\/li>\n<li>Quota de r\u00e8gim d\u2019aut\u00f2noms.<\/li>\n<li>Declaraci\u00f3 trimestral positiva de l\u2019activitat econ\u00f2mica (model 130).<\/li>\n<\/ul>\n<\/li>\n<\/ul>\n<hr \/>\n<h2><strong>Matr\u00edcula semipresencial<\/strong><\/h2>\n<p style=\"text-align: justify;\">La matr\u00edcula semipresencial \u00e9s de car\u00e0cter individual i t\u00e9 com a finalitat facilitar l&#8217;acc\u00e9s als ensenyaments de formaci\u00f3 professional de les persones que acrediten documentalment la <strong>incompatibilitat de l&#8217;horari lectiu<\/strong> amb:<\/p>\n<ul style=\"text-align: justify;\">\n<li>el treball,<\/li>\n<li>tenir cura d&#8217;altres persones, o<\/li>\n<li>qualsevol altra circumst\u00e0ncia excepcional que impedeixi o dificulti d&#8217;assistir a totes les hores lectives.<\/li>\n<\/ul>\n<p style=\"text-align: justify;\">La matr\u00edcula semipresencial combina les activitats presencials amb aquelles que no impliquen la pres\u00e8ncia dels alumnes en el centre, per\u00f2 que s\u00f3n dirigides pels professors per tal que es cursin \u00edntegrament totes les activitats d&#8217;aprenentatge programades per al cr\u00e8dit o unitat formativa. Cal assistir presencialment almenys a la meitat de les hores previstes per al cr\u00e8dit o unitat formativa i fer totes les activitats d\u2019aprenentatge programades.\u200b<\/p>\n<p><a href=\"https:\/\/agora.xtec.cat\/ies-merce-rodoreda\/wp-content\/uploads\/usu644\/2023\/07\/Semipresencial-Sollicitud.doc\" target=\"_blank\" rel=\"noopener\">Sol\u00b7licitud que s\u2019ha de presentar a secretaria<\/a><\/p>\n<p>&nbsp;<\/p>\n<p>&nbsp;<\/p>\n","protected":false},"excerpt":{"rendered":"<p>Per poder-ho sol\u00b7licitar cal complir algun dels requisits seg\u00fcents: Haver cursat un altre cicle formatiu de formaci\u00f3 professional. Haver superat [&hellip;]<\/p>\n","protected":false},"author":78,"featured_media":0,"parent":81,"menu_order":0,"comment_status":"closed","ping_status":"closed","template":"page-templates\/side-menu.php","meta":{"site-sidebar-layout":"default","site-content-layout":"","ast-site-content-layout":"","site-content-style":"default","site-sidebar-style":"default","ast-global-header-display":"","ast-banner-title-visibility":"","ast-main-header-display":"","ast-hfb-above-header-display":"","ast-hfb-below-header-display":"","ast-hfb-mobile-header-display":"","site-post-title":"","ast-breadcrumbs-content":"","ast-featured-img":"","footer-sml-layout":"","theme-transparent-header-meta":"","adv-header-id-meta":"","stick-header-meta":"","header-above-stick-meta":"","header-main-stick-meta":"","header-below-stick-meta":"","astra-migrate-meta-layouts":"default","ast-page-background-enabled":"default","ast-page-background-meta":{"desktop":{"background-color":"var(--ast-global-color-4)","background-image":"","background-repeat":"repeat","background-position":"center center","background-size":"auto","background-attachment":"scroll","background-type":"","background-media":"","overlay-type":"","overlay-color":"","overlay-opacity":"","overlay-gradient":""},"tablet":{"background-color":"","background-image":"","background-repeat":"repeat","background-position":"center center","background-size":"auto","background-attachment":"scroll","background-type":"","background-media":"","overlay-type":"","overlay-color":"","overlay-opacity":"","overlay-gradient":""},"mobile":{"background-color":"","background-image":"","background-repeat":"repeat","background-position":"center center","background-size":"auto","background-attachment":"scroll","background-type":"","background-media":"","overlay-type":"","overlay-color":"","overlay-opacity":"","overlay-gradient":""}},"ast-content-background-meta":{"desktop":{"background-color":"var(--ast-global-color-5)","background-image":"","background-repeat":"repeat","background-position":"center center","background-size":"auto","background-attachment":"scroll","background-type":"","background-media":"","overlay-type":"","overlay-color":"","overlay-opacity":"","overlay-gradient":""},"tablet":{"background-color":"var(--ast-global-color-5)","background-image":"","background-repeat":"repeat","background-position":"center center","background-size":"auto","background-attachment":"scroll","background-type":"","background-media":"","overlay-type":"","overlay-color":"","overlay-opacity":"","overlay-gradient":""},"mobile":{"background-color":"var(--ast-global-color-5)","background-image":"","background-repeat":"repeat","background-position":"center center","background-size":"auto","background-attachment":"scroll","background-type":"","background-media":"","overlay-type":"","overlay-color":"","overlay-opacity":"","overlay-gradient":""}},"footnotes":""},"class_list":["post-11992","page","type-page","status-publish","hentry"],"post_mailing_queue_ids":[],"_links":{"self":[{"href":"https:\/\/agora.xtec.cat\/ies-merce-rodoreda\/wp-json\/wp\/v2\/pages\/11992","targetHints":{"allow":["GET"]}}],"collection":[{"href":"https:\/\/agora.xtec.cat\/ies-merce-rodoreda\/wp-json\/wp\/v2\/pages"}],"about":[{"href":"https:\/\/agora.xtec.cat\/ies-merce-rodoreda\/wp-json\/wp\/v2\/types\/page"}],"author":[{"embeddable":true,"href":"https:\/\/agora.xtec.cat\/ies-merce-rodoreda\/wp-json\/wp\/v2\/users\/78"}],"replies":[{"embeddable":true,"href":"https:\/\/agora.xtec.cat\/ies-merce-rodoreda\/wp-json\/wp\/v2\/comments?post=11992"}],"version-history":[{"count":3,"href":"https:\/\/agora.xtec.cat\/ies-merce-rodoreda\/wp-json\/wp\/v2\/pages\/11992\/revisions"}],"predecessor-version":[{"id":14528,"href":"https:\/\/agora.xtec.cat\/ies-merce-rodoreda\/wp-json\/wp\/v2\/pages\/11992\/revisions\/14528"}],"up":[{"embeddable":true,"href":"https:\/\/agora.xtec.cat\/ies-merce-rodoreda\/wp-json\/wp\/v2\/pages\/81"}],"wp:attachment":[{"href":"https:\/\/agora.xtec.cat\/ies-merce-rodoreda\/wp-json\/wp\/v2\/media?parent=11992"}],"curies":[{"name":"wp","href":"https:\/\/api.w.org\/{rel}","templated":true}]}}