{"id":649,"date":"2017-11-18T17:59:38","date_gmt":"2017-11-18T16:59:38","guid":{"rendered":"http:\/\/agora.xtec.cat\/ies-mediterrania-castelldefels\/?page_id=649"},"modified":"2026-01-27T15:18:40","modified_gmt":"2026-01-27T14:18:40","slug":"horaris","status":"publish","type":"page","link":"https:\/\/agora.xtec.cat\/ies-mediterrania-castelldefels\/linstitut\/horaris\/","title":{"rendered":"Horaris"},"content":{"rendered":"\n<p><strong>TORN MATI: 8:00 h a 14:30 h <\/strong><em>(esbarjo d&#8217;11:00 h a 11:30 h). <\/em>Els seg\u00fcents ensenyaments:<strong><\/strong><\/p>\n\n\n\n<ul class=\"wp-block-list\">\n<li>ESO<\/li>\n\n\n\n<li>BATXILLERAT<\/li>\n\n\n\n<li>BATXIBAC<\/li>\n\n\n\n<li><span style=\"font-family: inherit; font-size: 1em;\">CFGM Guia en el medi natural i de temps de lleure<\/span><\/li>\n<\/ul>\n\n\n\n<p><strong>TORN TARDA: 15:00 h a 20:30 h de dilluns a dijous i 15:00 h a 19:30 h divendres<\/strong><em style=\"font-family: inherit; font-size: 1em;\">&nbsp;<\/em><\/p>\n\n\n\n<ul class=\"wp-block-list\">\n<li>Resta de Cicles Formatius<\/li>\n<\/ul>\n\n\n\n<p><span style=\"color: #000000;\">El marc horari de l&#8217;alumnat matriculat en la FP DUAL \u00e9s de 15:00 h a 20:30 h. de dilluns a dimecres, i fan les pr\u00e0ctiques pel mat\u00ed. Dijous i divendres no venen al centre i fan pr\u00e0ctiques mat\u00ed i tarda.<\/span><\/p>\n\n\n\n<p><\/p>\n","protected":false},"excerpt":{"rendered":"<p>TORN MATI: 8:00 h a 14:30 h (esbarjo d&#8217;11:00 h a 11:30 h). Els seg\u00fcents ensenyaments: TORN TARDA: 15:00 h a 20:30 h de dilluns a dijous i 15:00 h a 19:30 h divendres&nbsp; El marc horari de l&#8217;alumnat matriculat en la FP DUAL \u00e9s de 15:00 h a 20:30 h. de dilluns a dimecres, [&hellip;]<\/p>\n","protected":false},"author":1,"featured_media":0,"parent":19,"menu_order":90,"comment_status":"closed","ping_status":"closed","template":"","meta":{"_bbp_topic_count":0,"_bbp_reply_count":0,"_bbp_total_topic_count":0,"_bbp_total_reply_count":0,"_bbp_voice_count":0,"_bbp_anonymous_reply_count":0,"_bbp_topic_count_hidden":0,"_bbp_reply_count_hidden":0,"_bbp_forum_subforum_count":0,"site-sidebar-layout":"default","site-content-layout":"","ast-site-content-layout":"default","site-content-style":"default","site-sidebar-style":"default","ast-global-header-display":"","ast-banner-title-visibility":"","ast-main-header-display":"","ast-hfb-above-header-display":"","ast-hfb-below-header-display":"","ast-hfb-mobile-header-display":"","site-post-title":"","ast-breadcrumbs-content":"","ast-featured-img":"","footer-sml-layout":"","theme-transparent-header-meta":"","adv-header-id-meta":"","stick-header-meta":"","header-above-stick-meta":"","header-main-stick-meta":"","header-below-stick-meta":"","astra-migrate-meta-layouts":"set","ast-page-background-enabled":"default","ast-page-background-meta":{"desktop":{"background-color":"var(--ast-global-color-4)","background-image":"","background-repeat":"repeat","background-position":"center center","background-size":"auto","background-attachment":"scroll","background-type":"","background-media":"","overlay-type":"","overlay-color":"","overlay-opacity":"","overlay-gradient":""},"tablet":{"background-color":"","background-image":"","background-repeat":"repeat","background-position":"center center","background-size":"auto","background-attachment":"scroll","background-type":"","background-media":"","overlay-type":"","overlay-color":"","overlay-opacity":"","overlay-gradient":""},"mobile":{"background-color":"","background-image":"","background-repeat":"repeat","background-position":"center center","background-size":"auto","background-attachment":"scroll","background-type":"","background-media":"","overlay-type":"","overlay-color":"","overlay-opacity":"","overlay-gradient":""}},"ast-content-background-meta":{"desktop":{"background-color":"var(--ast-global-color-5)","background-image":"","background-repeat":"repeat","background-position":"center center","background-size":"auto","background-attachment":"scroll","background-type":"","background-media":"","overlay-type":"","overlay-color":"","overlay-opacity":"","overlay-gradient":""},"tablet":{"background-color":"var(--ast-global-color-5)","background-image":"","background-repeat":"repeat","background-position":"center center","background-size":"auto","background-attachment":"scroll","background-type":"","background-media":"","overlay-type":"","overlay-color":"","overlay-opacity":"","overlay-gradient":""},"mobile":{"background-color":"var(--ast-global-color-5)","background-image":"","background-repeat":"repeat","background-position":"center center","background-size":"auto","background-attachment":"scroll","background-type":"","background-media":"","overlay-type":"","overlay-color":"","overlay-opacity":"","overlay-gradient":""}},"footnotes":""},"class_list":["post-649","page","type-page","status-publish","hentry"],"post_mailing_queue_ids":[],"_links":{"self":[{"href":"https:\/\/agora.xtec.cat\/ies-mediterrania-castelldefels\/wp-json\/wp\/v2\/pages\/649","targetHints":{"allow":["GET"]}}],"collection":[{"href":"https:\/\/agora.xtec.cat\/ies-mediterrania-castelldefels\/wp-json\/wp\/v2\/pages"}],"about":[{"href":"https:\/\/agora.xtec.cat\/ies-mediterrania-castelldefels\/wp-json\/wp\/v2\/types\/page"}],"author":[{"embeddable":true,"href":"https:\/\/agora.xtec.cat\/ies-mediterrania-castelldefels\/wp-json\/wp\/v2\/users\/1"}],"replies":[{"embeddable":true,"href":"https:\/\/agora.xtec.cat\/ies-mediterrania-castelldefels\/wp-json\/wp\/v2\/comments?post=649"}],"version-history":[{"count":6,"href":"https:\/\/agora.xtec.cat\/ies-mediterrania-castelldefels\/wp-json\/wp\/v2\/pages\/649\/revisions"}],"predecessor-version":[{"id":12869,"href":"https:\/\/agora.xtec.cat\/ies-mediterrania-castelldefels\/wp-json\/wp\/v2\/pages\/649\/revisions\/12869"}],"up":[{"embeddable":true,"href":"https:\/\/agora.xtec.cat\/ies-mediterrania-castelldefels\/wp-json\/wp\/v2\/pages\/19"}],"wp:attachment":[{"href":"https:\/\/agora.xtec.cat\/ies-mediterrania-castelldefels\/wp-json\/wp\/v2\/media?parent=649"}],"curies":[{"name":"wp","href":"https:\/\/api.w.org\/{rel}","templated":true}]}}