{"id":615,"date":"2017-11-09T12:48:54","date_gmt":"2017-11-09T11:48:54","guid":{"rendered":"http:\/\/agora.xtec.cat\/ies-mediterrania-castelldefels\/?page_id=615"},"modified":"2026-01-26T19:02:34","modified_gmt":"2026-01-26T18:02:34","slug":"batxillerat","status":"publish","type":"page","link":"https:\/\/agora.xtec.cat\/ies-mediterrania-castelldefels\/estudis\/batxillerat\/","title":{"rendered":"Batxillerat"},"content":{"rendered":"\n<figure class=\"wp-block-image size-large has-custom-border\"><a href=\"https:\/\/agora.xtec.cat\/ies-mediterrania-castelldefels\/wp-content\/uploads\/usu1078\/2026\/01\/BAT_2.jpg\"><img loading=\"lazy\" decoding=\"async\" width=\"1024\" height=\"517\" src=\"https:\/\/agora.xtec.cat\/ies-mediterrania-castelldefels\/wp-content\/uploads\/usu1078\/2026\/01\/BAT_2-1024x517.jpg\" alt=\"\" class=\"wp-image-12652\" style=\"border-radius:60px\" srcset=\"https:\/\/agora.xtec.cat\/ies-mediterrania-castelldefels\/wp-content\/uploads\/usu1078\/2026\/01\/BAT_2-1024x517.jpg 1024w, https:\/\/agora.xtec.cat\/ies-mediterrania-castelldefels\/wp-content\/uploads\/usu1078\/2026\/01\/BAT_2-300x151.jpg 300w, https:\/\/agora.xtec.cat\/ies-mediterrania-castelldefels\/wp-content\/uploads\/usu1078\/2026\/01\/BAT_2-768x387.jpg 768w, https:\/\/agora.xtec.cat\/ies-mediterrania-castelldefels\/wp-content\/uploads\/usu1078\/2026\/01\/BAT_2-1536x775.jpg 1536w, https:\/\/agora.xtec.cat\/ies-mediterrania-castelldefels\/wp-content\/uploads\/usu1078\/2026\/01\/BAT_2.jpg 2038w\" sizes=\"auto, (max-width: 1024px) 100vw, 1024px\" \/><\/a><\/figure>\n\n\n\n<div style=\"height:19px\" aria-hidden=\"true\" class=\"wp-block-spacer\"><\/div>\n\n\n\n<p>El Batxillerat \u00e9s una etapa educativa postobligat\u00f2ria, que es desenvolupa al llarg de dos anys despr\u00e9s de l&#8217;etapa d&#8217;Educaci\u00f3 Secund\u00e0ria.<\/p>\n\n\n\n<p>Per accedir-hi, cal disposar del graduat en ESO.<\/p>\n\n\n\n<p>Al Mediterr\u00e0nia, oferim les modalitats de Batxillerat:<\/p>\n\n\n\n<ul class=\"wp-block-list\">\n<li>Humanitats i Ci\u00e8ncies Socials<\/li>\n\n\n\n<li>Ci\u00e8ncies i Tecnologia<\/li>\n\n\n\n<li>Batxibac<\/li>\n<\/ul>\n\n\n\n<p>Podeu consultar les diverses opcions i combinacions als documents:<\/p>\n\n\n\n<ul class=\"wp-block-list\">\n<li><a href=\"https:\/\/drive.google.com\/file\/d\/1cYy40B25ZVgVlvu4DRiI6BN-5bw2OHQP\/view?usp=sharing\" data-type=\"link\" data-id=\"https:\/\/drive.google.com\/file\/d\/1cYy40B25ZVgVlvu4DRiI6BN-5bw2OHQP\/view?usp=sharing\" target=\"_blank\" rel=\"noreferrer noopener\">Itineraris 1r Batxillerat<\/a> (curs 25-26)<\/li>\n\n\n\n<li><a href=\"https:\/\/drive.google.com\/file\/d\/1qPRZ33pnKWtni5qfqD4bbQV4i7tUQQJk\/view?usp=sharing\" data-type=\"link\" data-id=\"https:\/\/drive.google.com\/file\/d\/1qPRZ33pnKWtni5qfqD4bbQV4i7tUQQJk\/view?usp=sharing\" target=\"_blank\" rel=\"noreferrer noopener\">Itineraris 2n Batxillerat<\/a> (curs 25-26)<\/li>\n\n\n\n<li><a href=\"https:\/\/agora.xtec.cat\/ies-mediterrania-castelldefels\/estudis\/batxillerat\/batxibac\/\">Batxibac<\/a><\/li>\n<\/ul>\n\n\n\n<p>Trobareu m\u00e9s informaci\u00f3 sobre el Batxillerat al <strong><a href=\"https:\/\/drive.google.com\/file\/d\/10gI-aSFpawOwCTPCtKaN66ubrPWIivhQ\/view?usp=sharing\" data-type=\"link\" data-id=\"https:\/\/drive.google.com\/file\/d\/14TwERMfhJu-LEPTF3G2sueFKNTBw3n2Q\/view\" target=\"_blank\" rel=\"noreferrer noopener\">DOSSIER D&#8217;ALUMNAT I FAM\u00cdLIES<\/a><\/strong>.<\/p>\n\n\n\n<p class=\"has-ast-global-color-0-background-color has-background\" style=\"padding-top:0;padding-bottom:0\"><em><strong>IMPORTANT: Cal tenir en compte que de cara al curs 26-27 es preveuen canvis en el Batxillerat degut a la implementaci\u00f3 del nou curr\u00edculum.<\/strong><\/em><\/p>\n\n\n\n<p><\/p>\n","protected":false},"excerpt":{"rendered":"<p>El Batxillerat \u00e9s una etapa educativa postobligat\u00f2ria, que es desenvolupa al llarg de dos anys despr\u00e9s de l&#8217;etapa d&#8217;Educaci\u00f3 Secund\u00e0ria. Per accedir-hi, cal disposar del graduat en ESO. Al Mediterr\u00e0nia, oferim les modalitats de Batxillerat: Podeu consultar les diverses opcions i combinacions als documents: Trobareu m\u00e9s informaci\u00f3 sobre el Batxillerat al DOSSIER D&#8217;ALUMNAT I FAM\u00cdLIES. [&hellip;]<\/p>\n","protected":false},"author":1,"featured_media":0,"parent":195,"menu_order":20,"comment_status":"closed","ping_status":"closed","template":"","meta":{"_bbp_topic_count":0,"_bbp_reply_count":0,"_bbp_total_topic_count":0,"_bbp_total_reply_count":0,"_bbp_voice_count":0,"_bbp_anonymous_reply_count":0,"_bbp_topic_count_hidden":0,"_bbp_reply_count_hidden":0,"_bbp_forum_subforum_count":0,"site-sidebar-layout":"default","site-content-layout":"","ast-site-content-layout":"default","site-content-style":"default","site-sidebar-style":"default","ast-global-header-display":"","ast-banner-title-visibility":"","ast-main-header-display":"","ast-hfb-above-header-display":"","ast-hfb-below-header-display":"","ast-hfb-mobile-header-display":"","site-post-title":"","ast-breadcrumbs-content":"","ast-featured-img":"","footer-sml-layout":"","theme-transparent-header-meta":"","adv-header-id-meta":"","stick-header-meta":"","header-above-stick-meta":"","header-main-stick-meta":"","header-below-stick-meta":"","astra-migrate-meta-layouts":"set","ast-page-background-enabled":"default","ast-page-background-meta":{"desktop":{"background-color":"var(--ast-global-color-4)","background-image":"","background-repeat":"repeat","background-position":"center center","background-size":"auto","background-attachment":"scroll","background-type":"","background-media":"","overlay-type":"","overlay-color":"","overlay-opacity":"","overlay-gradient":""},"tablet":{"background-color":"","background-image":"","background-repeat":"repeat","background-position":"center center","background-size":"auto","background-attachment":"scroll","background-type":"","background-media":"","overlay-type":"","overlay-color":"","overlay-opacity":"","overlay-gradient":""},"mobile":{"background-color":"","background-image":"","background-repeat":"repeat","background-position":"center center","background-size":"auto","background-attachment":"scroll","background-type":"","background-media":"","overlay-type":"","overlay-color":"","overlay-opacity":"","overlay-gradient":""}},"ast-content-background-meta":{"desktop":{"background-color":"var(--ast-global-color-5)","background-image":"","background-repeat":"repeat","background-position":"center center","background-size":"auto","background-attachment":"scroll","background-type":"","background-media":"","overlay-type":"","overlay-color":"","overlay-opacity":"","overlay-gradient":""},"tablet":{"background-color":"var(--ast-global-color-5)","background-image":"","background-repeat":"repeat","background-position":"center center","background-size":"auto","background-attachment":"scroll","background-type":"","background-media":"","overlay-type":"","overlay-color":"","overlay-opacity":"","overlay-gradient":""},"mobile":{"background-color":"var(--ast-global-color-5)","background-image":"","background-repeat":"repeat","background-position":"center center","background-size":"auto","background-attachment":"scroll","background-type":"","background-media":"","overlay-type":"","overlay-color":"","overlay-opacity":"","overlay-gradient":""}},"footnotes":""},"class_list":["post-615","page","type-page","status-publish","hentry"],"post_mailing_queue_ids":[],"_links":{"self":[{"href":"https:\/\/agora.xtec.cat\/ies-mediterrania-castelldefels\/wp-json\/wp\/v2\/pages\/615","targetHints":{"allow":["GET"]}}],"collection":[{"href":"https:\/\/agora.xtec.cat\/ies-mediterrania-castelldefels\/wp-json\/wp\/v2\/pages"}],"about":[{"href":"https:\/\/agora.xtec.cat\/ies-mediterrania-castelldefels\/wp-json\/wp\/v2\/types\/page"}],"author":[{"embeddable":true,"href":"https:\/\/agora.xtec.cat\/ies-mediterrania-castelldefels\/wp-json\/wp\/v2\/users\/1"}],"replies":[{"embeddable":true,"href":"https:\/\/agora.xtec.cat\/ies-mediterrania-castelldefels\/wp-json\/wp\/v2\/comments?post=615"}],"version-history":[{"count":6,"href":"https:\/\/agora.xtec.cat\/ies-mediterrania-castelldefels\/wp-json\/wp\/v2\/pages\/615\/revisions"}],"predecessor-version":[{"id":12720,"href":"https:\/\/agora.xtec.cat\/ies-mediterrania-castelldefels\/wp-json\/wp\/v2\/pages\/615\/revisions\/12720"}],"up":[{"embeddable":true,"href":"https:\/\/agora.xtec.cat\/ies-mediterrania-castelldefels\/wp-json\/wp\/v2\/pages\/195"}],"wp:attachment":[{"href":"https:\/\/agora.xtec.cat\/ies-mediterrania-castelldefels\/wp-json\/wp\/v2\/media?parent=615"}],"curies":[{"name":"wp","href":"https:\/\/api.w.org\/{rel}","templated":true}]}}