{"id":6037,"date":"2021-03-10T14:22:14","date_gmt":"2021-03-10T13:22:14","guid":{"rendered":"http:\/\/agora.xtec.cat\/ies-mediterrania-castelldefels\/?page_id=6037"},"modified":"2026-02-02T10:00:12","modified_gmt":"2026-02-02T09:00:12","slug":"proteccio-de-dades","status":"publish","type":"page","link":"https:\/\/agora.xtec.cat\/ies-mediterrania-castelldefels\/secretaria\/proteccio-de-dades\/","title":{"rendered":"Protecci\u00f3 de dades"},"content":{"rendered":"\n<p><b>Nota informativa sobre el tractament de dades per part del centre<\/b><\/p>\n\n\n\n<p>L&#8217;Institut Mediterr\u00e0nia \u00e9s el responsable del tractament de les dades<\/p>\n\n\n\n<p><b>Amb quina finalitat tractem les dades:<\/b><\/p>\n\n\n\n<ul class=\"wp-block-list\">\n<li>Per gestionar l&#8217;acci\u00f3 educativa, l&#8217;orientaci\u00f3 acad\u00e8mica i professional; la participaci\u00f3 dels alumnes en les activitats curriculars de Servei Comunitari; l&#8217;acci\u00f3 tutorial i de comunicaci\u00f3 amb les fam\u00edlies; l&#8217;avaluaci\u00f3 objectiva del rendiment escolar; el comprom\u00eds dels alumnes i les fam\u00edlies en el proc\u00e9s educatiu, i l&#8217;acc\u00e9s als serveis digitals i telem\u00e0tics facilitats pel Departament.<\/li>\n\n\n\n<li>Per gestionar la participaci\u00f3 dels alumnes en els programes i actuacions finan\u00e7ades pel Ministeri d&#8217;Educaci\u00f3 i cofinan\u00e7ades pel Fons Social Europeu.<\/li>\n\n\n\n<li>Per gestionar la difusi\u00f3 d&#8217;imatges, veu i material que han elaborat els alumnes en els espais de comunicaci\u00f3 i difusi\u00f3 del centre, amb relaci\u00f3 a les activitats escolars lectives, complement\u00e0ries i extraescolars que porten terme.<\/li>\n\n\n\n<li>Per gestionar les credencials i els accessos als serveis i recursos digitals a Internet per treballar a l&#8217;aula.<\/li>\n\n\n\n<li>Per gestionar les aportacions econ\u00f2miques de les fam\u00edlies o dels alumnes per als serveis escolars que presten els centres.<\/li>\n\n\n\n<li>La utilitzaci\u00f3 dels serveis que presten els centres est\u00e0 sotmesa als principis de voluntarietat, de no discriminaci\u00f3 i de pagament del cost (amb algunes excepcions de gratu\u00eftat i de limitaci\u00f3 d&#8217;imports), aix\u00ed com de no tenir un car\u00e0cter lucratiu.<\/li>\n<\/ul>\n\n\n\n<p><span style=\"color: #444444;\">Les dades no es&nbsp;<\/span>cediran<span style=\"color: #444444;\">&nbsp;a tercers excepte en els casos en qu\u00e8 hi hagi una obligaci\u00f3 legal. Vost\u00e8s tenen dret a obtenir informaci\u00f3 sobre el tractament de les seves dades personals per part de l\u2019Institut Mediterr\u00e0nia, per la qual cosa poden exercir els seus drets&nbsp;<\/span>d\u2019acc\u00e9s<span style=\"color: #444444;\">, rectificaci\u00f3,&nbsp;<\/span>supressi\u00f3, oposici\u00f3 al tractament i sol\u00b7licitud de limitaci\u00f3,<span style=\"color: #444444;\">&nbsp;<\/span>adre\u00e7ant una sol\u00b7licitud en suport paper a la unitat responsable del Departament d&#8217;Educaci\u00f3 o al centre educatiu o al servei educatiu que correspongui.<\/p>\n\n\n\n<p>Tamb\u00e9 es pot fer en format electr\u00f2nic, mitjan\u00e7ant la petici\u00f3 gen\u00e8rica disponible a tr\u00e0mits gencat (la presentaci\u00f3 de la sol\u00b7licitud per mitjans electr\u00f2nics requereix disposar de certificat electr\u00f2nic o b\u00e9 del sistema alternatiu d&#8217;identificaci\u00f3 idCat M\u00f2bil). Heu d&#8217;indicar clarament a la vostra sol\u00b7licitud quin o quins drets exerciu.<\/p>\n\n\n\n<p>Es pot consultar la informaci\u00f3 addicional i detallada sobre protecci\u00f3 de dades que figura a la web del Departament d&#8217;Educaci\u00f3:<\/p>\n\n\n\n<p><a href=\"http:\/\/educacio.gencat.cat\/ca\/Detall\/alumnes-centres-departament\" target=\"_blank\" rel=\"noopener noreferrer\" data-saferedirecturl=\"https:\/\/www.google.com\/url?q=http:\/\/educacio.gencat.cat\/ca\/Detall\/alumnes-centres-departament&amp;source=gmail&amp;ust=1615467562946000&amp;usg=AFQjCNF8ZofbebsZg43pl-6uCR-7P3kxOA\">http:\/\/educacio.gencat.cat\/ca\/<wbr>Detall\/alumnes-centres-<wbr>departament<\/a><\/p>\n\n\n\n<p>L&#8217;adre\u00e7a de contacte del delegat o delegada de protecci\u00f3 de dades del departament d&#8217;Educaci\u00f3 \u00e9s:&nbsp;<span style=\"color: #073763;\"><a href=\"mailto:dpd.educacio@gencat.cat\" target=\"_blank\" rel=\"noopener noreferrer\">dpd.educacio@gencat.cat<\/a><\/span><\/p>\n","protected":false},"excerpt":{"rendered":"<p>Nota informativa sobre el tractament de dades per part del centre L&#8217;Institut Mediterr\u00e0nia \u00e9s el responsable del tractament de les dades Amb quina finalitat tractem les dades: Les dades no es&nbsp;cediran&nbsp;a tercers excepte en els casos en qu\u00e8 hi hagi una obligaci\u00f3 legal. Vost\u00e8s tenen dret a obtenir informaci\u00f3 sobre el tractament de les seves [&hellip;]<\/p>\n","protected":false},"author":1,"featured_media":0,"parent":81,"menu_order":70,"comment_status":"closed","ping_status":"closed","template":"","meta":{"_bbp_topic_count":0,"_bbp_reply_count":0,"_bbp_total_topic_count":0,"_bbp_total_reply_count":0,"_bbp_voice_count":0,"_bbp_anonymous_reply_count":0,"_bbp_topic_count_hidden":0,"_bbp_reply_count_hidden":0,"_bbp_forum_subforum_count":0,"site-sidebar-layout":"default","site-content-layout":"","ast-site-content-layout":"default","site-content-style":"default","site-sidebar-style":"default","ast-global-header-display":"","ast-banner-title-visibility":"","ast-main-header-display":"","ast-hfb-above-header-display":"","ast-hfb-below-header-display":"","ast-hfb-mobile-header-display":"","site-post-title":"","ast-breadcrumbs-content":"","ast-featured-img":"","footer-sml-layout":"","theme-transparent-header-meta":"","adv-header-id-meta":"","stick-header-meta":"","header-above-stick-meta":"","header-main-stick-meta":"","header-below-stick-meta":"","astra-migrate-meta-layouts":"set","ast-page-background-enabled":"default","ast-page-background-meta":{"desktop":{"background-color":"var(--ast-global-color-4)","background-image":"","background-repeat":"repeat","background-position":"center center","background-size":"auto","background-attachment":"scroll","background-type":"","background-media":"","overlay-type":"","overlay-color":"","overlay-opacity":"","overlay-gradient":""},"tablet":{"background-color":"","background-image":"","background-repeat":"repeat","background-position":"center center","background-size":"auto","background-attachment":"scroll","background-type":"","background-media":"","overlay-type":"","overlay-color":"","overlay-opacity":"","overlay-gradient":""},"mobile":{"background-color":"","background-image":"","background-repeat":"repeat","background-position":"center center","background-size":"auto","background-attachment":"scroll","background-type":"","background-media":"","overlay-type":"","overlay-color":"","overlay-opacity":"","overlay-gradient":""}},"ast-content-background-meta":{"desktop":{"background-color":"var(--ast-global-color-5)","background-image":"","background-repeat":"repeat","background-position":"center center","background-size":"auto","background-attachment":"scroll","background-type":"","background-media":"","overlay-type":"","overlay-color":"","overlay-opacity":"","overlay-gradient":""},"tablet":{"background-color":"var(--ast-global-color-5)","background-image":"","background-repeat":"repeat","background-position":"center center","background-size":"auto","background-attachment":"scroll","background-type":"","background-media":"","overlay-type":"","overlay-color":"","overlay-opacity":"","overlay-gradient":""},"mobile":{"background-color":"var(--ast-global-color-5)","background-image":"","background-repeat":"repeat","background-position":"center center","background-size":"auto","background-attachment":"scroll","background-type":"","background-media":"","overlay-type":"","overlay-color":"","overlay-opacity":"","overlay-gradient":""}},"footnotes":""},"class_list":["post-6037","page","type-page","status-publish","hentry"],"post_mailing_queue_ids":[],"_links":{"self":[{"href":"https:\/\/agora.xtec.cat\/ies-mediterrania-castelldefels\/wp-json\/wp\/v2\/pages\/6037","targetHints":{"allow":["GET"]}}],"collection":[{"href":"https:\/\/agora.xtec.cat\/ies-mediterrania-castelldefels\/wp-json\/wp\/v2\/pages"}],"about":[{"href":"https:\/\/agora.xtec.cat\/ies-mediterrania-castelldefels\/wp-json\/wp\/v2\/types\/page"}],"author":[{"embeddable":true,"href":"https:\/\/agora.xtec.cat\/ies-mediterrania-castelldefels\/wp-json\/wp\/v2\/users\/1"}],"replies":[{"embeddable":true,"href":"https:\/\/agora.xtec.cat\/ies-mediterrania-castelldefels\/wp-json\/wp\/v2\/comments?post=6037"}],"version-history":[{"count":5,"href":"https:\/\/agora.xtec.cat\/ies-mediterrania-castelldefels\/wp-json\/wp\/v2\/pages\/6037\/revisions"}],"predecessor-version":[{"id":12920,"href":"https:\/\/agora.xtec.cat\/ies-mediterrania-castelldefels\/wp-json\/wp\/v2\/pages\/6037\/revisions\/12920"}],"up":[{"embeddable":true,"href":"https:\/\/agora.xtec.cat\/ies-mediterrania-castelldefels\/wp-json\/wp\/v2\/pages\/81"}],"wp:attachment":[{"href":"https:\/\/agora.xtec.cat\/ies-mediterrania-castelldefels\/wp-json\/wp\/v2\/media?parent=6037"}],"curies":[{"name":"wp","href":"https:\/\/api.w.org\/{rel}","templated":true}]}}