{"id":586,"date":"2017-11-09T12:33:54","date_gmt":"2017-11-09T11:33:54","guid":{"rendered":"http:\/\/agora.xtec.cat\/ies-mediterrania-castelldefels\/?page_id=586"},"modified":"2026-01-26T09:16:12","modified_gmt":"2026-01-26T08:16:12","slug":"eso","status":"publish","type":"page","link":"https:\/\/agora.xtec.cat\/ies-mediterrania-castelldefels\/estudis\/eso\/","title":{"rendered":"ESO"},"content":{"rendered":"\n<figure class=\"wp-block-image size-large has-custom-border\"><a href=\"https:\/\/agora.xtec.cat\/ies-mediterrania-castelldefels\/wp-content\/uploads\/usu1078\/2026\/01\/Carrussel9.jpg\"><img loading=\"lazy\" decoding=\"async\" width=\"1024\" height=\"422\" src=\"https:\/\/agora.xtec.cat\/ies-mediterrania-castelldefels\/wp-content\/uploads\/usu1078\/2026\/01\/Carrussel9-1024x422.jpg\" alt=\"\" class=\"wp-image-12437\" style=\"border-style:none;border-width:0px;border-radius:62px\" srcset=\"https:\/\/agora.xtec.cat\/ies-mediterrania-castelldefels\/wp-content\/uploads\/usu1078\/2026\/01\/Carrussel9-1024x422.jpg 1024w, https:\/\/agora.xtec.cat\/ies-mediterrania-castelldefels\/wp-content\/uploads\/usu1078\/2026\/01\/Carrussel9-300x124.jpg 300w, https:\/\/agora.xtec.cat\/ies-mediterrania-castelldefels\/wp-content\/uploads\/usu1078\/2026\/01\/Carrussel9-768x316.jpg 768w, https:\/\/agora.xtec.cat\/ies-mediterrania-castelldefels\/wp-content\/uploads\/usu1078\/2026\/01\/Carrussel9-1536x632.jpg 1536w, https:\/\/agora.xtec.cat\/ies-mediterrania-castelldefels\/wp-content\/uploads\/usu1078\/2026\/01\/Carrussel9.jpg 1948w\" sizes=\"auto, (max-width: 1024px) 100vw, 1024px\" \/><\/a><\/figure>\n\n\n\n<div style=\"height:38px\" aria-hidden=\"true\" class=\"wp-block-spacer\"><\/div>\n\n\n\n<p>L\u2019ESO (Educaci\u00f3 Secundaria Obligat\u00f2ria) \u00e9s una etapa educativa obligat\u00f2ria, que es desenvolupa al llarg de quatre anys despr\u00e9s de l\u2019etapa d\u2019Educaci\u00f3 Prim\u00e0ria.<\/p>\n\n\n\n<p>A l&#8217;institut Mediterr\u00e0nia eduquem i formem l&#8217;alumnat de l&#8217;ESO com a ciutadans responsables, cr\u00edtics, democr\u00e0tics i competents en habilitats socials, personals, acad\u00e8miques i professionals. <\/p>\n\n\n\n<p>L&#8217;ESO a m\u00e9s proporciona la formaci\u00f3 necess\u00e0ria per a seguir els estudis cap al Batxillerat o la Formaci\u00f3 Professional. <\/p>\n\n\n\n<p>Al Mediterr\u00e0nia,  despr\u00e9s de l&#8217;ESO podreu continuar els estudis de Batxillerat i\/o Cicles Formatius de Grau Mitj\u00e0 o Superior, amb programes espec\u00edfics com el Batxibac o l&#8217;Erasmus+, sense canviar de centre.&nbsp;<\/p>\n\n\n\n<p>Trobareu tota la informaci\u00f3 sobre l&#8217;ESO al <strong><a href=\"https:\/\/drive.google.com\/file\/d\/14TwERMfhJu-LEPTF3G2sueFKNTBw3n2Q\/view?usp=sharing\" data-type=\"link\" data-id=\"https:\/\/drive.google.com\/file\/d\/14TwERMfhJu-LEPTF3G2sueFKNTBw3n2Q\/view\" target=\"_blank\" rel=\"noreferrer noopener\">DOSSIER D&#8217;ALUMNAT I FAM\u00cdLIES<\/a><\/strong>.<\/p>\n\n\n\n<p><\/p>\n","protected":false},"excerpt":{"rendered":"<p>L\u2019ESO (Educaci\u00f3 Secundaria Obligat\u00f2ria) \u00e9s una etapa educativa obligat\u00f2ria, que es desenvolupa al llarg de quatre anys despr\u00e9s de l\u2019etapa d\u2019Educaci\u00f3 Prim\u00e0ria. A l&#8217;institut Mediterr\u00e0nia eduquem i formem l&#8217;alumnat de l&#8217;ESO com a ciutadans responsables, cr\u00edtics, democr\u00e0tics i competents en habilitats socials, personals, acad\u00e8miques i professionals. L&#8217;ESO a m\u00e9s proporciona la formaci\u00f3 necess\u00e0ria per a [&hellip;]<\/p>\n","protected":false},"author":1,"featured_media":12437,"parent":195,"menu_order":10,"comment_status":"closed","ping_status":"closed","template":"","meta":{"_bbp_topic_count":0,"_bbp_reply_count":0,"_bbp_total_topic_count":0,"_bbp_total_reply_count":0,"_bbp_voice_count":0,"_bbp_anonymous_reply_count":0,"_bbp_topic_count_hidden":0,"_bbp_reply_count_hidden":0,"_bbp_forum_subforum_count":0,"site-sidebar-layout":"default","site-content-layout":"","ast-site-content-layout":"default","site-content-style":"default","site-sidebar-style":"default","ast-global-header-display":"","ast-banner-title-visibility":"","ast-main-header-display":"","ast-hfb-above-header-display":"","ast-hfb-below-header-display":"","ast-hfb-mobile-header-display":"","site-post-title":"","ast-breadcrumbs-content":"","ast-featured-img":"","footer-sml-layout":"","theme-transparent-header-meta":"","adv-header-id-meta":"","stick-header-meta":"","header-above-stick-meta":"","header-main-stick-meta":"","header-below-stick-meta":"","astra-migrate-meta-layouts":"set","ast-page-background-enabled":"default","ast-page-background-meta":{"desktop":{"background-color":"var(--ast-global-color-4)","background-image":"","background-repeat":"repeat","background-position":"center center","background-size":"auto","background-attachment":"scroll","background-type":"","background-media":"","overlay-type":"","overlay-color":"","overlay-opacity":"","overlay-gradient":""},"tablet":{"background-color":"","background-image":"","background-repeat":"repeat","background-position":"center center","background-size":"auto","background-attachment":"scroll","background-type":"","background-media":"","overlay-type":"","overlay-color":"","overlay-opacity":"","overlay-gradient":""},"mobile":{"background-color":"","background-image":"","background-repeat":"repeat","background-position":"center center","background-size":"auto","background-attachment":"scroll","background-type":"","background-media":"","overlay-type":"","overlay-color":"","overlay-opacity":"","overlay-gradient":""}},"ast-content-background-meta":{"desktop":{"background-color":"var(--ast-global-color-5)","background-image":"","background-repeat":"repeat","background-position":"center center","background-size":"auto","background-attachment":"scroll","background-type":"","background-media":"","overlay-type":"","overlay-color":"","overlay-opacity":"","overlay-gradient":""},"tablet":{"background-color":"var(--ast-global-color-5)","background-image":"","background-repeat":"repeat","background-position":"center center","background-size":"auto","background-attachment":"scroll","background-type":"","background-media":"","overlay-type":"","overlay-color":"","overlay-opacity":"","overlay-gradient":""},"mobile":{"background-color":"var(--ast-global-color-5)","background-image":"","background-repeat":"repeat","background-position":"center center","background-size":"auto","background-attachment":"scroll","background-type":"","background-media":"","overlay-type":"","overlay-color":"","overlay-opacity":"","overlay-gradient":""}},"footnotes":""},"class_list":["post-586","page","type-page","status-publish","has-post-thumbnail","hentry"],"post_mailing_queue_ids":[],"_links":{"self":[{"href":"https:\/\/agora.xtec.cat\/ies-mediterrania-castelldefels\/wp-json\/wp\/v2\/pages\/586","targetHints":{"allow":["GET"]}}],"collection":[{"href":"https:\/\/agora.xtec.cat\/ies-mediterrania-castelldefels\/wp-json\/wp\/v2\/pages"}],"about":[{"href":"https:\/\/agora.xtec.cat\/ies-mediterrania-castelldefels\/wp-json\/wp\/v2\/types\/page"}],"author":[{"embeddable":true,"href":"https:\/\/agora.xtec.cat\/ies-mediterrania-castelldefels\/wp-json\/wp\/v2\/users\/1"}],"replies":[{"embeddable":true,"href":"https:\/\/agora.xtec.cat\/ies-mediterrania-castelldefels\/wp-json\/wp\/v2\/comments?post=586"}],"version-history":[{"count":6,"href":"https:\/\/agora.xtec.cat\/ies-mediterrania-castelldefels\/wp-json\/wp\/v2\/pages\/586\/revisions"}],"predecessor-version":[{"id":12667,"href":"https:\/\/agora.xtec.cat\/ies-mediterrania-castelldefels\/wp-json\/wp\/v2\/pages\/586\/revisions\/12667"}],"up":[{"embeddable":true,"href":"https:\/\/agora.xtec.cat\/ies-mediterrania-castelldefels\/wp-json\/wp\/v2\/pages\/195"}],"wp:featuredmedia":[{"embeddable":true,"href":"https:\/\/agora.xtec.cat\/ies-mediterrania-castelldefels\/wp-json\/wp\/v2\/media\/12437"}],"wp:attachment":[{"href":"https:\/\/agora.xtec.cat\/ies-mediterrania-castelldefels\/wp-json\/wp\/v2\/media?parent=586"}],"curies":[{"name":"wp","href":"https:\/\/api.w.org\/{rel}","templated":true}]}}