{"id":57,"date":"2014-09-17T17:01:07","date_gmt":"2014-09-17T15:01:07","guid":{"rendered":"http:\/\/agora.xtec.cat\/ies-mediterrania-castelldefels\/?page_id=57"},"modified":"2026-01-29T19:11:09","modified_gmt":"2026-01-29T18:11:09","slug":"projecte-educatiu","status":"publish","type":"page","link":"https:\/\/agora.xtec.cat\/ies-mediterrania-castelldefels\/linstitut\/projecte-educatiu\/","title":{"rendered":"Projecte educatiu i documentaci\u00f3"},"content":{"rendered":"\n<p>D&#8217;acord amb la <a title=\"Article 91 LEC\" href=\"http:\/\/www20.gencat.cat\/portal\/site\/portaljuridic\/menuitem.d15a4e5dfb99396dc366ec10b0c0e1a0\/?vgnextoid=b85297b5a87d6210VgnVCM1000000b0c1e0aRCRD&amp;vgnextchannel=b85297b5a87d6210VgnVCM1000000b0c1e0aRCRD&amp;vgnextfmt=default&amp;action=fitxa&amp;portalId=1&amp;documentId=480169&amp;newLang=ca_ES#fragment-1182442\" target=\"_blank\" rel=\"noopener noreferrer\">Llei d&#8217;Educaci\u00f3 de Catalunya<\/a>, el projecte educatiu descriu el car\u00e0cter propi de cada&nbsp;centre. Els documents estrat\u00e8gics de l&#8217;INS Mediterr\u00e0nia s\u00f3n els seg\u00fcents:<\/p>\n\n\n\n<p><a href=\"https:\/\/drive.google.com\/file\/d\/1_Jj6d8RCMeywcSpo41e4G2Kvc10KyEGq\/view?usp=sharing\" data-type=\"link\" data-id=\"https:\/\/drive.google.com\/file\/d\/1_Jj6d8RCMeywcSpo41e4G2Kvc10KyEGq\/view?usp=sharing\" target=\"_blank\" rel=\"noreferrer noopener\">PEC<\/a> Projecte educatiu de centre<\/p>\n\n\n\n<p><a href=\"https:\/\/drive.google.com\/file\/d\/17S_AFNcT4UIHZWI5MA6G-XiUfcMeX0BY\/view?usp=sharing\" target=\"_blank\" rel=\"noopener\">NOFC<\/a>     Normes d&#8217;organitzaci\u00f3 i funcionament de&nbsp;centre<\/p>\n\n\n\n<p>PD Projecte de direcci\u00f3<\/p>\n\n\n\n<p><a href=\"https:\/\/drive.google.com\/file\/d\/10zfvPJKAwX7AZW-_5zH-VV9TWrqaQ2wx\/view?usp=sharing\" target=\"_blank\" rel=\"noopener\">PGA <\/a>    Programaci\u00f3 general anual<\/p>\n\n\n\n<p>MA Mem\u00f2ria anual<\/p>\n\n\n\n<p><a href=\"https:\/\/drive.google.com\/file\/d\/1tQaqlQviuZxbLocF6jxrsaUrtTGQLOq-\/view?usp=sharing\" target=\"_blank\" rel=\"noreferrer noopener\">PLC<\/a> Projecte ling\u00fc\u00edstic de centre<\/p>\n\n\n\n<p><a href=\"https:\/\/drive.google.com\/file\/d\/1OAx477ghtTEGySSHBv97L2q1mSu48qwf\/view?usp=sharing\" target=\"_blank\" rel=\"noreferrer noopener\">PES<\/a> Projecte esportiu de centre<\/p>\n\n\n\n<p>\u00a0<a href=\"https:\/\/sites.google.com\/xtec.cat\/edc-institut-mediterrania?usp=sharing\" target=\"_blank\" rel=\"noreferrer noopener\">EDC<\/a> Estrat\u00e8gia digital de centre<\/p>\n\n\n\n<p>PC Pla de comunicaci\u00f3<\/p>\n\n\n\n<p>PE Pla d&#8217;emerg\u00e8ncia<\/p>\n","protected":false},"excerpt":{"rendered":"<p>D&#8217;acord amb la Llei d&#8217;Educaci\u00f3 de Catalunya, el projecte educatiu descriu el car\u00e0cter propi de cada&nbsp;centre. Els documents estrat\u00e8gics de l&#8217;INS Mediterr\u00e0nia s\u00f3n els seg\u00fcents: PEC Projecte educatiu de centre NOFC Normes d&#8217;organitzaci\u00f3 i funcionament de&nbsp;centre PD Projecte de direcci\u00f3 PGA Programaci\u00f3 general anual MA Mem\u00f2ria anual PLC Projecte ling\u00fc\u00edstic de centre PES Projecte esportiu [&hellip;]<\/p>\n","protected":false},"author":1,"featured_media":0,"parent":19,"menu_order":0,"comment_status":"closed","ping_status":"closed","template":"","meta":{"_bbp_topic_count":0,"_bbp_reply_count":0,"_bbp_total_topic_count":0,"_bbp_total_reply_count":0,"_bbp_voice_count":0,"_bbp_anonymous_reply_count":0,"_bbp_topic_count_hidden":0,"_bbp_reply_count_hidden":0,"_bbp_forum_subforum_count":0,"site-sidebar-layout":"default","site-content-layout":"","ast-site-content-layout":"default","site-content-style":"default","site-sidebar-style":"default","ast-global-header-display":"","ast-banner-title-visibility":"","ast-main-header-display":"","ast-hfb-above-header-display":"","ast-hfb-below-header-display":"","ast-hfb-mobile-header-display":"","site-post-title":"","ast-breadcrumbs-content":"","ast-featured-img":"","footer-sml-layout":"","theme-transparent-header-meta":"","adv-header-id-meta":"","stick-header-meta":"","header-above-stick-meta":"","header-main-stick-meta":"","header-below-stick-meta":"","astra-migrate-meta-layouts":"set","ast-page-background-enabled":"default","ast-page-background-meta":{"desktop":{"background-color":"var(--ast-global-color-4)","background-image":"","background-repeat":"repeat","background-position":"center center","background-size":"auto","background-attachment":"scroll","background-type":"","background-media":"","overlay-type":"","overlay-color":"","overlay-opacity":"","overlay-gradient":""},"tablet":{"background-color":"","background-image":"","background-repeat":"repeat","background-position":"center center","background-size":"auto","background-attachment":"scroll","background-type":"","background-media":"","overlay-type":"","overlay-color":"","overlay-opacity":"","overlay-gradient":""},"mobile":{"background-color":"","background-image":"","background-repeat":"repeat","background-position":"center center","background-size":"auto","background-attachment":"scroll","background-type":"","background-media":"","overlay-type":"","overlay-color":"","overlay-opacity":"","overlay-gradient":""}},"ast-content-background-meta":{"desktop":{"background-color":"var(--ast-global-color-5)","background-image":"","background-repeat":"repeat","background-position":"center center","background-size":"auto","background-attachment":"scroll","background-type":"","background-media":"","overlay-type":"","overlay-color":"","overlay-opacity":"","overlay-gradient":""},"tablet":{"background-color":"var(--ast-global-color-5)","background-image":"","background-repeat":"repeat","background-position":"center center","background-size":"auto","background-attachment":"scroll","background-type":"","background-media":"","overlay-type":"","overlay-color":"","overlay-opacity":"","overlay-gradient":""},"mobile":{"background-color":"var(--ast-global-color-5)","background-image":"","background-repeat":"repeat","background-position":"center center","background-size":"auto","background-attachment":"scroll","background-type":"","background-media":"","overlay-type":"","overlay-color":"","overlay-opacity":"","overlay-gradient":""}},"footnotes":""},"class_list":["post-57","page","type-page","status-publish","hentry"],"post_mailing_queue_ids":[],"_links":{"self":[{"href":"https:\/\/agora.xtec.cat\/ies-mediterrania-castelldefels\/wp-json\/wp\/v2\/pages\/57","targetHints":{"allow":["GET"]}}],"collection":[{"href":"https:\/\/agora.xtec.cat\/ies-mediterrania-castelldefels\/wp-json\/wp\/v2\/pages"}],"about":[{"href":"https:\/\/agora.xtec.cat\/ies-mediterrania-castelldefels\/wp-json\/wp\/v2\/types\/page"}],"author":[{"embeddable":true,"href":"https:\/\/agora.xtec.cat\/ies-mediterrania-castelldefels\/wp-json\/wp\/v2\/users\/1"}],"replies":[{"embeddable":true,"href":"https:\/\/agora.xtec.cat\/ies-mediterrania-castelldefels\/wp-json\/wp\/v2\/comments?post=57"}],"version-history":[{"count":6,"href":"https:\/\/agora.xtec.cat\/ies-mediterrania-castelldefels\/wp-json\/wp\/v2\/pages\/57\/revisions"}],"predecessor-version":[{"id":12894,"href":"https:\/\/agora.xtec.cat\/ies-mediterrania-castelldefels\/wp-json\/wp\/v2\/pages\/57\/revisions\/12894"}],"up":[{"embeddable":true,"href":"https:\/\/agora.xtec.cat\/ies-mediterrania-castelldefels\/wp-json\/wp\/v2\/pages\/19"}],"wp:attachment":[{"href":"https:\/\/agora.xtec.cat\/ies-mediterrania-castelldefels\/wp-json\/wp\/v2\/media?parent=57"}],"curies":[{"name":"wp","href":"https:\/\/api.w.org\/{rel}","templated":true}]}}