{"id":567,"date":"2017-11-08T22:28:10","date_gmt":"2017-11-08T21:28:10","guid":{"rendered":"http:\/\/agora.xtec.cat\/ies-mediterrania-castelldefels\/?page_id=567"},"modified":"2026-04-17T21:13:56","modified_gmt":"2026-04-17T19:13:56","slug":"batxibac","status":"publish","type":"page","link":"https:\/\/agora.xtec.cat\/ies-mediterrania-castelldefels\/estudis\/batxillerat\/batxibac\/","title":{"rendered":"Batxibac"},"content":{"rendered":"\n<figure class=\"wp-block-image size-full\"><a href=\"https:\/\/agora.xtec.cat\/ies-mediterrania-castelldefels\/wp-content\/uploads\/usu1078\/2026\/01\/Imatge2.png\"><img loading=\"lazy\" decoding=\"async\" width=\"318\" height=\"175\" src=\"https:\/\/agora.xtec.cat\/ies-mediterrania-castelldefels\/wp-content\/uploads\/usu1078\/2026\/01\/Imatge2.png\" alt=\"\" class=\"wp-image-12637\" srcset=\"https:\/\/agora.xtec.cat\/ies-mediterrania-castelldefels\/wp-content\/uploads\/usu1078\/2026\/01\/Imatge2.png 318w, https:\/\/agora.xtec.cat\/ies-mediterrania-castelldefels\/wp-content\/uploads\/usu1078\/2026\/01\/Imatge2-300x165.png 300w\" sizes=\"auto, (max-width: 318px) 100vw, 318px\" \/><\/a><\/figure>\n\n\n\n<p class=\"has-ast-global-color-2-color has-text-color has-link-color has-medium-font-size wp-elements-feb83eb7765c8042ddbfdd681fa9abec\"><strong>DOBLE TITULACI\u00d3 BATXILLERAT &#8211; BACCALAUR\u00c9AT<\/strong><\/p>\n\n\n\n<p>El Batxibac \u00e9s un programa que integra el temari del batxillerat espanyol amb els continguts essencials de la realitat hist\u00f2rica, liter\u00e0ria, social i pol\u00edtica de Fran\u00e7a.<\/p>\n\n\n\n<p>L&#8217;alumnat que cursa el Batxibac, ha de fer un ter\u00e7 de l&#8217;horari lectiu del batxillerat en franc\u00e8s i cursar les mat\u00e8ries de <em>Llengua i literatura franceses<\/em> i <em>Hist\u00f2ria de Fran\u00e7a<\/em>.&nbsp;<\/p>\n\n\n\n<p>Per poder accedir-hi, caldr\u00e0 acreditar un nivell de coneixements de franc\u00e8s (B1) mitjan\u00e7ant un certificat, o superar una prova de nivell.<\/p>\n\n\n\n<p>En acabar el 2n de batxillerat, l&#8217;alumnat es pot presentar a una prova externa per a l&#8217;obtenci\u00f3 del t\u00edtol de Baccalaur\u00e9at, podent <strong>optar aix\u00ed a les universitats franceses en el mateixes condicions que l&#8217;alumnat del Baccalaur\u00e9at franc\u00e8s<\/strong>.<\/p>\n\n\n\n<p>A m\u00e9s, obtindr\u00e1 directament la <strong>convalidaci\u00f3 del nivell B2 de franc\u00e8s del CECR<\/strong>.<\/p>\n\n\n\n<h2 class=\"wp-block-heading has-ast-global-color-0-color has-text-color has-link-color has-medium-font-size wp-elements-9cb990ad3842cb061ab21a28cde83215\"><em><strong>Si hi esteu interessats, no dubtes en posar-vos en contacte amb nosaltres!<\/strong><\/em><\/h2>\n\n\n\n<p>Trobareu m\u00e9s informaci\u00f3 a: <a href=\"https:\/\/xtec.gencat.cat\/ca\/curriculum\/batxillerat\/baccalaureat\/\" target=\"_blank\" rel=\"noreferrer noopener\">https:\/\/xtec.gencat.cat\/ca\/curriculum\/batxillerat\/baccalaureat\/<\/a><\/p>\n\n\n\n<p><\/p>\n","protected":false},"excerpt":{"rendered":"<p>DOBLE TITULACI\u00d3 BATXILLERAT &#8211; BACCALAUR\u00c9AT El Batxibac \u00e9s un programa que integra el temari del batxillerat espanyol amb els continguts essencials de la realitat hist\u00f2rica, liter\u00e0ria, social i pol\u00edtica de Fran\u00e7a. L&#8217;alumnat que cursa el Batxibac, ha de fer un ter\u00e7 de l&#8217;horari lectiu del batxillerat en franc\u00e8s i cursar les mat\u00e8ries de Llengua i [&hellip;]<\/p>\n","protected":false},"author":1,"featured_media":0,"parent":615,"menu_order":30,"comment_status":"closed","ping_status":"closed","template":"","meta":{"_bbp_topic_count":0,"_bbp_reply_count":0,"_bbp_total_topic_count":0,"_bbp_total_reply_count":0,"_bbp_voice_count":0,"_bbp_anonymous_reply_count":0,"_bbp_topic_count_hidden":0,"_bbp_reply_count_hidden":0,"_bbp_forum_subforum_count":0,"site-sidebar-layout":"default","site-content-layout":"","ast-site-content-layout":"default","site-content-style":"default","site-sidebar-style":"default","ast-global-header-display":"","ast-banner-title-visibility":"","ast-main-header-display":"","ast-hfb-above-header-display":"","ast-hfb-below-header-display":"","ast-hfb-mobile-header-display":"","site-post-title":"","ast-breadcrumbs-content":"","ast-featured-img":"","footer-sml-layout":"","theme-transparent-header-meta":"","adv-header-id-meta":"","stick-header-meta":"","header-above-stick-meta":"","header-main-stick-meta":"","header-below-stick-meta":"","astra-migrate-meta-layouts":"set","ast-page-background-enabled":"default","ast-page-background-meta":{"desktop":{"background-color":"var(--ast-global-color-4)","background-image":"","background-repeat":"repeat","background-position":"center center","background-size":"auto","background-attachment":"scroll","background-type":"","background-media":"","overlay-type":"","overlay-color":"","overlay-opacity":"","overlay-gradient":""},"tablet":{"background-color":"","background-image":"","background-repeat":"repeat","background-position":"center center","background-size":"auto","background-attachment":"scroll","background-type":"","background-media":"","overlay-type":"","overlay-color":"","overlay-opacity":"","overlay-gradient":""},"mobile":{"background-color":"","background-image":"","background-repeat":"repeat","background-position":"center center","background-size":"auto","background-attachment":"scroll","background-type":"","background-media":"","overlay-type":"","overlay-color":"","overlay-opacity":"","overlay-gradient":""}},"ast-content-background-meta":{"desktop":{"background-color":"var(--ast-global-color-5)","background-image":"","background-repeat":"repeat","background-position":"center center","background-size":"auto","background-attachment":"scroll","background-type":"","background-media":"","overlay-type":"","overlay-color":"","overlay-opacity":"","overlay-gradient":""},"tablet":{"background-color":"var(--ast-global-color-5)","background-image":"","background-repeat":"repeat","background-position":"center center","background-size":"auto","background-attachment":"scroll","background-type":"","background-media":"","overlay-type":"","overlay-color":"","overlay-opacity":"","overlay-gradient":""},"mobile":{"background-color":"var(--ast-global-color-5)","background-image":"","background-repeat":"repeat","background-position":"center center","background-size":"auto","background-attachment":"scroll","background-type":"","background-media":"","overlay-type":"","overlay-color":"","overlay-opacity":"","overlay-gradient":""}},"footnotes":""},"class_list":["post-567","page","type-page","status-publish","hentry"],"post_mailing_queue_ids":[],"_links":{"self":[{"href":"https:\/\/agora.xtec.cat\/ies-mediterrania-castelldefels\/wp-json\/wp\/v2\/pages\/567","targetHints":{"allow":["GET"]}}],"collection":[{"href":"https:\/\/agora.xtec.cat\/ies-mediterrania-castelldefels\/wp-json\/wp\/v2\/pages"}],"about":[{"href":"https:\/\/agora.xtec.cat\/ies-mediterrania-castelldefels\/wp-json\/wp\/v2\/types\/page"}],"author":[{"embeddable":true,"href":"https:\/\/agora.xtec.cat\/ies-mediterrania-castelldefels\/wp-json\/wp\/v2\/users\/1"}],"replies":[{"embeddable":true,"href":"https:\/\/agora.xtec.cat\/ies-mediterrania-castelldefels\/wp-json\/wp\/v2\/comments?post=567"}],"version-history":[{"count":6,"href":"https:\/\/agora.xtec.cat\/ies-mediterrania-castelldefels\/wp-json\/wp\/v2\/pages\/567\/revisions"}],"predecessor-version":[{"id":13206,"href":"https:\/\/agora.xtec.cat\/ies-mediterrania-castelldefels\/wp-json\/wp\/v2\/pages\/567\/revisions\/13206"}],"up":[{"embeddable":true,"href":"https:\/\/agora.xtec.cat\/ies-mediterrania-castelldefels\/wp-json\/wp\/v2\/pages\/615"}],"wp:attachment":[{"href":"https:\/\/agora.xtec.cat\/ies-mediterrania-castelldefels\/wp-json\/wp\/v2\/media?parent=567"}],"curies":[{"name":"wp","href":"https:\/\/api.w.org\/{rel}","templated":true}]}}