{"id":545,"date":"2017-11-08T21:11:26","date_gmt":"2017-11-08T20:11:26","guid":{"rendered":"http:\/\/agora.xtec.cat\/ies-mediterrania-castelldefels\/?page_id=545"},"modified":"2026-02-02T10:08:03","modified_gmt":"2026-02-02T09:08:03","slug":"horari-ampa","status":"publish","type":"page","link":"https:\/\/agora.xtec.cat\/ies-mediterrania-castelldefels\/ampa-i-families\/horari-ampa\/","title":{"rendered":"Associaci\u00f3 de Fam\u00edlies d&#8217;Alumnes (AFA)"},"content":{"rendered":"\n<figure class=\"wp-block-image\"><a href=\"http:\/\/afamediterrania.cat\/\" target=\"_blank\" rel=\"noopener noreferrer\"><img loading=\"lazy\" decoding=\"async\" width=\"1400\" height=\"500\" src=\"https:\/\/agora.xtec.cat\/ies-mediterrania-castelldefels\/wp-content\/uploads\/usu1078\/2019\/09\/AFAMed_NovaCapc\u0327aleraWeb.png\" alt=\"\" class=\"wp-image-3890\" style=\"object-fit:cover\" srcset=\"https:\/\/agora.xtec.cat\/ies-mediterrania-castelldefels\/wp-content\/uploads\/usu1078\/2019\/09\/AFAMed_NovaCapc\u0327aleraWeb.png 1400w, https:\/\/agora.xtec.cat\/ies-mediterrania-castelldefels\/wp-content\/uploads\/usu1078\/2019\/09\/AFAMed_NovaCapc\u0327aleraWeb-300x107.png 300w, https:\/\/agora.xtec.cat\/ies-mediterrania-castelldefels\/wp-content\/uploads\/usu1078\/2019\/09\/AFAMed_NovaCapc\u0327aleraWeb-768x274.png 768w, https:\/\/agora.xtec.cat\/ies-mediterrania-castelldefels\/wp-content\/uploads\/usu1078\/2019\/09\/AFAMed_NovaCapc\u0327aleraWeb-1024x366.png 1024w\" sizes=\"auto, (max-width: 1400px) 100vw, 1400px\" \/><\/a><\/figure>\n\n\n\n<p>L&#8217;AFA \u00e9s l&#8217;associaci\u00f3 que representa a les fam\u00edlies dels alumnes de l&#8217;Institut. Aquesta tasca de representaci\u00f3 l&#8217;exercim:<br>&#8211; Reunint-nos peri\u00f2dicament amb l&#8217;equip directiu de l&#8217;Institut<br>&#8211; Participant al Consell Escolar de l&#8217;Institut<br>&#8211; Participant al <a href=\"https:\/\/www.castelldefels.org\/ca\/serveis\/educacio\/participacio-educativa\/consell-escolar-municipal\" target=\"_blank\" rel=\"noopener\">Consell Escolar Municipal<\/a><br>&#8211; Participant a la <a href=\"https:\/\/www.castelldefels.org\/es\/servicios\/educacion\/subvenciones\/programa-de-subvencion-a-la-federacion-coordinadora-de-las-ampa-de-castelldefels\" target=\"_blank\" rel=\"noopener\">Coordinadora d&#8217;AMPA de Castelldefels<\/a><br>&#8211; Participant a les <a href=\"https:\/\/affac.cat\/\" target=\"_blank\" rel=\"noopener\">Associacions Federades de Fam\u00edlies d&#8217;Alumnes de Catalunya (FaPaC)<\/a><br>&#8211; Participant a l&#8217;<a href=\"http:\/\/www.castelldefelseduca.org\/qui-som\/\" target=\"_blank\" rel=\"noopener noreferrer\">Espai de Debat Educatiu (EDE) de Castelldefels<\/a><\/p>\n\n\n\n<p><strong>Contribu\u00efm amb els recursos obtinguts de les vostres quotes a:<\/strong><br>&#8211; Millores a l&#8217;Institut<br>&#8211; Adquisici\u00f3 d&#8217;equipaments<\/p>\n\n\n\n<p><strong>Participem en les festes i esdeveniments de l&#8217;Institut<\/strong><\/p>\n\n\n\n<p><strong>T&#8217;ajudem en l&#8217;adquisici\u00f3 del material educatiu:<\/strong><br>&#8211; Llibres de text i llic\u00e8ncies digitals<br>&#8211; Llibre socialitzat<\/p>\n\n\n\n<p><strong>Debatem sobre temes d&#8217;inter\u00e8s:<\/strong><br>&#8211; Organitzem xerrades i debats per a les fam\u00edlies<br>&#8211; Acollim sessions del <a href=\"https:\/\/www.castelldefels.org\/ca\/serveis\/educacio\/pla-educatiu-dentorn-pee-ciutat-educadora\/programes\/pla-de-formacio-per-i-amb-les-families\" target=\"_blank\" rel=\"noopener\">Pla de Formaci\u00f3 per a Fam\u00edlies<\/a><\/p>\n\n\n\n<p><strong>Organitzem activitats fora de l&#8217;horari lectiu (extraescolars)<\/strong><\/p>\n\n\n\n<p><strong>Avantatges per a les fam\u00edlies s\u00f2cies<\/strong><br>Les fam\u00edlies s\u00f2cies de l&#8217;AFA gaudiu dels seg\u00fcents avantatges:<br>&#8211; Samarreta d&#8217;educaci\u00f3 f\u00edsica a tots els alumnes de primer d&#8217; ESO i aquells que s&#8217;incorporen al centre en altres cursos<br>&#8211; Llibres socialitzats a tots els cursos d&#8217;ESO, Batxillerat i Cicles<br>&#8211; Descomptes en l&#8217;adquisici\u00f3 de llibres de text<\/p>\n\n\n\n<p><strong>Les quotes<\/strong><br>Amb la vostra quota contribu\u00efu al sosteniment de l&#8217;entitat i al finan\u00e7ament de les activitats que organitzem.<br>Tots els ingressos els invertim en activitats orientades a la comunitat educativa i en millores a l&#8217;Institut.<\/p>\n\n\n\n<div style=\"height:45px\" aria-hidden=\"true\" class=\"wp-block-spacer\"><\/div>\n\n\n\n<p class=\"has-large-font-size\">CONSULTA TOTA LA INFORMACI\u00d3 A LA <a href=\"https:\/\/afamediterrania.cat\/\" target=\"_blank\" rel=\"noreferrer noopener\">WEB DE L&#8217;AFA<\/a><\/p>\n","protected":false},"excerpt":{"rendered":"<p>L&#8217;AFA \u00e9s l&#8217;associaci\u00f3 que representa a les fam\u00edlies dels alumnes de l&#8217;Institut. Aquesta tasca de representaci\u00f3 l&#8217;exercim:&#8211; Reunint-nos peri\u00f2dicament amb l&#8217;equip directiu de l&#8217;Institut&#8211; Participant al Consell Escolar de l&#8217;Institut&#8211; Participant al Consell Escolar Municipal&#8211; Participant a la Coordinadora d&#8217;AMPA de Castelldefels&#8211; Participant a les Associacions Federades de Fam\u00edlies d&#8217;Alumnes de Catalunya (FaPaC)&#8211; Participant a [&hellip;]<\/p>\n","protected":false},"author":1,"featured_media":0,"parent":542,"menu_order":20,"comment_status":"closed","ping_status":"closed","template":"","meta":{"_bbp_topic_count":0,"_bbp_reply_count":0,"_bbp_total_topic_count":0,"_bbp_total_reply_count":0,"_bbp_voice_count":0,"_bbp_anonymous_reply_count":0,"_bbp_topic_count_hidden":0,"_bbp_reply_count_hidden":0,"_bbp_forum_subforum_count":0,"site-sidebar-layout":"default","site-content-layout":"","ast-site-content-layout":"default","site-content-style":"default","site-sidebar-style":"default","ast-global-header-display":"","ast-banner-title-visibility":"","ast-main-header-display":"","ast-hfb-above-header-display":"","ast-hfb-below-header-display":"","ast-hfb-mobile-header-display":"","site-post-title":"","ast-breadcrumbs-content":"","ast-featured-img":"","footer-sml-layout":"","theme-transparent-header-meta":"","adv-header-id-meta":"","stick-header-meta":"","header-above-stick-meta":"","header-main-stick-meta":"","header-below-stick-meta":"","astra-migrate-meta-layouts":"set","ast-page-background-enabled":"default","ast-page-background-meta":{"desktop":{"background-color":"var(--ast-global-color-4)","background-image":"","background-repeat":"repeat","background-position":"center center","background-size":"auto","background-attachment":"scroll","background-type":"","background-media":"","overlay-type":"","overlay-color":"","overlay-opacity":"","overlay-gradient":""},"tablet":{"background-color":"","background-image":"","background-repeat":"repeat","background-position":"center center","background-size":"auto","background-attachment":"scroll","background-type":"","background-media":"","overlay-type":"","overlay-color":"","overlay-opacity":"","overlay-gradient":""},"mobile":{"background-color":"","background-image":"","background-repeat":"repeat","background-position":"center center","background-size":"auto","background-attachment":"scroll","background-type":"","background-media":"","overlay-type":"","overlay-color":"","overlay-opacity":"","overlay-gradient":""}},"ast-content-background-meta":{"desktop":{"background-color":"var(--ast-global-color-5)","background-image":"","background-repeat":"repeat","background-position":"center center","background-size":"auto","background-attachment":"scroll","background-type":"","background-media":"","overlay-type":"","overlay-color":"","overlay-opacity":"","overlay-gradient":""},"tablet":{"background-color":"var(--ast-global-color-5)","background-image":"","background-repeat":"repeat","background-position":"center center","background-size":"auto","background-attachment":"scroll","background-type":"","background-media":"","overlay-type":"","overlay-color":"","overlay-opacity":"","overlay-gradient":""},"mobile":{"background-color":"var(--ast-global-color-5)","background-image":"","background-repeat":"repeat","background-position":"center center","background-size":"auto","background-attachment":"scroll","background-type":"","background-media":"","overlay-type":"","overlay-color":"","overlay-opacity":"","overlay-gradient":""}},"footnotes":""},"class_list":["post-545","page","type-page","status-publish","hentry"],"post_mailing_queue_ids":[],"_links":{"self":[{"href":"https:\/\/agora.xtec.cat\/ies-mediterrania-castelldefels\/wp-json\/wp\/v2\/pages\/545","targetHints":{"allow":["GET"]}}],"collection":[{"href":"https:\/\/agora.xtec.cat\/ies-mediterrania-castelldefels\/wp-json\/wp\/v2\/pages"}],"about":[{"href":"https:\/\/agora.xtec.cat\/ies-mediterrania-castelldefels\/wp-json\/wp\/v2\/types\/page"}],"author":[{"embeddable":true,"href":"https:\/\/agora.xtec.cat\/ies-mediterrania-castelldefels\/wp-json\/wp\/v2\/users\/1"}],"replies":[{"embeddable":true,"href":"https:\/\/agora.xtec.cat\/ies-mediterrania-castelldefels\/wp-json\/wp\/v2\/comments?post=545"}],"version-history":[{"count":6,"href":"https:\/\/agora.xtec.cat\/ies-mediterrania-castelldefels\/wp-json\/wp\/v2\/pages\/545\/revisions"}],"predecessor-version":[{"id":12924,"href":"https:\/\/agora.xtec.cat\/ies-mediterrania-castelldefels\/wp-json\/wp\/v2\/pages\/545\/revisions\/12924"}],"up":[{"embeddable":true,"href":"https:\/\/agora.xtec.cat\/ies-mediterrania-castelldefels\/wp-json\/wp\/v2\/pages\/542"}],"wp:attachment":[{"href":"https:\/\/agora.xtec.cat\/ies-mediterrania-castelldefels\/wp-json\/wp\/v2\/media?parent=545"}],"curies":[{"name":"wp","href":"https:\/\/api.w.org\/{rel}","templated":true}]}}